{"id":2384,"date":"2021-01-20T12:32:42","date_gmt":"2021-01-20T12:32:42","guid":{"rendered":"https:\/\/blogsaverroes.juntadeandalucia.es\/ceipexmariorta\/?page_id=2384"},"modified":"2022-05-10T06:37:02","modified_gmt":"2022-05-10T06:37:02","slug":"bilinguismo","status":"publish","type":"page","link":"https:\/\/blogsaverroes.juntadeandalucia.es\/ceipexmariorta\/bilinguismo\/","title":{"rendered":"Biling\u00fcismo"},"content":{"rendered":"<p><a href=\"https:\/\/blogsaverroes.juntadeandalucia.es\/ceipexmariorta\/files\/2022\/04\/colegio-tae-ventajas-de-una-escuela-bilingue-como-elegir-1024x768-1.jpg\"><img loading=\"lazy\" decoding=\"async\" class=\"size-medium wp-image-2641 alignleft\" src=\"https:\/\/blogsaverroes.juntadeandalucia.es\/ceipexmariorta\/files\/2022\/04\/colegio-tae-ventajas-de-una-escuela-bilingue-como-elegir-1024x768-1-300x225.jpg\" alt=\"\" width=\"300\" height=\"225\" srcset=\"https:\/\/blogsaverroes.juntadeandalucia.es\/ceipexmariorta\/files\/2022\/04\/colegio-tae-ventajas-de-una-escuela-bilingue-como-elegir-1024x768-1-300x225.jpg 300w, https:\/\/blogsaverroes.juntadeandalucia.es\/ceipexmariorta\/files\/2022\/04\/colegio-tae-ventajas-de-una-escuela-bilingue-como-elegir-1024x768-1-768x576.jpg 768w, https:\/\/blogsaverroes.juntadeandalucia.es\/ceipexmariorta\/files\/2022\/04\/colegio-tae-ventajas-de-una-escuela-bilingue-como-elegir-1024x768-1.jpg 1024w\" sizes=\"(max-width: 300px) 100vw, 300px\" \/><\/a><\/p>\n<p>La educaci\u00f3n&nbsp;<b>biling\u00fce<\/b> es un modelo educativo en el que las distintas \u00e1reas de aprendizaje se trabajan en dos idiomas, normalmente, el ingl\u00e9s y el castellano.<\/p>\n<p>Seg\u00fan distintos estudios estudiar algunas asignaturas en ingl\u00e9s tiene un efecto positivo tanto en el aprendizaje de este idioma como en el de la lengua materna, y logra que los ni\u00f1os afiancen mejor los conocimientos y desarrollen m\u00e1s destrezas de aprendizaje \u00fatiles para su futuro acad\u00e9mico y laboral. Adem\u00e1s se ha demostrado que en las habilidades de lectura, \u00adescritura, comprensi\u00f3n auditiva y expresi\u00f3n oral, el alumnado de centros biling\u00fces ob\u00adtienen mejores resultados.<\/p>\n<p>Nuestro centro es un centro biling\u00fce desde el curso 2010\/2011, y desde el curso escolar 2016\/2017 todo el alumnado del centro recibe una ense\u00f1anza biling\u00fce directamente en las \u00e1reas de Ciencias Sociales y Ciencias de la Naturaleza, e indirectamente en las \u00e1reas de Educaci\u00f3n Art\u00edstica y Educaci\u00f3n F\u00edsica.<\/p>\n<p>Durante estos cursos escolares hemos contado tambi\u00e9n con la gran ayuda de un\/una <strong>auxiliar de conversaci\u00f3n<\/strong> para ayudar a trabajar las destrezas orales entre el alumnado.<\/p>\n<p>En el siguiente enlace, se aloja informaci\u00f3n importante para el\/la auxiliar que asista a nuestro centro. tanto en espa\u00f1ol <a href=\"https:\/\/blogsaverroes.juntadeandalucia.es\/ceipexmariorta\/files\/2022\/04\/Ficha-de-Informacio\u0301n-para-Auxiliares-de-Conversacio\u0301n.pdf\">Ficha de Informacio\u0301n para Auxiliares de Conversacio\u0301n<\/a>, como en ingl\u00e9s. <a href=\"https:\/\/blogsaverroes.juntadeandalucia.es\/ceipexmariorta\/files\/2022\/04\/Information-Sheet-for-Language-Assistants.pdf\">Information Sheet for Language Assistants<\/a><\/p>\n<p>&nbsp;<\/p>\n<p>&nbsp;<\/p>\n<p>&nbsp;<\/p>\n<p data-gtm-element-container=\"modulo-texto-link\">&nbsp;<\/p>\n","protected":false},"excerpt":{"rendered":"<p>La educaci\u00f3n&nbsp;biling\u00fce es un modelo educativo en el que las distintas \u00e1reas de aprendizaje se trabajan en dos idiomas, normalmente, el ingl\u00e9s y el castellano. Seg\u00fan distintos estudios estudiar algunas asignaturas en ingl\u00e9s tiene&#46;&#46;&#46;<\/p>\n","protected":false},"author":11695,"featured_media":0,"parent":0,"menu_order":0,"comment_status":"closed","ping_status":"closed","template":"","meta":{"ngg_post_thumbnail":0,"footnotes":"","_mc_calendar":[]},"aioseo_notices":[],"_links":{"self":[{"href":"https:\/\/blogsaverroes.juntadeandalucia.es\/ceipexmariorta\/wp-json\/wp\/v2\/pages\/2384"}],"collection":[{"href":"https:\/\/blogsaverroes.juntadeandalucia.es\/ceipexmariorta\/wp-json\/wp\/v2\/pages"}],"about":[{"href":"https:\/\/blogsaverroes.juntadeandalucia.es\/ceipexmariorta\/wp-json\/wp\/v2\/types\/page"}],"author":[{"embeddable":true,"href":"https:\/\/blogsaverroes.juntadeandalucia.es\/ceipexmariorta\/wp-json\/wp\/v2\/users\/11695"}],"replies":[{"embeddable":true,"href":"https:\/\/blogsaverroes.juntadeandalucia.es\/ceipexmariorta\/wp-json\/wp\/v2\/comments?post=2384"}],"version-history":[{"count":5,"href":"https:\/\/blogsaverroes.juntadeandalucia.es\/ceipexmariorta\/wp-json\/wp\/v2\/pages\/2384\/revisions"}],"predecessor-version":[{"id":2670,"href":"https:\/\/blogsaverroes.juntadeandalucia.es\/ceipexmariorta\/wp-json\/wp\/v2\/pages\/2384\/revisions\/2670"}],"wp:attachment":[{"href":"https:\/\/blogsaverroes.juntadeandalucia.es\/ceipexmariorta\/wp-json\/wp\/v2\/media?parent=2384"}],"curies":[{"name":"wp","href":"https:\/\/api.w.org\/{rel}","templated":true}]}}