{"id":2879,"date":"2023-04-24T11:31:23","date_gmt":"2023-04-24T11:31:23","guid":{"rendered":"https:\/\/blogsaverroes.juntadeandalucia.es\/ceipexmariorta\/?page_id=2879"},"modified":"2023-04-26T07:42:57","modified_gmt":"2023-04-26T07:42:57","slug":"educacion-primaria","status":"publish","type":"page","link":"https:\/\/blogsaverroes.juntadeandalucia.es\/ceipexmariorta\/educacion-primaria\/","title":{"rendered":"Educaci\u00f3n Primaria"},"content":{"rendered":"<h1>EDUCACI\u00d3N PRIMARIA<\/h1>\n<p style=\"text-align: right\"><a href=\"https:\/\/blogsaverroes.juntadeandalucia.es\/ceipexmariorta\/files\/2023\/04\/1120f4_9e9365395e0b406293cff634172f0a2fmv2.gif\"><img loading=\"lazy\" decoding=\"async\" class=\"size-medium wp-image-2906 alignleft\" src=\"https:\/\/blogsaverroes.juntadeandalucia.es\/ceipexmariorta\/files\/2023\/04\/1120f4_9e9365395e0b406293cff634172f0a2fmv2-300x225.gif\" alt=\"\" width=\"300\" height=\"225\" srcset=\"https:\/\/blogsaverroes.juntadeandalucia.es\/ceipexmariorta\/files\/2023\/04\/1120f4_9e9365395e0b406293cff634172f0a2fmv2-300x225.gif 300w, https:\/\/blogsaverroes.juntadeandalucia.es\/ceipexmariorta\/files\/2023\/04\/1120f4_9e9365395e0b406293cff634172f0a2fmv2-1024x768.gif 1024w, https:\/\/blogsaverroes.juntadeandalucia.es\/ceipexmariorta\/files\/2023\/04\/1120f4_9e9365395e0b406293cff634172f0a2fmv2-768x576.gif 768w\" sizes=\"(max-width: 300px) 100vw, 300px\" \/><\/a>La Educaci\u00f3n Primaria es la e<span class=\"field-name-field-definicion\">tapa del sistema educativo que comprende seis cursos acad\u00e9micos, los cuales se cursan ordinariamente entre los seis y los doce a\u00f1os de edad.<\/span><\/p>\n<div class=\"field-name-field-comentario\" style=\"text-align: right\">Su finalidad es facilitar a los alumnos y alumnas los aprendizajes de la expresi\u00f3n oral, la lectura, la escritura, el c\u00e1lculo; la adquisici\u00f3n de nociones b\u00e1sicas de la cultura y el h\u00e1bito de convivencia, as\u00ed como los de estudio y trabajo, el sentido art\u00edstico, la creatividad y la afectividad con el fin de garantizar una formaci\u00f3n integral que contribuya al pleno desarrollo de la personalidad de los alumnos y alumnas y de prepararlos para cursar con aprovechamiento la educaci\u00f3n secundaria obligatoria.<\/div>\n<div>&nbsp;<\/div>\n<div>&nbsp;<\/div>\n<div>\n<h2>CONCRECI\u00d3N CURRICULAR<\/h2>\n<p>Las concreciones curriculares de las distintas \u00e1reas son la adecuaci\u00f3n de los objetivos de etapa al contexto del centro educativo, por lo que dan respuesta a las diferentes necesidades educativas que presenta la diversidad de los alumnos y las alumnas de nuestro centro.<\/p>\n<p style=\"text-align: left\">Para consultar la concreci\u00f3n curricular anual de cada una de las \u00e1reas de la etapa de Primaria, se deber\u00e1 pinchar en los enlaces correspondientes:<\/p>\n<p style=\"text-align: left\"><a href=\"https:\/\/blogsaverroes.juntadeandalucia.es\/ceipexmariorta\/files\/2023\/04\/png-transparent-school-drawing-school-blackboard-school-primary-education.png\"><img loading=\"lazy\" decoding=\"async\" class=\"alignleft wp-image-2904 size-medium\" src=\"https:\/\/blogsaverroes.juntadeandalucia.es\/ceipexmariorta\/files\/2023\/04\/png-transparent-school-drawing-school-blackboard-school-primary-education-300x300.png\" alt=\"\" width=\"300\" height=\"300\" srcset=\"https:\/\/blogsaverroes.juntadeandalucia.es\/ceipexmariorta\/files\/2023\/04\/png-transparent-school-drawing-school-blackboard-school-primary-education-300x300.png 300w, https:\/\/blogsaverroes.juntadeandalucia.es\/ceipexmariorta\/files\/2023\/04\/png-transparent-school-drawing-school-blackboard-school-primary-education-150x150.png 150w, https:\/\/blogsaverroes.juntadeandalucia.es\/ceipexmariorta\/files\/2023\/04\/png-transparent-school-drawing-school-blackboard-school-primary-education-768x768.png 768w, https:\/\/blogsaverroes.juntadeandalucia.es\/ceipexmariorta\/files\/2023\/04\/png-transparent-school-drawing-school-blackboard-school-primary-education.png 920w\" sizes=\"(max-width: 300px) 100vw, 300px\" \/><\/a><\/p>\n<p style=\"text-align: right\"><a href=\"https:\/\/blogsaverroes.juntadeandalucia.es\/ceipexmariorta\/files\/2023\/04\/Conocimiento-del-Medio-Primaria.pdf\">Conocimiento del Medio Primaria<\/a><\/p>\n<p style=\"text-align: right\"><a href=\"https:\/\/blogsaverroes.juntadeandalucia.es\/ceipexmariorta\/files\/2023\/04\/Educaci\u00f3n-Art\u00edstica-Primaria.pdf\">Educaci\u00f3n Art\u00edstica Primaria<\/a><\/p>\n<p style=\"text-align: right\"><a href=\"https:\/\/blogsaverroes.juntadeandalucia.es\/ceipexmariorta\/files\/2023\/04\/Educaci\u00f3n-F\u00edsica-Primaria.pdf\">Educaci\u00f3n F\u00edsica Primaria<\/a><\/p>\n<p style=\"text-align: right\"><a href=\"https:\/\/blogsaverroes.juntadeandalucia.es\/ceipexmariorta\/files\/2023\/04\/Franc\u00e9s-quinto-Primaria.pdf\">Franc\u00e9s quinto Primaria<\/a><\/p>\n<p style=\"text-align: right\"><a href=\"https:\/\/blogsaverroes.juntadeandalucia.es\/ceipexmariorta\/files\/2023\/04\/Ingl\u00e9s-1\u00ba-Primaria.pdf\">Ingl\u00e9s 1\u00ba Primaria<\/a><\/p>\n<p style=\"text-align: right\"><a href=\"https:\/\/blogsaverroes.juntadeandalucia.es\/ceipexmariorta\/files\/2023\/04\/Ingl\u00e9s-3\u00ba-y-5\u00ba-Primaria.pdf\">Ingl\u00e9s 3\u00ba y 5\u00ba Primaria<\/a><\/p>\n<p style=\"text-align: right\"><a href=\"https:\/\/blogsaverroes.juntadeandalucia.es\/ceipexmariorta\/files\/2023\/04\/Lengua-Castellana-y-Literatura-Primaria.pdf\">Lengua Castellana y Literatura Primaria<\/a><\/p>\n<p style=\"text-align: right\"><a href=\"https:\/\/blogsaverroes.juntadeandalucia.es\/ceipexmariorta\/files\/2023\/04\/Matem\u00e1ticas-Primaria.pdf\">Matem\u00e1ticas Primaria<\/a><\/p>\n<p style=\"text-align: right\"><a href=\"https:\/\/blogsaverroes.juntadeandalucia.es\/ceipexmariorta\/files\/2023\/04\/Religi\u00f3n-Cat\u00f3lica-Primaria.pdf\">Religi\u00f3n Cat\u00f3lica Primaria<\/a><\/p>\n<\/div>\n","protected":false},"excerpt":{"rendered":"<p>EDUCACI\u00d3N PRIMARIA La Educaci\u00f3n Primaria es la etapa del sistema educativo que comprende seis cursos acad\u00e9micos, los cuales se cursan ordinariamente entre los seis y los doce a\u00f1os de edad. Su finalidad es facilitar&#46;&#46;&#46;<\/p>\n","protected":false},"author":11695,"featured_media":0,"parent":0,"menu_order":0,"comment_status":"closed","ping_status":"closed","template":"","meta":{"ngg_post_thumbnail":0,"footnotes":"","_mc_calendar":[]},"aioseo_notices":[],"_links":{"self":[{"href":"https:\/\/blogsaverroes.juntadeandalucia.es\/ceipexmariorta\/wp-json\/wp\/v2\/pages\/2879"}],"collection":[{"href":"https:\/\/blogsaverroes.juntadeandalucia.es\/ceipexmariorta\/wp-json\/wp\/v2\/pages"}],"about":[{"href":"https:\/\/blogsaverroes.juntadeandalucia.es\/ceipexmariorta\/wp-json\/wp\/v2\/types\/page"}],"author":[{"embeddable":true,"href":"https:\/\/blogsaverroes.juntadeandalucia.es\/ceipexmariorta\/wp-json\/wp\/v2\/users\/11695"}],"replies":[{"embeddable":true,"href":"https:\/\/blogsaverroes.juntadeandalucia.es\/ceipexmariorta\/wp-json\/wp\/v2\/comments?post=2879"}],"version-history":[{"count":5,"href":"https:\/\/blogsaverroes.juntadeandalucia.es\/ceipexmariorta\/wp-json\/wp\/v2\/pages\/2879\/revisions"}],"predecessor-version":[{"id":2920,"href":"https:\/\/blogsaverroes.juntadeandalucia.es\/ceipexmariorta\/wp-json\/wp\/v2\/pages\/2879\/revisions\/2920"}],"wp:attachment":[{"href":"https:\/\/blogsaverroes.juntadeandalucia.es\/ceipexmariorta\/wp-json\/wp\/v2\/media?parent=2879"}],"curies":[{"name":"wp","href":"https:\/\/api.w.org\/{rel}","templated":true}]}}