{"id":42,"date":"2015-03-13T08:40:47","date_gmt":"2015-03-13T08:40:47","guid":{"rendered":"http:\/\/blogsaverroes.juntadeandalucia.es\/pre\/ceip\/?page_id=42"},"modified":"2025-11-13T17:26:50","modified_gmt":"2025-11-13T17:26:50","slug":"equipo-directivo","status":"publish","type":"page","link":"https:\/\/blogsaverroes.juntadeandalucia.es\/ceipexmariorta\/equipo-directivo\/","title":{"rendered":"Equipo directivo"},"content":{"rendered":"<p><a href=\"https:\/\/blogsaverroes.juntadeandalucia.es\/ceipexmariorta\/files\/2021\/01\/equipo.jpg\"><img loading=\"lazy\" decoding=\"async\" class=\"size-full wp-image-2304 aligncenter\" src=\"https:\/\/blogsaverroes.juntadeandalucia.es\/ceipexmariorta\/files\/2021\/01\/equipo.jpg\" alt=\"\" width=\"271\" height=\"186\" srcset=\"https:\/\/blogsaverroes.juntadeandalucia.es\/ceipexmariorta\/files\/2021\/01\/equipo.jpg 271w, https:\/\/blogsaverroes.juntadeandalucia.es\/ceipexmariorta\/files\/2021\/01\/equipo-24x16.jpg 24w, https:\/\/blogsaverroes.juntadeandalucia.es\/ceipexmariorta\/files\/2021\/01\/equipo-36x25.jpg 36w, https:\/\/blogsaverroes.juntadeandalucia.es\/ceipexmariorta\/files\/2021\/01\/equipo-48x33.jpg 48w\" sizes=\"(max-width: 271px) 100vw, 271px\" \/><\/a><\/p>\n<p>&nbsp;<\/p>\n<p>Las personas que componen el equipo directivo de nuestro centro son:<\/p>\n<p><strong>Direcci\u00f3n:&nbsp;<\/strong>M\u00aa Jos\u00e9 Osorio Jim\u00e9nez&nbsp;&nbsp;<strong>Tel\u00e9fono de contacto: <\/strong>697 95 10 10<\/p>\n<p><strong>Jefatura de estudios:&nbsp;<\/strong>Esther Romero de Haro&nbsp;&nbsp;<strong>Tel\u00e9fono de contacto: <\/strong>677 90 12 16<\/p>\n<p><strong>Secretar\u00eda:&nbsp;<\/strong>Ana Eliche Vilchez&nbsp; &nbsp;&nbsp;<strong>Tel\u00e9fono de contacto:&nbsp;<\/strong>671 56 75 41<\/p>\n<p>Si necesitan cita con alguna de las componentes del equipo directivo, por favor pidan cita previa.<\/p>\n","protected":false},"excerpt":{"rendered":"<p>&nbsp; Las personas que componen el equipo directivo de nuestro centro son: Direcci\u00f3n:&nbsp;M\u00aa Jos\u00e9 Osorio Jim\u00e9nez&nbsp;&nbsp;Tel\u00e9fono de contacto: 697 95 10 10 Jefatura de estudios:&nbsp;Esther Romero de Haro&nbsp;&nbsp;Tel\u00e9fono de contacto: 677 90 12 16&#46;&#46;&#46;<\/p>\n","protected":false},"author":1,"featured_media":0,"parent":0,"menu_order":0,"comment_status":"closed","ping_status":"open","template":"","meta":{"ngg_post_thumbnail":0,"footnotes":"","_mc_calendar":[]},"aioseo_notices":[],"_links":{"self":[{"href":"https:\/\/blogsaverroes.juntadeandalucia.es\/ceipexmariorta\/wp-json\/wp\/v2\/pages\/42"}],"collection":[{"href":"https:\/\/blogsaverroes.juntadeandalucia.es\/ceipexmariorta\/wp-json\/wp\/v2\/pages"}],"about":[{"href":"https:\/\/blogsaverroes.juntadeandalucia.es\/ceipexmariorta\/wp-json\/wp\/v2\/types\/page"}],"author":[{"embeddable":true,"href":"https:\/\/blogsaverroes.juntadeandalucia.es\/ceipexmariorta\/wp-json\/wp\/v2\/users\/1"}],"replies":[{"embeddable":true,"href":"https:\/\/blogsaverroes.juntadeandalucia.es\/ceipexmariorta\/wp-json\/wp\/v2\/comments?post=42"}],"version-history":[{"count":7,"href":"https:\/\/blogsaverroes.juntadeandalucia.es\/ceipexmariorta\/wp-json\/wp\/v2\/pages\/42\/revisions"}],"predecessor-version":[{"id":3096,"href":"https:\/\/blogsaverroes.juntadeandalucia.es\/ceipexmariorta\/wp-json\/wp\/v2\/pages\/42\/revisions\/3096"}],"wp:attachment":[{"href":"https:\/\/blogsaverroes.juntadeandalucia.es\/ceipexmariorta\/wp-json\/wp\/v2\/media?parent=42"}],"curies":[{"name":"wp","href":"https:\/\/api.w.org\/{rel}","templated":true}]}}