{"id":424,"date":"2015-03-20T07:05:20","date_gmt":"2015-03-20T07:05:20","guid":{"rendered":"http:\/\/blogsaverroes.juntadeandalucia.es\/pre\/ceip\/?page_id=424"},"modified":"2023-04-26T07:41:41","modified_gmt":"2023-04-26T07:41:41","slug":"educacion-infantil","status":"publish","type":"page","link":"https:\/\/blogsaverroes.juntadeandalucia.es\/ceipexmariorta\/educacion-infantil\/","title":{"rendered":"Educaci\u00f3n infantil"},"content":{"rendered":"<p><a href=\"https:\/\/blogsaverroes.juntadeandalucia.es\/ceipexmariorta\/files\/2023\/04\/infantil.png\"><img loading=\"lazy\" decoding=\"async\" class=\"size-medium wp-image-2893 aligncenter\" src=\"https:\/\/blogsaverroes.juntadeandalucia.es\/ceipexmariorta\/files\/2023\/04\/infantil-300x300.png\" alt=\"\" width=\"300\" height=\"300\" srcset=\"https:\/\/blogsaverroes.juntadeandalucia.es\/ceipexmariorta\/files\/2023\/04\/infantil-300x300.png 300w, https:\/\/blogsaverroes.juntadeandalucia.es\/ceipexmariorta\/files\/2023\/04\/infantil-1024x1024.png 1024w, https:\/\/blogsaverroes.juntadeandalucia.es\/ceipexmariorta\/files\/2023\/04\/infantil-150x150.png 150w, https:\/\/blogsaverroes.juntadeandalucia.es\/ceipexmariorta\/files\/2023\/04\/infantil-768x768.png 768w, https:\/\/blogsaverroes.juntadeandalucia.es\/ceipexmariorta\/files\/2023\/04\/infantil-1536x1536.png 1536w, https:\/\/blogsaverroes.juntadeandalucia.es\/ceipexmariorta\/files\/2023\/04\/infantil.png 1600w\" sizes=\"(max-width: 300px) 100vw, 300px\" \/><\/a><\/p>\n<p>La Educaci\u00f3n Infantil&nbsp;es la etapa educativa que atiende a ni\u00f1as y ni\u00f1os <strong>desde el nacimiento hasta los seis a\u00f1os <\/strong>con la finalidad de contribuir a su desarrollo f\u00edsico, afectivo, social e intelectual. Se ordena en dos ciclos: el primero comprende hasta los tres a\u00f1os; el segundo, que es gratuito, va&nbsp;desde los tres a los seis a\u00f1os de edad.<\/p>\n<p>Teniendo&nbsp;<strong>car\u00e1cter voluntario<\/strong>, este segundo ciclo se ha generalizado en toda Espa\u00f1a, de modo que en la actualidad pr\u00e1cticamente el 100% de los ni\u00f1os y ni\u00f1as de 3 a 6 a\u00f1os acuden al colegio de manera gratuita. La escolarizaci\u00f3n temprana se considera un gran logro que incidir\u00e1 positivamente en la mejora del rendimiento escolar futuro, por eso otras iniciativas como el Programa Educa 3 fomentan ahora la creaci\u00f3n de nuevas plazas educativas para ni\u00f1os de menos de 3 a\u00f1os.<\/p>\n<p>En&nbsp;los dos&nbsp;ciclos de la Educaci\u00f3n Infantil se atiende progresivamente al desarrollo afectivo, al movimiento y a los h\u00e1bitos de control corporal, a las manifestaciones de la comunicaci\u00f3n y del lenguaje, a las pautas elementales de convivencia y relaci\u00f3n social, as\u00ed como al descubrimiento de las caracter\u00edsticas f\u00edsicas y sociales del medio. Adem\u00e1s se&nbsp;propicia que ni\u00f1as y ni\u00f1os&nbsp;logren una imagen positiva y equilibrada de s\u00ed mismos&nbsp;y adquieran autonom\u00eda personal.<\/p>\n<p>&nbsp;<\/p>\n<h2>CONCRECI\u00d3N CURRICULAR<\/h2>\n<p>Las concreciones curriculares de las distintas \u00e1reas son la adecuaci\u00f3n de los objetivos de etapa al contexto del centro educativo, por lo que dan respuesta a las diferentes necesidades educativas que presenta la diversidad de los alumnos y las alumnas de nuestro centro.<\/p>\n<p>Para consultar la concreci\u00f3n curricular anual de cada una de las \u00e1reas de la etapa de Infantil, se deber\u00e1 pinchar en los enlaces correspondientes:<\/p>\n<p><a href=\"https:\/\/blogsaverroes.juntadeandalucia.es\/ceipexmariorta\/files\/2023\/04\/Religi%C3%B3n-y-Moral-Cat%C3%B3lica-Infantil.pdf\">Religi\u00f3n y Moral Cat\u00f3lica Infantil&nbsp;<\/a><\/p>\n<p><a href=\"https:\/\/blogsaverroes.juntadeandalucia.es\/ceipexmariorta\/files\/2023\/04\/Ingl%C3%A9s-Infantil.pdf\">Ingl\u00e9s Infantil<\/a><\/p>\n<p><a href=\"https:\/\/blogsaverroes.juntadeandalucia.es\/ceipexmariorta\/files\/2023\/04\/Descubrimiento-y-Exploraci%C3%B3n-del-Entorno-Infantil.pdf\">Descubrimiento y Exploraci\u00f3n del Entorno Infantil<\/a><a href=\"https:\/\/blogsaverroes.juntadeandalucia.es\/ceipexmariorta\/files\/2023\/04\/materiales-educacion-infantil.gif\"><img loading=\"lazy\" decoding=\"async\" class=\"size-medium wp-image-2901 alignright\" src=\"https:\/\/blogsaverroes.juntadeandalucia.es\/ceipexmariorta\/files\/2023\/04\/materiales-educacion-infantil-215x300.gif\" alt=\"\" width=\"215\" height=\"300\"><\/a><\/p>\n<p><a href=\"https:\/\/blogsaverroes.juntadeandalucia.es\/ceipexmariorta\/files\/2023\/04\/Crecimiento-en-Armon%C3%ADa-Infantil.pdf\">Crecimiento en Armon\u00eda Infantil<\/a><\/p>\n<p><a href=\"https:\/\/blogsaverroes.juntadeandalucia.es\/ceipexmariorta\/files\/2023\/04\/Comunicaci%C3%B3n-y-Representaci%C3%B3n-de-la-Realidad-Infantil.pdf\">Comunicaci\u00f3n y Representaci\u00f3n de la Realidad Infantil<\/a><\/p>\n<p>&nbsp;<\/p>\n","protected":false},"excerpt":{"rendered":"<p>La Educaci\u00f3n Infantil&nbsp;es la etapa educativa que atiende a ni\u00f1as y ni\u00f1os desde el nacimiento hasta los seis a\u00f1os con la finalidad de contribuir a su desarrollo f\u00edsico, afectivo, social e intelectual. Se ordena&#46;&#46;&#46;<\/p>\n","protected":false},"author":1,"featured_media":0,"parent":0,"menu_order":0,"comment_status":"closed","ping_status":"open","template":"page-sc.php","meta":{"ngg_post_thumbnail":0,"footnotes":"","_mc_calendar":[]},"aioseo_notices":[],"_links":{"self":[{"href":"https:\/\/blogsaverroes.juntadeandalucia.es\/ceipexmariorta\/wp-json\/wp\/v2\/pages\/424"}],"collection":[{"href":"https:\/\/blogsaverroes.juntadeandalucia.es\/ceipexmariorta\/wp-json\/wp\/v2\/pages"}],"about":[{"href":"https:\/\/blogsaverroes.juntadeandalucia.es\/ceipexmariorta\/wp-json\/wp\/v2\/types\/page"}],"author":[{"embeddable":true,"href":"https:\/\/blogsaverroes.juntadeandalucia.es\/ceipexmariorta\/wp-json\/wp\/v2\/users\/1"}],"replies":[{"embeddable":true,"href":"https:\/\/blogsaverroes.juntadeandalucia.es\/ceipexmariorta\/wp-json\/wp\/v2\/comments?post=424"}],"version-history":[{"count":3,"href":"https:\/\/blogsaverroes.juntadeandalucia.es\/ceipexmariorta\/wp-json\/wp\/v2\/pages\/424\/revisions"}],"predecessor-version":[{"id":2918,"href":"https:\/\/blogsaverroes.juntadeandalucia.es\/ceipexmariorta\/wp-json\/wp\/v2\/pages\/424\/revisions\/2918"}],"wp:attachment":[{"href":"https:\/\/blogsaverroes.juntadeandalucia.es\/ceipexmariorta\/wp-json\/wp\/v2\/media?parent=424"}],"curies":[{"name":"wp","href":"https:\/\/api.w.org\/{rel}","templated":true}]}}