{"id":49,"date":"2015-03-13T08:47:05","date_gmt":"2015-03-13T08:47:05","guid":{"rendered":"http:\/\/blogsaverroes.juntadeandalucia.es\/pre\/ceip\/?page_id=49"},"modified":"2025-11-13T17:28:11","modified_gmt":"2025-11-13T17:28:11","slug":"plan-de-centro","status":"publish","type":"page","link":"https:\/\/blogsaverroes.juntadeandalucia.es\/ceipexmariorta\/plan-de-centro\/","title":{"rendered":"Plan de Centro"},"content":{"rendered":"<p><a href=\"https:\/\/blogsaverroes.juntadeandalucia.es\/ceipexmariorta\/files\/2015\/03\/proyecto.png\"><img loading=\"lazy\" decoding=\"async\" class=\"alignright wp-image-1662 size-medium\" src=\"https:\/\/blogsaverroes.juntadeandalucia.es\/ceipexmariorta\/files\/2015\/03\/proyecto-300x266.png\" alt=\"\" width=\"300\" height=\"266\" srcset=\"https:\/\/blogsaverroes.juntadeandalucia.es\/ceipexmariorta\/files\/2015\/03\/proyecto-300x266.png 300w, https:\/\/blogsaverroes.juntadeandalucia.es\/ceipexmariorta\/files\/2015\/03\/proyecto.png 640w\" sizes=\"(max-width: 300px) 100vw, 300px\" \/><\/a>El Plan de Centro se compone de tres documentos fundamentales: El Proyecto Educativo, el ROF y el Proyecto de Gesti\u00f3n. Esto tres documentos concretan la normativa y son las se\u00f1as de identidad de nuestro centro.<\/p>\n<p style=\"text-align: justify\">El<strong> Proyecto Educativo<\/strong> nos define como centro. En \u00e9l se plasma el modelo educativo y la concreci\u00f3n de la normativa respecto a las ense\u00f1anzas que se imparten, con aspectos tales como objetivos educativos, evaluaci\u00f3n, convivencia, atenci\u00f3n a la diversidad, planes y programas que se desarrollan, etc&#8230;<\/p>\n<p>El&nbsp;<strong>ROF<\/strong> o Reglamento de Organizaci\u00f3n y Funcionamiento es el documento que debe facilitar la consecuci\u00f3n del clima &nbsp;organizativo y funcional adecuado para alcanzar los objetivos que el centro se haya propuesto y<\/p>\n<p>permitan mantener un ambiente de respeto, confianza y colaboraci\u00f3n entre todos los sectores de la<br \/>\ncomunidad educativa.<\/p>\n<p style=\"text-align: justify\">El&nbsp;<strong>Proyecto de Gesti\u00f3n<\/strong> desarrolla las l\u00edneas generales de la autonom\u00eda econ\u00f3mica del centro, definida en nuestro&nbsp;Proyecto Educativo.<\/p>\n<p>Pinchando en el siguiente enlace se puede descargar y consultar cualquiera de ellos, as\u00ed como los anexos correspondientes: <a href=\"https:\/\/blogsaverroes.juntadeandalucia.es\/ceipexmariorta\/files\/2025\/11\/Plan-de-Centro.zip\">Plan de Centro<\/a><\/p>\n","protected":false},"excerpt":{"rendered":"<p>El Plan de Centro se compone de tres documentos fundamentales: El Proyecto Educativo, el ROF y el Proyecto de Gesti\u00f3n. Esto tres documentos concretan la normativa y son las se\u00f1as de identidad de nuestro&#46;&#46;&#46;<\/p>\n","protected":false},"author":1,"featured_media":0,"parent":0,"menu_order":0,"comment_status":"closed","ping_status":"open","template":"","meta":{"ngg_post_thumbnail":0,"footnotes":"","_mc_calendar":[]},"aioseo_notices":[],"_links":{"self":[{"href":"https:\/\/blogsaverroes.juntadeandalucia.es\/ceipexmariorta\/wp-json\/wp\/v2\/pages\/49"}],"collection":[{"href":"https:\/\/blogsaverroes.juntadeandalucia.es\/ceipexmariorta\/wp-json\/wp\/v2\/pages"}],"about":[{"href":"https:\/\/blogsaverroes.juntadeandalucia.es\/ceipexmariorta\/wp-json\/wp\/v2\/types\/page"}],"author":[{"embeddable":true,"href":"https:\/\/blogsaverroes.juntadeandalucia.es\/ceipexmariorta\/wp-json\/wp\/v2\/users\/1"}],"replies":[{"embeddable":true,"href":"https:\/\/blogsaverroes.juntadeandalucia.es\/ceipexmariorta\/wp-json\/wp\/v2\/comments?post=49"}],"version-history":[{"count":23,"href":"https:\/\/blogsaverroes.juntadeandalucia.es\/ceipexmariorta\/wp-json\/wp\/v2\/pages\/49\/revisions"}],"predecessor-version":[{"id":3098,"href":"https:\/\/blogsaverroes.juntadeandalucia.es\/ceipexmariorta\/wp-json\/wp\/v2\/pages\/49\/revisions\/3098"}],"wp:attachment":[{"href":"https:\/\/blogsaverroes.juntadeandalucia.es\/ceipexmariorta\/wp-json\/wp\/v2\/media?parent=49"}],"curies":[{"name":"wp","href":"https:\/\/api.w.org\/{rel}","templated":true}]}}