{"id":869,"date":"2015-03-16T07:03:52","date_gmt":"2015-03-16T07:03:52","guid":{"rendered":"http:\/\/blogsaverroes.juntadeandalucia.es\/pre\/ceip\/?page_id=84"},"modified":"2025-11-13T17:33:48","modified_gmt":"2025-11-13T17:33:48","slug":"calendario-escolar","status":"publish","type":"page","link":"https:\/\/blogsaverroes.juntadeandalucia.es\/ceipexmariorta\/calendario-escolar\/","title":{"rendered":"Calendario escolar"},"content":{"rendered":"<p>&nbsp;<\/p>\n<p><a href=\"https:\/\/blogsaverroes.juntadeandalucia.es\/ceipexmariorta\/files\/2021\/01\/calendario-dibujo.png\"><img loading=\"lazy\" decoding=\"async\" class=\"size-full wp-image-2352 alignleft\" src=\"https:\/\/blogsaverroes.juntadeandalucia.es\/ceipexmariorta\/files\/2021\/01\/calendario-dibujo.png\" alt=\"\" width=\"225\" height=\"225\" srcset=\"https:\/\/blogsaverroes.juntadeandalucia.es\/ceipexmariorta\/files\/2021\/01\/calendario-dibujo.png 225w, https:\/\/blogsaverroes.juntadeandalucia.es\/ceipexmariorta\/files\/2021\/01\/calendario-dibujo-150x150.png 150w, https:\/\/blogsaverroes.juntadeandalucia.es\/ceipexmariorta\/files\/2021\/01\/calendario-dibujo-100x100.png 100w, https:\/\/blogsaverroes.juntadeandalucia.es\/ceipexmariorta\/files\/2021\/01\/calendario-dibujo-24x24.png 24w, https:\/\/blogsaverroes.juntadeandalucia.es\/ceipexmariorta\/files\/2021\/01\/calendario-dibujo-36x36.png 36w, https:\/\/blogsaverroes.juntadeandalucia.es\/ceipexmariorta\/files\/2021\/01\/calendario-dibujo-48x48.png 48w\" sizes=\"(max-width: 225px) 100vw, 225px\" \/><\/a><\/p>\n<p>&nbsp;<\/p>\n<p>El calendario lectivo del presente curso escolar es el siguiente:<\/p>\n<p><strong>Primer trimestre<\/strong>: comienza el mi\u00e9rcoles, 10 de septiembre, y finaliza el viernes, 19 de diciembre.<\/p>\n<p style=\"text-align: justify\"><strong>Segundo trimestre:&nbsp;<\/strong>comienza el jueves, 8 de enero y finaliza el viernes, 27 de marzo.<\/p>\n<p style=\"text-align: justify\"><strong>Tercer trimestre: <\/strong>comienza el lunes, 06 de abril, y finaliza el lunes, 22 de junio.<\/p>\n<p style=\"text-align: justify\">Pinchando en el enlace tendr\u00e9is acceso al calendario escolar del presente curso escolar, en el que se pueden consultar adem\u00e1s los distintos d\u00edas festivos del curso.<\/p>\n<p><a href=\"https:\/\/blogsaverroes.juntadeandalucia.es\/ceipexmariorta\/files\/2024\/11\/Calendario_escolar_24_25_Almeria.pdf\">Calendario_escola<\/a><a href=\"https:\/\/blogsaverroes.juntadeandalucia.es\/ceipexmariorta\/files\/2025\/11\/Calendario_Escolar_25-26_Almeria.pdf\">Calendario_Escolar_25-26_Almer\u00eda<\/a><\/p>\n<h4>&nbsp;<\/h4>\n<h4>&nbsp;<\/h4>\n<h4 style=\"text-align: center\">&nbsp;<\/h4>\n","protected":false},"excerpt":{"rendered":"<p>&nbsp; &nbsp; El calendario lectivo del presente curso escolar es el siguiente: Primer trimestre: comienza el mi\u00e9rcoles, 10 de septiembre, y finaliza el viernes, 19 de diciembre. Segundo trimestre:&nbsp;comienza el jueves, 8 de enero&#46;&#46;&#46;<\/p>\n","protected":false},"author":1,"featured_media":0,"parent":0,"menu_order":0,"comment_status":"closed","ping_status":"open","template":"","meta":{"ngg_post_thumbnail":0,"footnotes":"","_mc_calendar":{"weekends":"true","shortcode":"[my_calendar weekends=&quot;true&quot;]","append":""}},"aioseo_notices":[],"_links":{"self":[{"href":"https:\/\/blogsaverroes.juntadeandalucia.es\/ceipexmariorta\/wp-json\/wp\/v2\/pages\/869"}],"collection":[{"href":"https:\/\/blogsaverroes.juntadeandalucia.es\/ceipexmariorta\/wp-json\/wp\/v2\/pages"}],"about":[{"href":"https:\/\/blogsaverroes.juntadeandalucia.es\/ceipexmariorta\/wp-json\/wp\/v2\/types\/page"}],"author":[{"embeddable":true,"href":"https:\/\/blogsaverroes.juntadeandalucia.es\/ceipexmariorta\/wp-json\/wp\/v2\/users\/1"}],"replies":[{"embeddable":true,"href":"https:\/\/blogsaverroes.juntadeandalucia.es\/ceipexmariorta\/wp-json\/wp\/v2\/comments?post=869"}],"version-history":[{"count":12,"href":"https:\/\/blogsaverroes.juntadeandalucia.es\/ceipexmariorta\/wp-json\/wp\/v2\/pages\/869\/revisions"}],"predecessor-version":[{"id":3101,"href":"https:\/\/blogsaverroes.juntadeandalucia.es\/ceipexmariorta\/wp-json\/wp\/v2\/pages\/869\/revisions\/3101"}],"wp:attachment":[{"href":"https:\/\/blogsaverroes.juntadeandalucia.es\/ceipexmariorta\/wp-json\/wp\/v2\/media?parent=869"}],"curies":[{"name":"wp","href":"https:\/\/api.w.org\/{rel}","templated":true}]}}