{"id":871,"date":"2015-03-16T07:25:46","date_gmt":"2015-03-16T07:25:46","guid":{"rendered":"http:\/\/blogsaverroes.juntadeandalucia.es\/pre\/ceip\/?page_id=106"},"modified":"2025-11-13T17:35:35","modified_gmt":"2025-11-13T17:35:35","slug":"actividades-extraescolares","status":"publish","type":"page","link":"https:\/\/blogsaverroes.juntadeandalucia.es\/ceipexmariorta\/actividades-extraescolares\/","title":{"rendered":"Actividades extraescolares"},"content":{"rendered":"<h4>&nbsp;<\/h4>\n<p style=\"text-align: justify\"><a href=\"https:\/\/blogsaverroes.juntadeandalucia.es\/ceipexmariorta\/files\/2021\/01\/extraescolares.png\"><img loading=\"lazy\" decoding=\"async\" class=\"size-medium wp-image-2296 alignleft\" src=\"https:\/\/blogsaverroes.juntadeandalucia.es\/ceipexmariorta\/files\/2021\/01\/extraescolares-300x117.png\" alt=\"\" width=\"300\" height=\"117\" srcset=\"https:\/\/blogsaverroes.juntadeandalucia.es\/ceipexmariorta\/files\/2021\/01\/extraescolares-300x117.png 300w, https:\/\/blogsaverroes.juntadeandalucia.es\/ceipexmariorta\/files\/2021\/01\/extraescolares-768x300.png 768w, https:\/\/blogsaverroes.juntadeandalucia.es\/ceipexmariorta\/files\/2021\/01\/extraescolares-24x9.png 24w, https:\/\/blogsaverroes.juntadeandalucia.es\/ceipexmariorta\/files\/2021\/01\/extraescolares-36x14.png 36w, https:\/\/blogsaverroes.juntadeandalucia.es\/ceipexmariorta\/files\/2021\/01\/extraescolares-48x19.png 48w, https:\/\/blogsaverroes.juntadeandalucia.es\/ceipexmariorta\/files\/2021\/01\/extraescolares.png 800w\" sizes=\"(max-width: 300px) 100vw, 300px\" \/><\/a>Las <strong>actividades extraescolares<\/strong> tienen lugar en horario de tarde, desde las 16:00 hasta las 18.00 horas, y abarcan aspectos como la lectura, el deporte, la m\u00fasica, la inform\u00e1tica, los idiomas, la danza o el teatro, entre otras actividades l\u00fadicas y formativas.<\/p>\n<p>&nbsp;<\/p>\n<p>Las <strong>actividades<\/strong> que se llevan a cabo en nuestro centro durante el presente curso escolar, 2025\/2026,&nbsp; son los siguientes:<\/p>\n<p>&nbsp;<\/p>\n<table style=\"border-collapse: collapse;width: 102.668%;height: 72px\">\n<tbody>\n<tr style=\"height: 24px\">\n<td style=\"width: 169.844px;height: 24px;text-align: center\"><strong><span style=\"color: #000080\">Horario<\/span><\/strong><\/td>\n<td style=\"width: 163.375px;height: 24px;text-align: center\"><strong><span style=\"color: #000080\">Lunes<\/span><\/strong><\/td>\n<td style=\"width: 166.609px;height: 24px;text-align: center\"><strong><span style=\"color: #000080\">Martes<\/span><\/strong><\/td>\n<td style=\"width: 166.609px;height: 24px;text-align: center\"><strong><span style=\"color: #000080\">Mi\u00e9rcoles<\/span><\/strong><\/td>\n<td style=\"width: 166.625px;height: 24px;text-align: center\"><strong><span style=\"color: #000080\">Jueves<\/span><\/strong><\/td>\n<\/tr>\n<tr style=\"height: 24px\">\n<td style=\"width: 169.844px;height: 24px;text-align: center\"><strong>16:00-17:00 horas<\/strong><\/td>\n<td style=\"width: 163.375px;height: 24px;text-align: center\"><strong><span style=\"color: #ff0000\">Ingl\u00e9s <\/span><\/strong><\/td>\n<td style=\"width: 166.609px;height: 24px;text-align: center\"><strong><span style=\"color: #333399\">Inform\u00e1tica\/rob\u00f3tica <\/span><\/strong><\/td>\n<td style=\"width: 166.609px;height: 24px;text-align: center\"><strong><span style=\"color: #ff0000\">Ingl\u00e9s (Infantil)<\/span><\/strong><\/td>\n<td style=\"width: 166.625px;height: 24px;text-align: center\"><strong><span style=\"color: #333399\">Inform\u00e1tica\/rob\u00f3tica&nbsp;<\/span><\/strong><\/td>\n<\/tr>\n<tr style=\"height: 24px\">\n<td style=\"width: 169.844px;height: 24px;text-align: center\"><strong>17:00 &#8211; 18:00 horas<\/strong><\/td>\n<td style=\"width: 163.375px;height: 24px;text-align: center\"><strong><span style=\"color: #339966\">Mini-chef<\/span><\/strong><\/td>\n<td style=\"width: 166.609px;height: 24px;text-align: center\"><strong>Apoyo al estudio <\/strong><strong>(Primaria)<\/strong><\/td>\n<td style=\"width: 166.609px;height: 24px;text-align: center\"><strong><span style=\"color: #339966\">Mini-chef<\/span><\/strong><\/td>\n<td style=\"width: 166.625px;height: 24px;text-align: center\"><strong>Apoyo al estudio <\/strong><strong>(Primaria)<\/strong><\/td>\n<\/tr>\n<\/tbody>\n<\/table>\n<p>La empresa encargada de gestionar el servicio durante el presente curso escolar es LA MAR.<\/p>\n<p>&nbsp;<\/p>\n<p>La&nbsp;<strong>Normativa<\/strong>&nbsp;que regula el uso del servicio del comedor es la siguiente:<\/p>\n<ul>\n<li>Decreto 6\/2017, de 16 de enero, por el que se regulan los servicios complementarios de aula matinal, comedor escolar y actividades extraescolares, as\u00ed como el uso de las instalaciones de los centros docentes p\u00fablicos de la Comunidad Aut\u00f3noma de Andaluc\u00eda fuera del horario escolar.<\/li>\n<li>Orden de 17 de abril de 2017, por la que se regula la organizaci\u00f3n y el funcionamiento de los servicios complementarios de aula matinal, comedor escolar y actividades extraescolares, as\u00ed como el uso de las instalaciones de los centros docentes p\u00fablicos de la Comunidad Aut\u00f3noma de Andaluc\u00eda fuera del horario escolar.<\/li>\n<li>Orden de 27 de marzo de 2019, por la que se modifica la Orden de 17 de abril de 2017,&nbsp;por la que se regula la organizaci\u00f3n y el funcionamiento de los servicios complementarios de aula matinal, comedor escolar y actividades extraescolares, as\u00ed como el uso de las instalaciones de los centros docentes p\u00fablicos de la Comunidad Aut\u00f3noma de Andaluc\u00eda fuera del horario escolar.<\/li>\n<li>Acuerdo de 27 de marzo de 2018, del Consejo de Gobierno, por el que se fija la cuant\u00eda de los precios p\u00fablicos por los servicios complementarios de aula matinal, comedor escolar y actividades extraescolares en los centros docentes p\u00fablicos y por el servicio de residencia en las residencias escolares de Andaluc\u00eda.<\/li>\n<li>Orden de 14 de mayo de 2020, por la que se establecen los calendarios de actuaciones de determinados procedimientos administrativos del \u00e1mbito educativo, afectados por la situaci\u00f3n de crisis sanitaria provocada por el coronavirus COVID-19.<\/li>\n<\/ul>\n<p style=\"text-align: justify\">Para&nbsp;<strong>solicitar plaza<\/strong> en el servicio se debe rellenar la solicitud <a href=\"https:\/\/blogsaverroes.juntadeandalucia.es\/ceipexmariorta\/files\/2021\/01\/Solicitud-Servicios-del-centro.pdf\">Solicitud Servicios del centro<\/a>, a la que se deber\u00e1 adjuntar el DNI del tutor o tutores legales del alumno\/a.<\/p>\n<p style=\"text-align: justify\">As\u00ed mismo, se puede solicitar la bonificaci\u00f3n total o parcial del precio del servicio cumplimentado la solicitud&nbsp;<a href=\"https:\/\/blogsaverroes.juntadeandalucia.es\/ceipexmariorta\/files\/2021\/01\/Solicitud-Bonficaci%C3%B3n-Servicios-del-centro.pdf\">Solicitud Bonficaci\u00f3n Servicios del centro<\/a>.<\/p>\n<p>Ambos documentos se pueden enviar al centro a trav\u00e9s del email&nbsp;<strong>04602110.edu@juntadeandalucia.es<\/strong><\/p>\n","protected":false},"excerpt":{"rendered":"<p>&nbsp; Las actividades extraescolares tienen lugar en horario de tarde, desde las 16:00 hasta las 18.00 horas, y abarcan aspectos como la lectura, el deporte, la m\u00fasica, la inform\u00e1tica, los idiomas, la danza o&#46;&#46;&#46;<\/p>\n","protected":false},"author":1,"featured_media":0,"parent":0,"menu_order":0,"comment_status":"closed","ping_status":"open","template":"","meta":{"ngg_post_thumbnail":0,"footnotes":"","_mc_calendar":[]},"aioseo_notices":[],"_links":{"self":[{"href":"https:\/\/blogsaverroes.juntadeandalucia.es\/ceipexmariorta\/wp-json\/wp\/v2\/pages\/871"}],"collection":[{"href":"https:\/\/blogsaverroes.juntadeandalucia.es\/ceipexmariorta\/wp-json\/wp\/v2\/pages"}],"about":[{"href":"https:\/\/blogsaverroes.juntadeandalucia.es\/ceipexmariorta\/wp-json\/wp\/v2\/types\/page"}],"author":[{"embeddable":true,"href":"https:\/\/blogsaverroes.juntadeandalucia.es\/ceipexmariorta\/wp-json\/wp\/v2\/users\/1"}],"replies":[{"embeddable":true,"href":"https:\/\/blogsaverroes.juntadeandalucia.es\/ceipexmariorta\/wp-json\/wp\/v2\/comments?post=871"}],"version-history":[{"count":11,"href":"https:\/\/blogsaverroes.juntadeandalucia.es\/ceipexmariorta\/wp-json\/wp\/v2\/pages\/871\/revisions"}],"predecessor-version":[{"id":3103,"href":"https:\/\/blogsaverroes.juntadeandalucia.es\/ceipexmariorta\/wp-json\/wp\/v2\/pages\/871\/revisions\/3103"}],"wp:attachment":[{"href":"https:\/\/blogsaverroes.juntadeandalucia.es\/ceipexmariorta\/wp-json\/wp\/v2\/media?parent=871"}],"curies":[{"name":"wp","href":"https:\/\/api.w.org\/{rel}","templated":true}]}}