{"id":99,"date":"2015-03-16T07:22:54","date_gmt":"2015-03-16T07:22:54","guid":{"rendered":"http:\/\/blogsaverroes.juntadeandalucia.es\/pre\/ceip\/?page_id=99"},"modified":"2021-01-05T20:12:05","modified_gmt":"2021-01-05T20:12:05","slug":"comedor-escolar","status":"publish","type":"page","link":"https:\/\/blogsaverroes.juntadeandalucia.es\/ceipexmariorta\/comedor-escolar\/","title":{"rendered":"Comedor escolar"},"content":{"rendered":"<p style=\"text-align: justify\"><a href=\"https:\/\/blogsaverroes.juntadeandalucia.es\/ceipexmariorta\/files\/2021\/01\/comedor.png\"><img loading=\"lazy\" decoding=\"async\" class=\"size-medium wp-image-2287 alignleft\" src=\"https:\/\/blogsaverroes.juntadeandalucia.es\/ceipexmariorta\/files\/2021\/01\/comedor-300x229.png\" alt=\"\" width=\"300\" height=\"229\" srcset=\"https:\/\/blogsaverroes.juntadeandalucia.es\/ceipexmariorta\/files\/2021\/01\/comedor-300x229.png 300w, https:\/\/blogsaverroes.juntadeandalucia.es\/ceipexmariorta\/files\/2021\/01\/comedor-24x18.png 24w, https:\/\/blogsaverroes.juntadeandalucia.es\/ceipexmariorta\/files\/2021\/01\/comedor-36x27.png 36w, https:\/\/blogsaverroes.juntadeandalucia.es\/ceipexmariorta\/files\/2021\/01\/comedor-48x37.png 48w, https:\/\/blogsaverroes.juntadeandalucia.es\/ceipexmariorta\/files\/2021\/01\/comedor.png 361w\" sizes=\"(max-width: 300px) 100vw, 300px\" \/><\/a><\/p>\n<p style=\"text-align: justify\">Los comedores escolares son un servicio complementario que resulta de gran utilidad a las familias, para ayudarles a conciliar la vida laboral y familiar. Tienen una duraci\u00f3n de dos horas, desde que acaba la jornada escolar de la ma\u00f1ana (de 14.00 a 16.00 horas).<\/p>\n<p style=\"text-align: justify\">Los comedores son adem\u00e1s una pieza importante&nbsp;en todas las medidas dirigidas a mejorar los h\u00e1bitos alimenticios de los ni\u00f1os y ni\u00f1as y prevenir problemas de salud como la obesidad.<\/p>\n<p>&nbsp;<\/p>\n<p style=\"text-align: justify\">Los comedores escolares de los centros p\u00fablicos andaluces promueven una alimentaci\u00f3n saludable que est\u00e1 supervisada por nutricionistas y que, entre otros aspectos, se caracteriza por:<\/p>\n<ul>\n<li style=\"text-align: justify\">Una mayor proporci\u00f3n de verdura en los men\u00fas<\/li>\n<li style=\"text-align: justify\">Fruta fresca como postre al menos cuatro d\u00edas a la semana<\/li>\n<li>Uso de aceite de oliva virgen extra<\/li>\n<li>M\u00e1s pescado que carne, que debe ser magra<\/li>\n<li>Prohibici\u00f3n de los alimentos precocinados y limitaci\u00f3n de los fritos<\/li>\n<li>Apuesta por la dieta mediterr\u00e1nea y los productos ecol\u00f3gicos.<\/li>\n<\/ul>\n<p>&nbsp;<\/p>\n<p>La <strong>Normativa<\/strong> que regula el uso del servicio del comedor es la siguiente:<\/p>\n<ul>\n<li style=\"text-align: justify\">Decreto 6\/2017, de 16 de enero, por el que se regulan los servicios complementarios de aula matinal, comedor escolar y actividades extraescolares, as\u00ed como el uso de las instalaciones de los centros docentes p\u00fablicos de la Comunidad Aut\u00f3noma de Andaluc\u00eda fuera del horario escolar.<\/li>\n<li style=\"text-align: justify\">Orden de 17 de abril de 2017, por la que se regula la organizaci\u00f3n y el funcionamiento de los servicios complementarios de aula matinal, comedor escolar y actividades extraescolares, as\u00ed como el uso de las instalaciones de los centros docentes p\u00fablicos de la Comunidad Aut\u00f3noma de Andaluc\u00eda fuera del horario escolar.<\/li>\n<li style=\"text-align: justify\">Orden de 27 de marzo de 2019, por la que se modifica la Orden de 17 de abril de 2017,&nbsp;por la que se regula la organizaci\u00f3n y el funcionamiento de los servicios complementarios de aula matinal, comedor escolar y actividades extraescolares, as\u00ed como el uso de las instalaciones de los centros docentes p\u00fablicos de la Comunidad Aut\u00f3noma de Andaluc\u00eda fuera del horario escolar.<\/li>\n<li style=\"text-align: justify\">Acuerdo de 27 de marzo de 2018, del Consejo de Gobierno, por el que se fija la cuant\u00eda de los precios p\u00fablicos por los servicios complementarios de aula matinal, comedor escolar y actividades extraescolares en los centros docentes p\u00fablicos y por el servicio de residencia en las residencias escolares de Andaluc\u00eda.<\/li>\n<li>Orden de 14 de mayo de 2020, por la que se establecen los calendarios de actuaciones de determinados procedimientos administrativos del \u00e1mbito educativo, afectados por la situaci\u00f3n de crisis sanitaria provocada por el coronavirus COVID-19.<\/li>\n<\/ul>\n<p>&nbsp;<\/p>\n<p style=\"text-align: justify\">Para <strong>solicitar plaza<\/strong> en el comedor escolar se debe rellenar la solicitud <a href=\"https:\/\/blogsaverroes.juntadeandalucia.es\/ceipexmariorta\/files\/2021\/01\/Solicitud-Servicios-del-centro.pdf\">Solicitud Servicios del centro<\/a>, a la que se deber\u00e1 adjuntar el DNI del tutor o tutores legales del alumno\/a, adem\u00e1s de la documentaci\u00f3n que acredite que realizan una actividad laboral o profesional remunerada que justifique la imposibilidad de atenderlo en el horario establecido para la prestaci\u00f3n del servicio.<\/p>\n<p style=\"text-align: justify\">As\u00ed mismo, se puede solicitar la bonificaci\u00f3n total o parcial del precio del servicio cumplimentado la solicitud <a href=\"https:\/\/blogsaverroes.juntadeandalucia.es\/ceipexmariorta\/files\/2021\/01\/Solicitud-Bonficaci\u00f3n-Servicios-del-centro.pdf\">Solicitud Bonficaci\u00f3n Servicios del centro<\/a>.<\/p>\n<p>Ambos documentos se pueden enviar al centro a trav\u00e9s del email&nbsp;<strong>04602110.edu@juntadeandalucia.es<\/strong><\/p>\n<p>&nbsp;<\/p>\n<p style=\"text-align: justify\">Durante el presente curso escolar, la Empresa que lleva a cabo la gesti\u00f3n del servicio de comedor en nuestro centro el <strong>Mediterr\u00e1nea Catering<\/strong>.<\/p>\n<p style=\"text-align: justify\">&nbsp;<\/p>\n<p>&nbsp;<\/p>\n<p>&nbsp;<\/p>\n","protected":false},"excerpt":{"rendered":"<p>Los comedores escolares son un servicio complementario que resulta de gran utilidad a las familias, para ayudarles a conciliar la vida laboral y familiar. Tienen una duraci\u00f3n de dos horas, desde que acaba la&#46;&#46;&#46;<\/p>\n","protected":false},"author":1,"featured_media":0,"parent":0,"menu_order":0,"comment_status":"closed","ping_status":"open","template":"page-cs.php","meta":{"ngg_post_thumbnail":0,"footnotes":"","_mc_calendar":[]},"aioseo_notices":[],"_links":{"self":[{"href":"https:\/\/blogsaverroes.juntadeandalucia.es\/ceipexmariorta\/wp-json\/wp\/v2\/pages\/99"}],"collection":[{"href":"https:\/\/blogsaverroes.juntadeandalucia.es\/ceipexmariorta\/wp-json\/wp\/v2\/pages"}],"about":[{"href":"https:\/\/blogsaverroes.juntadeandalucia.es\/ceipexmariorta\/wp-json\/wp\/v2\/types\/page"}],"author":[{"embeddable":true,"href":"https:\/\/blogsaverroes.juntadeandalucia.es\/ceipexmariorta\/wp-json\/wp\/v2\/users\/1"}],"replies":[{"embeddable":true,"href":"https:\/\/blogsaverroes.juntadeandalucia.es\/ceipexmariorta\/wp-json\/wp\/v2\/comments?post=99"}],"version-history":[{"count":9,"href":"https:\/\/blogsaverroes.juntadeandalucia.es\/ceipexmariorta\/wp-json\/wp\/v2\/pages\/99\/revisions"}],"predecessor-version":[{"id":2299,"href":"https:\/\/blogsaverroes.juntadeandalucia.es\/ceipexmariorta\/wp-json\/wp\/v2\/pages\/99\/revisions\/2299"}],"wp:attachment":[{"href":"https:\/\/blogsaverroes.juntadeandalucia.es\/ceipexmariorta\/wp-json\/wp\/v2\/media?parent=99"}],"curies":[{"name":"wp","href":"https:\/\/api.w.org\/{rel}","templated":true}]}}