{"id":692,"date":"2024-03-07T13:58:27","date_gmt":"2024-03-07T12:58:27","guid":{"rendered":"https:\/\/blogsaverroes.juntadeandalucia.es\/ceipfcoginerdelosriosbarbate\/?page_id=692"},"modified":"2026-04-23T08:40:44","modified_gmt":"2026-04-23T07:40:44","slug":"plan-de-apertura","status":"publish","type":"page","link":"https:\/\/blogsaverroes.juntadeandalucia.es\/ceipfcoginerdelosriosbarbate\/plan-de-apertura\/","title":{"rendered":"Plan de Apertura"},"content":{"rendered":"<p>Durante este curso escolar 2025 \/26, el CEIP Fco. Giner de los R\u00edos abre sus puertas a diferentes Actividades Extraescolares que favorecer\u00e1n el desarrollo de diferentes actividades acad\u00e9micas, art\u00edsticas o deportivas. De esta forma, pretendemos facilitar el acceso no solo de los alumnos y alumnas de nuestro centro, sino de todos aquellos ni\u00f1os y ni\u00f1as de la localidad que quieran participar de actividades como el PROA, PREX, Atletismo, Tenis de Mesa, Escuela de f\u00fatbol o talleres para la conciliaci\u00f3n familiar.&nbsp;<\/p>\n<p>Para m\u00e1s informaci\u00f3n, ac\u00e9rcate por nuestro cole.<\/p>\n","protected":false},"excerpt":{"rendered":"<p>Durante este curso escolar 2025 \/26, el CEIP Fco. Giner de los R\u00edos abre sus puertas a diferentes Actividades Extraescolares que favorecer\u00e1n el desarrollo de diferentes actividades acad\u00e9micas, art\u00edsticas o deportivas. De esta forma,&#46;&#46;&#46;<\/p>\n","protected":false},"author":19319,"featured_media":0,"parent":0,"menu_order":0,"comment_status":"closed","ping_status":"closed","template":"","meta":{"ngg_post_thumbnail":0,"footnotes":""},"aioseo_notices":[],"_links":{"self":[{"href":"https:\/\/blogsaverroes.juntadeandalucia.es\/ceipfcoginerdelosriosbarbate\/wp-json\/wp\/v2\/pages\/692"}],"collection":[{"href":"https:\/\/blogsaverroes.juntadeandalucia.es\/ceipfcoginerdelosriosbarbate\/wp-json\/wp\/v2\/pages"}],"about":[{"href":"https:\/\/blogsaverroes.juntadeandalucia.es\/ceipfcoginerdelosriosbarbate\/wp-json\/wp\/v2\/types\/page"}],"author":[{"embeddable":true,"href":"https:\/\/blogsaverroes.juntadeandalucia.es\/ceipfcoginerdelosriosbarbate\/wp-json\/wp\/v2\/users\/19319"}],"replies":[{"embeddable":true,"href":"https:\/\/blogsaverroes.juntadeandalucia.es\/ceipfcoginerdelosriosbarbate\/wp-json\/wp\/v2\/comments?post=692"}],"version-history":[{"count":4,"href":"https:\/\/blogsaverroes.juntadeandalucia.es\/ceipfcoginerdelosriosbarbate\/wp-json\/wp\/v2\/pages\/692\/revisions"}],"predecessor-version":[{"id":1472,"href":"https:\/\/blogsaverroes.juntadeandalucia.es\/ceipfcoginerdelosriosbarbate\/wp-json\/wp\/v2\/pages\/692\/revisions\/1472"}],"wp:attachment":[{"href":"https:\/\/blogsaverroes.juntadeandalucia.es\/ceipfcoginerdelosriosbarbate\/wp-json\/wp\/v2\/media?parent=692"}],"curies":[{"name":"wp","href":"https:\/\/api.w.org\/{rel}","templated":true}]}}