{"id":698,"date":"2024-03-07T18:12:05","date_gmt":"2024-03-07T17:12:05","guid":{"rendered":"https:\/\/blogsaverroes.juntadeandalucia.es\/ceipfcoginerdelosriosbarbate\/?page_id=698"},"modified":"2026-04-24T09:13:55","modified_gmt":"2026-04-24T08:13:55","slug":"plan-de-centro","status":"publish","type":"page","link":"https:\/\/blogsaverroes.juntadeandalucia.es\/ceipfcoginerdelosriosbarbate\/plan-de-centro\/","title":{"rendered":"Plan de Centro"},"content":{"rendered":"<p><a href=\"https:\/\/drive.google.com\/file\/d\/1pqpuaDhtryi6T6FtkZKG_11uCTvUb3Cf\/view?usp=drive_link\">A. PORTADA. \u00cdNDICE.<\/a><\/p>\n<p><a href=\"https:\/\/drive.google.com\/file\/d\/1VVH4rP1GIKMg_4t0UBMC7yvyg0LLCZwH\/view?usp=drive_link\">0. INTRODUCCI\u00d3N.<\/a><\/p>\n<ol>\n<li><a href=\"https:\/\/drive.google.com\/file\/d\/1F7xVdqZbiixT939D9U6o8rYniVrtLJw5\/view?usp=drive_link\">AN\u00c1LISIS DEL CONTEXTO.<\/a><\/li>\n<li><a href=\"https:\/\/drive.google.com\/file\/d\/1WjQcCcuLMdaRMTdgV1nYxcK5r5fKpQXL\/view?usp=drive_link\">PORTADA PROYECTO EDUCATIVO.<\/a>\n<ol>\n<li><a href=\"https:\/\/drive.google.com\/file\/d\/18xVe4SHrJLxZRb1Fu1bJjsVRoDlsQ8Px\/view?usp=sharing\">Objetivos rendimiento escolar.<\/a><\/li>\n<li><a href=\"https:\/\/drive.google.com\/file\/d\/1rmDtLSrg-k8U4YvM-1yVbkU8B_8jsz3-\/view?usp=drive_link\">L\u00edneas generales de actuaci\u00f3n pedag\u00f3gica.<\/a><\/li>\n<li><a href=\"https:\/\/drive.google.com\/file\/d\/1gkKn4Ax6OmY5XY2JDWF6qv8jhW6oqdt0\/view?usp=drive_link\">Contenidos curriculares.<\/a><\/li>\n<li><a href=\"https:\/\/drive.google.com\/file\/d\/1sTMnwRDUpJEZqn51tfo7JwxbPJlAsITZ\/view?usp=drive_link\">Criterios pedag\u00f3gicos.<\/a><\/li>\n<li><a href=\"https:\/\/drive.google.com\/file\/d\/1pKV7uKBxPgT7yBT1e9CRtUQe9-zWhQSE\/view?usp=drive_link\">Procedimientos y criterios de evaluaci\u00f3n.<\/a><\/li>\n<li><a href=\"https:\/\/drive.google.com\/file\/d\/1pKV7uKBxPgT7yBT1e9CRtUQe9-zWhQSE\/view?usp=drive_link\">Criterios elaboraci\u00f3n programaciones.<\/a><\/li>\n<li><a href=\"https:\/\/drive.google.com\/file\/d\/1_esE4S33Yr4w8GFSDVpBI7C_Ejww1ICR\/view?usp=drive_link\">Plan de atenci\u00f3n a la diversidad.<\/a><\/li>\n<li><a href=\"https:\/\/drive.google.com\/file\/d\/19XSTVvs7n2O-mAl7mI-baQguADYcD47t\/view?usp=drive_link\">Plan de convivencia.<\/a><\/li>\n<li><a href=\"https:\/\/drive.google.com\/file\/d\/1UA598qj6HIx6wUGTUfRGxnY3cLsgrWm2\/view?usp=drive_link\">POAT (Plan de Orientaci\u00f3n y Acci\u00f3n Tutorial).<\/a><\/li>\n<li><a href=\"https:\/\/drive.google.com\/file\/d\/1shW4TtG5C6UVvp6lFBdNVorjkSqXGNO4\/view?usp=drive_link\">Plan de formaci\u00f3n del profesorado.<\/a><\/li>\n<li>Planes y programas.\n<ol>\n<li><a href=\"https:\/\/drive.google.com\/file\/d\/16QX3dPLcteAM6Ije96nKS6iN7--IYIwt\/view?usp=drive_link\">Plan de igual de g\u00e9nero.<\/a><\/li>\n<li><a href=\"https:\/\/drive.google.com\/file\/d\/15kmKQoARTKG4JXtD97iO-LtHxo2H7wCq\/view?usp=drive_link\">Plan de compensaci\u00f3n educativa.<\/a><\/li>\n<li><a href=\"https:\/\/drive.google.com\/file\/d\/1I5ZjaLVFMLyPYMRqF-PL3HECSMZNXyd1\/view?usp=drive_link\">Programa de tr\u00e1nsito.<\/a><\/li>\n<li><a href=\"https:\/\/drive.google.com\/file\/d\/1QtiSq7hFyKhWPTfzEYcrT-fnAzqZHxSZ\/view?usp=drive_link\">Plan de salud laborar.<\/a><\/li>\n<li><a href=\"https:\/\/drive.google.com\/file\/d\/12K8eGISr8B2Eexx3b681SpEgNCgBrVZn\/view?usp=drive_link\">Plan de bibliotecas escolares.<\/a><\/li>\n<li><a href=\"https:\/\/drive.google.com\/file\/d\/1foqIQzUQTzSFI5t3g81S_npB9j4-cXG-\/view?usp=drive_link\u00e7\">Plan de intervenci\u00f3n en el tiempo extraescolar.<\/a><\/li>\n<li><a href=\"https:\/\/drive.google.com\/file\/d\/1zsMFxnuyBmk-byP59Z0rtLPi-d6V3oPe\/view?usp=drive_link\">Programa de HHVS (H\u00e1bitos de Vida Saludable).<\/a><\/li>\n<li><a href=\"https:\/\/drive.google.com\/file\/d\/1er4J8x1Qh4W1NxWe5cE_jwjCWeRrxBu5\/view?usp=drive_link\">Programa de Transformaci\u00f3n Digital.<\/a><\/li>\n<li><a href=\"https:\/\/drive.google.com\/file\/d\/1b3SshSj8Pjs_56qyoEH42gGKeOF_kMDd\/view?usp=drive_link\">Plan de Lectura.<\/a><\/li>\n<li><a href=\"https:\/\/drive.google.com\/file\/d\/1WafujrLdBcWbcBOUWuqrQMzwoocka1KO\/view?usp=drive_link\">Plan de Mejora del Razonamiento Matem\u00e1tico.<\/a><\/li>\n<\/ol>\n<\/li>\n<li><a href=\"https:\/\/drive.google.com\/file\/d\/14vZB4ixu-apELV4DD63NkMAU1IUAY7bb\/view?usp=drive_link\">Autoevaluaci\u00f3n y Plan de Mejora del Centro.<\/a><\/li>\n<li><a href=\"https:\/\/drive.google.com\/file\/d\/1q6czXzTfW-9qvKE9IxYCBxVO1-O6NyrK\/view?usp=drive_link\">Protocolo de actuaci\u00f3n ante las olas de calor o altas temperaturas excepcionales.<\/a><\/li>\n<\/ol>\n<\/li>\n<li><a href=\"https:\/\/drive.google.com\/file\/d\/1g_Yc9vBkKJ2em4uB4Acft84CJpIZYtuN\/view?usp=drive_link\">ROF (Reglamento de Organizaci\u00f3n y Funcionamiento).<\/a><\/li>\n<li><a href=\"https:\/\/drive.google.com\/file\/d\/1cYjfQgy4ZEpLJLpLEtRlxEu3v7JPhdwY\/view?usp=drive_link\">Proyecto de Gesti\u00f3n.<\/a><\/li>\n<li><a href=\"https:\/\/drive.google.com\/file\/d\/1AsuzGeUyQtjAv8QV6ohz1-fjTF_lCtzG\/view?usp=drive_link\">Proyecto ZTS.<\/a><\/li>\n<\/ol>\n<p>&nbsp;<\/p>\n","protected":false},"excerpt":{"rendered":"<p>A. PORTADA. \u00cdNDICE. 0. INTRODUCCI\u00d3N. AN\u00c1LISIS DEL CONTEXTO. PORTADA PROYECTO EDUCATIVO. Objetivos rendimiento escolar. L\u00edneas generales de actuaci\u00f3n pedag\u00f3gica. Contenidos curriculares. Criterios pedag\u00f3gicos. Procedimientos y criterios de evaluaci\u00f3n. Criterios elaboraci\u00f3n programaciones. Plan de atenci\u00f3n&#46;&#46;&#46;<\/p>\n","protected":false},"author":19319,"featured_media":0,"parent":0,"menu_order":0,"comment_status":"closed","ping_status":"closed","template":"","meta":{"ngg_post_thumbnail":0,"footnotes":""},"aioseo_notices":[],"_links":{"self":[{"href":"https:\/\/blogsaverroes.juntadeandalucia.es\/ceipfcoginerdelosriosbarbate\/wp-json\/wp\/v2\/pages\/698"}],"collection":[{"href":"https:\/\/blogsaverroes.juntadeandalucia.es\/ceipfcoginerdelosriosbarbate\/wp-json\/wp\/v2\/pages"}],"about":[{"href":"https:\/\/blogsaverroes.juntadeandalucia.es\/ceipfcoginerdelosriosbarbate\/wp-json\/wp\/v2\/types\/page"}],"author":[{"embeddable":true,"href":"https:\/\/blogsaverroes.juntadeandalucia.es\/ceipfcoginerdelosriosbarbate\/wp-json\/wp\/v2\/users\/19319"}],"replies":[{"embeddable":true,"href":"https:\/\/blogsaverroes.juntadeandalucia.es\/ceipfcoginerdelosriosbarbate\/wp-json\/wp\/v2\/comments?post=698"}],"version-history":[{"count":23,"href":"https:\/\/blogsaverroes.juntadeandalucia.es\/ceipfcoginerdelosriosbarbate\/wp-json\/wp\/v2\/pages\/698\/revisions"}],"predecessor-version":[{"id":1488,"href":"https:\/\/blogsaverroes.juntadeandalucia.es\/ceipfcoginerdelosriosbarbate\/wp-json\/wp\/v2\/pages\/698\/revisions\/1488"}],"wp:attachment":[{"href":"https:\/\/blogsaverroes.juntadeandalucia.es\/ceipfcoginerdelosriosbarbate\/wp-json\/wp\/v2\/media?parent=698"}],"curies":[{"name":"wp","href":"https:\/\/api.w.org\/{rel}","templated":true}]}}