{"id":1197,"date":"2023-01-23T09:42:26","date_gmt":"2023-01-23T08:42:26","guid":{"rendered":"https:\/\/blogsaverroes.juntadeandalucia.es\/ceipfedericogarcialorca\/?page_id=1197"},"modified":"2023-02-13T09:40:46","modified_gmt":"2023-02-13T08:40:46","slug":"aldea","status":"publish","type":"page","link":"https:\/\/blogsaverroes.juntadeandalucia.es\/ceipfedericogarcialorca\/planes-y-proyectos\/aldea\/","title":{"rendered":"Aldea"},"content":{"rendered":"<p><img loading=\"lazy\" decoding=\"async\" class=\" wp-image-1286 aligncenter\" src=\"https:\/\/blogsaverroes.juntadeandalucia.es\/ceipfedericogarcialorca\/files\/2023\/02\/WhatsApp-Image-2023-02-07-at-18.43.55-300x169.jpeg\" alt=\"\" width=\"518\" height=\"292\"><\/p>\n<p><span style=\"color: #000000\"><strong>ECOHUERTO Federico Garc\u00eda Lorca<\/strong><\/span><\/p>\n<p><span style=\"color: #000000\">Desde mediados del primer trimestre hemos estado cuidando y cultivando nuestro huerto del cole entre todos y todas. Hemos puesto tierra nueva, sembrado, plantado, cultivado e incluso recolectado. Lo estamos cuidando con mucho cari\u00f1o para que siga brotando tan bonito como hasta ahora.<\/span><\/p>\n<p><span style=\"color: #000000\">En nuestro huerto tenemos de todo un poco como:<\/span><\/p>\n<ul>\n<li><span style=\"color: #000000\">Acelgas<\/span><\/li>\n<li><span style=\"color: #000000\">Espinacas<\/span><\/li>\n<li><span style=\"color: #000000\">R\u00e1banos<\/span><\/li>\n<li><span style=\"color: #000000\">R\u00facula<\/span><\/li>\n<li><span style=\"color: #000000\">Habas<\/span><\/li>\n<li><span style=\"color: #000000\">Guisantes<\/span><\/li>\n<li><span style=\"color: #000000\">Col<\/span><\/li>\n<li><span style=\"color: #000000\">Br\u00f3coli<\/span><\/li>\n<li><span style=\"color: #000000\">Plantas arom\u00e1ticas como: romero, lavanda y tomillo.<\/span><\/li>\n<li><span style=\"color: #000000\">Bulbos de flor como: iris, narcisos o fresas.<\/span><\/li>\n<\/ul>\n<p>&nbsp;<\/p>\n<p><span style=\"color: #000000\">Algunos productos est\u00e1n ya recolectados como las acelgas; en crecimiento como las espinacas, coles y br\u00f3coli o en flor como las habas y los guisantes y reci\u00e9n sembrados como las patas, zanahorias y lechugas.<\/span><\/p>\n<p><span style=\"color: #000000\">Seguiremos trabajando en \u00e9l ya que nos encanta el contacto con la naturaleza, ver como crecen nuestras plantas, saber de donde salen los alimentos, la importancia del agua para los seres vivos y el respeto y cuidado del medio ambiente. Tambi\u00e9n nos gusta ir al huerto para tener una clase diferente en el exterior y poder aprender el crecimiento y cuidado de las plantas a trav\u00e9s de la experiencia propia.<\/span><\/p>\n<p><span style=\"color: #000000\">\u00a1Lo pasamos genial!<\/span><\/p>\n","protected":false},"excerpt":{"rendered":"<p>ECOHUERTO Federico Garc\u00eda Lorca Desde mediados del primer trimestre hemos estado cuidando y cultivando nuestro huerto del cole entre todos y todas. Hemos puesto tierra nueva, sembrado, plantado, cultivado e incluso recolectado. Lo estamos cuidando con mucho cari\u00f1o para que siga brotando tan bonito como hasta ahora. En nuestro huerto tenemos de todo un poco [&hellip;]<\/p>\n","protected":false},"author":16967,"featured_media":0,"parent":850,"menu_order":6,"comment_status":"closed","ping_status":"closed","template":"","meta":{"_et_pb_use_builder":"","_et_pb_old_content":"","_et_gb_content_width":"","ngg_post_thumbnail":0,"footnotes":""},"aioseo_notices":[],"_links":{"self":[{"href":"https:\/\/blogsaverroes.juntadeandalucia.es\/ceipfedericogarcialorca\/wp-json\/wp\/v2\/pages\/1197"}],"collection":[{"href":"https:\/\/blogsaverroes.juntadeandalucia.es\/ceipfedericogarcialorca\/wp-json\/wp\/v2\/pages"}],"about":[{"href":"https:\/\/blogsaverroes.juntadeandalucia.es\/ceipfedericogarcialorca\/wp-json\/wp\/v2\/types\/page"}],"author":[{"embeddable":true,"href":"https:\/\/blogsaverroes.juntadeandalucia.es\/ceipfedericogarcialorca\/wp-json\/wp\/v2\/users\/16967"}],"replies":[{"embeddable":true,"href":"https:\/\/blogsaverroes.juntadeandalucia.es\/ceipfedericogarcialorca\/wp-json\/wp\/v2\/comments?post=1197"}],"version-history":[{"count":4,"href":"https:\/\/blogsaverroes.juntadeandalucia.es\/ceipfedericogarcialorca\/wp-json\/wp\/v2\/pages\/1197\/revisions"}],"predecessor-version":[{"id":1289,"href":"https:\/\/blogsaverroes.juntadeandalucia.es\/ceipfedericogarcialorca\/wp-json\/wp\/v2\/pages\/1197\/revisions\/1289"}],"up":[{"embeddable":true,"href":"https:\/\/blogsaverroes.juntadeandalucia.es\/ceipfedericogarcialorca\/wp-json\/wp\/v2\/pages\/850"}],"wp:attachment":[{"href":"https:\/\/blogsaverroes.juntadeandalucia.es\/ceipfedericogarcialorca\/wp-json\/wp\/v2\/media?parent=1197"}],"curies":[{"name":"wp","href":"https:\/\/api.w.org\/{rel}","templated":true}]}}