{"id":1465,"date":"2023-03-20T09:17:54","date_gmt":"2023-03-20T08:17:54","guid":{"rendered":"https:\/\/blogsaverroes.juntadeandalucia.es\/ceipfedericogarcialorca\/?page_id=1465"},"modified":"2023-03-20T09:18:20","modified_gmt":"2023-03-20T08:18:20","slug":"dia-del-cancer-infantil-panuelo-challenge","status":"publish","type":"page","link":"https:\/\/blogsaverroes.juntadeandalucia.es\/ceipfedericogarcialorca\/dia-del-cancer-infantil-panuelo-challenge\/","title":{"rendered":"D\u00eda del C\u00e1ncer Infantil (Pa\u00f1uelo Challenge)"},"content":{"rendered":"<p><span style=\"font-family: 'courier new', courier, monospace;font-size: 12pt;color: #000000\">El&nbsp;<b>15 de febrero<\/b>, D\u00eda Mundial del C\u00e1ncer Infantil los alumnos y alumnas del CEIP Federico Garc\u00eda Lorca se unieron al <strong>Pa\u00f1uelo Challenge Aladina<\/strong>; ese d\u00eda se pusieron un pa\u00f1uelo en la cabeza y demostraron a los ni\u00f1os y adolescentes con c\u00e1ncer que no est\u00e1n solos, que cuentan con su apoyo y su cari\u00f1o <strong>\u00a1y que su lucha es la de todos!<\/strong><\/span><\/p>\n<p>&nbsp;<\/p>\n<div style=\"width: 1080px;\" class=\"wp-video\"><!--[if lt IE 9]><script>document.createElement('video');<\/script><![endif]-->\n<video class=\"wp-video-shortcode\" id=\"video-1465-1\" width=\"1080\" height=\"608\" loop=\"1\" autoplay=\"1\" preload=\"metadata\" controls=\"controls\"><source type=\"video\/mp4\" src=\"https:\/\/blogsaverroes.juntadeandalucia.es\/ceipfedericogarcialorca\/files\/2023\/03\/dia-del-cancer-infantil-15-de-febrero-asociacion-aladina-1_4RxxfNjW.mp4?_=1\" \/><a href=\"https:\/\/blogsaverroes.juntadeandalucia.es\/ceipfedericogarcialorca\/files\/2023\/03\/dia-del-cancer-infantil-15-de-febrero-asociacion-aladina-1_4RxxfNjW.mp4\">https:\/\/blogsaverroes.juntadeandalucia.es\/ceipfedericogarcialorca\/files\/2023\/03\/dia-del-cancer-infantil-15-de-febrero-asociacion-aladina-1_4RxxfNjW.mp4<\/a><\/video><\/div>\n","protected":false},"excerpt":{"rendered":"<p>El&nbsp;15 de febrero, D\u00eda Mundial del C\u00e1ncer Infantil los alumnos y alumnas del CEIP Federico Garc\u00eda Lorca se unieron al Pa\u00f1uelo Challenge Aladina; ese d\u00eda se pusieron un pa\u00f1uelo en la cabeza y demostraron a los ni\u00f1os y adolescentes con c\u00e1ncer que no est\u00e1n solos, que cuentan con su apoyo y su cari\u00f1o \u00a1y que [&hellip;]<\/p>\n","protected":false},"author":16967,"featured_media":0,"parent":0,"menu_order":0,"comment_status":"closed","ping_status":"closed","template":"","meta":{"_et_pb_use_builder":"","_et_pb_old_content":"","_et_gb_content_width":"","ngg_post_thumbnail":0,"footnotes":""},"aioseo_notices":[],"_links":{"self":[{"href":"https:\/\/blogsaverroes.juntadeandalucia.es\/ceipfedericogarcialorca\/wp-json\/wp\/v2\/pages\/1465"}],"collection":[{"href":"https:\/\/blogsaverroes.juntadeandalucia.es\/ceipfedericogarcialorca\/wp-json\/wp\/v2\/pages"}],"about":[{"href":"https:\/\/blogsaverroes.juntadeandalucia.es\/ceipfedericogarcialorca\/wp-json\/wp\/v2\/types\/page"}],"author":[{"embeddable":true,"href":"https:\/\/blogsaverroes.juntadeandalucia.es\/ceipfedericogarcialorca\/wp-json\/wp\/v2\/users\/16967"}],"replies":[{"embeddable":true,"href":"https:\/\/blogsaverroes.juntadeandalucia.es\/ceipfedericogarcialorca\/wp-json\/wp\/v2\/comments?post=1465"}],"version-history":[{"count":2,"href":"https:\/\/blogsaverroes.juntadeandalucia.es\/ceipfedericogarcialorca\/wp-json\/wp\/v2\/pages\/1465\/revisions"}],"predecessor-version":[{"id":1468,"href":"https:\/\/blogsaverroes.juntadeandalucia.es\/ceipfedericogarcialorca\/wp-json\/wp\/v2\/pages\/1465\/revisions\/1468"}],"wp:attachment":[{"href":"https:\/\/blogsaverroes.juntadeandalucia.es\/ceipfedericogarcialorca\/wp-json\/wp\/v2\/media?parent=1465"}],"curies":[{"name":"wp","href":"https:\/\/api.w.org\/{rel}","templated":true}]}}