{"id":1559,"date":"2023-05-19T13:44:55","date_gmt":"2023-05-19T11:44:55","guid":{"rendered":"https:\/\/blogsaverroes.juntadeandalucia.es\/ceipfedericogarcialorca\/?page_id=1559"},"modified":"2023-05-23T18:46:39","modified_gmt":"2023-05-23T16:46:39","slug":"picasso-en-el-ceip-federico-garcia-lorca","status":"publish","type":"page","link":"https:\/\/blogsaverroes.juntadeandalucia.es\/ceipfedericogarcialorca\/picasso-en-el-ceip-federico-garcia-lorca\/","title":{"rendered":"Picasso en el CEIP Federico Garc\u00eda Lorca"},"content":{"rendered":"<p><span style=\"font-family: 'times new roman', times, serif;font-size: 12pt;color: #000000\">El alumnado del CEIP Federico Garc\u00eda Lorca han realizado diferentes cuadros de Pablo Picasso utilizando diferentes materiales reciclados y d\u00e1ndole voz a los mismos.<\/span><\/p>\n<p><span style=\"font-family: 'times new roman', times, serif;font-size: 12pt;color: #000000\">Para poder disfrutar de este, mira este v\u00eddeo:<\/span><\/p>\n<p>&nbsp;<\/p>\n<div style=\"width: 1080px;\" class=\"wp-video\"><!--[if lt IE 9]><script>document.createElement('video');<\/script><![endif]-->\n<video class=\"wp-video-shortcode\" id=\"video-1559-1\" width=\"1080\" height=\"608\" loop=\"1\" autoplay=\"1\" preload=\"metadata\" controls=\"controls\"><source type=\"video\/mp4\" src=\"https:\/\/blogsaverroes.juntadeandalucia.es\/ceipfedericogarcialorca\/files\/2023\/05\/PICASSO.mp4?_=1\" \/><a href=\"https:\/\/blogsaverroes.juntadeandalucia.es\/ceipfedericogarcialorca\/files\/2023\/05\/PICASSO.mp4\">https:\/\/blogsaverroes.juntadeandalucia.es\/ceipfedericogarcialorca\/files\/2023\/05\/PICASSO.mp4<\/a><\/video><\/div>\n","protected":false},"excerpt":{"rendered":"<p>El alumnado del CEIP Federico Garc\u00eda Lorca han realizado diferentes cuadros de Pablo Picasso utilizando diferentes materiales reciclados y d\u00e1ndole voz a los mismos. Para poder disfrutar de este, mira este v\u00eddeo: &nbsp;<\/p>\n","protected":false},"author":16967,"featured_media":0,"parent":0,"menu_order":0,"comment_status":"closed","ping_status":"closed","template":"","meta":{"_et_pb_use_builder":"","_et_pb_old_content":"","_et_gb_content_width":"","ngg_post_thumbnail":0,"footnotes":""},"aioseo_notices":[],"_links":{"self":[{"href":"https:\/\/blogsaverroes.juntadeandalucia.es\/ceipfedericogarcialorca\/wp-json\/wp\/v2\/pages\/1559"}],"collection":[{"href":"https:\/\/blogsaverroes.juntadeandalucia.es\/ceipfedericogarcialorca\/wp-json\/wp\/v2\/pages"}],"about":[{"href":"https:\/\/blogsaverroes.juntadeandalucia.es\/ceipfedericogarcialorca\/wp-json\/wp\/v2\/types\/page"}],"author":[{"embeddable":true,"href":"https:\/\/blogsaverroes.juntadeandalucia.es\/ceipfedericogarcialorca\/wp-json\/wp\/v2\/users\/16967"}],"replies":[{"embeddable":true,"href":"https:\/\/blogsaverroes.juntadeandalucia.es\/ceipfedericogarcialorca\/wp-json\/wp\/v2\/comments?post=1559"}],"version-history":[{"count":3,"href":"https:\/\/blogsaverroes.juntadeandalucia.es\/ceipfedericogarcialorca\/wp-json\/wp\/v2\/pages\/1559\/revisions"}],"predecessor-version":[{"id":1563,"href":"https:\/\/blogsaverroes.juntadeandalucia.es\/ceipfedericogarcialorca\/wp-json\/wp\/v2\/pages\/1559\/revisions\/1563"}],"wp:attachment":[{"href":"https:\/\/blogsaverroes.juntadeandalucia.es\/ceipfedericogarcialorca\/wp-json\/wp\/v2\/media?parent=1559"}],"curies":[{"name":"wp","href":"https:\/\/api.w.org\/{rel}","templated":true}]}}