{"id":1772,"date":"2025-09-20T19:18:27","date_gmt":"2025-09-20T17:18:27","guid":{"rendered":"https:\/\/blogsaverroes.juntadeandalucia.es\/ceipfedericogarcialorca\/?page_id=1772"},"modified":"2025-09-20T19:26:11","modified_gmt":"2025-09-20T17:26:11","slug":"atrapa-la-kk","status":"publish","type":"page","link":"https:\/\/blogsaverroes.juntadeandalucia.es\/ceipfedericogarcialorca\/atrapa-la-kk\/","title":{"rendered":"Atrapa la kk"},"content":{"rendered":"<p>Este curso 2025\/2026 ponemos en marcha el primer proyecto APS de nuestro centro <span style=\"font-size: 12pt;font-family: 'comic sans ms', sans-serif\"><strong>&#8220;Atrapa la kk&#8221;.<img loading=\"lazy\" decoding=\"async\" class=\" wp-image-1774 alignright\" src=\"https:\/\/blogsaverroes.juntadeandalucia.es\/ceipfedericogarcialorca\/files\/2025\/09\/ChatGPT-Image-20-sept-2025-19_24_40-300x300.png\" alt=\"\" width=\"299\" height=\"299\"><\/strong><\/span><\/p>\n<p><em>El objetivo es regenerar y transformar las calles Corvina y Dorada situadas colindantes a nuestro centro. El alumnado impulsar\u00e1 actuaciones transformadoras con la intenci\u00f3n de convertirlas en un espacio saludable, higi\u00e9nico y agradable.<\/em><\/p>\n<p><em>Incrementar la vinculaci\u00f3n con el barrio, favoreciendo la creaci\u00f3n de un espacio id\u00f3neo (un pipican) alejado de las v\u00edas de acceso al centro y del que los propios ni\u00f1os y ni\u00f1as se hagan responsables de su conversaci\u00f3n y mantenimiento.<\/em><\/p>\n","protected":false},"excerpt":{"rendered":"<p>Este curso 2025\/2026 ponemos en marcha el primer proyecto APS de nuestro centro &#8220;Atrapa la kk&#8221;. El objetivo es regenerar y transformar las calles Corvina y Dorada situadas colindantes a nuestro centro. El alumnado impulsar\u00e1 actuaciones transformadoras con la intenci\u00f3n de convertirlas en un espacio saludable, higi\u00e9nico y agradable. Incrementar la vinculaci\u00f3n con el barrio, [&hellip;]<\/p>\n","protected":false},"author":16537,"featured_media":0,"parent":0,"menu_order":0,"comment_status":"closed","ping_status":"closed","template":"","meta":{"_et_pb_use_builder":"","_et_pb_old_content":"","_et_gb_content_width":"","ngg_post_thumbnail":0,"footnotes":""},"aioseo_notices":[],"_links":{"self":[{"href":"https:\/\/blogsaverroes.juntadeandalucia.es\/ceipfedericogarcialorca\/wp-json\/wp\/v2\/pages\/1772"}],"collection":[{"href":"https:\/\/blogsaverroes.juntadeandalucia.es\/ceipfedericogarcialorca\/wp-json\/wp\/v2\/pages"}],"about":[{"href":"https:\/\/blogsaverroes.juntadeandalucia.es\/ceipfedericogarcialorca\/wp-json\/wp\/v2\/types\/page"}],"author":[{"embeddable":true,"href":"https:\/\/blogsaverroes.juntadeandalucia.es\/ceipfedericogarcialorca\/wp-json\/wp\/v2\/users\/16537"}],"replies":[{"embeddable":true,"href":"https:\/\/blogsaverroes.juntadeandalucia.es\/ceipfedericogarcialorca\/wp-json\/wp\/v2\/comments?post=1772"}],"version-history":[{"count":3,"href":"https:\/\/blogsaverroes.juntadeandalucia.es\/ceipfedericogarcialorca\/wp-json\/wp\/v2\/pages\/1772\/revisions"}],"predecessor-version":[{"id":1776,"href":"https:\/\/blogsaverroes.juntadeandalucia.es\/ceipfedericogarcialorca\/wp-json\/wp\/v2\/pages\/1772\/revisions\/1776"}],"wp:attachment":[{"href":"https:\/\/blogsaverroes.juntadeandalucia.es\/ceipfedericogarcialorca\/wp-json\/wp\/v2\/media?parent=1772"}],"curies":[{"name":"wp","href":"https:\/\/api.w.org\/{rel}","templated":true}]}}