{"id":975,"date":"2022-11-22T10:24:21","date_gmt":"2022-11-22T09:24:21","guid":{"rendered":"https:\/\/blogsaverroes.juntadeandalucia.es\/ceipfedericogarcialorca\/?page_id=975"},"modified":"2023-02-06T09:29:00","modified_gmt":"2023-02-06T08:29:00","slug":"e-o-e","status":"publish","type":"page","link":"https:\/\/blogsaverroes.juntadeandalucia.es\/ceipfedericogarcialorca\/e-o-e\/","title":{"rendered":"E.O.E."},"content":{"rendered":"<p>&nbsp; &nbsp; &nbsp; &nbsp; &nbsp; &nbsp; &nbsp; &nbsp; &nbsp; &nbsp; &nbsp; &nbsp; &nbsp; &nbsp; &nbsp; &nbsp; &nbsp; &nbsp; &nbsp; &nbsp; &nbsp; &nbsp; &nbsp; &nbsp;<img loading=\"lazy\" decoding=\"async\" class=\"alignnone  wp-image-1283\" src=\"https:\/\/blogsaverroes.juntadeandalucia.es\/ceipfedericogarcialorca\/files\/2023\/02\/eoe-300x150.jpeg\" alt=\"\" width=\"422\" height=\"211\" srcset=\"https:\/\/blogsaverroes.juntadeandalucia.es\/ceipfedericogarcialorca\/files\/2023\/02\/eoe-300x150.jpeg 300w, https:\/\/blogsaverroes.juntadeandalucia.es\/ceipfedericogarcialorca\/files\/2023\/02\/eoe.jpeg 318w\" sizes=\"(max-width: 422px) 100vw, 422px\" \/><\/p>\n<p>Los Equipos de Orientaci\u00f3n Educativa (E.O.Es) son unidades b\u00e1sicas de orientaci\u00f3n psicopedag\u00f3gica que, mediante el desempe\u00f1o de funciones especializadas en las \u00e1reas de orientaci\u00f3n educativa, atenci\u00f3n a los alumnos y alumnas con necesidades educativas especiales, compensaci\u00f3n educativa y apoyo a la funci\u00f3n tutorial del profesorado, act\u00faan en el conjunto de los centros de cada una de las zonas educativas asignadas.<\/p>\n<p>Est\u00e1n constituidos por titulados en psicolog\u00eda, pedagog\u00eda o psicopedagog\u00eda y, cuando las especiales caracter\u00edsticas y necesidades del alumnado de la zona educativa as\u00ed lo aconsejen, por m\u00e9dicos y maestros, y trabajadores o educadores sociales.<\/p>\n<p>Las&nbsp;<strong>funciones<\/strong>&nbsp;generales que desarrollan son:<\/p>\n<p>a) Asesorar a los centros en la elaboraci\u00f3n, aplicaci\u00f3n y evaluaci\u00f3n del Plan de centro, en los aspectos m\u00e1s estrechamente ligados a la orientaci\u00f3n educativa y la atenci\u00f3n a la diversidad.<br \/>\nb) Asesorar al profesorado en el dise\u00f1o de procedimientos e instrumentos de evaluaci\u00f3n tanto de los aprendizajes de los alumnos y alumnas como de los procesos de ense\u00f1anza.<br \/>\nc) Colaborar con los Centros de Profesores en la formaci\u00f3n, apoyo y asesoramiento al profesorado de la zona en el \u00e1mbito de la orientaci\u00f3n educativa.<br \/>\nd) Atender las demandas de evaluaci\u00f3n psicopedag\u00f3gica de los alumnos y alumnas que la requieran y proponer la modalidad de escolarizaci\u00f3n m\u00e1s adecuada en cada caso.<br \/>\ne) Asesorar al profesorado en el tratamiento educativo de la diversidad de aptitudes, intereses y motivaciones de los alumnos y alumnas, y colaborar en la aplicaci\u00f3n de las medidas educativas oportunas.<br \/>\nf) Participar en el dise\u00f1o y desarrollo de programas de refuerzo, adaptaci\u00f3n y diversificaci\u00f3n curricular de los centros de la zona.<br \/>\ng) Asesorar a las familias del alumnado, participando en el dise\u00f1o y desarrollo de programas formativos de padres y madres de alumnos.<br \/>\nh) Elaborar, adaptar y divulgar materiales e instrumentos de orientaci\u00f3n educativa e intervenci\u00f3n psicopedag\u00f3gica que sean utilidad para el profesorado.<\/p>\n","protected":false},"excerpt":{"rendered":"<p>&nbsp; &nbsp; &nbsp; &nbsp; &nbsp; &nbsp; &nbsp; &nbsp; &nbsp; &nbsp; &nbsp; &nbsp; &nbsp; &nbsp; &nbsp; &nbsp; &nbsp; &nbsp; &nbsp; &nbsp; &nbsp; &nbsp; &nbsp; &nbsp; Los Equipos de Orientaci\u00f3n Educativa (E.O.Es) son unidades b\u00e1sicas de orientaci\u00f3n psicopedag\u00f3gica que, mediante el desempe\u00f1o de funciones especializadas en las \u00e1reas de orientaci\u00f3n educativa, atenci\u00f3n a los alumnos y alumnas [&hellip;]<\/p>\n","protected":false},"author":16537,"featured_media":0,"parent":0,"menu_order":0,"comment_status":"closed","ping_status":"closed","template":"","meta":{"_et_pb_use_builder":"","_et_pb_old_content":"","_et_gb_content_width":"","ngg_post_thumbnail":0,"footnotes":""},"aioseo_notices":[],"_links":{"self":[{"href":"https:\/\/blogsaverroes.juntadeandalucia.es\/ceipfedericogarcialorca\/wp-json\/wp\/v2\/pages\/975"}],"collection":[{"href":"https:\/\/blogsaverroes.juntadeandalucia.es\/ceipfedericogarcialorca\/wp-json\/wp\/v2\/pages"}],"about":[{"href":"https:\/\/blogsaverroes.juntadeandalucia.es\/ceipfedericogarcialorca\/wp-json\/wp\/v2\/types\/page"}],"author":[{"embeddable":true,"href":"https:\/\/blogsaverroes.juntadeandalucia.es\/ceipfedericogarcialorca\/wp-json\/wp\/v2\/users\/16537"}],"replies":[{"embeddable":true,"href":"https:\/\/blogsaverroes.juntadeandalucia.es\/ceipfedericogarcialorca\/wp-json\/wp\/v2\/comments?post=975"}],"version-history":[{"count":3,"href":"https:\/\/blogsaverroes.juntadeandalucia.es\/ceipfedericogarcialorca\/wp-json\/wp\/v2\/pages\/975\/revisions"}],"predecessor-version":[{"id":1284,"href":"https:\/\/blogsaverroes.juntadeandalucia.es\/ceipfedericogarcialorca\/wp-json\/wp\/v2\/pages\/975\/revisions\/1284"}],"wp:attachment":[{"href":"https:\/\/blogsaverroes.juntadeandalucia.es\/ceipfedericogarcialorca\/wp-json\/wp\/v2\/media?parent=975"}],"curies":[{"name":"wp","href":"https:\/\/api.w.org\/{rel}","templated":true}]}}