{"id":978,"date":"2022-11-22T10:24:23","date_gmt":"2022-11-22T09:24:23","guid":{"rendered":"https:\/\/blogsaverroes.juntadeandalucia.es\/ceipfedericogarcialorca\/?page_id=978"},"modified":"2025-01-02T12:37:52","modified_gmt":"2025-01-02T11:37:52","slug":"horarios","status":"publish","type":"page","link":"https:\/\/blogsaverroes.juntadeandalucia.es\/ceipfedericogarcialorca\/horarios\/","title":{"rendered":"Horarios"},"content":{"rendered":"<p><img loading=\"lazy\" decoding=\"async\" class=\"aligncenter wp-image-1278\" src=\"https:\/\/blogsaverroes.juntadeandalucia.es\/ceipfedericogarcialorca\/files\/2023\/01\/horario-e1675158420414-300x282.jpg\" alt=\"\" width=\"203\" height=\"191\"><\/p>\n<p><span style=\"color: #000000;font-family: 'comic sans ms', sans-serif\"><strong>\u21d2 <span style=\"color: #ffcc99\">Aula Matinal<\/span><\/strong> de la Empresa Gesti\u00f3n Profesional en horario de<strong>&nbsp;07:30 a 09:00 de la ma\u00f1ana<\/strong>.<\/span><\/p>\n<p><span style=\"color: #000000;font-family: 'comic sans ms', sans-serif\"><strong>\u21d2 <span style=\"color: #ffcc99\">Comedor<\/span><\/strong> a cargo de la empresa Hermanos Gonz\u00e1lez con apertura desde las <strong>14:00 hasta las 16:00 horas.<\/strong><\/span><\/p>\n<p><span style=\"color: #000000;font-family: 'comic sans ms', sans-serif\"><strong>\u21d2 <span style=\"color: #ffcc99\">Actividades extraescolares:<\/span><\/strong><\/span><\/p>\n<p><span style=\"color: #000000;font-family: 'comic sans ms', sans-serif\">\u2013&nbsp;<strong>Acompa\u00f1amiento ling\u00fc\u00edstico espa\u00f1ol (PALI): <\/strong>Hay dos grupos los lunes y mi\u00e9rcoles de 18:00h a 20:00h.<\/span><\/p>\n<p><span style=\"color: #000000;font-family: 'comic sans ms', sans-serif\">\u2013 <strong>Programa de Refuerzo en Lengua Extranjera Ingl\u00e9s<\/strong><strong>&nbsp;(PREX):<\/strong> lunes y mi\u00e9rcoles de 16:00h a 18:00h. Un grupo con horario de 16:00h a 17:00 y otro grupo de 17:00h a 18:00h.<\/span><\/p>\n<p><span style=\"color: #000000;font-family: 'comic sans ms', sans-serif\"><strong>&#8211; PROA: <\/strong>3\u00ba y 4\u00ba de Primaria, los martes y jueves de 16:00h a 18:00h. Los grupos de 5\u00ba y 6\u00ba de Primaria, los lunes y mi\u00e9rcoles de 16:00h a 18:00h.<\/span><\/p>\n<p><span style=\"color: #000000;font-family: 'comic sans ms', sans-serif\">\u2013&nbsp;<strong>Escuela deportiva:<\/strong>&nbsp;<\/span><span style=\"color: #000000;font-family: 'comic sans ms', sans-serif\">&nbsp; <\/span><\/p>\n<ul style=\"list-style-type: circle\">\n<li><span style=\"color: #000000;font-family: 'comic sans ms', sans-serif\"><em>F\u00fatbol Sala<\/em>, los martes y jueves de 16:00h a 17:00h.<\/span><\/li>\n<li><span style=\"color: #000000;font-family: 'comic sans ms', sans-serif\"><em>Baloncesto,&nbsp;<\/em>los martes y jueves de 17:00h a 18:00 h.<\/span><\/li>\n<li><span style=\"font-family: 'comic sans ms', sans-serif;color: #000000\"><em>Voleibol,<\/em> los lunes y mi\u00e9rcoles de 17:00h a 18:00h.<\/span><\/li>\n<\/ul>\n<p><span style=\"color: #000000;font-family: 'comic sans ms', sans-serif\">\u2013&nbsp;<strong>Refuerzo:<\/strong> de lunes a jueves por Asociaci\u00f3n Aliento con horario de tarde.<\/span><\/p>\n<p>&nbsp;<\/p>\n","protected":false},"excerpt":{"rendered":"<p>\u21d2 Aula Matinal de la Empresa Gesti\u00f3n Profesional en horario de&nbsp;07:30 a 09:00 de la ma\u00f1ana. \u21d2 Comedor a cargo de la empresa Hermanos Gonz\u00e1lez con apertura desde las 14:00 hasta las 16:00 horas. \u21d2 Actividades extraescolares: \u2013&nbsp;Acompa\u00f1amiento ling\u00fc\u00edstico espa\u00f1ol (PALI): Hay dos grupos los lunes y mi\u00e9rcoles de 18:00h a 20:00h. \u2013 Programa de [&hellip;]<\/p>\n","protected":false},"author":16537,"featured_media":0,"parent":0,"menu_order":0,"comment_status":"closed","ping_status":"closed","template":"","meta":{"_et_pb_use_builder":"","_et_pb_old_content":"","_et_gb_content_width":"","ngg_post_thumbnail":0,"footnotes":""},"aioseo_notices":[],"_links":{"self":[{"href":"https:\/\/blogsaverroes.juntadeandalucia.es\/ceipfedericogarcialorca\/wp-json\/wp\/v2\/pages\/978"}],"collection":[{"href":"https:\/\/blogsaverroes.juntadeandalucia.es\/ceipfedericogarcialorca\/wp-json\/wp\/v2\/pages"}],"about":[{"href":"https:\/\/blogsaverroes.juntadeandalucia.es\/ceipfedericogarcialorca\/wp-json\/wp\/v2\/types\/page"}],"author":[{"embeddable":true,"href":"https:\/\/blogsaverroes.juntadeandalucia.es\/ceipfedericogarcialorca\/wp-json\/wp\/v2\/users\/16537"}],"replies":[{"embeddable":true,"href":"https:\/\/blogsaverroes.juntadeandalucia.es\/ceipfedericogarcialorca\/wp-json\/wp\/v2\/comments?post=978"}],"version-history":[{"count":6,"href":"https:\/\/blogsaverroes.juntadeandalucia.es\/ceipfedericogarcialorca\/wp-json\/wp\/v2\/pages\/978\/revisions"}],"predecessor-version":[{"id":1714,"href":"https:\/\/blogsaverroes.juntadeandalucia.es\/ceipfedericogarcialorca\/wp-json\/wp\/v2\/pages\/978\/revisions\/1714"}],"wp:attachment":[{"href":"https:\/\/blogsaverroes.juntadeandalucia.es\/ceipfedericogarcialorca\/wp-json\/wp\/v2\/media?parent=978"}],"curies":[{"name":"wp","href":"https:\/\/api.w.org\/{rel}","templated":true}]}}