{"id":980,"date":"2022-11-22T10:24:25","date_gmt":"2022-11-22T09:24:25","guid":{"rendered":"https:\/\/blogsaverroes.juntadeandalucia.es\/ceipfedericogarcialorca\/?page_id=980"},"modified":"2024-02-06T12:00:07","modified_gmt":"2024-02-06T11:00:07","slug":"escolarizacion","status":"publish","type":"page","link":"https:\/\/blogsaverroes.juntadeandalucia.es\/ceipfedericogarcialorca\/escolarizacion\/","title":{"rendered":"Escolarizaci\u00f3n"},"content":{"rendered":"<p><span style=\"font-family: 'comic sans ms', sans-serif;color: #000000\"><strong>Presentaci\u00f3n de solicitudes del 1 al&nbsp;31 de marzo:&nbsp;<\/strong><\/span><\/p>\n<p><span style=\"font-family: 'comic sans ms', sans-serif;color: #000000\">Durante el mes de marzo permanecer\u00e1 abierto en Andaluc\u00eda el plazo para la presentaci\u00f3n de solicitudes de admisi\u00f3n correspondientes al curso escolar 2024 \/ 2025 en la red de centros sostenidos con fondos p\u00fablicos. Se inicia de este modo el proceso de escolarizaci\u00f3n en el que participan todos los ni\u00f1os y ni\u00f1as que se incorporan por primera vez al sistema educativo, as\u00ed como el alumnado que cambie de centro escolar.<\/span><\/p>\n<p><span style=\"font-family: 'comic sans ms', sans-serif;color: #000000\">La visita al centro se podr\u00e1 realizar entre los d\u00edas 4 y 8 de marzo, ambos inclusive.&nbsp;<\/span><\/p>\n<p><span style=\"font-family: 'comic sans ms', sans-serif;color: #000000\"><strong>Presentaci\u00f3n<\/strong>&nbsp;<em>telem\u00e1tica&nbsp;<\/em>de la solicitud (pincha en la imagen):<\/span><\/p>\n<p>&nbsp;<a href=\"https:\/\/www.juntadeandalucia.es\/educacion\/secretariavirtual\/accesoTramite\/543\/\"><img loading=\"lazy\" decoding=\"async\" class=\"size-medium wp-image-1341 aligncenter\" src=\"https:\/\/blogsaverroes.juntadeandalucia.es\/ceipfedericogarcialorca\/files\/2023\/03\/JUNTA_ANDALUCIA_ESCOLARIZACION_BANNER_990x250px-1-300x76.png\" alt=\"\" width=\"300\" height=\"76\"><\/a><\/p>\n<p><span style=\"font-family: 'comic sans ms', sans-serif;color: #000000\">Pueden&nbsp;<strong>rellenar y descargar<\/strong>&nbsp;el&nbsp;Impreso de solicitud de admisi\u00f3n (Anexo III), pinchando:<\/span><\/p>\n<p><a href=\"https:\/\/blogsaverroes.juntadeandalucia.es\/ceipfedericogarcialorca\/files\/2023\/03\/ANEXO-III-Solicitud-admision.pdf\">ANEXO III &#8211; Solicitud admision<\/a><\/p>\n<p><a href=\"https:\/\/blogsaverroes.juntadeandalucia.es\/ceipfedericogarcialorca\/files\/2023\/03\/0022541-A00-V03-00.pdf\">ANEXO IV-Solicitud Procedimiento Extraordinario de Admisi\u00f3n<\/a><\/p>\n<p><span style=\"font-family: 'comic sans ms', sans-serif;color: #000000\">Pueden <strong>rellenar y descargar<\/strong> el Impreso de Matriculaci\u00f3n, pinchando en los siguientes enlaces:<\/span><\/p>\n<p><a href=\"https:\/\/blogsaverroes.juntadeandalucia.es\/ceipfedericogarcialorca\/files\/2023\/03\/01.-ANEXO-IV.pdf\">01. ANEXO IV<\/a><a href=\"https:\/\/blogsaverroes.juntadeandalucia.es\/ceipfedericogarcialorca\/files\/2023\/03\/01.-ANEXO-IV.pdf\">01. ANEXO IV- Matriculaci\u00f3n 2\u00ba Ciclo de Ed. Infantil<\/a><\/p>\n<p><a href=\"https:\/\/blogsaverroes.juntadeandalucia.es\/ceipfedericogarcialorca\/files\/2023\/03\/02.-ANEXO-V.pdf\">02. ANEXO V<\/a><a href=\"https:\/\/blogsaverroes.juntadeandalucia.es\/ceipfedericogarcialorca\/files\/2023\/03\/02.-ANEXO-V.pdf\">02. ANEXO V- Matriculaci\u00f3n en Ed. Primaria<\/a><\/p>\n<p><a href=\"https:\/\/blogsaverroes.juntadeandalucia.es\/ceipfedericogarcialorca\/files\/2023\/03\/03.-ANEXO-VI.pdf\">03. ANEXO VI<\/a><a href=\"https:\/\/blogsaverroes.juntadeandalucia.es\/ceipfedericogarcialorca\/files\/2023\/03\/03.-ANEXO-VI.pdf\">03. ANEXO VI-Matriculaci\u00f3n en Ed. Especial: Aula Espec\u00edfica<\/a><\/p>\n<p>&nbsp;<\/p>\n<p>&nbsp;<\/p>\n<p>&nbsp;<\/p>\n<p>&nbsp;<\/p>\n","protected":false},"excerpt":{"rendered":"<p>Presentaci\u00f3n de solicitudes del 1 al&nbsp;31 de marzo:&nbsp; Durante el mes de marzo permanecer\u00e1 abierto en Andaluc\u00eda el plazo para la presentaci\u00f3n de solicitudes de admisi\u00f3n correspondientes al curso escolar 2024 \/ 2025 en la red de centros sostenidos con fondos p\u00fablicos. Se inicia de este modo el proceso de escolarizaci\u00f3n en el que participan [&hellip;]<\/p>\n","protected":false},"author":16537,"featured_media":0,"parent":0,"menu_order":0,"comment_status":"closed","ping_status":"closed","template":"","meta":{"_et_pb_use_builder":"off","_et_pb_old_content":"","_et_gb_content_width":"","ngg_post_thumbnail":0,"footnotes":""},"aioseo_notices":[],"_links":{"self":[{"href":"https:\/\/blogsaverroes.juntadeandalucia.es\/ceipfedericogarcialorca\/wp-json\/wp\/v2\/pages\/980"}],"collection":[{"href":"https:\/\/blogsaverroes.juntadeandalucia.es\/ceipfedericogarcialorca\/wp-json\/wp\/v2\/pages"}],"about":[{"href":"https:\/\/blogsaverroes.juntadeandalucia.es\/ceipfedericogarcialorca\/wp-json\/wp\/v2\/types\/page"}],"author":[{"embeddable":true,"href":"https:\/\/blogsaverroes.juntadeandalucia.es\/ceipfedericogarcialorca\/wp-json\/wp\/v2\/users\/16537"}],"replies":[{"embeddable":true,"href":"https:\/\/blogsaverroes.juntadeandalucia.es\/ceipfedericogarcialorca\/wp-json\/wp\/v2\/comments?post=980"}],"version-history":[{"count":7,"href":"https:\/\/blogsaverroes.juntadeandalucia.es\/ceipfedericogarcialorca\/wp-json\/wp\/v2\/pages\/980\/revisions"}],"predecessor-version":[{"id":1697,"href":"https:\/\/blogsaverroes.juntadeandalucia.es\/ceipfedericogarcialorca\/wp-json\/wp\/v2\/pages\/980\/revisions\/1697"}],"wp:attachment":[{"href":"https:\/\/blogsaverroes.juntadeandalucia.es\/ceipfedericogarcialorca\/wp-json\/wp\/v2\/media?parent=980"}],"curies":[{"name":"wp","href":"https:\/\/api.w.org\/{rel}","templated":true}]}}