{"id":981,"date":"2023-01-20T10:24:26","date_gmt":"2023-01-20T09:24:26","guid":{"rendered":"https:\/\/blogsaverroes.juntadeandalucia.es\/ceipfedericogarcialorca\/?page_id=981"},"modified":"2023-03-08T19:34:33","modified_gmt":"2023-03-08T18:34:33","slug":"que-es-el-ampa","status":"publish","type":"page","link":"https:\/\/blogsaverroes.juntadeandalucia.es\/ceipfedericogarcialorca\/que-es-el-ampa\/","title":{"rendered":"\u00bfQu\u00e9 es el AMPA?"},"content":{"rendered":"<p><img loading=\"lazy\" decoding=\"async\" class=\" wp-image-1179 aligncenter\" src=\"https:\/\/blogsaverroes.juntadeandalucia.es\/ceipfedericogarcialorca\/files\/2023\/01\/AMPA-300x124.jpeg\" alt=\"\" width=\"619\" height=\"256\" srcset=\"https:\/\/blogsaverroes.juntadeandalucia.es\/ceipfedericogarcialorca\/files\/2023\/01\/AMPA-300x124.jpeg 300w, https:\/\/blogsaverroes.juntadeandalucia.es\/ceipfedericogarcialorca\/files\/2023\/01\/AMPA.jpeg 349w\" sizes=\"(max-width: 619px) 100vw, 619px\" \/><\/p>\n<p><span style=\"font-family: 'courier new', courier, monospace;font-size: 12pt;color: #000000\">Es un punto de encuentro y de trabajo independiente, abierto y plural.<\/span><\/p>\n<p><span style=\"font-family: 'courier new', courier, monospace;font-size: 12pt;color: #000000\">Desde el AMPA podemos contribuir a la mejora de la calidad de la educaci\u00f3n, la convivencia del centro y de las instalaciones.<\/span><\/p>\n<p><span style=\"color: #000000\"><em><strong><span style=\"font-size: 18pt;font-family: 'courier new', courier, monospace\">\u00bfPARA QUE SIRVE?<\/span><\/strong><\/em><\/span><\/p>\n<p>&nbsp;<\/p>\n<ul>\n<li><span style=\"font-family: 'courier new', courier, monospace;font-size: 12pt;color: #000000\">Para defender y velar por el derecho a una educaci\u00f3n de calidad, democr\u00e1tica, atendiendo a las necesidades de todos los ni\u00f1os\/as &nbsp;y cr\u00edtica.<\/span><\/li>\n<li><span style=\"font-family: 'courier new', courier, monospace;font-size: 12pt;color: #000000\">Para promover la participaci\u00f3n de padres y madres en la vida del centro, defendiendo los intereses del alumnado y de toda la comunidad educativa.<\/span><\/li>\n<li><span style=\"font-family: 'courier new', courier, monospace;font-size: 12pt;color: #000000\">Para buscar soluciones de forma colectiva a temas relacionados con la ense\u00f1anza y educaci\u00f3n de nuestros hijos\/as.<\/span><\/li>\n<li><span style=\"font-family: 'courier new', courier, monospace;font-size: 12pt;color: #000000\">Para crear espacios de encuentro y trabajo en el resto de la comunidad educativa y con el entorno.<\/span><\/li>\n<li><span style=\"font-family: 'courier new', courier, monospace;font-size: 12pt;color: #000000\">Para crear espacios de reflexi\u00f3n y participaci\u00f3n compartida sobre la educaci\u00f3n de nuestros hijos\/as<\/span><br \/>\n<span style=\"font-family: 'courier new', courier, monospace;font-size: 12pt;color: #000000\">Para participar en la gesti\u00f3n del colegio.<\/span><\/li>\n<\/ul>\n","protected":false},"excerpt":{"rendered":"<p>Es un punto de encuentro y de trabajo independiente, abierto y plural. Desde el AMPA podemos contribuir a la mejora de la calidad de la educaci\u00f3n, la convivencia del centro y de las instalaciones. \u00bfPARA QUE SIRVE? &nbsp; Para defender y velar por el derecho a una educaci\u00f3n de calidad, democr\u00e1tica, atendiendo a las necesidades [&hellip;]<\/p>\n","protected":false},"author":16537,"featured_media":0,"parent":0,"menu_order":0,"comment_status":"closed","ping_status":"closed","template":"","meta":{"_et_pb_use_builder":"","_et_pb_old_content":"","_et_gb_content_width":"","ngg_post_thumbnail":0,"footnotes":""},"aioseo_notices":[],"_links":{"self":[{"href":"https:\/\/blogsaverroes.juntadeandalucia.es\/ceipfedericogarcialorca\/wp-json\/wp\/v2\/pages\/981"}],"collection":[{"href":"https:\/\/blogsaverroes.juntadeandalucia.es\/ceipfedericogarcialorca\/wp-json\/wp\/v2\/pages"}],"about":[{"href":"https:\/\/blogsaverroes.juntadeandalucia.es\/ceipfedericogarcialorca\/wp-json\/wp\/v2\/types\/page"}],"author":[{"embeddable":true,"href":"https:\/\/blogsaverroes.juntadeandalucia.es\/ceipfedericogarcialorca\/wp-json\/wp\/v2\/users\/16537"}],"replies":[{"embeddable":true,"href":"https:\/\/blogsaverroes.juntadeandalucia.es\/ceipfedericogarcialorca\/wp-json\/wp\/v2\/comments?post=981"}],"version-history":[{"count":4,"href":"https:\/\/blogsaverroes.juntadeandalucia.es\/ceipfedericogarcialorca\/wp-json\/wp\/v2\/pages\/981\/revisions"}],"predecessor-version":[{"id":1387,"href":"https:\/\/blogsaverroes.juntadeandalucia.es\/ceipfedericogarcialorca\/wp-json\/wp\/v2\/pages\/981\/revisions\/1387"}],"wp:attachment":[{"href":"https:\/\/blogsaverroes.juntadeandalucia.es\/ceipfedericogarcialorca\/wp-json\/wp\/v2\/media?parent=981"}],"curies":[{"name":"wp","href":"https:\/\/api.w.org\/{rel}","templated":true}]}}