{"id":853,"date":"2020-12-18T08:50:47","date_gmt":"2020-12-18T07:50:47","guid":{"rendered":"https:\/\/blogsaverroes.juntadeandalucia.es\/pre\/plantilla-pencil\/?page_id=853"},"modified":"2024-03-05T13:45:29","modified_gmt":"2024-03-05T12:45:29","slug":"nuestra-historia","status":"publish","type":"page","link":"https:\/\/blogsaverroes.juntadeandalucia.es\/ceipfedericogarcialorcaalcala\/nuestra-historia\/","title":{"rendered":"Nuestra Historia"},"content":{"rendered":"<p>[et_pb_section fb_built=&#8221;1&#8243; _builder_version=&#8221;3.22&#8243; global_colors_info=&#8221;{}&#8221;][et_pb_row _builder_version=&#8221;3.25&#8243; background_size=&#8221;initial&#8221; background_position=&#8221;top_left&#8221; background_repeat=&#8221;repeat&#8221; global_colors_info=&#8221;{}&#8221;][et_pb_column type=&#8221;4_4&#8243; _builder_version=&#8221;3.25&#8243; custom_padding=&#8221;|||&#8221; global_colors_info=&#8221;{}&#8221; custom_padding__hover=&#8221;|||&#8221;][et_pb_image src=&#8221;https:\/\/blogsaverroes.juntadeandalucia.es\/ceipfedericogarcialorcaalcala\/files\/2020\/02\/elcentro.png&#8221; title_text=&#8221;elcentro&#8221; admin_label=&#8221;Imagen de la portada&#8221; _builder_version=&#8221;4.5.0&#8243; z_index_tablet=&#8221;500&#8243; box_shadow_horizontal_tablet=&#8221;0px&#8221; box_shadow_vertical_tablet=&#8221;0px&#8221; box_shadow_blur_tablet=&#8221;40px&#8221; box_shadow_spread_tablet=&#8221;0px&#8221; global_colors_info=&#8221;{}&#8221;][\/et_pb_image][et_pb_text admin_label=&#8221;Texto descriptivo&#8221; _builder_version=&#8221;3.27.4&#8243; z_index_tablet=&#8221;500&#8243; text_text_shadow_horizontal_length_tablet=&#8221;0px&#8221; text_text_shadow_vertical_length_tablet=&#8221;0px&#8221; text_text_shadow_blur_strength_tablet=&#8221;1px&#8221; link_text_shadow_horizontal_length_tablet=&#8221;0px&#8221; link_text_shadow_vertical_length_tablet=&#8221;0px&#8221; link_text_shadow_blur_strength_tablet=&#8221;1px&#8221; ul_text_shadow_horizontal_length_tablet=&#8221;0px&#8221; ul_text_shadow_vertical_length_tablet=&#8221;0px&#8221; ul_text_shadow_blur_strength_tablet=&#8221;1px&#8221; ol_text_shadow_horizontal_length_tablet=&#8221;0px&#8221; ol_text_shadow_vertical_length_tablet=&#8221;0px&#8221; ol_text_shadow_blur_strength_tablet=&#8221;1px&#8221; quote_text_shadow_horizontal_length_tablet=&#8221;0px&#8221; quote_text_shadow_vertical_length_tablet=&#8221;0px&#8221; quote_text_shadow_blur_strength_tablet=&#8221;1px&#8221; header_text_shadow_horizontal_length_tablet=&#8221;0px&#8221; header_text_shadow_vertical_length_tablet=&#8221;0px&#8221; header_text_shadow_blur_strength_tablet=&#8221;1px&#8221; header_2_text_shadow_horizontal_length_tablet=&#8221;0px&#8221; header_2_text_shadow_vertical_length_tablet=&#8221;0px&#8221; header_2_text_shadow_blur_strength_tablet=&#8221;1px&#8221; header_3_text_shadow_horizontal_length_tablet=&#8221;0px&#8221; header_3_text_shadow_vertical_length_tablet=&#8221;0px&#8221; header_3_text_shadow_blur_strength_tablet=&#8221;1px&#8221; header_4_text_shadow_horizontal_length_tablet=&#8221;0px&#8221; header_4_text_shadow_vertical_length_tablet=&#8221;0px&#8221; header_4_text_shadow_blur_strength_tablet=&#8221;1px&#8221; header_5_text_shadow_horizontal_length_tablet=&#8221;0px&#8221; header_5_text_shadow_vertical_length_tablet=&#8221;0px&#8221; header_5_text_shadow_blur_strength_tablet=&#8221;1px&#8221; header_6_text_shadow_horizontal_length_tablet=&#8221;0px&#8221; header_6_text_shadow_vertical_length_tablet=&#8221;0px&#8221; header_6_text_shadow_blur_strength_tablet=&#8221;1px&#8221; box_shadow_horizontal_tablet=&#8221;0px&#8221; box_shadow_vertical_tablet=&#8221;0px&#8221; box_shadow_blur_tablet=&#8221;40px&#8221; box_shadow_spread_tablet=&#8221;0px&#8221; global_colors_info=&#8221;{}&#8221; custom_padding=&#8221;|9px||||&#8221;]<\/p>\n<h2>Nuestra Historia<\/h2>\n<p>La zona en la que se sit\u00faa nuestro centro es una barriada humilde de Alcal\u00e1 de Guada\u00edra. En la d\u00e9cada de los 90 se construyeron varios bloques de vivienda de car\u00e1cter social y se adjudicaron a familias que viv\u00edan en zonas marginales de la localidad. Todo esto provoc\u00f3 cierto deterioro en el barrio que \u00faltimamente se est\u00e1 intentando compensar con mejoras en infraestructuras. La construcci\u00f3n del centro de salud, la comisar\u00eda de polic\u00eda, unas instalaciones deportivas, el Conservatorio de M\u00fasica, est\u00e1 dando una imagen del barrio m\u00e1s normalizada. Hay que destacar el esfuerzo de las administraciones por mejorar el entorno del barrio y su proyecci\u00f3n. Recientemente, se ha construido un parque para el disfrute de las familias que lleva por nombre Federico Garc\u00eda Lorca y que ser\u00e1 referente en nuestro centro para realizar diversas actividades con nuestro alumnado.<br \/>Nuestra zona de escolarizaci\u00f3n cuenta con seis CEIP y dos Institutos de Educaci\u00f3n Secundaria. Est\u00e1 en construcci\u00f3n un tercero que no estar\u00e1 terminado hasta el curso 24\/25. Son todos centros p\u00fablicos.<br \/>Desde el punto de vista laboral las familias se dedican principalmente a la construcci\u00f3n, el servicio dom\u00e9stico y campa\u00f1as agr\u00edcolas. Por lo general hay una escasa cualificaci\u00f3n profesional y el nivel sociocultural es muy bajo.<\/p>\n<p>Actualmente existe un elevado n\u00famero de familias afectadas por el problema del paro, la mayor\u00eda de ellas son usuarias de los Servicios Sociales de la localidad.<br \/>No hay un perfil \u00fanico de familia y as\u00ed constatamos en las aulas un panorama muy heterog\u00e9neo. Contamos con familias que participan bastante en la vida del centro, apoyan a sus hijos\/as y al centro en su trabajo y asisten normalmente a las asambleas, tutor\u00edas(en muchos casos demandadas por ellos mismos). As\u00ed mismo, existe un amplio n\u00famero de familias con escasa o casi nula relaci\u00f3n con el centro.<br \/>En cuanto a nuestro alumnado, se corresponde claramente con las caracter\u00edsticas familiares descritas anteriormente. As\u00ed encontramos en las aulas grupos de alumnos\/as trabajadores, constantes y bastante motivados en su trabajo. Por el contrario, tenemos tambi\u00e9n grupos de alumnos\/as con frecuentes problemas de aprendizaje, escasa o nula atenci\u00f3n en clase, falta de trabajo en casa, y en algunos casos con claras manifestaciones de conducta disruptiva en el aula.<br \/>Esto \u00faltimo ha hecho que el problema de la convivencia y la educaci\u00f3n en valores sea uno de los pilares del trabajo en nuestro Proyecto Educativo y como una de las l\u00edneas de actuaci\u00f3n en nuestro\u00a0<\/p>\n<p>Este curso escolar 2022-23, nuestro centro cuenta con un Equipo Directivo renovado que ha puesto en marcha diversos Programas de Innovaci\u00f3n y Desarrollo adem\u00e1s de seguir con los que ya contaba el centro:<\/p>\n<p style=\"padding-left: 40px\">Plan de apertura de los centros docentes Red Andaluza de Escuela Espacio de Paz<br \/>Convivencia Escolar Plan de salud Laboral y P.R.L.<br \/>Prevenci\u00f3n de la Violencia de G\u00e9nero Plan de Igualdad de G\u00e9nero en la Educaci\u00f3n<br \/>Pr\u00e1cticum Grado Maestro Impulsa<br \/>Proa + Transf\u00f3rmate Transformaci\u00f3n Digital Educativa<br \/>Organizaci\u00f3n y funcionamiento de Bibliotecas Escolares<\/p>\n<p style=\"padding-left: 40px\">Creciendo en Salud<br \/>Aldea B PROA y PALE<\/p>\n<p>Respecto a las infraestructuras del centro, se han mejorado para dar respuesta a las necesidades que nuestro alumnado actual demanda, tales como, aula espec\u00edfica, climatizaci\u00f3n de aulas, automatismo puerta entrada para dar mayor seguridad al centro, ventana de administraci\u00f3n para la atenci\u00f3n de las familias, elevaci\u00f3n de las vallas anexas al campo de f\u00fatbol y p\u00e9rgola en una de las puertas de acceso al centro.<br \/>A nivel de recursos para conseguir la Transformaci\u00f3n Digital en el centro contamos con unas 25 tablets, 116 port\u00e1tiles con un servicio de pr\u00e9stamo, tanto para el alumnado como para el profesorado, pizarras digitales en todas las aulas de primaria y una en infantil. Poco a poco se est\u00e1n cambiando algunas pizarras digitales por tablets de 65 pulgadas.<\/p>\n<p>&nbsp;<\/p>\n<p>[\/et_pb_text][\/et_pb_column][\/et_pb_row][\/et_pb_section]<\/p>\n","protected":false},"excerpt":{"rendered":"<p>Nuestra Historia La zona en la que se sit\u00faa nuestro centro es una barriada humilde de Alcal\u00e1 de Guada\u00edra. En la d\u00e9cada de los 90 se construyeron varios bloques de vivienda de car\u00e1cter social y se adjudicaron a familias que viv\u00edan en zonas marginales de la localidad. Todo esto provoc\u00f3 cierto deterioro en el barrio [&hellip;]<\/p>\n","protected":false},"author":6422,"featured_media":0,"parent":0,"menu_order":0,"comment_status":"closed","ping_status":"closed","template":"","meta":{"_et_pb_use_builder":"on","_et_pb_old_content":"","_et_gb_content_width":"","ngg_post_thumbnail":0,"footnotes":""},"aioseo_notices":[],"_links":{"self":[{"href":"https:\/\/blogsaverroes.juntadeandalucia.es\/ceipfedericogarcialorcaalcala\/wp-json\/wp\/v2\/pages\/853"}],"collection":[{"href":"https:\/\/blogsaverroes.juntadeandalucia.es\/ceipfedericogarcialorcaalcala\/wp-json\/wp\/v2\/pages"}],"about":[{"href":"https:\/\/blogsaverroes.juntadeandalucia.es\/ceipfedericogarcialorcaalcala\/wp-json\/wp\/v2\/types\/page"}],"author":[{"embeddable":true,"href":"https:\/\/blogsaverroes.juntadeandalucia.es\/ceipfedericogarcialorcaalcala\/wp-json\/wp\/v2\/users\/6422"}],"replies":[{"embeddable":true,"href":"https:\/\/blogsaverroes.juntadeandalucia.es\/ceipfedericogarcialorcaalcala\/wp-json\/wp\/v2\/comments?post=853"}],"version-history":[{"count":2,"href":"https:\/\/blogsaverroes.juntadeandalucia.es\/ceipfedericogarcialorcaalcala\/wp-json\/wp\/v2\/pages\/853\/revisions"}],"predecessor-version":[{"id":1099,"href":"https:\/\/blogsaverroes.juntadeandalucia.es\/ceipfedericogarcialorcaalcala\/wp-json\/wp\/v2\/pages\/853\/revisions\/1099"}],"wp:attachment":[{"href":"https:\/\/blogsaverroes.juntadeandalucia.es\/ceipfedericogarcialorcaalcala\/wp-json\/wp\/v2\/media?parent=853"}],"curies":[{"name":"wp","href":"https:\/\/api.w.org\/{rel}","templated":true}]}}