{"id":49,"date":"2021-11-21T08:47:05","date_gmt":"2021-11-21T08:47:05","guid":{"rendered":"http:\/\/blogsaverroes.juntadeandalucia.es\/pre\/ceip\/?page_id=49"},"modified":"2024-11-05T16:10:32","modified_gmt":"2024-11-05T16:10:32","slug":"proyecto-educativo","status":"publish","type":"page","link":"https:\/\/blogsaverroes.juntadeandalucia.es\/ceipfedericogarcialorcacarboneras\/proyecto-educativo\/","title":{"rendered":"Proyecto Educativo"},"content":{"rendered":"<div>Nuestro Plan de Centro es un documento vivo que madura cada curso adapt\u00e1ndose a las nueva necesidades de nuestra comunidad educativa y cambios de normativa. Queremos dar la mejor respuesta educativa a nuestro alumnado, con un buen equipo de profesionales bien formados y con los mejores recursos.<\/div>\n<div>&nbsp;<\/div>\n<div>El conocimento por parte de la comunidad educativa de este Plan de Centro garantiza un buen clima de convivencia.<\/div>\n<p>El Plan de Centro &nbsp;est\u00e1 compuesto por el: Proyecto educativo de centro o PEC es un documento pedag\u00f3gico en el que se explica detalladamente toda la informaci\u00f3n relativa a un centro escolar concreto y que es elaborado y aprobado por la propia comunidad educativa y el consejo escolar del mismo; el reglamento de organizaci\u00f3n y funcionamiento (ROF) recoge las normas organizativas y funcionales que facilitan la consecuci\u00f3n del clima adecuado para alcanzar los obje5vos que el centro se ha propuesto y permiten mantener un ambiente de respeto, confianza y colaboraci\u00f3n entre todos los sectores de la comunidad educativa. Tiene en cuenta las caracter\u00edsticas propias del centro; y el&nbsp;Proyecto de gesti\u00f3n, como parte del Plan de centro,&nbsp;es el instrumento que debe establecer los criterios a seguir en las decisiones relativas a la gesti\u00f3n de los recursos humanos (D. 328\/2010), materiales (Orden de 10-5-2006) y econ\u00f3micos del centro, favoreciendo el uso responsable de los mismos.<\/p>\n<p>En este espacio pueden consultar el Proyecto Educativo de nuestro colegio, que cada curso revisamos y mejoramos para conseguir que sea una magn\u00edfica herramienta que nos conduzca a conseguir nuestro principal objetivo: la mejor educaci\u00f3n para nuestro alumnado en el mejor contexto de convivencia.<\/p>\n<p>Pincha en la siguiente imagen para conocer nuestro Plan de Centro: <a href=\"https:\/\/view.genially.com\/654f533e7f220900119cefff\/interactive-content-plan-de-centro\"><img fetchpriority=\"high\" decoding=\"async\" class=\"aligncenter wp-image-3325 size-medium\" src=\"https:\/\/blogsaverroes.juntadeandalucia.es\/ceipfedericogarcialorcacarboneras\/files\/2024\/11\/92EBE952-5C5B-428B-A701-DD3E331A7D5F-300x177.jpeg\" alt=\"PROYECTO EDUCATIVO 2024\/2025\" width=\"300\" height=\"177\" srcset=\"https:\/\/blogsaverroes.juntadeandalucia.es\/ceipfedericogarcialorcacarboneras\/files\/2024\/11\/92EBE952-5C5B-428B-A701-DD3E331A7D5F-300x177.jpeg 300w, https:\/\/blogsaverroes.juntadeandalucia.es\/ceipfedericogarcialorcacarboneras\/files\/2024\/11\/92EBE952-5C5B-428B-A701-DD3E331A7D5F-1024x604.jpeg 1024w, https:\/\/blogsaverroes.juntadeandalucia.es\/ceipfedericogarcialorcacarboneras\/files\/2024\/11\/92EBE952-5C5B-428B-A701-DD3E331A7D5F-768x453.jpeg 768w, https:\/\/blogsaverroes.juntadeandalucia.es\/ceipfedericogarcialorcacarboneras\/files\/2024\/11\/92EBE952-5C5B-428B-A701-DD3E331A7D5F-1536x907.jpeg 1536w, https:\/\/blogsaverroes.juntadeandalucia.es\/ceipfedericogarcialorcacarboneras\/files\/2024\/11\/92EBE952-5C5B-428B-A701-DD3E331A7D5F-2048x1209.jpeg 2048w, https:\/\/blogsaverroes.juntadeandalucia.es\/ceipfedericogarcialorcacarboneras\/files\/2024\/11\/92EBE952-5C5B-428B-A701-DD3E331A7D5F.jpeg 1600w\" sizes=\"(max-width: 300px) 100vw, 300px\" \/><\/a><\/p>\n","protected":false},"excerpt":{"rendered":"<p>Nuestro Plan de Centro es un documento vivo que madura cada curso adapt\u00e1ndose a las nueva necesidades de nuestra comunidad educativa y cambios de normativa. Queremos dar la mejor respuesta educativa a nuestro alumnado,&#46;&#46;&#46;<\/p>\n","protected":false},"author":1,"featured_media":0,"parent":0,"menu_order":0,"comment_status":"closed","ping_status":"open","template":"page-cs.php","meta":{"ngg_post_thumbnail":0,"footnotes":"","_mc_calendar":[]},"aioseo_notices":[],"_links":{"self":[{"href":"https:\/\/blogsaverroes.juntadeandalucia.es\/ceipfedericogarcialorcacarboneras\/wp-json\/wp\/v2\/pages\/49"}],"collection":[{"href":"https:\/\/blogsaverroes.juntadeandalucia.es\/ceipfedericogarcialorcacarboneras\/wp-json\/wp\/v2\/pages"}],"about":[{"href":"https:\/\/blogsaverroes.juntadeandalucia.es\/ceipfedericogarcialorcacarboneras\/wp-json\/wp\/v2\/types\/page"}],"author":[{"embeddable":true,"href":"https:\/\/blogsaverroes.juntadeandalucia.es\/ceipfedericogarcialorcacarboneras\/wp-json\/wp\/v2\/users\/1"}],"replies":[{"embeddable":true,"href":"https:\/\/blogsaverroes.juntadeandalucia.es\/ceipfedericogarcialorcacarboneras\/wp-json\/wp\/v2\/comments?post=49"}],"version-history":[{"count":19,"href":"https:\/\/blogsaverroes.juntadeandalucia.es\/ceipfedericogarcialorcacarboneras\/wp-json\/wp\/v2\/pages\/49\/revisions"}],"predecessor-version":[{"id":3330,"href":"https:\/\/blogsaverroes.juntadeandalucia.es\/ceipfedericogarcialorcacarboneras\/wp-json\/wp\/v2\/pages\/49\/revisions\/3330"}],"wp:attachment":[{"href":"https:\/\/blogsaverroes.juntadeandalucia.es\/ceipfedericogarcialorcacarboneras\/wp-json\/wp\/v2\/media?parent=49"}],"curies":[{"name":"wp","href":"https:\/\/api.w.org\/{rel}","templated":true}]}}