{"id":44,"date":"2015-03-13T08:42:15","date_gmt":"2015-03-13T08:42:15","guid":{"rendered":"http:\/\/blogsaverroes.juntadeandalucia.es\/pre\/ceip\/?page_id=44"},"modified":"2024-09-23T16:25:30","modified_gmt":"2024-09-23T16:25:30","slug":"planes-y-proyectos","status":"publish","type":"page","link":"https:\/\/blogsaverroes.juntadeandalucia.es\/ceipfedericogarcialorcacordoba\/planes-y-proyectos\/","title":{"rendered":"Planes y Programas"},"content":{"rendered":"<p>En el Federico Garc\u00eda Lorca estamos adheridos a los siguientes&nbsp;<strong>Planes y Programas<\/strong> promovidos desde la Consejer\u00eda de Educaci\u00f3n, Cultura y Deporte:<\/p>\n<ul>\n<li><strong>Plan de Autoprotecci\u00f3n, <\/strong>coordinadora Pilar Cuevas Castell.<\/li>\n<li><strong>Plan de Convivencia,&nbsp;<\/strong>coordinadora Pilar Cuevas Castell.<\/li>\n<li><strong>Plan de Compensatoria, <\/strong>coordinadora Manoli G\u00e1mez Guti\u00e9rrez.<\/li>\n<li><strong>Escuela espacio de paz,&nbsp;<\/strong>coordinador Jes\u00fas J. Arribas Garc\u00eda<\/li>\n<li><strong>Biblioteca Escolar,&nbsp;<\/strong>coordinadora Inma Alc\u00e1ntara Alc\u00e1ntara.&nbsp;<\/li>\n<li><strong>Programa de Transformaci\u00f3n Digital Educativa, <\/strong>coordinadora Pilar Cuevas Castell.<\/li>\n<li><strong>Plan de igualdad,&nbsp;<\/strong>coordinadora Marisa Mu\u00f1oz D\u00edaz.&nbsp;<\/li>\n<li><strong>Programa CIMA<\/strong>, coordinadora Marisa Mu\u00f1oz D\u00edaz.&nbsp;<\/li>\n<li><strong>Plan de apertura,&nbsp;<\/strong>coordinadora Manuela G\u00e1mez Guti\u00e9rrez.&nbsp;<\/li>\n<\/ul>\n","protected":false},"excerpt":{"rendered":"<p>En el Federico Garc\u00eda Lorca estamos adheridos a los siguientes&nbsp;Planes y Programas promovidos desde la Consejer\u00eda de Educaci\u00f3n, Cultura y Deporte: Plan de Autoprotecci\u00f3n, coordinadora Pilar Cuevas Castell. Plan de Convivencia,&nbsp;coordinadora Pilar Cuevas Castell. Plan de Compensatoria, coordinadora Manoli G\u00e1mez Guti\u00e9rrez. Escuela espacio de paz,&nbsp;coordinador Jes\u00fas J. Arribas Garc\u00eda Biblioteca Escolar,&nbsp;coordinadora Inma Alc\u00e1ntara Alc\u00e1ntara.&nbsp; Programa [&hellip;]<\/p>\n","protected":false},"author":1,"featured_media":0,"parent":0,"menu_order":0,"comment_status":"closed","ping_status":"closed","template":"","meta":{"ngg_post_thumbnail":0,"footnotes":"","_mc_calendar":[]},"aioseo_notices":[],"_links":{"self":[{"href":"https:\/\/blogsaverroes.juntadeandalucia.es\/ceipfedericogarcialorcacordoba\/wp-json\/wp\/v2\/pages\/44"}],"collection":[{"href":"https:\/\/blogsaverroes.juntadeandalucia.es\/ceipfedericogarcialorcacordoba\/wp-json\/wp\/v2\/pages"}],"about":[{"href":"https:\/\/blogsaverroes.juntadeandalucia.es\/ceipfedericogarcialorcacordoba\/wp-json\/wp\/v2\/types\/page"}],"author":[{"embeddable":true,"href":"https:\/\/blogsaverroes.juntadeandalucia.es\/ceipfedericogarcialorcacordoba\/wp-json\/wp\/v2\/users\/1"}],"replies":[{"embeddable":true,"href":"https:\/\/blogsaverroes.juntadeandalucia.es\/ceipfedericogarcialorcacordoba\/wp-json\/wp\/v2\/comments?post=44"}],"version-history":[{"count":14,"href":"https:\/\/blogsaverroes.juntadeandalucia.es\/ceipfedericogarcialorcacordoba\/wp-json\/wp\/v2\/pages\/44\/revisions"}],"predecessor-version":[{"id":5385,"href":"https:\/\/blogsaverroes.juntadeandalucia.es\/ceipfedericogarcialorcacordoba\/wp-json\/wp\/v2\/pages\/44\/revisions\/5385"}],"wp:attachment":[{"href":"https:\/\/blogsaverroes.juntadeandalucia.es\/ceipfedericogarcialorcacordoba\/wp-json\/wp\/v2\/media?parent=44"}],"curies":[{"name":"wp","href":"https:\/\/api.w.org\/{rel}","templated":true}]}}