{"id":206,"date":"2020-02-12T08:09:58","date_gmt":"2020-02-12T07:09:58","guid":{"rendered":"http:\/\/blogsaverroes.juntadeandalucia.es\/pre\/nuevoceip2v2\/?page_id=206"},"modified":"2026-03-09T11:15:05","modified_gmt":"2026-03-09T10:15:05","slug":"novedades","status":"publish","type":"page","link":"https:\/\/blogsaverroes.juntadeandalucia.es\/ceipfedericogarcialorcaolivares\/novedades\/","title":{"rendered":"Novedades"},"content":{"rendered":"<p>[et_pb_section fb_built=&#8221;1&#8243; _builder_version=&#8221;4.24.2&#8243; _module_preset=&#8221;default&#8221; global_colors_info=&#8221;{}&#8221;][et_pb_row _builder_version=&#8221;4.24.2&#8243; _module_preset=&#8221;default&#8221; global_colors_info=&#8221;{}&#8221;][et_pb_column type=&#8221;4_4&#8243; _builder_version=&#8221;4.24.2&#8243; _module_preset=&#8221;default&#8221; global_colors_info=&#8221;{}&#8221;][et_pb_blog fullwidth=&#8221;off&#8221; include_categories=&#8221;22&#8243; show_more=&#8221;on&#8221; show_author=&#8221;off&#8221; _builder_version=&#8221;4.24.2&#8243; _module_preset=&#8221;default&#8221; hover_enabled=&#8221;0&#8243; global_colors_info=&#8221;{}&#8221; sticky_enabled=&#8221;0&#8243;][\/et_pb_blog][\/et_pb_column][\/et_pb_row][\/et_pb_section]<\/p>\n","protected":false},"excerpt":{"rendered":"","protected":false},"author":7051,"featured_media":0,"parent":0,"menu_order":0,"comment_status":"closed","ping_status":"closed","template":"","meta":{"_et_pb_use_builder":"on","_et_pb_old_content":"<p><img class=\"size-medium wp-image-877 aligncenter\" src=\"https:\/\/blogsaverroes.juntadeandalucia.es\/ceipfedericogarcialorcaolivares\/files\/2026\/02\/WhatsApp-Image-2026-02-20-at-10.49.04-300x169.jpeg\" alt=\"\" width=\"300\" height=\"169\"><\/p><p>La <strong data-start=\"120\" data-end=\"161\">Convivencia de la Comunidad Educativa <\/strong>es una jornada anual de encuentro que re\u00fane a familias, docentes, personal no docente, alumnado y representantes del Ayuntamiento de Mocl\u00edn. Este evento busca fortalecer los lazos entre todos los miembros de la comunidad educativa a trav\u00e9s de actividades compartidas y la interacci\u00f3n directa. La jornada incluye una <strong data-start=\"478\" data-end=\"495\">gran barbacoa<\/strong>, juegos, din\u00e1micas participativas y espacios de di\u00e1logo, promoviendo un ambiente de colaboraci\u00f3n, diversi\u00f3n y enriquecimiento mutuo.<\/p>","_et_gb_content_width":"","ngg_post_thumbnail":0,"footnotes":""},"aioseo_notices":[],"_links":{"self":[{"href":"https:\/\/blogsaverroes.juntadeandalucia.es\/ceipfedericogarcialorcaolivares\/wp-json\/wp\/v2\/pages\/206"}],"collection":[{"href":"https:\/\/blogsaverroes.juntadeandalucia.es\/ceipfedericogarcialorcaolivares\/wp-json\/wp\/v2\/pages"}],"about":[{"href":"https:\/\/blogsaverroes.juntadeandalucia.es\/ceipfedericogarcialorcaolivares\/wp-json\/wp\/v2\/types\/page"}],"author":[{"embeddable":true,"href":"https:\/\/blogsaverroes.juntadeandalucia.es\/ceipfedericogarcialorcaolivares\/wp-json\/wp\/v2\/users\/7051"}],"replies":[{"embeddable":true,"href":"https:\/\/blogsaverroes.juntadeandalucia.es\/ceipfedericogarcialorcaolivares\/wp-json\/wp\/v2\/comments?post=206"}],"version-history":[{"count":9,"href":"https:\/\/blogsaverroes.juntadeandalucia.es\/ceipfedericogarcialorcaolivares\/wp-json\/wp\/v2\/pages\/206\/revisions"}],"predecessor-version":[{"id":1068,"href":"https:\/\/blogsaverroes.juntadeandalucia.es\/ceipfedericogarcialorcaolivares\/wp-json\/wp\/v2\/pages\/206\/revisions\/1068"}],"wp:attachment":[{"href":"https:\/\/blogsaverroes.juntadeandalucia.es\/ceipfedericogarcialorcaolivares\/wp-json\/wp\/v2\/media?parent=206"}],"curies":[{"name":"wp","href":"https:\/\/api.w.org\/{rel}","templated":true}]}}