{"id":2,"date":"2020-12-04T07:57:32","date_gmt":"2020-12-04T07:57:32","guid":{"rendered":"https:\/\/blogsaverroes.juntadeandalucia.es\/ceipfelixrodriguezbobadilla\/?page_id=2"},"modified":"2021-01-14T08:59:44","modified_gmt":"2021-01-14T08:59:44","slug":"pagina-ejemplo","status":"publish","type":"page","link":"https:\/\/blogsaverroes.juntadeandalucia.es\/ceipfelixrodriguezbobadilla\/pagina-ejemplo\/","title":{"rendered":"BIBLIOTECA"},"content":{"rendered":"<p>\u00abLa Biblio del F\u00e9lix\u00bb es un precioso espacio situado en la planta baja del edificio de Primaria.<\/p>\r\n<p>Cuenta con un cat\u00e1logo de m\u00e1s de 3500 ejemplares, que se va actualizando cada a\u00f1o.<\/p>\r\n<p>Cuenta con una coordinadora y un equipo de apoyo, formado por profesorado de nuestro centro y personal de administraci\u00f3n, que realizan actividades para fomentar el gusto y disfrute por la lectura.<\/p>\r\n<p><a href=\"https:\/\/www.facebook.com\/colegiobobadillaestacion\/\">P\u00e1gina de facebook de la biblioteca.<\/a><\/p>\r\n","protected":false},"excerpt":{"rendered":"<p>\u00abLa Biblio del F\u00e9lix\u00bb es un precioso espacio situado en la planta baja del edificio de Primaria. Cuenta con un cat\u00e1logo de m\u00e1s de 3500 ejemplares, que se va actualizando cada a\u00f1o. Cuenta con una coordinadora y un equipo de apoyo, formado por profesorado de nuestro centro y personal de administraci\u00f3n, que realizan actividades para &hellip; <a href=\"https:\/\/blogsaverroes.juntadeandalucia.es\/ceipfelixrodriguezbobadilla\/pagina-ejemplo\/\" class=\"more-link\">Seguir leyendo <span class=\"screen-reader-text\">BIBLIOTECA<\/span> <span class=\"meta-nav\">&rarr;<\/span><\/a><\/p>\n","protected":false},"author":11714,"featured_media":0,"parent":0,"menu_order":0,"comment_status":"closed","ping_status":"open","template":"","meta":{"ngg_post_thumbnail":0,"footnotes":""},"aioseo_notices":[],"_links":{"self":[{"href":"https:\/\/blogsaverroes.juntadeandalucia.es\/ceipfelixrodriguezbobadilla\/wp-json\/wp\/v2\/pages\/2"}],"collection":[{"href":"https:\/\/blogsaverroes.juntadeandalucia.es\/ceipfelixrodriguezbobadilla\/wp-json\/wp\/v2\/pages"}],"about":[{"href":"https:\/\/blogsaverroes.juntadeandalucia.es\/ceipfelixrodriguezbobadilla\/wp-json\/wp\/v2\/types\/page"}],"author":[{"embeddable":true,"href":"https:\/\/blogsaverroes.juntadeandalucia.es\/ceipfelixrodriguezbobadilla\/wp-json\/wp\/v2\/users\/11714"}],"replies":[{"embeddable":true,"href":"https:\/\/blogsaverroes.juntadeandalucia.es\/ceipfelixrodriguezbobadilla\/wp-json\/wp\/v2\/comments?post=2"}],"version-history":[{"count":2,"href":"https:\/\/blogsaverroes.juntadeandalucia.es\/ceipfelixrodriguezbobadilla\/wp-json\/wp\/v2\/pages\/2\/revisions"}],"predecessor-version":[{"id":136,"href":"https:\/\/blogsaverroes.juntadeandalucia.es\/ceipfelixrodriguezbobadilla\/wp-json\/wp\/v2\/pages\/2\/revisions\/136"}],"wp:attachment":[{"href":"https:\/\/blogsaverroes.juntadeandalucia.es\/ceipfelixrodriguezbobadilla\/wp-json\/wp\/v2\/media?parent=2"}],"curies":[{"name":"wp","href":"https:\/\/api.w.org\/{rel}","templated":true}]}}