{"id":49,"date":"2011-04-03T01:10:05","date_gmt":"2011-04-03T01:10:05","guid":{"rendered":"https:\/\/themify.me\/demo\/themes\/bizco\/?page_id=580"},"modified":"2021-04-29T11:55:32","modified_gmt":"2021-04-29T11:55:32","slug":"3-column","status":"publish","type":"page","link":"https:\/\/blogsaverroes.juntadeandalucia.es\/ceipfelixrodriguezbobadilla\/layouts-2\/sidebar-right\/3-column\/","title":{"rendered":"Planes y Proyectos del Centro"},"content":{"rendered":"<p>Durante el curso 2020\/21, los proyectos que se realizan son los siguientes:<\/p>\n<ul>\n<li>Plan de apertura de centros docentes.<\/li>\n<li>Red Andaluza Escuela: \u00abEspacio de Paz\u00bb.<\/li>\n<li>Plan de Convivencia Escolar.<\/li>\n<li>Plan de Salud Laboral y P.R.L.<\/li>\n<li>Plan de igualdad de g\u00e9nero en educaci\u00f3n.<\/li>\n<li>Plan de Transformaci\u00f3n Digital Educativa.<\/li>\n<li>Plan \u00abCreciendo en Salud\u00bb.<\/li>\n<\/ul>\n","protected":false},"excerpt":{"rendered":"<p>Durante el curso 2020\/21, los proyectos que se realizan son los siguientes: Plan de apertura de centros docentes. Red Andaluza Escuela: \u00abEspacio de Paz\u00bb. Plan de Convivencia Escolar. Plan de Salud Laboral y P.R.L. Plan de igualdad de g\u00e9nero en educaci\u00f3n. Plan de Transformaci\u00f3n Digital Educativa. Plan \u00abCreciendo en Salud\u00bb.<\/p>\n","protected":false},"author":11714,"featured_media":0,"parent":47,"menu_order":0,"comment_status":"closed","ping_status":"closed","template":"","meta":{"ngg_post_thumbnail":0,"footnotes":""},"aioseo_notices":[],"_links":{"self":[{"href":"https:\/\/blogsaverroes.juntadeandalucia.es\/ceipfelixrodriguezbobadilla\/wp-json\/wp\/v2\/pages\/49"}],"collection":[{"href":"https:\/\/blogsaverroes.juntadeandalucia.es\/ceipfelixrodriguezbobadilla\/wp-json\/wp\/v2\/pages"}],"about":[{"href":"https:\/\/blogsaverroes.juntadeandalucia.es\/ceipfelixrodriguezbobadilla\/wp-json\/wp\/v2\/types\/page"}],"author":[{"embeddable":true,"href":"https:\/\/blogsaverroes.juntadeandalucia.es\/ceipfelixrodriguezbobadilla\/wp-json\/wp\/v2\/users\/11714"}],"replies":[{"embeddable":true,"href":"https:\/\/blogsaverroes.juntadeandalucia.es\/ceipfelixrodriguezbobadilla\/wp-json\/wp\/v2\/comments?post=49"}],"version-history":[{"count":4,"href":"https:\/\/blogsaverroes.juntadeandalucia.es\/ceipfelixrodriguezbobadilla\/wp-json\/wp\/v2\/pages\/49\/revisions"}],"predecessor-version":[{"id":285,"href":"https:\/\/blogsaverroes.juntadeandalucia.es\/ceipfelixrodriguezbobadilla\/wp-json\/wp\/v2\/pages\/49\/revisions\/285"}],"up":[{"embeddable":true,"href":"https:\/\/blogsaverroes.juntadeandalucia.es\/ceipfelixrodriguezbobadilla\/wp-json\/wp\/v2\/pages\/47"}],"wp:attachment":[{"href":"https:\/\/blogsaverroes.juntadeandalucia.es\/ceipfelixrodriguezbobadilla\/wp-json\/wp\/v2\/media?parent=49"}],"curies":[{"name":"wp","href":"https:\/\/api.w.org\/{rel}","templated":true}]}}