{"id":198,"date":"2015-03-17T09:55:36","date_gmt":"2015-03-17T09:55:36","guid":{"rendered":"http:\/\/blogsaverroes.juntadeandalucia.es\/pre\/ceip\/?page_id=198"},"modified":"2025-06-05T07:25:19","modified_gmt":"2025-06-05T06:25:19","slug":"el-ampa","status":"publish","type":"page","link":"https:\/\/blogsaverroes.juntadeandalucia.es\/ceipfernandofeliu\/el-ampa\/","title":{"rendered":"La AMPA"},"content":{"rendered":"<p style=\"text-align: left\">&nbsp;<\/p>\n<p style=\"text-align: center\"><span style=\"color: #333399\">La Asociaci\u00f3n de Madres y Padres <strong>Familias en la Escuela<\/strong>, est\u00e1 constituida por las familias del centro, y gestionada por la&nbsp; <strong>Junta Directiva<\/strong>.<\/span><\/p>\n<p style=\"text-align: center\">Puedes ponerte en contacto con nosotros\/as en el email: <a href=\"mailto:familiasenlaescuela17@gmail.com\"><strong>familiasenlaescuela17@gmail.com<\/strong><\/a><\/p>\n<p style=\"text-align: center\">o en el tel\u00e9fono <strong>693524038<\/strong><\/p>\n<p style=\"text-align: center\"><strong>P\u00e1gina de Facebook<\/strong>: <strong><a href=\"https:\/\/www.facebook.com\/ampafamiliasenlaescuela\">https:\/\/www.facebook.com\/ampafamiliasenlaescuela<\/a><\/strong><\/p>\n<p style=\"text-align: center\">Enlace al formulario de inscripci\u00f3n: <a href=\"https:\/\/blogsaverroes.juntadeandalucia.es\/ceipfernandofeliu\/files\/2025\/05\/ANEXOMATRICULA25_26-2.pdf\" target=\"_blank\" rel=\"noopener\">Formulario de inscripci\u00f3n <\/a><\/p>\n<p style=\"text-align: center\"><a href=\"https:\/\/blogsaverroes.juntadeandalucia.es\/ceipfernandofeliu\/files\/2023\/01\/Banner-AMPA-Familias-en-la-Escuela.png\"><img loading=\"lazy\" decoding=\"async\" class=\"wp-image-2986 size-full aligncenter\" src=\"https:\/\/blogsaverroes.juntadeandalucia.es\/ceipfernandofeliu\/files\/2023\/01\/Banner-AMPA-Familias-en-la-Escuela.png\" alt=\"\" width=\"1006\" height=\"263\" srcset=\"https:\/\/blogsaverroes.juntadeandalucia.es\/ceipfernandofeliu\/files\/2023\/01\/Banner-AMPA-Familias-en-la-Escuela.png 1006w, https:\/\/blogsaverroes.juntadeandalucia.es\/ceipfernandofeliu\/files\/2023\/01\/Banner-AMPA-Familias-en-la-Escuela-300x78.png 300w, https:\/\/blogsaverroes.juntadeandalucia.es\/ceipfernandofeliu\/files\/2023\/01\/Banner-AMPA-Familias-en-la-Escuela-768x201.png 768w\" sizes=\"(max-width: 1006px) 100vw, 1006px\" \/><\/a><\/p>\n<hr>\n<p style=\"text-align: center\"><strong>La AMPA<\/strong>&nbsp;es una asociaci\u00f3n sin \u00e1nimo de lucro que formada por los padres y madres de todo el alumnado del Colegio.<\/p>\n<p style=\"text-align: center\">Es un punto de encuentro y de trabajo independiente, abierto y plural.<\/p>\n<p style=\"text-align: center\">Desde la AMPA podemos contribuir a la mejora de la calidad de la educaci\u00f3n, la convivencia del centro y de las instalaciones.<\/p>\n<h4>&nbsp;<\/h4>\n<h4 style=\"text-align: center\"><span style=\"color: #333399\">\u00bfPor qu\u00e9 es importante vuestra participaci\u00f3n?<\/span><\/h4>\n<p style=\"text-align: center\">En el colegio existen espacios de participaci\u00f3n, siendo la AMPA &nbsp;el \u00fanico espacio de participaci\u00f3n aut\u00f3nomo de padres y madres. La AMPA es importante porque:<\/p>\n<p style=\"text-align: center\">Somos corresponsables de la educaci\u00f3n que nuestros hijos\/as reciben en el colegio.<\/p>\n<p style=\"text-align: center\">Es un espacio para aportar iniciativas y trabajar con la direcci\u00f3n del Centro, sin depender de esta.<\/p>\n<h4>&nbsp;<\/h4>\n<h4 style=\"text-align: center\"><span style=\"color: #333399\">\u00bfC\u00f3mo puedes participar?<\/span><\/h4>\n<p style=\"text-align: center\">Participar en la AMPA es muy f\u00e1cil y cada uno decide el nivel de implicaci\u00f3n.<\/p>\n<p style=\"text-align: center\">Podemos asociarnos en cualquier momento, aunque se entrega a las familias una ficha de inscripci\u00f3n con la matr\u00edcula en la que se indica la cuota anual por cada familia (la cuota es por familia no por ni\u00f1o\/a)<\/p>\n<p style=\"text-align: center\">Podemos tambi\u00e9n participar a trav\u00e9s de las asambleas, incorpor\u00e1ndote a las reuniones&nbsp;abiertas que se convoquen.<\/p>\n<p style=\"text-align: center\">Podemos colaborar en los diferentes grupos de trabajo o&nbsp;en actividades puntuales que se organizan desde el AMPA a lo largo del curso.<\/p>\n<p style=\"text-align: center\">Podemos proponer iniciativas, plantear temas de debate, organizar actividades, etc., &nbsp;dirigi\u00e9ndote a cualquier miembro de la junta directiva o a trav\u00e9s del blog.<\/p>\n<p style=\"text-align: center\">Como ves, hay muchas formas de participar y es muy importante que m\u00e1s padres y madres pasemos a la participa-ACCI\u00d3N,&nbsp;&nbsp;de forma activa y colectiva.<\/p>\n<h4>&nbsp;<\/h4>\n<h4 style=\"text-align: center\"><span style=\"color: #333399\">\u00bfPara qu\u00e9 sirve?<\/span><\/h4>\n<p style=\"text-align: center\">Para defender y velar por el derecho a una educaci\u00f3n de calidad, democr\u00e1tica, atendiendo a las necesidades de todos los ni\u00f1os\/as &nbsp;y cr\u00edtica.<\/p>\n<p style=\"text-align: center\">Para promover la participaci\u00f3n de padres y madres en la vida del centro, defendiendo los intereses del alumnado y de toda la comunidad educativa.<\/p>\n<p style=\"text-align: center\">Para buscar soluciones de forma colectiva a temas relacionados con la ense\u00f1anza y educaci\u00f3n de nuestros hijos\/as.<\/p>\n<p style=\"text-align: center\">Para crear espacios de encuentro y trabajo en el resto de la comunidad educativa y con el entorno.<\/p>\n<p style=\"text-align: center\">Para crear espacios de reflexi\u00f3n y participaci\u00f3n compartida sobre la educaci\u00f3n de nuestros hijos\/as<br \/>\nPara participar en la gesti\u00f3n del colegio.<\/p>\n<h4>&nbsp;<\/h4>\n<h4 style=\"text-align: center\"><span style=\"color: #333399\">\u00bfC\u00f3mo se financia?<\/span><\/h4>\n<p style=\"text-align: center\">La AMPA &nbsp;se financia a trav\u00e9s de las cuotas de socios\/as.<br \/>\nLa cuota de socios\/as es el \u00fanico pago que realizan las familias y que gestiona el AMPA para el beneficio exclusivo de la comunidad educativa y en definitiva de la educaci\u00f3n que reciben&nbsp; nuestros hijos\/as en el centro.<\/p>\n<p>&nbsp;<\/p>\n","protected":false},"excerpt":{"rendered":"<p>&#46;&#46;&#46;<\/p>\n","protected":false},"author":1,"featured_media":0,"parent":0,"menu_order":0,"comment_status":"closed","ping_status":"open","template":"","meta":{"ngg_post_thumbnail":0,"footnotes":"","_mc_calendar":[]},"aioseo_notices":[],"_links":{"self":[{"href":"https:\/\/blogsaverroes.juntadeandalucia.es\/ceipfernandofeliu\/wp-json\/wp\/v2\/pages\/198"}],"collection":[{"href":"https:\/\/blogsaverroes.juntadeandalucia.es\/ceipfernandofeliu\/wp-json\/wp\/v2\/pages"}],"about":[{"href":"https:\/\/blogsaverroes.juntadeandalucia.es\/ceipfernandofeliu\/wp-json\/wp\/v2\/types\/page"}],"author":[{"embeddable":true,"href":"https:\/\/blogsaverroes.juntadeandalucia.es\/ceipfernandofeliu\/wp-json\/wp\/v2\/users\/1"}],"replies":[{"embeddable":true,"href":"https:\/\/blogsaverroes.juntadeandalucia.es\/ceipfernandofeliu\/wp-json\/wp\/v2\/comments?post=198"}],"version-history":[{"count":14,"href":"https:\/\/blogsaverroes.juntadeandalucia.es\/ceipfernandofeliu\/wp-json\/wp\/v2\/pages\/198\/revisions"}],"predecessor-version":[{"id":3579,"href":"https:\/\/blogsaverroes.juntadeandalucia.es\/ceipfernandofeliu\/wp-json\/wp\/v2\/pages\/198\/revisions\/3579"}],"wp:attachment":[{"href":"https:\/\/blogsaverroes.juntadeandalucia.es\/ceipfernandofeliu\/wp-json\/wp\/v2\/media?parent=198"}],"curies":[{"name":"wp","href":"https:\/\/api.w.org\/{rel}","templated":true}]}}