{"id":3377,"date":"2024-05-10T17:47:29","date_gmt":"2024-05-10T16:47:29","guid":{"rendered":"https:\/\/blogsaverroes.juntadeandalucia.es\/ceipfernandofeliu\/?page_id=3377"},"modified":"2025-08-19T08:16:08","modified_gmt":"2025-08-19T07:16:08","slug":"erasmus","status":"publish","type":"page","link":"https:\/\/blogsaverroes.juntadeandalucia.es\/ceipfernandofeliu\/erasmus\/","title":{"rendered":"Erasmus"},"content":{"rendered":"<p><a href=\"https:\/\/blogsaverroes.juntadeandalucia.es\/ceipguliena\/files\/2020\/01\/cofinanciadoEN.png\"><img loading=\"lazy\" decoding=\"async\" class=\"alignnone wp-image-3324 \" src=\"https:\/\/blogsaverroes.juntadeandalucia.es\/ceipguliena\/files\/2020\/01\/cofinanciadoEN.png\" alt=\"\" width=\"1001\" height=\"218\"><\/a><\/p>\n<p>&nbsp;<\/p>\n<h1>What is ERASMUS +?<\/h1>\n<p><strong>Erasmus+<\/strong> es el programa de la UE para apoyar la educaci\u00f3n, la formaci\u00f3n, la juventud y el deporte en Europa. Su presupuesto d brindar\u00e1 oportunidades para que m\u00e1s de 4 millones de europeos estudien, se capaciten y adquieran experiencia en el extranjero.<\/p>\n<p>Erasmus+ no solo tiene oportunidades para los estudiantes, sino que ofrece oportunidades para una amplia variedad de personas y organizaciones.<\/p>\n<p>Erasmus + brinda la oportunidad de contribuir a la inclusi\u00f3n, mejorar entornos escolares mediante pr\u00e1cticas sostenibles y concienciar sobre la importancia cultural, respaldado por el uso eficiente de la tecnolog\u00eda. Este intercambio enriquecer\u00e1 perspectivas, fomentar\u00e1 la comprensi\u00f3n de la diversidad y permitir\u00e1 compartir mejores pr\u00e1cticas para una educaci\u00f3n equitativa. La tecnolog\u00eda facilitar\u00e1 m\u00e9todos pedag\u00f3gicos inclusivos contribuyendo a un ambiente escolar enriquecido culturalmente.<\/p>\n<p>Nuestro proyecto <span class=\"wixui-rich-text__text\"><span class=\"color_45 wixui-rich-text__text\"><strong><em>&nbsp;<\/em><\/strong>ha sido solicitado para llevar a cabo con distintas movilidades con el alumnado y observaci\u00f3n de buenas pr\u00e1cticas docentes.<\/span><\/span><\/p>\n<hr>\n<section id=\"h.551c6e56ab314f6c_47\" class=\"yaqOZd\">\n<div class=\"mYVXT\">\n<div class=\"LS81yb VICjCf j5pSsc db35Fc\">\n<div class=\"hJDwNd-AhqUyc-OwsYgb Ft7HRd-AhqUyc-OwsYgb purZT-AhqUyc-II5mzb ZcASvf-AhqUyc-II5mzb pSzOP-AhqUyc-qWD73c Ktthjf-AhqUyc-qWD73c JNdkSc SQVYQc\">\n<div class=\"JNdkSc-SmKAyb LkDMRd\">\n<div class=\"\">\n<div class=\"oKdM2c ZZyype Kzv0Me\">\n<div id=\"h.551c6e56ab314f6c_40\" class=\"hJDwNd-AhqUyc-OwsYgb Ft7HRd-AhqUyc-OwsYgb jXK9ad D2fZ2 zu5uec OjCsFc dmUFtb wHaque g5GTcb\">\n<div class=\"jXK9ad-SmKAyb\">\n<div class=\"tyJCtd mGzaTb Depvyb baZpAe\">\n<p class=\"zfr3Q CDt4Ke \" dir=\"ltr\"><strong><span class=\"C9DxTc \">SITIOS WEBS DE REFERENCIA PARA NUESTRO PROGRAMA&nbsp;<\/span><\/strong><\/p>\n<\/div>\n<\/div>\n<\/div>\n<\/div>\n<\/div>\n<\/div>\n<\/div>\n<div class=\"hJDwNd-AhqUyc-R6PoUb Ft7HRd-AhqUyc-R6PoUb JNdkSc SQVYQc L6cTce-purZT L6cTce-pSzOP\">\n<div class=\"JNdkSc-SmKAyb LkDMRd\">\n<div class=\"\">&nbsp;<\/div>\n<\/div>\n<\/div>\n<\/div>\n<\/div>\n<\/section>\n<section id=\"h.551c6e56ab314f6c_16\" class=\"yaqOZd\">\n<div class=\"IFuOkc\">&nbsp;<\/div>\n<div class=\"mYVXT\">\n<div class=\"LS81yb VICjCf j5pSsc db35Fc\">\n<div class=\"hJDwNd-AhqUyc-c5RTEf Ft7HRd-AhqUyc-c5RTEf purZT-AhqUyc-c5RTEf ZcASvf-AhqUyc-c5RTEf pSzOP-AhqUyc-c5RTEf Ktthjf-AhqUyc-c5RTEf JNdkSc SQVYQc yYI8W HQwdzb\">\n<div class=\"JNdkSc-SmKAyb LkDMRd\">\n<div class=\"\">\n<div class=\"oKdM2c ZZyype\">\n<div id=\"h.551c6e56ab314f6c_21\" class=\"hJDwNd-AhqUyc-c5RTEf Ft7HRd-AhqUyc-c5RTEf purZT-AhqUyc-c5RTEf ZcASvf-AhqUyc-c5RTEf pSzOP-AhqUyc-c5RTEf Ktthjf-AhqUyc-c5RTEf jXK9ad D2fZ2 zu5uec\">\n<div class=\"jXK9ad-SmKAyb\">\n<div class=\"tyJCtd mGzaTb Depvyb baZpAe\">\n<div class=\"CjVfdc\"><a class=\"XqQF9c\" href=\"https:\/\/www.schooleducationgateway.eu\/en\/pub\/index.htm\" target=\"_blank\" rel=\"noopener\"><span class=\"C9DxTc aw5Odc \">School education Gateway<\/span><\/a><\/div>\n<\/div>\n<\/div>\n<\/div>\n<\/div>\n<div class=\"oKdM2c ZZyype\">\n<div id=\"h.551c6e56ab314f6c_23\" class=\"hJDwNd-AhqUyc-c5RTEf Ft7HRd-AhqUyc-c5RTEf purZT-AhqUyc-c5RTEf ZcASvf-AhqUyc-c5RTEf pSzOP-AhqUyc-c5RTEf Ktthjf-AhqUyc-c5RTEf jXK9ad D2fZ2 zu5uec wHaque g5GTcb\">\n<div class=\"jXK9ad-SmKAyb\">\n<div class=\"tyJCtd mGzaTb Depvyb baZpAe\">\n<p class=\"zfr3Q CDt4Ke \" dir=\"ltr\"><span class=\"C9DxTc \">Plataforma para proporcionar ayuda&nbsp; para proyectos Erasmus+. Adem\u00e1s, ofrece buenas pr\u00e1cticas, tutoriales y noticias relativas al Programa<\/span><span class=\"C9DxTc \">.<\/span><\/p>\n<\/div>\n<\/div>\n<\/div>\n<\/div>\n<\/div>\n<\/div>\n<\/div>\n<div class=\"hJDwNd-AhqUyc-ibL1re Ft7HRd-AhqUyc-ibL1re purZT-AhqUyc-ibL1re ZcASvf-AhqUyc-ibL1re pSzOP-AhqUyc-ibL1re Ktthjf-AhqUyc-ibL1re JNdkSc SQVYQc yYI8W HQwdzb\">\n<div class=\"JNdkSc-SmKAyb LkDMRd\">\n<div class=\"\">\n<div class=\"oKdM2c ZZyype Kzv0Me\">\n<div id=\"h.c8530546e3315a5_128\" class=\"hJDwNd-AhqUyc-ibL1re Ft7HRd-AhqUyc-ibL1re purZT-AhqUyc-ibL1re ZcASvf-AhqUyc-ibL1re pSzOP-AhqUyc-ibL1re Ktthjf-AhqUyc-ibL1re jXK9ad D2fZ2 zu5uec OjCsFc dmUFtb\">\n<div class=\"jXK9ad-SmKAyb\">\n<div class=\"tyJCtd baZpAe\">\n<div class=\"t3iYD\">&nbsp;<\/div>\n<\/div>\n<\/div>\n<\/div>\n<\/div>\n<div class=\"oKdM2c ZZyype\">\n<div id=\"h.551c6e56ab314f6c_28\" class=\"hJDwNd-AhqUyc-ibL1re Ft7HRd-AhqUyc-ibL1re purZT-AhqUyc-ibL1re ZcASvf-AhqUyc-ibL1re pSzOP-AhqUyc-ibL1re Ktthjf-AhqUyc-ibL1re jXK9ad D2fZ2 zu5uec\">\n<div class=\"jXK9ad-SmKAyb\">\n<div class=\"tyJCtd mGzaTb Depvyb baZpAe\">\n<div class=\"CjVfdc\"><a class=\"XqQF9c\" href=\"http:\/\/sepie.es\/\" target=\"_blank\" rel=\"noopener\"><span class=\"C9DxTc aw5Odc \">Web del Sepie<\/span><\/a><\/div>\n<\/div>\n<\/div>\n<\/div>\n<\/div>\n<div class=\"oKdM2c ZZyype\">\n<div id=\"h.551c6e56ab314f6c_30\" class=\"hJDwNd-AhqUyc-ibL1re Ft7HRd-AhqUyc-ibL1re purZT-AhqUyc-ibL1re ZcASvf-AhqUyc-ibL1re pSzOP-AhqUyc-ibL1re Ktthjf-AhqUyc-ibL1re jXK9ad D2fZ2 zu5uec wHaque g5GTcb\">\n<div class=\"jXK9ad-SmKAyb\">\n<div class=\"tyJCtd mGzaTb Depvyb baZpAe\">\n<p class=\"zfr3Q CDt4Ke \" dir=\"ltr\"><span class=\"C9DxTc \">Agencia Nacional espa\u00f1ola para el desarrollo y gesti\u00f3n del programa Erasmus+&nbsp;<\/span><\/p>\n<\/div>\n<\/div>\n<\/div>\n<\/div>\n<\/div>\n<\/div>\n<\/div>\n<div class=\"hJDwNd-AhqUyc-ibL1re Ft7HRd-AhqUyc-ibL1re purZT-AhqUyc-ibL1re ZcASvf-AhqUyc-ibL1re pSzOP-AhqUyc-ibL1re Ktthjf-AhqUyc-ibL1re JNdkSc SQVYQc yYI8W HQwdzb\">\n<div class=\"JNdkSc-SmKAyb LkDMRd\">\n<div class=\"\">\n<div class=\"oKdM2c ZZyype Kzv0Me\">\n<div id=\"h.551c6e56ab314f6c_99\" class=\"hJDwNd-AhqUyc-ibL1re Ft7HRd-AhqUyc-ibL1re purZT-AhqUyc-ibL1re ZcASvf-AhqUyc-ibL1re pSzOP-AhqUyc-ibL1re Ktthjf-AhqUyc-ibL1re jXK9ad D2fZ2 zu5uec OjCsFc dmUFtb\">\n<div class=\"jXK9ad-SmKAyb\">\n<div class=\"tyJCtd baZpAe\">\n<div class=\"t3iYD\">&nbsp;<\/div>\n<\/div>\n<\/div>\n<\/div>\n<\/div>\n<div class=\"oKdM2c ZZyype\">\n<div id=\"h.551c6e56ab314f6c_102\" class=\"hJDwNd-AhqUyc-ibL1re Ft7HRd-AhqUyc-ibL1re purZT-AhqUyc-ibL1re ZcASvf-AhqUyc-ibL1re pSzOP-AhqUyc-ibL1re Ktthjf-AhqUyc-ibL1re jXK9ad D2fZ2 zu5uec\">\n<div class=\"jXK9ad-SmKAyb\">\n<div class=\"tyJCtd mGzaTb Depvyb baZpAe\">\n<p class=\"zfr3Q CDt4Ke \" dir=\"ltr\"><a class=\"XqQF9c\" href=\"http:\/\/sepie.es\/comunicacion\/agenda.html\" target=\"_blank\" rel=\"noopener\"><span class=\"C9DxTc aw5Odc \">Calendario SEPIE<\/span><\/a><\/p>\n<\/div>\n<\/div>\n<\/div>\n<\/div>\n<div class=\"oKdM2c ZZyype\">\n<div id=\"h.551c6e56ab314f6c_109\" class=\"hJDwNd-AhqUyc-ibL1re Ft7HRd-AhqUyc-ibL1re purZT-AhqUyc-ibL1re ZcASvf-AhqUyc-ibL1re pSzOP-AhqUyc-ibL1re Ktthjf-AhqUyc-ibL1re jXK9ad D2fZ2 zu5uec wHaque g5GTcb\">\n<div class=\"jXK9ad-SmKAyb\">\n<div class=\"tyJCtd mGzaTb Depvyb baZpAe\">\n<p class=\"zfr3Q CDt4Ke \" dir=\"ltr\"><span class=\"C9DxTc \">Enlace a los principales eventos y encuentros organizados por el SEPIE.&nbsp;<\/span><\/p>\n<\/div>\n<\/div>\n<\/div>\n<\/div>\n<\/div>\n<\/div>\n<\/div>\n<div class=\"hJDwNd-AhqUyc-c5RTEf Ft7HRd-AhqUyc-c5RTEf purZT-AhqUyc-c5RTEf ZcASvf-AhqUyc-c5RTEf pSzOP-AhqUyc-c5RTEf Ktthjf-AhqUyc-c5RTEf JNdkSc SQVYQc yYI8W HQwdzb\">\n<div class=\"JNdkSc-SmKAyb LkDMRd\">\n<div class=\"\">\n<div class=\"oKdM2c ZZyype Kzv0Me\">\n<div id=\"h.20f517da7824fe75_0\" class=\"hJDwNd-AhqUyc-c5RTEf Ft7HRd-AhqUyc-c5RTEf purZT-AhqUyc-c5RTEf ZcASvf-AhqUyc-c5RTEf pSzOP-AhqUyc-c5RTEf Ktthjf-AhqUyc-c5RTEf jXK9ad D2fZ2 zu5uec OjCsFc dmUFtb\">\n<div class=\"jXK9ad-SmKAyb\">\n<div class=\"tyJCtd baZpAe\">\n<div class=\"t3iYD\">&nbsp;<\/div>\n<\/div>\n<\/div>\n<\/div>\n<\/div>\n<div class=\"oKdM2c ZZyype\">\n<div id=\"h.20f517da7824fe75_3\" class=\"hJDwNd-AhqUyc-c5RTEf Ft7HRd-AhqUyc-c5RTEf purZT-AhqUyc-c5RTEf ZcASvf-AhqUyc-c5RTEf pSzOP-AhqUyc-c5RTEf Ktthjf-AhqUyc-c5RTEf jXK9ad D2fZ2 zu5uec\">\n<div class=\"jXK9ad-SmKAyb\">\n<div class=\"tyJCtd mGzaTb Depvyb baZpAe\">\n<p class=\"zfr3Q CDt4Ke \" dir=\"ltr\"><a class=\"XqQF9c\" href=\"https:\/\/www.educacionyfp.gob.es\/mc\/accion-exterior\/inicio.html\" target=\"_blank\" rel=\"noopener\"><span class=\"C9DxTc aw5Odc \">Acci\u00f3n Educativa Exterior<\/span><\/a><span class=\"C9DxTc \">&nbsp;<\/span><\/p>\n<\/div>\n<\/div>\n<\/div>\n<\/div>\n<div class=\"oKdM2c ZZyype\">\n<div id=\"h.20f517da7824fe75_5\" class=\"hJDwNd-AhqUyc-c5RTEf Ft7HRd-AhqUyc-c5RTEf purZT-AhqUyc-c5RTEf ZcASvf-AhqUyc-c5RTEf pSzOP-AhqUyc-c5RTEf Ktthjf-AhqUyc-c5RTEf jXK9ad D2fZ2 zu5uec wHaque g5GTcb\">\n<div class=\"jXK9ad-SmKAyb\">\n<div class=\"tyJCtd mGzaTb Depvyb baZpAe\">\n<p class=\"zfr3Q CDt4Ke \" dir=\"ltr\"><span class=\"C9DxTc \">Acci\u00f3n Educativa Exterior depende del Ministerio de Educaci\u00f3n que se encarga de una red de centros del Estado en el extranjero, donde se imparte docencia en espa\u00f1ol y otros programas.<\/span><\/p>\n<\/div>\n<\/div>\n<\/div>\n<\/div>\n<\/div>\n<\/div>\n<\/div>\n<div class=\"hJDwNd-AhqUyc-ibL1re Ft7HRd-AhqUyc-ibL1re purZT-AhqUyc-ibL1re ZcASvf-AhqUyc-ibL1re pSzOP-AhqUyc-ibL1re Ktthjf-AhqUyc-ibL1re JNdkSc SQVYQc yYI8W HQwdzb\">\n<div class=\"JNdkSc-SmKAyb LkDMRd\">\n<div class=\"\">\n<div class=\"oKdM2c ZZyype\">\n<div id=\"h.551c6e56ab314f6c_35\" class=\"hJDwNd-AhqUyc-ibL1re Ft7HRd-AhqUyc-ibL1re purZT-AhqUyc-ibL1re ZcASvf-AhqUyc-ibL1re pSzOP-AhqUyc-ibL1re Ktthjf-AhqUyc-ibL1re jXK9ad D2fZ2 zu5uec\">\n<div class=\"jXK9ad-SmKAyb\">\n<div class=\"tyJCtd mGzaTb Depvyb baZpAe\">\n<div id=\"h.npa8e3n7akds\" class=\"CobnVe yMxPgf aP9Z7e\">&nbsp;<\/div>\n<div class=\"CjVfdc\"><a class=\"XqQF9c\" href=\"https:\/\/erasmus-plus.ec.europa.eu\/es\" target=\"_blank\" rel=\"noopener\"><span class=\"C9DxTc aw5Odc \">Erasmus+Comisi\u00f3n Europea<\/span><\/a><\/div>\n<\/div>\n<\/div>\n<\/div>\n<\/div>\n<div class=\"oKdM2c ZZyype\">\n<div id=\"h.551c6e56ab314f6c_38\" class=\"hJDwNd-AhqUyc-ibL1re Ft7HRd-AhqUyc-ibL1re purZT-AhqUyc-ibL1re ZcASvf-AhqUyc-ibL1re pSzOP-AhqUyc-ibL1re Ktthjf-AhqUyc-ibL1re jXK9ad D2fZ2 zu5uec wHaque g5GTcb\">\n<div class=\"jXK9ad-SmKAyb\">\n<div class=\"tyJCtd mGzaTb Depvyb baZpAe\">\n<p class=\"zfr3Q CDt4Ke \" dir=\"ltr\"><span class=\"C9DxTc \">P\u00e1gina de la Comisi\u00f3n Europea, donde se explica el programa Erasmus+.<\/span><\/p>\n<\/div>\n<\/div>\n<\/div>\n<\/div>\n<\/div>\n<\/div>\n<\/div>\n<\/div>\n<\/div>\n<\/section>\n","protected":false},"excerpt":{"rendered":"<p>&#46;&#46;&#46;<\/p>\n","protected":false},"author":4234,"featured_media":0,"parent":0,"menu_order":0,"comment_status":"closed","ping_status":"closed","template":"","meta":{"ngg_post_thumbnail":0,"footnotes":"","_mc_calendar":[]},"aioseo_notices":[],"_links":{"self":[{"href":"https:\/\/blogsaverroes.juntadeandalucia.es\/ceipfernandofeliu\/wp-json\/wp\/v2\/pages\/3377"}],"collection":[{"href":"https:\/\/blogsaverroes.juntadeandalucia.es\/ceipfernandofeliu\/wp-json\/wp\/v2\/pages"}],"about":[{"href":"https:\/\/blogsaverroes.juntadeandalucia.es\/ceipfernandofeliu\/wp-json\/wp\/v2\/types\/page"}],"author":[{"embeddable":true,"href":"https:\/\/blogsaverroes.juntadeandalucia.es\/ceipfernandofeliu\/wp-json\/wp\/v2\/users\/4234"}],"replies":[{"embeddable":true,"href":"https:\/\/blogsaverroes.juntadeandalucia.es\/ceipfernandofeliu\/wp-json\/wp\/v2\/comments?post=3377"}],"version-history":[{"count":7,"href":"https:\/\/blogsaverroes.juntadeandalucia.es\/ceipfernandofeliu\/wp-json\/wp\/v2\/pages\/3377\/revisions"}],"predecessor-version":[{"id":3599,"href":"https:\/\/blogsaverroes.juntadeandalucia.es\/ceipfernandofeliu\/wp-json\/wp\/v2\/pages\/3377\/revisions\/3599"}],"wp:attachment":[{"href":"https:\/\/blogsaverroes.juntadeandalucia.es\/ceipfernandofeliu\/wp-json\/wp\/v2\/media?parent=3377"}],"curies":[{"name":"wp","href":"https:\/\/api.w.org\/{rel}","templated":true}]}}