{"id":3390,"date":"2024-05-10T18:26:40","date_gmt":"2024-05-10T17:26:40","guid":{"rendered":"https:\/\/blogsaverroes.juntadeandalucia.es\/ceipfernandofeliu\/?page_id=3390"},"modified":"2025-12-09T20:57:50","modified_gmt":"2025-12-09T19:57:50","slug":"etwinning","status":"publish","type":"page","link":"https:\/\/blogsaverroes.juntadeandalucia.es\/ceipfernandofeliu\/etwinning\/","title":{"rendered":"Etwinning"},"content":{"rendered":"<p><img loading=\"lazy\" decoding=\"async\" class=\"\" src=\"https:\/\/iesparquedelisboa.org\/wp-content\/uploads\/2022\/02\/eTwinning-LogoHorizontal_CMYK-1024x308.png\" alt=\"eTwinning - Parque de Lisboa\" width=\"279\" height=\"84\"><\/p>\n<p>Somos centro <span dir=\"auto\"><strong>eTwinning<\/strong> <span style=\"color: #339966\">validado<\/span><\/span><\/p>\n<p><strong>eTwinning<\/strong> es una comunidad para escuelas, un espacio en l\u00ednea donde pueden colaborar. ETwinning ofrece una plataforma segura y gratuita para que profesores y alumnos de toda Europa trabajen juntos en proyectos, debatan en grupos en l\u00ednea y desarrollen sus habilidades profesionales.<\/p>\n<hr>\n<p>&nbsp;<\/p>\n<p><strong>2025\/2026<\/strong>:<\/p>\n<p>Algunos proyectos de este curso en los que participamos:<\/p>\n<p><span style=\"text-decoration: underline\">Proyecto<\/span><strong>:<em> Voices across borders<\/em><\/strong><\/p>\n<p><a href=\"https:\/\/read.bookcreator.com\/Zf86vP7PfwggHEjqgnUPEsMYdbY2\/HkDrQxd0Sz6NlKTMJIsC5w\/iX2gBTDQQKaLlYCUcMfdNg\" target=\"_blank\" rel=\"noopener\">Children&#8217;s Rights e-Book: <\/a>A collaborative e-book. November 20th. Universal Children\u00b4s Day<\/p>\n<div style=\"vertical-align: top;width: 300px;margin: 20px auto;color: #333;background: #fff;border: 1px solid #ddd;line-height: 1.2;text-decoration: none;padding: 0\">\n<p><a style=\"color: #333;line-height: 1.2;text-decoration: none;padding: 0;font-weight: normal\" href=\"https:\/\/read.bookcreator.com\/Zf86vP7PfwggHEjqgnUPEsMYdbY2\/HkDrQxd0Sz6NlKTMJIsC5w\" target=\"_blank\" rel=\"noopener noreferrer\"><img decoding=\"async\" class=\"aligncenter\" style=\"max-height: 300px;max-width: 100%;margin: 0 auto;padding: 0;border: none\" src=\"https:\/\/assets.api.bookcreator.com\/Zf86vP7PfwggHEjqgnUPEsMYdbY2\/books\/HkDrQxd0Sz6NlKTMJIsC5w\/cover\/share\" alt=\"Children's Rights e-Book\"><\/a><\/p>\n<div style=\"padding: 20px;overflow: hidden;border-top: 1px solid #ddd\">\n<div style=\"color: #333;line-height: 1.2;text-decoration: none;padding: 0;font-weight: normal;font-size: 21px;margin: 0 0 0.25em\"><a style=\"color: #333;line-height: 1.2;text-decoration: none;padding: 0;font-weight: normal\" href=\"https:\/\/read.bookcreator.com\/Zf86vP7PfwggHEjqgnUPEsMYdbY2\/HkDrQxd0Sz6NlKTMJIsC5w\" target=\"_blank\" rel=\"noopener noreferrer\">Children&#8217;s Rights e-Book<\/a><\/div>\n<div style=\"color: #333;line-height: 1.2;text-decoration: none;padding: 0;font-weight: normal;font-size: 16px;margin: 0 0 0.5em\"><a style=\"color: #333;line-height: 1.2;text-decoration: none;padding: 0;font-weight: normal\" href=\"https:\/\/read.bookcreator.com\/Zf86vP7PfwggHEjqgnUPEsMYdbY2\/HkDrQxd0Sz6NlKTMJIsC5w\" target=\"_blank\" rel=\"noopener noreferrer\">Click to read this book, made with Book Creator<\/a><\/div>\n<div style=\"color: #455a64;line-height: 1.2;text-decoration: none;padding: 0;font-weight: bold;overflow: hidden;font-size: 14px\"><a style=\"color: #333;line-height: 1.2;text-decoration: none;padding: 0;font-weight: normal\" href=\"https:\/\/read.bookcreator.com\/Zf86vP7PfwggHEjqgnUPEsMYdbY2\/HkDrQxd0Sz6NlKTMJIsC5w\" target=\"_blank\" rel=\"noopener noreferrer\">read.bookcreator.com<\/a><\/div>\n<\/div>\n<\/div>\n<hr>\n<p>Adem\u00e1s, iniciamos un nuevo proyecto <strong>\u00abGreen, I Love You Green (Verde, te quiero verde): EcoActive Europe\u00bb<\/strong><\/p>\n<p><img decoding=\"async\" src=\"https:\/\/school-education.ec.europa.eu\/sites\/default\/files\/styles\/project_header_etwinning\/public\/webform\/create_project\/_sid_\/ChatGPT%20Image%20Jun%2021%2C%202025%2C%2008_33_28%20PM.png?itok=ahyEVgeO\"><\/p>\n<div class=\"ecl-u-mb-3xl ecl-u-pb-xl has-border-if-not-last\">\n<div class=\"ecl-heading\">\n<h4 class=\"heading-title ecl-u-type-heading-4\"><span dir=\"auto\">Objetivos<\/span><\/h4>\n<\/div>\n<p><span dir=\"auto\">1. Promover el respeto al medio ambiente.<\/span><\/p>\n<p>2. Desarrollar habilidades digitales, de comunicaci\u00f3n y colaboraci\u00f3n.<\/p>\n<p>3. Mejorar el uso del ingl\u00e9s en contextos reales.<\/p>\n<\/div>\n<div class=\"ecl-u-mb-3xl ecl-u-pb-xl has-border-if-not-last\"><span dir=\"auto\">4. Fomentar la ciudadan\u00eda activa y el pensamiento cr\u00edtico.<\/span><\/div>\n<div class=\"ecl-u-mb-3xl ecl-u-pb-xl has-border-if-not-last\">\n<div class=\"ecl-heading\">\n<h4 class=\"heading-title ecl-u-type-heading-4\"><span dir=\"auto\">Resultados esperados<\/span><\/h4>\n<\/div>\n<p><span dir=\"auto\">Como resultado del proyecto \u00abGreen, I Love You Green: EcoActive Europe\u00bb, se desarrollar\u00e1n varios productos finales colaborativos que reflejen el aprendizaje, la creatividad y el compromiso ambiental de los estudiantes: TwinSpace p\u00fablico para el proyecto Este ser\u00e1 un espacio abierto donde se recopilar\u00e1n las principales actividades, materiales creados por los estudiantes y evidencias del trabajo colaborativo. Incluir\u00e1 videos, presentaciones, carteles, mapas interactivos y ecorevistas de cada pa\u00eds participante. Campa\u00f1a ecol\u00f3gica digital \u00abEcoActive Europe\u00bb Dise\u00f1ada por estudiantes: incluye carteles digitales, esl\u00f3ganes, ecoconsejos y videos cortos de concienciaci\u00f3n. Se difundir\u00e1 en redes escolares, sitios web escolares y otras plataformas educativas. Capturar\u00e1 las acciones locales tomadas por cada escuela participante para mejorar el medio ambiente (por ejemplo, limpieza de espacios, reducci\u00f3n de pl\u00e1sticos, huertos escolares, etc.). Certificados y el sello \u00abeTwinning EcoSchool\u00bb. Cada estudiante recibir\u00e1 un diploma simb\u00f3lico como \u00abEcoH\u00e9roe Europeo\u00bb. Este producto final servir\u00e1 no s\u00f3lo como evidencia del trabajo realizado, sino tambi\u00e9n como herramienta de difusi\u00f3n y concientizaci\u00f3n para otras escuelas, familias y comunidades.<\/span><\/p>\n<\/div>\n<div>&nbsp;<\/div>\n<div><strong>Pa\u00edses participantes:<\/strong> T\u00fcrkiye(2), Espa\u00f1a(1), Armenia(1), Grecia(1), Rumania(1)<\/div>\n<div>&nbsp;<\/div>\n<div>\n<div class=\"ecl-col-12 ecl-col-m-3 font-bold\"><span dir=\"auto\"><strong>Materias de ense\u00f1anza<\/strong>: <\/span><span dir=\"auto\">Arte; <\/span><span dir=\"auto\">Ciudadan\u00eda; <\/span><span dir=\"auto\">Educaci\u00f3n Ambiental; <\/span><span dir=\"auto\">Idiomas extranjeros; <\/span><span dir=\"auto\">Inform\u00e1tica \/ TIC<\/span><\/div>\n<\/div>\n<div>&nbsp;<\/div>\n<div><span style=\"text-decoration: underline\"><strong>Summary<\/strong>:<\/span><\/div>\n<p>Is an eTwinning project aimed at sixth-grade students that seeks to foster ecological awareness, collaborative work, and a commitment to the future of the planet. Through creative activities, students will explore the environment in their communities, identify local problems, and propose sustainable solutions. Working alongside peers from other European countries, they will share ideas, compare realities, and together build a common vision of a greener and more responsible Europe. The project combines English as the language of instruction with digital tools, promoting the development of key skills such as intercultural communication, critical thinking, and respect for the environment. Children will be the protagonists of a network of young citizens who want to act for the common good. Throughout the project, students will become agents of change, creating ecological campaigns, designing visual materials, and participating in environmental challenges that cross borders. \u00abGreen, I love you green\u00bb is not just a slogan: it is an invitation to take care of our present to protect our future, together.<\/p>\n<p><strong><span style=\"text-decoration: underline\">Resumen del proyecto<\/span><\/strong>:<\/p>\n<p>Es un proyecto eTwinning dirigido a estudiantes de sexto de primaria que busca fomentar la conciencia ecol\u00f3gica, el trabajo colaborativo y el compromiso con el futuro del planeta. Mediante actividades creativas, los estudiantes explorar\u00e1n el medio ambiente en sus comunidades, identificar\u00e1n problemas locales y propondr\u00e1n soluciones sostenibles. Trabajando junto a compa\u00f1eros de otros pa\u00edses europeos, compartir\u00e1n ideas, comparar\u00e1n realidades y juntos construir\u00e1n una visi\u00f3n com\u00fan de una Europa m\u00e1s verde y responsable. El proyecto combina el ingl\u00e9s como lengua de instrucci\u00f3n con herramientas digitales, promoviendo el desarrollo de habilidades clave como la comunicaci\u00f3n intercultural, el pensamiento cr\u00edtico y el respeto por el medio ambiente. Los ni\u00f1os ser\u00e1n los protagonistas de una red de j\u00f3venes ciudadanos que buscan actuar por el bien com\u00fan. A lo largo del proyecto, los estudiantes se convertir\u00e1n en agentes de cambio, creando campa\u00f1as ecol\u00f3gicas, dise\u00f1ando materiales visuales y participando en desaf\u00edos ambientales que trascienden las fronteras. \u00abVerde, te quiero verde\u00bb no es solo un eslogan: es una invitaci\u00f3n a cuidar nuestro presente para proteger nuestro futuro, juntos.<\/p>\n<hr>\n<p>&nbsp;<\/p>\n<p><strong>2023\/2024<\/strong>: Tuvimos el proyecto de correspondencia con un centro finland\u00e9s Tikkalan p\u00e4iv\u00e4kotikoulu de Jyv\u00e4skyl\u00e4, Keski Suomi.<\/p>\n<p><img loading=\"lazy\" decoding=\"async\" class=\"alignnone wp-image-3442 size-medium\" src=\"https:\/\/blogsaverroes.juntadeandalucia.es\/ceipfernandofeliu\/files\/2024\/08\/correspondencia-Finlandia-225x300.jpg\" alt=\"\" width=\"225\" height=\"300\" srcset=\"https:\/\/blogsaverroes.juntadeandalucia.es\/ceipfernandofeliu\/files\/2024\/08\/correspondencia-Finlandia-225x300.jpg 225w, https:\/\/blogsaverroes.juntadeandalucia.es\/ceipfernandofeliu\/files\/2024\/08\/correspondencia-Finlandia-768x1024.jpg 768w, https:\/\/blogsaverroes.juntadeandalucia.es\/ceipfernandofeliu\/files\/2024\/08\/correspondencia-Finlandia-1152x1536.jpg 1152w, https:\/\/blogsaverroes.juntadeandalucia.es\/ceipfernandofeliu\/files\/2024\/08\/correspondencia-Finlandia-1536x2048.jpg 1536w, https:\/\/blogsaverroes.juntadeandalucia.es\/ceipfernandofeliu\/files\/2024\/08\/correspondencia-Finlandia.jpg 1200w\" sizes=\"(max-width: 225px) 100vw, 225px\" \/><\/p>\n<p>&nbsp;<\/p>\n","protected":false},"excerpt":{"rendered":"<p>&#46;&#46;&#46;<\/p>\n","protected":false},"author":4234,"featured_media":0,"parent":0,"menu_order":0,"comment_status":"closed","ping_status":"closed","template":"","meta":{"ngg_post_thumbnail":0,"footnotes":"","_mc_calendar":[]},"aioseo_notices":[],"_links":{"self":[{"href":"https:\/\/blogsaverroes.juntadeandalucia.es\/ceipfernandofeliu\/wp-json\/wp\/v2\/pages\/3390"}],"collection":[{"href":"https:\/\/blogsaverroes.juntadeandalucia.es\/ceipfernandofeliu\/wp-json\/wp\/v2\/pages"}],"about":[{"href":"https:\/\/blogsaverroes.juntadeandalucia.es\/ceipfernandofeliu\/wp-json\/wp\/v2\/types\/page"}],"author":[{"embeddable":true,"href":"https:\/\/blogsaverroes.juntadeandalucia.es\/ceipfernandofeliu\/wp-json\/wp\/v2\/users\/4234"}],"replies":[{"embeddable":true,"href":"https:\/\/blogsaverroes.juntadeandalucia.es\/ceipfernandofeliu\/wp-json\/wp\/v2\/comments?post=3390"}],"version-history":[{"count":16,"href":"https:\/\/blogsaverroes.juntadeandalucia.es\/ceipfernandofeliu\/wp-json\/wp\/v2\/pages\/3390\/revisions"}],"predecessor-version":[{"id":3654,"href":"https:\/\/blogsaverroes.juntadeandalucia.es\/ceipfernandofeliu\/wp-json\/wp\/v2\/pages\/3390\/revisions\/3654"}],"wp:attachment":[{"href":"https:\/\/blogsaverroes.juntadeandalucia.es\/ceipfernandofeliu\/wp-json\/wp\/v2\/media?parent=3390"}],"curies":[{"name":"wp","href":"https:\/\/api.w.org\/{rel}","templated":true}]}}