{"id":432,"date":"2015-03-20T07:07:25","date_gmt":"2015-03-20T07:07:25","guid":{"rendered":"http:\/\/blogsaverroes.juntadeandalucia.es\/pre\/ceip\/?page_id=432"},"modified":"2023-02-22T10:46:54","modified_gmt":"2023-02-22T09:46:54","slug":"ed-primaria-2o-ciclo","status":"publish","type":"page","link":"https:\/\/blogsaverroes.juntadeandalucia.es\/ceipfernandofeliu\/ed-primaria-2o-ciclo\/","title":{"rendered":"Ed. Primaria. 2\u00ba ciclo"},"content":{"rendered":"<p><img loading=\"lazy\" decoding=\"async\" class=\"wp-image-1616 aligncenter\" src=\"http:\/\/blogsaverroes.juntadeandalucia.es\/ceipfernandofeliu\/files\/2015\/03\/educacion2-300x255.jpg\" alt=\"educacion2\" width=\"368\" height=\"313\" srcset=\"https:\/\/blogsaverroes.juntadeandalucia.es\/ceipfernandofeliu\/files\/2015\/03\/educacion2-300x255.jpg 300w, https:\/\/blogsaverroes.juntadeandalucia.es\/ceipfernandofeliu\/files\/2015\/03\/educacion2.jpg 640w\" sizes=\"(max-width: 368px) 100vw, 368px\" \/><\/p>\n<p>&nbsp;<\/p>\n<p>&nbsp;<\/p>\n<h4 style=\"text-align: center\"><span style=\"color: #333399\">\u00c1REA DE LENGUA CASTELLANA Y LITERATURA<\/span><\/h4>\n<h4 style=\"text-align: center\"><span style=\"color: #333399\">CONTENIDOS<\/span><\/h4>\n<p>&nbsp;<\/p>\n<p style=\"text-align: left\"><strong>Bloque 1: \u201cComunicaci\u00f3n oral: hablar y escuchar.\u201d<\/strong><\/p>\n<p style=\"text-align: left\">1.1. Situaciones de comunicaci\u00f3n, espont\u00e1neas o dirigidas, utilizando un discurso ordenado y coherente: asambleas, conversaciones y di\u00e1logos reales o simulados as\u00ed como coloquios sobre temas escolares.<br \/>\n1.2. Expresi\u00f3n, interpretaci\u00f3n y diferenciaci\u00f3n de mensajes verbales y no verbales. Utilizaci\u00f3n de estrategias de comprensi\u00f3n de mensajes orales: atenci\u00f3n, retenci\u00f3n, anticipaci\u00f3n del contenido y de la situaci\u00f3n mediante el contexto, identificaci\u00f3n de las ideas principales y secundarias, intenci\u00f3n del hablante, formulaci\u00f3n de hip\u00f3tesis sobre significado, contenido y contexto a partir del an\u00e1lisis de elementos significativos ling\u00fc\u00edsticos y paraling\u00fc\u00edsticos (modulaci\u00f3n y tono de la voz, gestualidad, lenguaje corporal y postural.<br \/>\n1.3. Estrategias y normas para el intercambio comunicativo: escuchar atentamente, mirar al interlocutor, respetar las intervenciones y normas de cortes\u00eda, sentimientos y experiencias de los dem\u00e1s.<br \/>\n1.4. Expresi\u00f3n y reproducci\u00f3n de textos orales literarios y no literarios: narrativos (situaciones o experiencias personales, an\u00e9cdotas, chistes, cuentos, trabalenguas, relatos de acontecimientos), descriptivos (descripciones de personas, animales, objetos, lugares, im\u00e1genes, etc.), expositivos (formulaci\u00f3n de preguntas para entrevistas, definici\u00f3n de conceptos, presentaciones de temas trabajados en clase); instructivos (reglas de juegos, instrucciones para realizar trabajos, para orientarse en un plano, de funcionamiento de aparatos, as\u00ed como para resolver problemas); argumentativos (discusiones, debates, asambleas); predictivos, etc.<br \/>\n1.5. Reproducci\u00f3n de cuentos y otros textos breves y sencillos escuchados en diferentes formatos, respetando la entonaci\u00f3n, pausas, modulaci\u00f3n de la voz, etc.<br \/>\n1.6. Comprensi\u00f3n, interpretaci\u00f3n y valoraci\u00f3n de textos orales literarios o no literarios, con finalidad did\u00e1ctica y de uso cotidiano procedentes de la radio, televisi\u00f3n y pr\u00f3ximos a su experiencia y que resulten significativos en su entorno.<br \/>\n1.7. Producci\u00f3n de textos orales propios de los medios de comunicaci\u00f3n social (noticias, anuncios publicitarios e identificaci\u00f3n del uso de expresiones de car\u00e1cter sexista evitando su uso.<br \/>\n1.8. Dramatizaciones breves y sencillas de textos orales adaptados a su desarrollo madurativo y de producciones propias.<\/p>\n<p style=\"text-align: left\"><span style=\"color: #333399\"><strong>Criterio de evaluaci\u00f3n CE.2.1<\/strong><\/span><\/p>\n<p style=\"text-align: left\">Participar en situaciones de comunicaci\u00f3n en el aula, reconociendo el mensaje verbal y no verbal en distintas situaciones cotidianas orales, respetando las normas de intercambio comunicativo: guardar el turno de palabra, escuchar, exponer con claridad y entonaci\u00f3n adecuada.<\/p>\n<p style=\"text-align: left\">(Extra\u00eddo de la<a title=\"Orden 17\/03\/2015\" href=\"http:\/\/www.adideandalucia.es\/normas\/ordenes\/Orden17marzo2015CurriculoPrimaria.pdf\" target=\"_blank\" rel=\"noopener noreferrer\"> Orden de 17 de marzo de 2015<\/a>, por la que se desarrolla el curr\u00edculo correspondiente a la educaci\u00f3n Primaria en Andaluc\u00eda)<\/p>\n","protected":false},"excerpt":{"rendered":"<p>&#46;&#46;&#46;<\/p>\n","protected":false},"author":1,"featured_media":0,"parent":0,"menu_order":0,"comment_status":"closed","ping_status":"open","template":"","meta":{"ngg_post_thumbnail":0,"footnotes":"","_mc_calendar":[]},"aioseo_notices":[],"_links":{"self":[{"href":"https:\/\/blogsaverroes.juntadeandalucia.es\/ceipfernandofeliu\/wp-json\/wp\/v2\/pages\/432"}],"collection":[{"href":"https:\/\/blogsaverroes.juntadeandalucia.es\/ceipfernandofeliu\/wp-json\/wp\/v2\/pages"}],"about":[{"href":"https:\/\/blogsaverroes.juntadeandalucia.es\/ceipfernandofeliu\/wp-json\/wp\/v2\/types\/page"}],"author":[{"embeddable":true,"href":"https:\/\/blogsaverroes.juntadeandalucia.es\/ceipfernandofeliu\/wp-json\/wp\/v2\/users\/1"}],"replies":[{"embeddable":true,"href":"https:\/\/blogsaverroes.juntadeandalucia.es\/ceipfernandofeliu\/wp-json\/wp\/v2\/comments?post=432"}],"version-history":[{"count":14,"href":"https:\/\/blogsaverroes.juntadeandalucia.es\/ceipfernandofeliu\/wp-json\/wp\/v2\/pages\/432\/revisions"}],"predecessor-version":[{"id":3124,"href":"https:\/\/blogsaverroes.juntadeandalucia.es\/ceipfernandofeliu\/wp-json\/wp\/v2\/pages\/432\/revisions\/3124"}],"wp:attachment":[{"href":"https:\/\/blogsaverroes.juntadeandalucia.es\/ceipfernandofeliu\/wp-json\/wp\/v2\/media?parent=432"}],"curies":[{"name":"wp","href":"https:\/\/api.w.org\/{rel}","templated":true}]}}