{"id":49,"date":"2015-03-13T08:47:05","date_gmt":"2015-03-13T08:47:05","guid":{"rendered":"http:\/\/blogsaverroes.juntadeandalucia.es\/pre\/ceip\/?page_id=49"},"modified":"2026-03-19T00:31:13","modified_gmt":"2026-03-18T23:31:13","slug":"plan-centro","status":"publish","type":"page","link":"https:\/\/blogsaverroes.juntadeandalucia.es\/ceipfernandofeliu\/plan-centro\/","title":{"rendered":"PLAN DE CENTRO CEIP Fernando Feli\u00fa"},"content":{"rendered":"<p style=\"text-align: center\">&nbsp;<\/p>\n<p style=\"text-align: center\"><a href=\"https:\/\/drive.google.com\/file\/d\/1TrEvoVAW1fmOfrYCFHfhcjkZOJd7ppxO\/view?usp=sharing\"><img loading=\"lazy\" decoding=\"async\" class=\"alignnone wp-image-1662 size-medium\" src=\"https:\/\/blogsaverroes.juntadeandalucia.es\/ceipfernandofeliu\/files\/2015\/03\/proyecto-300x266.png\" alt=\"proyecto\" width=\"300\" height=\"266\" srcset=\"https:\/\/blogsaverroes.juntadeandalucia.es\/ceipfernandofeliu\/files\/2015\/03\/proyecto-300x266.png 300w, https:\/\/blogsaverroes.juntadeandalucia.es\/ceipfernandofeliu\/files\/2015\/03\/proyecto.png 640w\" sizes=\"(max-width: 300px) 100vw, 300px\" \/><\/a><\/p>\n<p>&nbsp;<\/p>\n<p style=\"text-align: center\">Un centro se define en gran medida por su <strong>Plan de centro<\/strong>. En \u00e9l se plasma el modelo educativo y la concreci\u00f3n de la normativa que un centro realiza respecto a las ense\u00f1anzas que imparte. Aspectos tales como las finales educativas, objetivos, atenci\u00f3n a la diversidad, etc.<\/p>\n<p style=\"text-align: center\">Que la web de un centro informe de su Plan de centro es una apuesta clara por la <strong>transparencia<\/strong>.<\/p>\n<p style=\"text-align: center\">Desde aqu\u00ed, una vez aprobado, tendremos acceso al Plan de Mejora y formaci\u00f3n 2025\/2026, pinchando en el siguiente enlace:<\/p>\n<p style=\"text-align: center\"><a href=\"https:\/\/blogsaverroes.juntadeandalucia.es\/ceipfernandofeliu\/files\/2025\/10\/03.-PLAN-DE-MEJORA-25-26-FF.pdf\" target=\"_blank\" rel=\"noopener\">PLAN DE MEJORA 25 26<\/a><\/p>\n<p style=\"text-align: center\">Para conocer el Plan de Centro pod\u00e9is usar los siguientes enlaces:<\/p>\n<p style=\"text-align: center\"><strong>PLAN DE CENTRO:<\/strong><\/p>\n<p style=\"text-align: center\"><a href=\"https:\/\/blogsaverroes.juntadeandalucia.es\/ceipfernandofeliu\/files\/2026\/03\/Proyecto-educativo-FF-ok.pdf\" target=\"_blank\" rel=\"noopener\">Proyecto educativo<\/a><\/p>\n<p style=\"text-align: center\"><a href=\"https:\/\/drive.google.com\/file\/d\/1XIvH32gub_U4rY21r14gYK-sl_X1bqS_\/view?usp=sharing\" target=\"_blank\" rel=\"noopener\">Reglamento de organizaci\u00f3n y funcionamiento (ROF)<\/a><\/p>\n<p style=\"text-align: center\"><a href=\"https:\/\/drive.google.com\/file\/d\/1YYhEKXpuqTmGJf4iueVjdIU_jxBVdNRT\/view?usp=sharing\" target=\"_blank\" rel=\"noopener noreferrer\">Proyecto de gesti\u00f3n<\/a><\/p>\n","protected":false},"excerpt":{"rendered":"<p>&#46;&#46;&#46;<\/p>\n","protected":false},"author":1,"featured_media":0,"parent":0,"menu_order":0,"comment_status":"closed","ping_status":"open","template":"","meta":{"ngg_post_thumbnail":0,"footnotes":"","_mc_calendar":[]},"aioseo_notices":[],"_links":{"self":[{"href":"https:\/\/blogsaverroes.juntadeandalucia.es\/ceipfernandofeliu\/wp-json\/wp\/v2\/pages\/49"}],"collection":[{"href":"https:\/\/blogsaverroes.juntadeandalucia.es\/ceipfernandofeliu\/wp-json\/wp\/v2\/pages"}],"about":[{"href":"https:\/\/blogsaverroes.juntadeandalucia.es\/ceipfernandofeliu\/wp-json\/wp\/v2\/types\/page"}],"author":[{"embeddable":true,"href":"https:\/\/blogsaverroes.juntadeandalucia.es\/ceipfernandofeliu\/wp-json\/wp\/v2\/users\/1"}],"replies":[{"embeddable":true,"href":"https:\/\/blogsaverroes.juntadeandalucia.es\/ceipfernandofeliu\/wp-json\/wp\/v2\/comments?post=49"}],"version-history":[{"count":32,"href":"https:\/\/blogsaverroes.juntadeandalucia.es\/ceipfernandofeliu\/wp-json\/wp\/v2\/pages\/49\/revisions"}],"predecessor-version":[{"id":3662,"href":"https:\/\/blogsaverroes.juntadeandalucia.es\/ceipfernandofeliu\/wp-json\/wp\/v2\/pages\/49\/revisions\/3662"}],"wp:attachment":[{"href":"https:\/\/blogsaverroes.juntadeandalucia.es\/ceipfernandofeliu\/wp-json\/wp\/v2\/media?parent=49"}],"curies":[{"name":"wp","href":"https:\/\/api.w.org\/{rel}","templated":true}]}}