{"id":77,"date":"2015-03-16T06:54:56","date_gmt":"2015-03-16T06:54:56","guid":{"rendered":"http:\/\/blogsaverroes.juntadeandalucia.es\/pre\/ceip\/?page_id=77"},"modified":"2025-10-23T06:37:44","modified_gmt":"2025-10-23T05:37:44","slug":"secretaria","status":"publish","type":"page","link":"https:\/\/blogsaverroes.juntadeandalucia.es\/ceipfernandofeliu\/secretaria\/","title":{"rendered":"Secretar\u00eda"},"content":{"rendered":"<p style=\"text-align: center\"><span style=\"color: #333333\">La <strong>Secretar\u00eda<\/strong> desarrolla muchas funciones importantes en la vida de un centro, especialmente en la relaci\u00f3n que mantiene con las familias en los diferentes tr\u00e1mites administrativos a lo largo de la escolarizaci\u00f3n: admisi\u00f3n, matr\u00edcula, comedor escolar, becas, etc.<\/span><\/p>\n<h4>&nbsp;<\/h4>\n<h4 style=\"text-align: center\"><span style=\"color: #333399\">HORARIO DE SECRETAR\u00cdA:<\/span><\/h4>\n<p style=\"text-align: center\"><span style=\"color: #333333\">LUNES, MI\u00c9RCOLES Y VIERNES DE 9:30 A 11:00<\/span><\/p>\n<p style=\"text-align: center\"><span style=\"color: #333399\"><span style=\"color: #333333\">La petici\u00f3n de informaci\u00f3n y cita previa, se har\u00e1&nbsp; a trav\u00e9s del correo: <\/span><\/span><a href=\"mailto:citaprevia9.30a11@gmail.com\"><span style=\"color: #333399\"><strong>citaprevia9.30a11@gmail.com<\/strong><\/span><\/a><\/p>\n<p style=\"text-align: center\">Para <strong>petici\u00f3n y registro de documentaci\u00f3n<\/strong>, altas y bajas en <strong>servicios del centro<\/strong> se debe usar:<\/p>\n<p style=\"text-align: center\">1.- La (Secretar\u00eda virtual) Presentaci\u00f3n Electr\u00f3nica General en <a href=\"https:\/\/www.juntadeandalucia.es\/educacion\/secretariavirtual\/accesoTramite\/462\/\" target=\"_blank\" rel=\"noopener\">Centros Educativos<\/a><\/p>\n<p style=\"text-align: center\">2.- Realizarlo de forma presencial en la secretar\u00eda del centro en el horario antes descrito.&nbsp;&nbsp;<\/p>\n<p style=\"text-align: center\">&nbsp;<\/p>\n<h4 style=\"text-align: center\"><span style=\"color: #333399\">CALENDARIO ESCOLAR PROVINCIAL<\/span><\/h4>\n<h4 style=\"text-align: center\"><a href=\"https:\/\/blogsaverroes.juntadeandalucia.es\/ceipfernandofeliu\/files\/2025\/07\/CALENDARIO-25_26F-1.pdf\" target=\"_blank\" rel=\"noopener\">CALENDARIO ESCOLAR 25_26<\/a><\/h4>\n<h4 style=\"text-align: center\"><span style=\"color: #333399\">DOCUMENTOS E IMPRESOS<\/span><\/h4>\n<p>Desde esta p\u00e1gina tendr\u00e1 la oportunidad de rellenar e imprimir impresos que deber\u00e1 entregar en la Secretar\u00eda del Centro para su gesti\u00f3n. Para bajarlos, pinche sobre el icono correspondiente. Para poder verlos necesita de Adobe Reader.<\/p>\n<ul>\n<li><a href=\"https:\/\/blogsaverroes.juntadeandalucia.es\/ceipfernandofeliu\/files\/2023\/09\/Anexo_II._Inscripcion_en_los_Servicios_de_AM_CE_y_AAEX.pdf\" target=\"_blank\" rel=\"noopener noreferrer\">Solicitud de Comedor Escolar, Aula Matinal y Actividades Extraescolares<\/a>.(Rellenable). Entregar entre el 1 y 8 de junio de cada curso escolar. Preferiblemente realizar por la secretar\u00eda virtual. En caso de realizar presencial, una vez rellena, impr\u00edmala y entr\u00e9guela en la secretar\u00eda del Centro. Ser\u00eda conveniente que la impresi\u00f3n fuera en un solo folio por delante y por detr\u00e1s. No olviden que deber\u00e1n rellenar, imprimir y entregar en Secretaria el Anexo V (Solicitud de subvenci\u00f3n) si creen que tienen derecho a subvenci\u00f3n.<\/li>\n<li><a href=\"https:\/\/blogsaverroes.juntadeandalucia.es\/ceipfernandofeliu\/files\/2023\/09\/Solicitud-bonificacion.pdf\">Solicitud de subvenci\u00f3n para Comedor Escolar, Aula Matinal y\/o Actividades Extraescolares<\/a>. Anexo V. (Rellenable) . Se debe entregar en la Secretar\u00eda del Centro entre el 1 y el 9 de septiembre.<\/li>\n<\/ul>\n","protected":false},"excerpt":{"rendered":"<p>&#46;&#46;&#46;<\/p>\n","protected":false},"author":1,"featured_media":0,"parent":0,"menu_order":0,"comment_status":"closed","ping_status":"open","template":"","meta":{"ngg_post_thumbnail":0,"footnotes":"","_mc_calendar":[]},"aioseo_notices":[],"_links":{"self":[{"href":"https:\/\/blogsaverroes.juntadeandalucia.es\/ceipfernandofeliu\/wp-json\/wp\/v2\/pages\/77"}],"collection":[{"href":"https:\/\/blogsaverroes.juntadeandalucia.es\/ceipfernandofeliu\/wp-json\/wp\/v2\/pages"}],"about":[{"href":"https:\/\/blogsaverroes.juntadeandalucia.es\/ceipfernandofeliu\/wp-json\/wp\/v2\/types\/page"}],"author":[{"embeddable":true,"href":"https:\/\/blogsaverroes.juntadeandalucia.es\/ceipfernandofeliu\/wp-json\/wp\/v2\/users\/1"}],"replies":[{"embeddable":true,"href":"https:\/\/blogsaverroes.juntadeandalucia.es\/ceipfernandofeliu\/wp-json\/wp\/v2\/comments?post=77"}],"version-history":[{"count":26,"href":"https:\/\/blogsaverroes.juntadeandalucia.es\/ceipfernandofeliu\/wp-json\/wp\/v2\/pages\/77\/revisions"}],"predecessor-version":[{"id":3641,"href":"https:\/\/blogsaverroes.juntadeandalucia.es\/ceipfernandofeliu\/wp-json\/wp\/v2\/pages\/77\/revisions\/3641"}],"wp:attachment":[{"href":"https:\/\/blogsaverroes.juntadeandalucia.es\/ceipfernandofeliu\/wp-json\/wp\/v2\/media?parent=77"}],"curies":[{"name":"wp","href":"https:\/\/api.w.org\/{rel}","templated":true}]}}