{"id":870,"date":"2015-03-16T07:24:27","date_gmt":"2015-03-16T07:24:27","guid":{"rendered":"http:\/\/blogsaverroes.juntadeandalucia.es\/pre\/ceip\/?page_id=103"},"modified":"2025-11-10T09:12:55","modified_gmt":"2025-11-10T08:12:55","slug":"aula-matinal","status":"publish","type":"page","link":"https:\/\/blogsaverroes.juntadeandalucia.es\/ceipfernandofeliu\/aula-matinal\/","title":{"rendered":"Aula Matinal"},"content":{"rendered":"<h4 style=\"text-align: center\"><span style=\"color: #333399\">Informaci\u00f3n sobre Aula Matinal<\/span><\/h4>\n<p style=\"text-align: center\"><a href=\"https:\/\/blogsaverroes.juntadeandalucia.es\/ceipfernandofeliu\/files\/2025\/09\/aula-matinal-25-26.pdf\" target=\"_blank\" rel=\"noopener\">Aula matinal 2025 -2026<\/a><\/p>\n<p style=\"text-align: center\">El <strong>Aula Matinal<\/strong> comienza a las 7.30 horas de lunes a viernes, recepcionando al alumnado hasta las 8:45, ofreciendo actividades diversas a los estudiantes hasta el comienzo del horario lectivo.<\/p>\n<p style=\"text-align: center\">Puede utilizarse cualquier d\u00eda previa inscripci\u00f3n y domiciliaci\u00f3n bancaria.<\/p>\n<p style=\"text-align: center\">Lugar:&nbsp;<strong>PUA para el alumnado de infantil a 3\u00ba de Primaria y en el edificio de la Estaci\u00f3n para el alumnado de 4\u00ba a 6\u00ba.<\/strong><\/p>\n<p style=\"text-align: center\">Desc\u00e1rgate el formulario, rell\u00e9nalo y&nbsp;entr\u00e9galo en la secretar\u00eda del Colegio.<\/p>\n<p>Los&nbsp;<strong>precios<\/strong>&nbsp;de los servicios complementarios de&nbsp;<em>Aula Matinal, Comedor Escolar y Actividades Extraescolares<\/em>, impuestos incluidos y sin tener en cuenta la bonificaci\u00f3n que les pudiera corresponder son los siguientes seg\u00fan el Consejo de Gobierno, a continuaci\u00f3n se detallan:<\/p>\n<ul>\n<li><strong>Servicio de aula matinal:<\/strong><\/li>\n<\/ul>\n<p>\u2013 Precio mensual: precio sin bonificaci\u00f3n aplicada es de 17,51\u20ac al mes por alumno\/a.<\/p>\n<p>\u2013 Precio por d\u00eda: 1,33\u20ac sin bonificaci\u00f3n aplicada.<\/p>\n<p><em>*Estas cantidades son meramente informativas y podr\u00e1n ser actualizadas por lo aprobado por la Consejer\u00eda de Educaci\u00f3n que ser\u00e1 la que marque el precio oficial.<\/em><\/p>\n<ul>\n<li><strong>Empresa que lleva el servicio: <a href=\"https:\/\/www.auladeocio.com\/\" target=\"_blank\" rel=\"noopener\"><span style=\"color: #0000ff\">Aula de ocio<\/span><\/a><\/strong><\/li>\n<\/ul>\n<p>&nbsp; &nbsp; &nbsp;\u2013 Contacto: 954001666\/ 666560845&nbsp; &nbsp; &nbsp; &nbsp; &nbsp; correo@auladeocio.com&nbsp; &nbsp; &nbsp; &nbsp; &nbsp; &nbsp; &nbsp; &nbsp; C\/ Virgen de la Cinta 39, 41011 Sevilla<\/p>\n<p>&nbsp;<\/p>\n<p>&nbsp;<\/p>\n","protected":false},"excerpt":{"rendered":"<p>&#46;&#46;&#46;<\/p>\n","protected":false},"author":1,"featured_media":0,"parent":0,"menu_order":0,"comment_status":"closed","ping_status":"open","template":"","meta":{"ngg_post_thumbnail":0,"footnotes":"","_mc_calendar":[]},"aioseo_notices":[],"_links":{"self":[{"href":"https:\/\/blogsaverroes.juntadeandalucia.es\/ceipfernandofeliu\/wp-json\/wp\/v2\/pages\/870"}],"collection":[{"href":"https:\/\/blogsaverroes.juntadeandalucia.es\/ceipfernandofeliu\/wp-json\/wp\/v2\/pages"}],"about":[{"href":"https:\/\/blogsaverroes.juntadeandalucia.es\/ceipfernandofeliu\/wp-json\/wp\/v2\/types\/page"}],"author":[{"embeddable":true,"href":"https:\/\/blogsaverroes.juntadeandalucia.es\/ceipfernandofeliu\/wp-json\/wp\/v2\/users\/1"}],"replies":[{"embeddable":true,"href":"https:\/\/blogsaverroes.juntadeandalucia.es\/ceipfernandofeliu\/wp-json\/wp\/v2\/comments?post=870"}],"version-history":[{"count":18,"href":"https:\/\/blogsaverroes.juntadeandalucia.es\/ceipfernandofeliu\/wp-json\/wp\/v2\/pages\/870\/revisions"}],"predecessor-version":[{"id":3650,"href":"https:\/\/blogsaverroes.juntadeandalucia.es\/ceipfernandofeliu\/wp-json\/wp\/v2\/pages\/870\/revisions\/3650"}],"wp:attachment":[{"href":"https:\/\/blogsaverroes.juntadeandalucia.es\/ceipfernandofeliu\/wp-json\/wp\/v2\/media?parent=870"}],"curies":[{"name":"wp","href":"https:\/\/api.w.org\/{rel}","templated":true}]}}