{"id":99,"date":"2015-03-16T07:22:54","date_gmt":"2015-03-16T07:22:54","guid":{"rendered":"http:\/\/blogsaverroes.juntadeandalucia.es\/pre\/ceip\/?page_id=99"},"modified":"2025-10-31T07:55:15","modified_gmt":"2025-10-31T06:55:15","slug":"comedor-escolar","status":"publish","type":"page","link":"https:\/\/blogsaverroes.juntadeandalucia.es\/ceipfernandofeliu\/comedor-escolar\/","title":{"rendered":"Comedor escolar"},"content":{"rendered":"<h4 style=\"text-align: center\"><span style=\"color: #333399\">Informaci\u00f3n sobre el comedor escolar<\/span><\/h4>\n<p style=\"text-align: center\">Los comedores escolares son un servicio complementario que resulta de gran utilidad a padres y madres para ayudarles a&nbsp;conciliar la vida laboral y familiar. Tienen una duraci\u00f3n de hasta dos horas desde que acaba la jornada escolar de la ma\u00f1ana (de 14.00 a 16.00 horas).<\/p>\n<p style=\"text-align: center\">Los comedores son adem\u00e1s una pieza importante&nbsp;en todas las medidas dirigidas a mejorar los h\u00e1bitos alimenticios de los ni\u00f1os y ni\u00f1as y prevenir problemas de salud como la obesidad.<\/p>\n<p>Desde <strong>marzo de 2025<\/strong> una <strong>nueva empresa <\/strong>&nbsp;gestiona el comedor. <strong>Mediterr\u00e1nea de Catering<\/strong> es la empresa concesionaria del servicio del comedor del&nbsp;<strong>CEIP Fernando Feli\u00fa <\/strong>seg\u00fan la licitaci\u00f3n que sac\u00f3 la APAE (Agencia P\u00fablica andaluza de Educaci\u00f3n).<\/p>\n<p>Cualquier duda que teng\u00e1is como usuarios\/as pod\u00e9is remitirla a:&nbsp;<a href=\"mailto:administracion.sevilla@mediterranea-group.com\">administracion.sevilla@mediterranea-group.com<\/a><\/p>\n<p>Las familias podr\u00e1n registrarse en la web de familias para poder notificar dichas ausencias, consultar recibos, visualizar el men\u00fa\u2026..<br \/>\n<a href=\"http:\/\/andalucia.mediterranea-group.com\/\" target=\"_blank\" rel=\"noopener\">http:\/\/andalucia.mediterranea-group.com\/<\/a><br \/>\nPara poder registrarse en la web, el usuario debe tener registrado un correo electr\u00f3nico en la ficha del alumno. Si no puede registrarse correctamente contacte con nosotros a trav\u00e9s del mail para subsanar la incidencia.<\/p>\n<p><strong>M\u00e1s informaci\u00f3n<\/strong> sobre la empresa del comedor: &nbsp;<a href=\"https:\/\/blogsaverroes.juntadeandalucia.es\/ceipfernandofeliu\/files\/2025\/09\/comedor-25-26.pdf\" target=\"_blank\" rel=\"noopener\">Presentaci\u00f3n_y_normas<\/a><\/p>\n<p>Los&nbsp;<strong>precios<\/strong>&nbsp;de los servicios complementarios de&nbsp;<em>Aula Matinal, Comedor Escolar y Actividades Extraescolares<\/em>, impuestos incluidos y sin tener en cuenta la bonificaci\u00f3n que les pudiera corresponder,&nbsp;son los que a continuaci\u00f3n se detallan:<\/p>\n<ul>\n<li><strong>Servicio de comedor escolar:<\/strong><\/li>\n<\/ul>\n<p>\u2013 El precio del men\u00fa para el curso escolar 2025-2026 es de 5,54\u20ac\/d\u00eda sin bonificaci\u00f3n.<\/p>\n<ul>\n<li><strong>Cobro del servicio de comedor curso 2025 \u2013 2026<\/strong><\/li>\n<\/ul>\n<p>Informaci\u00f3n de la empresa:<\/p>\n<p><a href=\"https:\/\/blogsaverroes.juntadeandalucia.es\/ceipfernandofeliu\/files\/2025\/10\/cobro-comedor.pdf\">Informaci\u00f3n cobro comedor 2025-2026<\/a><\/p>\n<p><em>Le informamos que el recibo del comedor correspondiente al mes de septiembre se emitir\u00e1 el pr\u00f3ximo d\u00eda 1 de noviembre. El recibo de octubre y los meses sucesivos, se emitir\u00e1n como habitualmente lo hacemos entre el 10 y el 15 de cada mes (a mes vencido).<\/em><\/p>\n<p><em>Tengan en cuenta esta informaci\u00f3n para evitar posibles devoluciones y el consiguiente recargo por devoluci\u00f3n. Cualquier incidencia generada del cobro del recibo debe remitirla a:<\/em><br \/>\n<em><a href=\"mailto:administracion.sevilla@mediterranea-group.com\" target=\"_blank\" rel=\"noopener\">administracion.sevilla@mediterranea-group.com<\/a><\/em><\/p>\n<p><em>Atentamente<\/em><\/p>\n<p><em>Departamento de administraci\u00f3n<\/em><\/p>\n","protected":false},"excerpt":{"rendered":"<p>&#46;&#46;&#46;<\/p>\n","protected":false},"author":1,"featured_media":0,"parent":0,"menu_order":0,"comment_status":"closed","ping_status":"open","template":"","meta":{"ngg_post_thumbnail":0,"footnotes":"","_mc_calendar":[]},"aioseo_notices":[],"_links":{"self":[{"href":"https:\/\/blogsaverroes.juntadeandalucia.es\/ceipfernandofeliu\/wp-json\/wp\/v2\/pages\/99"}],"collection":[{"href":"https:\/\/blogsaverroes.juntadeandalucia.es\/ceipfernandofeliu\/wp-json\/wp\/v2\/pages"}],"about":[{"href":"https:\/\/blogsaverroes.juntadeandalucia.es\/ceipfernandofeliu\/wp-json\/wp\/v2\/types\/page"}],"author":[{"embeddable":true,"href":"https:\/\/blogsaverroes.juntadeandalucia.es\/ceipfernandofeliu\/wp-json\/wp\/v2\/users\/1"}],"replies":[{"embeddable":true,"href":"https:\/\/blogsaverroes.juntadeandalucia.es\/ceipfernandofeliu\/wp-json\/wp\/v2\/comments?post=99"}],"version-history":[{"count":22,"href":"https:\/\/blogsaverroes.juntadeandalucia.es\/ceipfernandofeliu\/wp-json\/wp\/v2\/pages\/99\/revisions"}],"predecessor-version":[{"id":3648,"href":"https:\/\/blogsaverroes.juntadeandalucia.es\/ceipfernandofeliu\/wp-json\/wp\/v2\/pages\/99\/revisions\/3648"}],"wp:attachment":[{"href":"https:\/\/blogsaverroes.juntadeandalucia.es\/ceipfernandofeliu\/wp-json\/wp\/v2\/media?parent=99"}],"curies":[{"name":"wp","href":"https:\/\/api.w.org\/{rel}","templated":true}]}}