{"id":1292,"date":"2024-04-10T12:46:19","date_gmt":"2024-04-10T11:46:19","guid":{"rendered":"https:\/\/blogsaverroes.juntadeandalucia.es\/ceipfernandogavilan\/?page_id=1292"},"modified":"2025-03-08T13:18:56","modified_gmt":"2025-03-08T12:18:56","slug":"centro-bilingue-desde-2005","status":"publish","type":"page","link":"https:\/\/blogsaverroes.juntadeandalucia.es\/ceipfernandogavilan\/centro-bilingue-desde-2005\/","title":{"rendered":"Centro biling\u00fce desde 2005"},"content":{"rendered":"<p><img loading=\"lazy\" decoding=\"async\" class=\"size-full wp-image-1295 aligncenter\" src=\"https:\/\/blogsaverroes.juntadeandalucia.es\/ceipfernandogavilan\/files\/2024\/04\/cabecera-biling\u00fce.jpg\" alt=\"\" width=\"1024\" height=\"213\" srcset=\"https:\/\/blogsaverroes.juntadeandalucia.es\/ceipfernandogavilan\/files\/2024\/04\/cabecera-biling\u00fce.jpg 1024w, https:\/\/blogsaverroes.juntadeandalucia.es\/ceipfernandogavilan\/files\/2024\/04\/cabecera-biling\u00fce-300x62.jpg 300w, https:\/\/blogsaverroes.juntadeandalucia.es\/ceipfernandogavilan\/files\/2024\/04\/cabecera-biling\u00fce-768x160.jpg 768w, https:\/\/blogsaverroes.juntadeandalucia.es\/ceipfernandogavilan\/files\/2024\/04\/cabecera-biling\u00fce-980x204.jpg 980w, https:\/\/blogsaverroes.juntadeandalucia.es\/ceipfernandogavilan\/files\/2024\/04\/cabecera-biling\u00fce-480x100.jpg 480w\" sizes=\"(max-width: 1024px) 100vw, 1024px\" \/><\/p>\n<p style=\"text-align: center\"><iframe loading=\"lazy\" src=\"\/\/www.youtube.com\/embed\/3aCg7EzIi7o\" width=\"560\" height=\"314\"><\/iframe><a title=\"Fotos Dylan\" href=\"https:\/\/blogsaverroes.juntadeandalucia.es\/ceipfernandogavilan\/files\/2024\/06\/montaje-fotos-Dylan-scaled.jpg\" target=\"_blank\" rel=\"noopener\"><img loading=\"lazy\" decoding=\"async\" class=\"size-medium wp-image-1547 aligncenter\" src=\"https:\/\/blogsaverroes.juntadeandalucia.es\/ceipfernandogavilan\/files\/2024\/06\/montaje-fotos-Dylan-300x300.jpg\" alt=\"\" width=\"300\" height=\"300\"><\/a><\/p>\n<p>English:<\/p>\n<p>Ubrique is a charming town with approximately 16,000 inhabitants. The people here are known for being very open and friendly, which makes integration easy and your stay enjoyable. The town has all kinds of services and sports facilities for you to enjoy in your free time. Additionally, there are other conversation assistants and natives from English-speaking countries working in academies, creating an active and welcoming international community.<span class=\"Apple-converted-space\">&nbsp;<\/span><\/p>\n<p>CEIP Fernando Gavil\u00e1n offers the teaching of the Natural and Social Sciences subject in two languages (Spanish and English) with the aim of helping students acquire foreign language proficiency. We aspire to a language immersion model through constant exposure and the active use of both languages in the school environment. In this way, we seek to develop skills and competencies that will provide our students with academic and professional advantages in the future.<\/p>\n<p>&nbsp;<\/p>\n<p>Espa\u00f1ol:<\/p>\n<p>Ubrique es un encantador pueblo con aproximadamente 16.000 habitantes. Su gente se caracteriza por ser muy abierta y amable, lo que facilita la integraci\u00f3n y hace que la estancia aqu\u00ed sea agradable. La localidad cuenta con todo tipo de servicios e instalaciones deportivas para disfrutar en el tiempo libre. Adem\u00e1s, hay otros auxiliares de conversaci\u00f3n y personas nativas de pa\u00edses de habla inglesa trabajando en academias, lo que crea una comunidad internacional activa y acogedora.<\/p>\n<p>El CEIP Fernando Gavil\u00e1n ofrece la ense\u00f1anza del \u00e1rea de Conocimiento del Medio en dos idiomas (espa\u00f1ol e ingl\u00e9s) con el objetivo de que los estudiantes adquieran competencia en lengua extranjera. Aspiramos a un modelo de inmersi\u00f3n ling\u00fc\u00edstica a trav\u00e9s de la exposici\u00f3n constante y el uso activo de ambas lenguas en el entorno escolar. De esta forma, buscamos el desarrollo de competencias y habilidades que ofrezca a nuestro alumnado ventajas acad\u00e9micas y laborales en el futuro.<\/p>\n<p>Cada a\u00f1o contamos con un auxiliar de conversaci\u00f3n.<\/p>\n<p>En el curso 2024\/2024 nos acompa\u00f1a PARIS NOVELL FITZGERALD.<\/p>\n<p><img loading=\"lazy\" decoding=\"async\" class=\"aligncenter size-large wp-image-2982\" src=\"https:\/\/blogsaverroes.juntadeandalucia.es\/ceipfernandogavilan\/files\/2025\/03\/P1-1024x768.jpeg\" alt=\"\" width=\"1024\" height=\"768\" srcset=\"https:\/\/blogsaverroes.juntadeandalucia.es\/ceipfernandogavilan\/files\/2025\/03\/P1-980x735.jpeg 980w, https:\/\/blogsaverroes.juntadeandalucia.es\/ceipfernandogavilan\/files\/2025\/03\/P1-480x360.jpeg 480w\" sizes=\"(min-width: 0px) and (max-width: 480px) 480px, (min-width: 481px) and (max-width: 980px) 980px, (min-width: 981px) 1024px, 100vw\" \/><\/p>\n<p>Aqu\u00ed tienes un enlace a su presentaci\u00f3n:&nbsp;<\/p>\n<p><a href=\"https:\/\/drive.google.com\/file\/d\/1NrpIY6OBhRk964pl-A9cz6mD78oLzpmr\/view?usp=drive_link\" target=\"_blank\" rel=\"noopener\">Presentaci\u00f3n de PARIS NOVELL<\/a><\/p>\n<p>En el curso 2023\/2024 nos acompa\u00f1\u00f3 DYLAN BENJAMIN SIAO.<\/p>\n<p style=\"text-align: center\"><iframe loading=\"lazy\" src=\"\/\/www.youtube.com\/embed\/y-xFR7VegGQ\" width=\"560\" height=\"314\"><\/iframe><\/p>\n<p>ngg_shortcode_0_placeholder<img loading=\"lazy\" decoding=\"async\" class=\"size-full wp-image-1546 aligncenter\" src=\"https:\/\/blogsaverroes.juntadeandalucia.es\/ceipfernandogavilan\/files\/2024\/06\/fondo-social-europeo.jpg\" alt=\"\" width=\"502\" height=\"661\" srcset=\"https:\/\/blogsaverroes.juntadeandalucia.es\/ceipfernandogavilan\/files\/2024\/06\/fondo-social-europeo.jpg 502w, https:\/\/blogsaverroes.juntadeandalucia.es\/ceipfernandogavilan\/files\/2024\/06\/fondo-social-europeo-480x632.jpg 480w\" sizes=\"(min-width: 0px) and (max-width: 480px) 480px, (min-width: 481px) 502px, 100vw\" \/><\/p>\n","protected":false},"excerpt":{"rendered":"<p>English: Ubrique is a charming town with approximately 16,000 inhabitants. The people here are known for being very open and friendly, which makes integration easy and your stay enjoyable. The town has all kinds of services and sports facilities for you to enjoy in your free time. Additionally, there are other conversation assistants and natives [&hellip;]<\/p>\n","protected":false},"author":18083,"featured_media":0,"parent":0,"menu_order":0,"comment_status":"closed","ping_status":"closed","template":"","meta":{"_et_pb_use_builder":"","_et_pb_old_content":"","_et_gb_content_width":"","ngg_post_thumbnail":0,"footnotes":""},"aioseo_notices":[],"_links":{"self":[{"href":"https:\/\/blogsaverroes.juntadeandalucia.es\/ceipfernandogavilan\/wp-json\/wp\/v2\/pages\/1292"}],"collection":[{"href":"https:\/\/blogsaverroes.juntadeandalucia.es\/ceipfernandogavilan\/wp-json\/wp\/v2\/pages"}],"about":[{"href":"https:\/\/blogsaverroes.juntadeandalucia.es\/ceipfernandogavilan\/wp-json\/wp\/v2\/types\/page"}],"author":[{"embeddable":true,"href":"https:\/\/blogsaverroes.juntadeandalucia.es\/ceipfernandogavilan\/wp-json\/wp\/v2\/users\/18083"}],"replies":[{"embeddable":true,"href":"https:\/\/blogsaverroes.juntadeandalucia.es\/ceipfernandogavilan\/wp-json\/wp\/v2\/comments?post=1292"}],"version-history":[{"count":8,"href":"https:\/\/blogsaverroes.juntadeandalucia.es\/ceipfernandogavilan\/wp-json\/wp\/v2\/pages\/1292\/revisions"}],"predecessor-version":[{"id":2984,"href":"https:\/\/blogsaverroes.juntadeandalucia.es\/ceipfernandogavilan\/wp-json\/wp\/v2\/pages\/1292\/revisions\/2984"}],"wp:attachment":[{"href":"https:\/\/blogsaverroes.juntadeandalucia.es\/ceipfernandogavilan\/wp-json\/wp\/v2\/media?parent=1292"}],"curies":[{"name":"wp","href":"https:\/\/api.w.org\/{rel}","templated":true}]}}