{"id":840,"date":"2020-12-18T08:38:52","date_gmt":"2020-12-18T07:38:52","guid":{"rendered":"https:\/\/blogsaverroes.juntadeandalucia.es\/pre\/plantilla-pencil\/?page_id=840"},"modified":"2024-04-08T18:55:11","modified_gmt":"2024-04-08T17:55:11","slug":"ampa","status":"publish","type":"page","link":"https:\/\/blogsaverroes.juntadeandalucia.es\/ceipfernandogavilan\/ampa\/","title":{"rendered":"AMPA"},"content":{"rendered":"<p>[et_pb_section fb_built=&#8221;1&#8243; _builder_version=&#8221;3.23.3&#8243; custom_padding=&#8221;0px||0px|&#8221; z_index_tablet=&#8221;500&#8243; box_shadow_horizontal_tablet=&#8221;0px&#8221; box_shadow_vertical_tablet=&#8221;0px&#8221; box_shadow_blur_tablet=&#8221;40px&#8221; box_shadow_spread_tablet=&#8221;0px&#8221; global_colors_info=&#8221;{}&#8221;][et_pb_row _builder_version=&#8221;3.25&#8243; background_size=&#8221;initial&#8221; background_position=&#8221;top_left&#8221; background_repeat=&#8221;repeat&#8221; global_colors_info=&#8221;{}&#8221;][et_pb_column type=&#8221;4_4&#8243; _builder_version=&#8221;3.25&#8243; custom_padding=&#8221;|||&#8221; global_colors_info=&#8221;{}&#8221; custom_padding__hover=&#8221;|||&#8221;][et_pb_image src=&#8221;https:\/\/blogsaverroes.juntadeandalucia.es\/ceipfernandogavilan\/files\/2024\/04\/cabecera.jpg&#8221; title_text=&#8221;cabecera&#8221; admin_label=&#8221;Imagen de la portada&#8221; _builder_version=&#8221;4.14.5&#8243; hover_enabled=&#8221;0&#8243; z_index_tablet=&#8221;500&#8243; box_shadow_horizontal_tablet=&#8221;0px&#8221; box_shadow_vertical_tablet=&#8221;0px&#8221; box_shadow_blur_tablet=&#8221;40px&#8221; box_shadow_spread_tablet=&#8221;0px&#8221; global_colors_info=&#8221;{}&#8221; sticky_enabled=&#8221;0&#8243;][\/et_pb_image][et_pb_text admin_label=&#8221;Texto descriptivo&#8221; _builder_version=&#8221;4.14.5&#8243; z_index_tablet=&#8221;500&#8243; text_text_shadow_horizontal_length_tablet=&#8221;0px&#8221; text_text_shadow_vertical_length_tablet=&#8221;0px&#8221; text_text_shadow_blur_strength_tablet=&#8221;1px&#8221; link_text_shadow_horizontal_length_tablet=&#8221;0px&#8221; link_text_shadow_vertical_length_tablet=&#8221;0px&#8221; link_text_shadow_blur_strength_tablet=&#8221;1px&#8221; ul_text_shadow_horizontal_length_tablet=&#8221;0px&#8221; ul_text_shadow_vertical_length_tablet=&#8221;0px&#8221; ul_text_shadow_blur_strength_tablet=&#8221;1px&#8221; ol_text_shadow_horizontal_length_tablet=&#8221;0px&#8221; ol_text_shadow_vertical_length_tablet=&#8221;0px&#8221; ol_text_shadow_blur_strength_tablet=&#8221;1px&#8221; quote_text_shadow_horizontal_length_tablet=&#8221;0px&#8221; quote_text_shadow_vertical_length_tablet=&#8221;0px&#8221; quote_text_shadow_blur_strength_tablet=&#8221;1px&#8221; header_text_shadow_horizontal_length_tablet=&#8221;0px&#8221; header_text_shadow_vertical_length_tablet=&#8221;0px&#8221; header_text_shadow_blur_strength_tablet=&#8221;1px&#8221; header_2_text_shadow_horizontal_length_tablet=&#8221;0px&#8221; header_2_text_shadow_vertical_length_tablet=&#8221;0px&#8221; header_2_text_shadow_blur_strength_tablet=&#8221;1px&#8221; header_3_text_shadow_horizontal_length_tablet=&#8221;0px&#8221; header_3_text_shadow_vertical_length_tablet=&#8221;0px&#8221; header_3_text_shadow_blur_strength_tablet=&#8221;1px&#8221; header_4_text_shadow_horizontal_length_tablet=&#8221;0px&#8221; header_4_text_shadow_vertical_length_tablet=&#8221;0px&#8221; header_4_text_shadow_blur_strength_tablet=&#8221;1px&#8221; header_5_text_shadow_horizontal_length_tablet=&#8221;0px&#8221; header_5_text_shadow_vertical_length_tablet=&#8221;0px&#8221; header_5_text_shadow_blur_strength_tablet=&#8221;1px&#8221; header_6_text_shadow_horizontal_length_tablet=&#8221;0px&#8221; header_6_text_shadow_vertical_length_tablet=&#8221;0px&#8221; header_6_text_shadow_blur_strength_tablet=&#8221;1px&#8221; box_shadow_horizontal_tablet=&#8221;0px&#8221; box_shadow_vertical_tablet=&#8221;0px&#8221; box_shadow_blur_tablet=&#8221;40px&#8221; box_shadow_spread_tablet=&#8221;0px&#8221; global_colors_info=&#8221;{}&#8221;]<\/p>\n<h2><strong><span lang=\"ES\" xml:lang=\"ES\">AMPA MISI\u00d3N RESCATE<\/span><\/strong><\/h2>\n<p style=\"font-weight: 400\">Es la Asociaci\u00f3n organizada de Madres y Padres de alumnas y alumnos que tenemos en el colegio, con la misi\u00f3n principal de coordinar todas las peticiones y sugerencias que llegan de los padres.<\/p>\n<p style=\"font-weight: 400\">La AMPA tambi\u00e9n tiene la potestad de:<\/p>\n<ul style=\"font-weight: 400\">\n<li>Elevar al Consejo Escolar propuestas para la elaboraci\u00f3n del Programa Educativo del Centro.<\/li>\n<li>Informar al Consejo Escolar de aquellos aspectos de la marcha del Centro que consideren oportunos.<\/li>\n<li>Informar a todos los miembros de la Comunidad Educativa de sus actividades.<\/li>\n<li>Recibir Informaci\u00f3n del Consejo Escolar sobre los temas tratados en el mismo; as\u00ed como, recibir el orden del d\u00eda de dicho consejo antes de su realizaci\u00f3n, con el objeto de poder elaborar propuestas.<\/li>\n<li>Elaborar informes para el Consejo Escolar a iniciativa propia o a petici\u00f3n de \u00e9ste.<\/li>\n<li>Elaborar propuestas de modificaci\u00f3n del Reglamento de R\u00e9gimen Interior (RRI).<\/li>\n<li>Formular propuestas para realizaci\u00f3n de actividades complementarias.<\/li>\n<li>Conocer los resultados acad\u00e9micos globales y la valoraci\u00f3n que de los mismos realice el Consejo Escolar.<\/li>\n<li>Recibir un ejemplar del Proyecto Educativo de Centro (PEC) de los Programas Curriculares de Etapa (PCE) y sus modificaciones.<\/li>\n<li>Recibir informaci\u00f3n sobre los libros de texto y los materiales did\u00e1cticos adoptados por el centro.<\/li>\n<li>Fomentar la colaboraci\u00f3n entre todos los miembros de la comunidad Educativa.<\/li>\n<li>Utilizar las instalaciones del centro en los t\u00e9rminos que establezca el consejo escolar.<\/li>\n<\/ul>\n<p style=\"font-weight: 400\">NOTA: Las Asociaciones de Madres y Padres de alumnos tienen derecho a designar su representante en el Consejo Escolar eligi\u00e9ndolo entre sus miembros.<\/p>\n<p style=\"text-align: left\"><strong><span lang=\"ES\" xml:lang=\"ES\">Avda. Herrera Oria, s\/n &#8211; 11600 UBRIQUE (C\u00e1diz) &nbsp;&#8211; &nbsp;<\/span><\/strong><strong><span lang=\"ES\" xml:lang=\"ES\">Tel: 956128801 Fax: 956128802 &nbsp;&#8211; &nbsp;&nbsp;<\/span><\/strong><strong><span lang=\"ES\" xml:lang=\"ES\">ampamisionrescate@gmail.com&nbsp;<\/span><\/strong><\/p>\n<p>[\/et_pb_text][et_pb_button button_url=&#8221;@ET-DC@eyJkeW5hbWljIjp0cnVlLCJjb250ZW50IjoicG9zdF9saW5rX3VybF9hdHRhY2htZW50Iiwic2V0dGluZ3MiOnsicG9zdF9pZCI6IjExOTUifX0=@&#8221; url_new_window=&#8221;on&#8221; button_text=&#8221;Estatutos&#8221; _builder_version=&#8221;4.14.5&#8243; _dynamic_attributes=&#8221;button_url&#8221; _module_preset=&#8221;default&#8221; global_colors_info=&#8221;{}&#8221;][\/et_pb_button][\/et_pb_column][\/et_pb_row][\/et_pb_section]<\/p>\n","protected":false},"excerpt":{"rendered":"<p>AMPA MISI\u00d3N RESCATE Es la Asociaci\u00f3n organizada de Madres y Padres de alumnas y alumnos que tenemos en el colegio, con la misi\u00f3n principal de coordinar todas las peticiones y sugerencias que llegan de los padres. La AMPA tambi\u00e9n tiene la potestad de: Elevar al Consejo Escolar propuestas para la elaboraci\u00f3n del Programa Educativo del [&hellip;]<\/p>\n","protected":false},"author":18083,"featured_media":0,"parent":0,"menu_order":0,"comment_status":"closed","ping_status":"closed","template":"","meta":{"_et_pb_use_builder":"on","_et_pb_old_content":"","_et_gb_content_width":"","ngg_post_thumbnail":0,"footnotes":""},"aioseo_notices":[],"_links":{"self":[{"href":"https:\/\/blogsaverroes.juntadeandalucia.es\/ceipfernandogavilan\/wp-json\/wp\/v2\/pages\/840"}],"collection":[{"href":"https:\/\/blogsaverroes.juntadeandalucia.es\/ceipfernandogavilan\/wp-json\/wp\/v2\/pages"}],"about":[{"href":"https:\/\/blogsaverroes.juntadeandalucia.es\/ceipfernandogavilan\/wp-json\/wp\/v2\/types\/page"}],"author":[{"embeddable":true,"href":"https:\/\/blogsaverroes.juntadeandalucia.es\/ceipfernandogavilan\/wp-json\/wp\/v2\/users\/18083"}],"replies":[{"embeddable":true,"href":"https:\/\/blogsaverroes.juntadeandalucia.es\/ceipfernandogavilan\/wp-json\/wp\/v2\/comments?post=840"}],"version-history":[{"count":9,"href":"https:\/\/blogsaverroes.juntadeandalucia.es\/ceipfernandogavilan\/wp-json\/wp\/v2\/pages\/840\/revisions"}],"predecessor-version":[{"id":1213,"href":"https:\/\/blogsaverroes.juntadeandalucia.es\/ceipfernandogavilan\/wp-json\/wp\/v2\/pages\/840\/revisions\/1213"}],"wp:attachment":[{"href":"https:\/\/blogsaverroes.juntadeandalucia.es\/ceipfernandogavilan\/wp-json\/wp\/v2\/media?parent=840"}],"curies":[{"name":"wp","href":"https:\/\/api.w.org\/{rel}","templated":true}]}}