{"id":845,"date":"2020-12-18T08:40:01","date_gmt":"2020-12-18T07:40:01","guid":{"rendered":"https:\/\/blogsaverroes.juntadeandalucia.es\/pre\/plantilla-pencil\/?page_id=845"},"modified":"2025-09-09T15:12:31","modified_gmt":"2025-09-09T14:12:31","slug":"aula-matinal","status":"publish","type":"page","link":"https:\/\/blogsaverroes.juntadeandalucia.es\/ceipfernandogavilan\/aula-matinal\/","title":{"rendered":"Aula matinal"},"content":{"rendered":"<p>[et_pb_section fb_built=&#8221;1&#8243; _builder_version=&#8221;4.16&#8243; custom_padding=&#8221;0px||0px|&#8221; z_index_tablet=&#8221;500&#8243; box_shadow_horizontal_tablet=&#8221;0px&#8221; box_shadow_vertical_tablet=&#8221;0px&#8221; box_shadow_blur_tablet=&#8221;40px&#8221; box_shadow_spread_tablet=&#8221;0px&#8221; global_colors_info=&#8221;{}&#8221;][et_pb_row _builder_version=&#8221;4.16&#8243; background_size=&#8221;initial&#8221; background_position=&#8221;top_left&#8221; background_repeat=&#8221;repeat&#8221; global_colors_info=&#8221;{}&#8221;][et_pb_column type=&#8221;4_4&#8243; _builder_version=&#8221;4.16&#8243; custom_padding=&#8221;|||&#8221; global_colors_info=&#8221;{}&#8221; custom_padding__hover=&#8221;|||&#8221;][et_pb_image src=&#8221;https:\/\/blogsaverroes.juntadeandalucia.es\/ceipfernandogavilan\/files\/2024\/04\/aula-matinal-cabecera.jpg&#8221; title_text=&#8221;aula matinal cabecera&#8221; admin_label=&#8221;Imagen de la portada&#8221; _builder_version=&#8221;4.16&#8243; z_index_tablet=&#8221;500&#8243; box_shadow_horizontal_tablet=&#8221;0px&#8221; box_shadow_vertical_tablet=&#8221;0px&#8221; box_shadow_blur_tablet=&#8221;40px&#8221; box_shadow_spread_tablet=&#8221;0px&#8221; global_colors_info=&#8221;{}&#8221;][\/et_pb_image][et_pb_text admin_label=&#8221;Texto descriptivo&#8221; _builder_version=&#8221;4.16&#8243; z_index_tablet=&#8221;500&#8243; text_text_shadow_horizontal_length_tablet=&#8221;0px&#8221; text_text_shadow_vertical_length_tablet=&#8221;0px&#8221; text_text_shadow_blur_strength_tablet=&#8221;1px&#8221; link_text_shadow_horizontal_length_tablet=&#8221;0px&#8221; link_text_shadow_vertical_length_tablet=&#8221;0px&#8221; link_text_shadow_blur_strength_tablet=&#8221;1px&#8221; ul_text_shadow_horizontal_length_tablet=&#8221;0px&#8221; ul_text_shadow_vertical_length_tablet=&#8221;0px&#8221; ul_text_shadow_blur_strength_tablet=&#8221;1px&#8221; ol_text_shadow_horizontal_length_tablet=&#8221;0px&#8221; ol_text_shadow_vertical_length_tablet=&#8221;0px&#8221; ol_text_shadow_blur_strength_tablet=&#8221;1px&#8221; quote_text_shadow_horizontal_length_tablet=&#8221;0px&#8221; quote_text_shadow_vertical_length_tablet=&#8221;0px&#8221; quote_text_shadow_blur_strength_tablet=&#8221;1px&#8221; header_text_shadow_horizontal_length_tablet=&#8221;0px&#8221; header_text_shadow_vertical_length_tablet=&#8221;0px&#8221; header_text_shadow_blur_strength_tablet=&#8221;1px&#8221; header_2_text_shadow_horizontal_length_tablet=&#8221;0px&#8221; header_2_text_shadow_vertical_length_tablet=&#8221;0px&#8221; header_2_text_shadow_blur_strength_tablet=&#8221;1px&#8221; header_3_text_shadow_horizontal_length_tablet=&#8221;0px&#8221; header_3_text_shadow_vertical_length_tablet=&#8221;0px&#8221; header_3_text_shadow_blur_strength_tablet=&#8221;1px&#8221; header_4_text_shadow_horizontal_length_tablet=&#8221;0px&#8221; header_4_text_shadow_vertical_length_tablet=&#8221;0px&#8221; header_4_text_shadow_blur_strength_tablet=&#8221;1px&#8221; header_5_text_shadow_horizontal_length_tablet=&#8221;0px&#8221; header_5_text_shadow_vertical_length_tablet=&#8221;0px&#8221; header_5_text_shadow_blur_strength_tablet=&#8221;1px&#8221; header_6_text_shadow_horizontal_length_tablet=&#8221;0px&#8221; header_6_text_shadow_vertical_length_tablet=&#8221;0px&#8221; header_6_text_shadow_blur_strength_tablet=&#8221;1px&#8221; box_shadow_horizontal_tablet=&#8221;0px&#8221; box_shadow_vertical_tablet=&#8221;0px&#8221; box_shadow_blur_tablet=&#8221;40px&#8221; box_shadow_spread_tablet=&#8221;0px&#8221; global_colors_info=&#8221;{}&#8221;]<\/p>\n<h2>Aula matinal<\/h2>\n<div class=\"flex-1 overflow-hidden\">\n<div class=\"react-scroll-to-bottom--css-xrdtx-79elbk h-full\">\n<div class=\"react-scroll-to-bottom--css-xrdtx-1n7m0yu\">\n<div class=\"flex flex-col text-sm pb-9\">\n<div class=\"w-full text-token-text-primary\" dir=\"auto\" data-testid=\"conversation-turn-17\">\n<div class=\"px-4 py-2 justify-center text-base md:gap-6 m-auto\">\n<div class=\"flex flex-1 text-base mx-auto gap-3 juice:gap-4 juice:md:gap-6 md:px-5 lg:px-1 xl:px-5 md:max-w-3xl lg:max-w-[40rem] xl:max-w-[48rem] group final-completion\">\n<div class=\"relative flex w-full flex-col agent-turn\">\n<div class=\"flex-col gap-1 md:gap-3\">\n<div class=\"flex flex-grow flex-col max-w-full\">\n<div class=\"min-h-[20px] text-message flex flex-col items-start gap-3 whitespace-pre-wrap break-words [.text-message+&amp;]:mt-5 overflow-x-auto\" dir=\"auto\" data-message-author-role=\"assistant\" data-message-id=\"e25bfb89-81ee-469e-bff6-aadb8a25152c\">\n<div class=\"markdown prose w-full break-words dark:prose-invert light\">\n<p>El aula matinal es un servicio que ofrece nuestro centro educativo para apoyar a las familias y brindar un comienzo del d\u00eda seguro y enriquecedor para nuestros estudiantes.<\/p>\n<p>El aula matinal es un espacio donde los estudiantes pueden llegar temprano antes del inicio de las clases regulares. Durante este tiempo, ofrecemos una variedad de actividades supervisadas, que van desde juegos y lectura hasta la finalizaci\u00f3n de tareas escolares. Nuestro objetivo es proporcionar un ambiente acogedor y estructurado para que los estudiantes comiencen el d\u00eda de manera positiva mientras sus padres o tutores cumplen con sus responsabilidades laborales u otras obligaciones.<\/p>\n<p>Este servicio no solo brinda comodidad a las familias, sino que tambi\u00e9n promueve la puntualidad y el desarrollo social y acad\u00e9mico de los estudiantes. Adem\u00e1s, es una excelente oportunidad para fomentar la comunidad escolar y fortalecer los lazos entre estudiantes, maestros y padres.<\/p>\n<p>En resumen, el aula matinal es una parte importante de nuestra oferta educativa, donde priorizamos el bienestar y el desarrollo integral de nuestros estudiantes desde el principio del d\u00eda.<\/p>\n<\/div>\n<\/div>\n<\/div>\n<div class=\"pr-2 lg:pr-0\">&nbsp;<\/div>\n<\/div>\n<div class=\"absolute\">\n<div class=\"flex w-full gap-2 items-center justify-center\">&nbsp;<\/div>\n<\/div>\n<\/div>\n<\/div>\n<\/div>\n<\/div>\n<\/div>\n<\/div>\n<\/div>\n<\/div>\n<div class=\"w-full pt-2 md:pt-0 dark:border-white\/20 md:border-transparent md:dark:border-transparent md:w-[calc(100%-.5rem)]\">\n<div class=\"relative flex h-full flex-1 flex-col\">\n<div class=\"absolute bottom-full left-0 right-0\">&nbsp;<\/div>\n<div class=\"flex w-full items-center\">&nbsp;<\/div>\n<\/div>\n<\/div>\n<p>[\/et_pb_text][\/et_pb_column][\/et_pb_row][et_pb_row _builder_version=&#8221;4.24.2&#8243; _module_preset=&#8221;default&#8221; global_colors_info=&#8221;{}&#8221;][et_pb_column type=&#8221;4_4&#8243; _builder_version=&#8221;4.24.2&#8243; _module_preset=&#8221;default&#8221; global_colors_info=&#8221;{}&#8221;][et_pb_text _builder_version=&#8221;4.24.2&#8243; _module_preset=&#8221;default&#8221; background_color=&#8221;rgba(188,93,247,0.18)&#8221; hover_enabled=&#8221;0&#8243; global_colors_info=&#8221;{}&#8221; sticky_enabled=&#8221;0&#8243;]<\/p>\n<p><strong><span style=\"font-size: 14pt\">INFORMACI\u00d3N PARA LAS FAMILIAS USUARIAS DEL SERVICIO. CURSO 25\/26<\/span><\/strong><\/p>\n<div class=\"page\" title=\"Page 1\">\n<div class=\"section\">\n<div class=\"layoutArea\">\n<div class=\"column\">\n<p class=\"p1\">La gesti\u00f3n econ\u00f3mica del servicio se realizar\u00e1 de la siguiente forma:<\/p>\n<ul>\n<li class=\"p1\">Los recibos se cargar\u00e1n entre el d\u00eda 1 y 5 del mes siguiente al del uso del servicio, a mes vencido, en la cuenta bancaria que las familias hab\u00e9is facilitado a la secretar\u00eda del colegio en la matr\u00edcula. El cobro del primer recibo se podr\u00e1 retrasar unos d\u00edas en caso de que no se conozcan las bonificaciones definitivas de los usuarios\/as.<\/li>\n<li class=\"p1\">El cambio de n\u00famero de cuenta deben notificarlo en la secretar\u00eda del colegio.<\/li>\n<li class=\"p1\">La cantidad a abonar depender\u00e1 de la bonificaci\u00f3n concedida a cada familia y de los d\u00edas de asistencia al servicio de aula matinal.<\/li>\n<li class=\"p1\">El precio del servicio p\u00fablico de aula matinal en sus dos opciones es el siguiente:<\/li>\n<\/ul>\n<p class=\"p1\">&#8211; Precio mensual: 17,51 euros.<\/p>\n<p class=\"p1\">&#8211; Precio por d\u00eda: 1,33 euros (hasta 13 d\u00edas de uso \/ mes, a partir de 14 d\u00edas de uso se aplicar\u00eda la opci\u00f3n de precio mensual).<\/p>\n<ul>\n<li class=\"p1\">Aquellos que quieran darse de baja o alta, deber\u00e1n cursarlo en la secretar\u00eda del centro antes del d\u00eda 20 del mes anterior al que quieran que tenga efecto.<\/li>\n<li class=\"p1\">En el caso de devoluci\u00f3n de recibos, se generar\u00e1n gastos por devoluci\u00f3n que se sumar\u00e1n a la cuant\u00eda del recibo a abonar.<\/li>\n<li class=\"p1\">El \u00faltimo recibo, correspondiente al mes de junio, se cargar\u00e1 en los 5 primeros d\u00edas de julio.<\/li>\n<\/ul>\n<p class=\"p2\">EL ALUMNO\/A CAUSAR\u00c1 BAJA EN EL SERVICIO DE AULA MATINAL CUANDO SE PRODUZCA EL IMPAGO DE DOS RECIBOS CONSECUTIVOS.<\/p>\n<p class=\"p2\">AQUELLAS FAMILIAS QUE TENGAN ALG\u00daN RECIBO PENDIENTE DEL CURSO ANTERIOR, NO PODR\u00c1N HACER USO DEL SERVICIO DE AULA MATINAL.<\/p>\n<p class=\"p1\">Normativa del servicio:<\/p>\n<ul>\n<li class=\"p1\">No podr\u00e1 hacerse uso del servicio de aula matinal sin haber sido dado de alta como usuario en la secretar\u00eda del colegio.<\/li>\n<\/ul>\n<p class=\"p1\">El horario de entrada a las familias, seg\u00fan normativa, es de 7:30 h a 9:00, bajo ning\u00fan concepto se podr\u00e1 acceder al centro antes de ese horario, aunque la puerta est\u00e9 abierta y el personal dentro. El colegio podr\u00e1 limitar dicho horario de entrada hasta las 08:45 h, por motivos organizativos tanto del aula matinal como del propio centro escolar.<\/p>\n<p class=\"p1\">Para el seguimiento del servicio de aula matinal, la empresa dispone de una aplicaci\u00f3n web, Atenea, en la que las familias pueden consultar los d\u00edas de asistencia, as\u00ed como los recibos. Para poder generar su usuario y contrase\u00f1a de acceso a dicha aplicaci\u00f3n, pueden ponerse en contacto con nosotros a trav\u00e9s del correo electr\u00f3nico indicado debajo.<\/p>\n<p class=\"p1\">Para cualquier duda o aclaraci\u00f3n nos ponemos a su disposici\u00f3n en el tel\u00e9fono 956159093 (Departamento de Colegios) o correo electr\u00f3nico <span class=\"s2\">colegios@grupo-senda.com<\/span>.<\/p>\n<\/div>\n<\/div>\n<div class=\"section\">\n<div class=\"layoutArea\">\n<div class=\"column\">&nbsp;<\/div>\n<\/div>\n<\/div>\n<\/div>\n<\/div>\n<p>[\/et_pb_text][\/et_pb_column][\/et_pb_row][\/et_pb_section]<\/p>\n","protected":false},"excerpt":{"rendered":"<p>Aula matinal El aula matinal es un servicio que ofrece nuestro centro educativo para apoyar a las familias y brindar un comienzo del d\u00eda seguro y enriquecedor para nuestros estudiantes. El aula matinal es un espacio donde los estudiantes pueden llegar temprano antes del inicio de las clases regulares. Durante este tiempo, ofrecemos una variedad [&hellip;]<\/p>\n","protected":false},"author":18083,"featured_media":0,"parent":0,"menu_order":0,"comment_status":"closed","ping_status":"closed","template":"","meta":{"_et_pb_use_builder":"on","_et_pb_old_content":"","_et_gb_content_width":"","ngg_post_thumbnail":0,"footnotes":""},"aioseo_notices":[],"_links":{"self":[{"href":"https:\/\/blogsaverroes.juntadeandalucia.es\/ceipfernandogavilan\/wp-json\/wp\/v2\/pages\/845"}],"collection":[{"href":"https:\/\/blogsaverroes.juntadeandalucia.es\/ceipfernandogavilan\/wp-json\/wp\/v2\/pages"}],"about":[{"href":"https:\/\/blogsaverroes.juntadeandalucia.es\/ceipfernandogavilan\/wp-json\/wp\/v2\/types\/page"}],"author":[{"embeddable":true,"href":"https:\/\/blogsaverroes.juntadeandalucia.es\/ceipfernandogavilan\/wp-json\/wp\/v2\/users\/18083"}],"replies":[{"embeddable":true,"href":"https:\/\/blogsaverroes.juntadeandalucia.es\/ceipfernandogavilan\/wp-json\/wp\/v2\/comments?post=845"}],"version-history":[{"count":6,"href":"https:\/\/blogsaverroes.juntadeandalucia.es\/ceipfernandogavilan\/wp-json\/wp\/v2\/pages\/845\/revisions"}],"predecessor-version":[{"id":3576,"href":"https:\/\/blogsaverroes.juntadeandalucia.es\/ceipfernandogavilan\/wp-json\/wp\/v2\/pages\/845\/revisions\/3576"}],"wp:attachment":[{"href":"https:\/\/blogsaverroes.juntadeandalucia.es\/ceipfernandogavilan\/wp-json\/wp\/v2\/media?parent=845"}],"curies":[{"name":"wp","href":"https:\/\/api.w.org\/{rel}","templated":true}]}}