{"id":850,"date":"2020-12-18T08:41:27","date_gmt":"2020-12-18T07:41:27","guid":{"rendered":"https:\/\/blogsaverroes.juntadeandalucia.es\/pre\/plantilla-pencil\/?page_id=850"},"modified":"2024-04-09T11:05:23","modified_gmt":"2024-04-09T10:05:23","slug":"planes-y-proyectos","status":"publish","type":"page","link":"https:\/\/blogsaverroes.juntadeandalucia.es\/ceipfernandogavilan\/planes-y-proyectos\/","title":{"rendered":"Planes y Proyectos"},"content":{"rendered":"<p>[et_pb_section fb_built=&#8221;1&#8243; _builder_version=&#8221;3.22&#8243; global_colors_info=&#8221;{}&#8221;][et_pb_row _builder_version=&#8221;3.25&#8243; background_size=&#8221;initial&#8221; background_position=&#8221;top_left&#8221; background_repeat=&#8221;repeat&#8221; global_colors_info=&#8221;{}&#8221;][et_pb_column type=&#8221;4_4&#8243; _builder_version=&#8221;3.25&#8243; custom_padding=&#8221;|||&#8221; global_colors_info=&#8221;{}&#8221; custom_padding__hover=&#8221;|||&#8221;][et_pb_image src=&#8221;https:\/\/blogsaverroes.juntadeandalucia.es\/ceipfernandogavilan\/files\/2024\/04\/cabecera1-1.jpg&#8221; title_text=&#8221;Cabecera. El centro.&#8221; admin_label=&#8221;Imagen de la portada&#8221; _builder_version=&#8221;4.14.5&#8243; z_index_tablet=&#8221;500&#8243; box_shadow_horizontal_tablet=&#8221;0px&#8221; box_shadow_vertical_tablet=&#8221;0px&#8221; box_shadow_blur_tablet=&#8221;40px&#8221; box_shadow_spread_tablet=&#8221;0px&#8221; global_colors_info=&#8221;{}&#8221;][\/et_pb_image][et_pb_text admin_label=&#8221;Texto descriptivo&#8221; _builder_version=&#8221;4.14.5&#8243; hover_enabled=&#8221;0&#8243; z_index_tablet=&#8221;500&#8243; text_text_shadow_horizontal_length_tablet=&#8221;0px&#8221; text_text_shadow_vertical_length_tablet=&#8221;0px&#8221; text_text_shadow_blur_strength_tablet=&#8221;1px&#8221; link_text_shadow_horizontal_length_tablet=&#8221;0px&#8221; link_text_shadow_vertical_length_tablet=&#8221;0px&#8221; link_text_shadow_blur_strength_tablet=&#8221;1px&#8221; ul_text_shadow_horizontal_length_tablet=&#8221;0px&#8221; ul_text_shadow_vertical_length_tablet=&#8221;0px&#8221; ul_text_shadow_blur_strength_tablet=&#8221;1px&#8221; ol_text_shadow_horizontal_length_tablet=&#8221;0px&#8221; ol_text_shadow_vertical_length_tablet=&#8221;0px&#8221; ol_text_shadow_blur_strength_tablet=&#8221;1px&#8221; quote_text_shadow_horizontal_length_tablet=&#8221;0px&#8221; quote_text_shadow_vertical_length_tablet=&#8221;0px&#8221; quote_text_shadow_blur_strength_tablet=&#8221;1px&#8221; header_text_shadow_horizontal_length_tablet=&#8221;0px&#8221; header_text_shadow_vertical_length_tablet=&#8221;0px&#8221; header_text_shadow_blur_strength_tablet=&#8221;1px&#8221; header_2_text_shadow_horizontal_length_tablet=&#8221;0px&#8221; header_2_text_shadow_vertical_length_tablet=&#8221;0px&#8221; header_2_text_shadow_blur_strength_tablet=&#8221;1px&#8221; header_3_text_shadow_horizontal_length_tablet=&#8221;0px&#8221; header_3_text_shadow_vertical_length_tablet=&#8221;0px&#8221; header_3_text_shadow_blur_strength_tablet=&#8221;1px&#8221; header_4_text_shadow_horizontal_length_tablet=&#8221;0px&#8221; header_4_text_shadow_vertical_length_tablet=&#8221;0px&#8221; header_4_text_shadow_blur_strength_tablet=&#8221;1px&#8221; header_5_text_shadow_horizontal_length_tablet=&#8221;0px&#8221; header_5_text_shadow_vertical_length_tablet=&#8221;0px&#8221; header_5_text_shadow_blur_strength_tablet=&#8221;1px&#8221; header_6_text_shadow_horizontal_length_tablet=&#8221;0px&#8221; header_6_text_shadow_vertical_length_tablet=&#8221;0px&#8221; header_6_text_shadow_blur_strength_tablet=&#8221;1px&#8221; box_shadow_horizontal_tablet=&#8221;0px&#8221; box_shadow_vertical_tablet=&#8221;0px&#8221; box_shadow_blur_tablet=&#8221;40px&#8221; box_shadow_spread_tablet=&#8221;0px&#8221; global_colors_info=&#8221;{}&#8221; sticky_enabled=&#8221;0&#8243;]<\/p>\n<h2>Planes y Proyectos<\/h2>\n<table cellspacing=\"0\" cellpadding=\"0\">\n<tbody>\n<tr>\n<td valign=\"middle\">\n<p align=\"center\"><span style=\"color: #000000;font-family: 'Helvetica Neue';font-size: 12pt\">Planes\/programas<\/span><\/p>\n<\/td>\n<td valign=\"middle\">\n<p align=\"center\"><span style=\"color: #000000;font-family: 'Helvetica Neue';font-size: 12pt\">Objetivos<\/span><\/p>\n<\/td>\n<\/tr>\n<tr>\n<td valign=\"middle\">\n<p align=\"justify\"><span style=\"color: #000000;font-family: 'Helvetica Neue';font-size: 12pt\">TDE<\/span><\/p>\n<\/td>\n<td valign=\"middle\">\n<p align=\"justify\"><span style=\"color: #000000;font-family: 'Helvetica Neue';font-size: 12pt\">Conseguir que las TIC se conviertan en herramientas did\u00e1cticas<\/span><\/p>\n<\/td>\n<\/tr>\n<tr>\n<td valign=\"middle\">\n<p align=\"justify\"><a href=\"https:\/\/zeubrique.wixsite.com\/plandecentro\/resto-de-planes-y-programas\" target=\"_blank\" rel=\"noopener noreferrer\"><span style=\"color: #000000;font-family: 'Helvetica Neue';font-size: 12pt\">Plan igualdad hombres y mujeres<\/span><\/a><\/p>\n<\/td>\n<td valign=\"middle\">\n<p align=\"justify\"><span style=\"color: #000000;font-family: 'Helvetica Neue';font-size: 12pt\">Impregnar la ense\u00f1anza de valores coeducativos<\/span><\/p>\n<\/td>\n<\/tr>\n<tr>\n<td valign=\"middle\">\n<p align=\"justify\"><span style=\"color: #000000;font-family: 'Helvetica Neue';font-size: 12pt\">Plan de apoyo a familias (AM, AAEE y Comedor)<\/span><\/p>\n<\/td>\n<td valign=\"middle\">\n<p align=\"justify\"><span style=\"color: #000000;font-family: 'Helvetica Neue';font-size: 12pt\">Conciliaci\u00f3n de la vida familiar y laboral<\/span><\/p>\n<\/td>\n<\/tr>\n<tr>\n<td valign=\"middle\">\n<p align=\"justify\"><span style=\"color: #000000;font-family: 'Helvetica Neue';font-size: 12pt\">RAEEP<\/span><\/p>\n<\/td>\n<td valign=\"middle\">\n<p align=\"justify\"><span style=\"color: #000000;font-family: 'Helvetica Neue';font-size: 12pt\">Educar en la convivencia y la paz para prevenir e evitar la violencia<\/span><\/p>\n<\/td>\n<\/tr>\n<tr>\n<td valign=\"middle\">\n<p align=\"justify\"><span style=\"color: #000000;font-family: 'Helvetica Neue';font-size: 12pt\">Red andaluza de BBEE<\/span><\/p>\n<\/td>\n<td valign=\"middle\">\n<p align=\"justify\"><span style=\"color: #000000;font-family: 'Helvetica Neue';font-size: 12pt\">Fomentar el h\u00e1bito lector y la competencia de aprender a aprender.<\/span><\/p>\n<p align=\"justify\">Enlaces: <a href=\"http:\/\/bibliotecazonaubrique.blogspot.com\/\" target=\"_blank\" rel=\"noopener noreferrer\">Blog Bibliotecas Zona Ubrique<\/a>&nbsp;y <a href=\"https:\/\/www.juntadeandalucia.es\/educacion\/senecav2\/seneca\/biblioweb\/portal\/11008033\" target=\"_blank\" rel=\"noopener noreferrer\">Cat\u00e1logo biblioteca CEIP Fernando Gavil\u00e1n<\/a>.<\/p>\n<\/td>\n<\/tr>\n<tr>\n<td valign=\"middle\">\n<p align=\"justify\"><span style=\"color: #000000;font-family: 'Helvetica Neue';font-size: 12pt\">Plan salud laboral y PRL<\/span><\/p>\n<\/td>\n<td valign=\"middle\">\n<p align=\"justify\"><span style=\"color: #000000;font-family: 'Helvetica Neue';font-size: 12pt\">Hacer del centro un lugar seguro<\/span><\/p>\n<\/td>\n<\/tr>\n<tr>\n<td valign=\"middle\">\n<p align=\"justify\"><a href=\"https:\/\/73e972fe-679f-4929-9147-e683043c0775.filesusr.com\/ugd\/3c7d5d_354b297c4d38485d879269c00374096b.pdf\" target=\"_blank\" rel=\"noopener noreferrer\"><span style=\"color: #000000;font-family: 'Helvetica Neue';font-size: 12pt\">Pr\u00e1cticum grado maestro<\/span><\/a><\/p>\n<\/td>\n<td valign=\"middle\">\n<p align=\"justify\"><span style=\"color: #000000;font-family: 'Helvetica Neue';font-size: 12pt\">Colaborar en la formaci\u00f3n de los futuros docentes<\/span><\/p>\n<\/td>\n<\/tr>\n<tr>\n<td valign=\"middle\">\n<p align=\"justify\"><a href=\"https:\/\/blogsaverroes.juntadeandalucia.es\/ceipfernandogavilan\/files\/2024\/04\/INFORMACI\u00c3\u0093N-BILINGUISMO.pdf\" target=\"_blank\" rel=\"noopener noreferrer\"><span style=\"color: #000000;font-family: 'Helvetica Neue';font-size: 12pt\">Programa centro biling\u00fce<\/span><\/a><\/p>\n<\/td>\n<td valign=\"middle\">\n<p align=\"justify\"><span style=\"color: #000000;font-family: 'Helvetica Neue';font-size: 12pt\">Aumentar la competencia en lengua extranjera<\/span><\/p>\n<\/td>\n<\/tr>\n<tr>\n<td valign=\"middle\">\n<p align=\"justify\"><span style=\"color: #000000;font-family: 'Helvetica Neue';font-size: 12pt\">Creciendo en salud +consumo de frutas<\/span><\/p>\n<\/td>\n<td valign=\"middle\">\n<p align=\"justify\"><span style=\"color: #000000;font-family: 'Helvetica Neue';font-size: 12pt\">Fomentar h\u00e1bitos de vida saludable e incluir la fruta en su dieta<\/span><\/p>\n<\/td>\n<\/tr>\n<tr>\n<td valign=\"middle\">\n<p align=\"justify\"><span style=\"color: #000000;font-family: 'Helvetica Neue';font-size: 12pt\">Programa CIMA<\/span><\/p>\n<\/td>\n<td valign=\"middle\">\n<p align=\"justify\"><span style=\"color: #000000;font-family: 'Helvetica Neue';font-size: 12pt\">Impulsar la innovaci\u00f3n educativa y la mejora del aprendizaje.<\/span><\/p>\n<\/td>\n<\/tr>\n<tr>\n<td valign=\"middle\">\n<p align=\"justify\"><a href=\"https:\/\/73e972fe-679f-4929-9147-e683043c0775.filesusr.com\/ugd\/3c7d5d_f59d0548b4c6409f9e763b2753b26ced.pdf\" target=\"_blank\" rel=\"noopener noreferrer\"><span style=\"color: #000000;font-family: 'Helvetica Neue';font-size: 12pt\">Programa acompa\u00f1amiento (PROA)<\/span><\/a><\/p>\n<\/td>\n<td valign=\"middle\">\n<p align=\"justify\"><span style=\"color: #000000;font-family: 'Helvetica Neue';font-size: 12pt\">Aumentar la competencias a alumnado que presenta dificultades<\/span><\/p>\n<\/td>\n<\/tr>\n<\/tbody>\n<\/table>\n<p>[\/et_pb_text][\/et_pb_column][\/et_pb_row][\/et_pb_section]<\/p>\n","protected":false},"excerpt":{"rendered":"<p>Planes y Proyectos Planes\/programas Objetivos TDE Conseguir que las TIC se conviertan en herramientas did\u00e1cticas Plan igualdad hombres y mujeres Impregnar la ense\u00f1anza de valores coeducativos Plan de apoyo a familias (AM, AAEE y Comedor) Conciliaci\u00f3n de la vida familiar y laboral RAEEP Educar en la convivencia y la paz para prevenir e evitar la [&hellip;]<\/p>\n","protected":false},"author":18083,"featured_media":0,"parent":0,"menu_order":0,"comment_status":"closed","ping_status":"closed","template":"","meta":{"_et_pb_use_builder":"on","_et_pb_old_content":"","_et_gb_content_width":"","ngg_post_thumbnail":0,"footnotes":""},"aioseo_notices":[],"_links":{"self":[{"href":"https:\/\/blogsaverroes.juntadeandalucia.es\/ceipfernandogavilan\/wp-json\/wp\/v2\/pages\/850"}],"collection":[{"href":"https:\/\/blogsaverroes.juntadeandalucia.es\/ceipfernandogavilan\/wp-json\/wp\/v2\/pages"}],"about":[{"href":"https:\/\/blogsaverroes.juntadeandalucia.es\/ceipfernandogavilan\/wp-json\/wp\/v2\/types\/page"}],"author":[{"embeddable":true,"href":"https:\/\/blogsaverroes.juntadeandalucia.es\/ceipfernandogavilan\/wp-json\/wp\/v2\/users\/18083"}],"replies":[{"embeddable":true,"href":"https:\/\/blogsaverroes.juntadeandalucia.es\/ceipfernandogavilan\/wp-json\/wp\/v2\/comments?post=850"}],"version-history":[{"count":5,"href":"https:\/\/blogsaverroes.juntadeandalucia.es\/ceipfernandogavilan\/wp-json\/wp\/v2\/pages\/850\/revisions"}],"predecessor-version":[{"id":1259,"href":"https:\/\/blogsaverroes.juntadeandalucia.es\/ceipfernandogavilan\/wp-json\/wp\/v2\/pages\/850\/revisions\/1259"}],"wp:attachment":[{"href":"https:\/\/blogsaverroes.juntadeandalucia.es\/ceipfernandogavilan\/wp-json\/wp\/v2\/media?parent=850"}],"curies":[{"name":"wp","href":"https:\/\/api.w.org\/{rel}","templated":true}]}}