{"id":871,"date":"2020-12-18T08:57:29","date_gmt":"2020-12-18T07:57:29","guid":{"rendered":"https:\/\/blogsaverroes.juntadeandalucia.es\/pre\/plantilla-pencil\/?page_id=871"},"modified":"2025-09-09T15:17:52","modified_gmt":"2025-09-09T14:17:52","slug":"comedor-escolar","status":"publish","type":"page","link":"https:\/\/blogsaverroes.juntadeandalucia.es\/ceipfernandogavilan\/comedor-escolar\/","title":{"rendered":"Comedor escolar"},"content":{"rendered":"<p>[et_pb_section fb_built=&#8221;1&#8243; _builder_version=&#8221;4.16&#8243; custom_padding=&#8221;0px||0px|&#8221; z_index_tablet=&#8221;500&#8243; box_shadow_horizontal_tablet=&#8221;0px&#8221; box_shadow_vertical_tablet=&#8221;0px&#8221; box_shadow_blur_tablet=&#8221;40px&#8221; box_shadow_spread_tablet=&#8221;0px&#8221; global_colors_info=&#8221;{}&#8221;][et_pb_row _builder_version=&#8221;4.16&#8243; background_size=&#8221;initial&#8221; background_position=&#8221;top_left&#8221; background_repeat=&#8221;repeat&#8221; global_colors_info=&#8221;{}&#8221;][et_pb_column type=&#8221;4_4&#8243; _builder_version=&#8221;4.16&#8243; custom_padding=&#8221;|||&#8221; global_colors_info=&#8221;{}&#8221; custom_padding__hover=&#8221;|||&#8221;][et_pb_image src=&#8221;https:\/\/blogsaverroes.juntadeandalucia.es\/ceipfernandogavilan\/files\/2024\/04\/comedor-escolar-cabecera.jpg&#8221; title_text=&#8221;comedor escolar cabecera&#8221; admin_label=&#8221;Imagen de la portada&#8221; _builder_version=&#8221;4.16&#8243; z_index_tablet=&#8221;500&#8243; box_shadow_horizontal_tablet=&#8221;0px&#8221; box_shadow_vertical_tablet=&#8221;0px&#8221; box_shadow_blur_tablet=&#8221;40px&#8221; box_shadow_spread_tablet=&#8221;0px&#8221; global_colors_info=&#8221;{}&#8221;][\/et_pb_image][et_pb_text admin_label=&#8221;Texto descriptivo&#8221; _builder_version=&#8221;4.16&#8243; z_index_tablet=&#8221;500&#8243; text_text_shadow_horizontal_length_tablet=&#8221;0px&#8221; text_text_shadow_vertical_length_tablet=&#8221;0px&#8221; text_text_shadow_blur_strength_tablet=&#8221;1px&#8221; link_text_shadow_horizontal_length_tablet=&#8221;0px&#8221; link_text_shadow_vertical_length_tablet=&#8221;0px&#8221; link_text_shadow_blur_strength_tablet=&#8221;1px&#8221; ul_text_shadow_horizontal_length_tablet=&#8221;0px&#8221; ul_text_shadow_vertical_length_tablet=&#8221;0px&#8221; ul_text_shadow_blur_strength_tablet=&#8221;1px&#8221; ol_text_shadow_horizontal_length_tablet=&#8221;0px&#8221; ol_text_shadow_vertical_length_tablet=&#8221;0px&#8221; ol_text_shadow_blur_strength_tablet=&#8221;1px&#8221; quote_text_shadow_horizontal_length_tablet=&#8221;0px&#8221; quote_text_shadow_vertical_length_tablet=&#8221;0px&#8221; quote_text_shadow_blur_strength_tablet=&#8221;1px&#8221; header_text_shadow_horizontal_length_tablet=&#8221;0px&#8221; header_text_shadow_vertical_length_tablet=&#8221;0px&#8221; header_text_shadow_blur_strength_tablet=&#8221;1px&#8221; header_2_text_shadow_horizontal_length_tablet=&#8221;0px&#8221; header_2_text_shadow_vertical_length_tablet=&#8221;0px&#8221; header_2_text_shadow_blur_strength_tablet=&#8221;1px&#8221; header_3_text_shadow_horizontal_length_tablet=&#8221;0px&#8221; header_3_text_shadow_vertical_length_tablet=&#8221;0px&#8221; header_3_text_shadow_blur_strength_tablet=&#8221;1px&#8221; header_4_text_shadow_horizontal_length_tablet=&#8221;0px&#8221; header_4_text_shadow_vertical_length_tablet=&#8221;0px&#8221; header_4_text_shadow_blur_strength_tablet=&#8221;1px&#8221; header_5_text_shadow_horizontal_length_tablet=&#8221;0px&#8221; header_5_text_shadow_vertical_length_tablet=&#8221;0px&#8221; header_5_text_shadow_blur_strength_tablet=&#8221;1px&#8221; header_6_text_shadow_horizontal_length_tablet=&#8221;0px&#8221; header_6_text_shadow_vertical_length_tablet=&#8221;0px&#8221; header_6_text_shadow_blur_strength_tablet=&#8221;1px&#8221; box_shadow_horizontal_tablet=&#8221;0px&#8221; box_shadow_vertical_tablet=&#8221;0px&#8221; box_shadow_blur_tablet=&#8221;40px&#8221; box_shadow_spread_tablet=&#8221;0px&#8221; global_colors_info=&#8221;{}&#8221;]<\/p>\n<h2>Comedor escolar<\/h2>\n<p>Nuestro comedor escolar es un lugar fundamental en nuestro centro educativo donde nuestros estudiantes no solo satisfacen sus necesidades alimenticias, sino que tambi\u00e9n disfrutan de un momento de convivencia y descanso durante su jornada escolar.<\/p>\n<p>Tiene como principal funci\u00f3n proporcionar a nuestros estudiantes comidas nutritivas y equilibradas que contribuyan a su desarrollo f\u00edsico y mental. Trabajamos en estrecha colaboraci\u00f3n con expertos en nutrici\u00f3n (empresa Aliment-art) para garantizar que nuestras comidas cumplan con los est\u00e1ndares m\u00e1s altos de calidad y salud.<\/p>\n<p>Adem\u00e1s de servir alimentos saludables, nuestro comedor escolar tambi\u00e9n promueve h\u00e1bitos alimenticios saludables y ense\u00f1a a nuestros estudiantes sobre la importancia de una dieta balanceada. Fomentamos el consumo de frutas, verduras y alimentos frescos, y ofrecemos opciones para adaptarnos a las necesidades diet\u00e9ticas individuales de nuestros estudiantes.<\/p>\n<p>En cuanto al horario, nuestro comedor escolar est\u00e1 abierto durante el horario del almuerzo, que suele ser de 14:00 a 16:00 &nbsp;de lunes a viernes. Durante este tiempo, nuestros estudiantes tienen la oportunidad de disfrutar de una comida deliciosa y nutritiva en un ambiente c\u00f3modo y acogedor.<\/p>\n<p>[\/et_pb_text][\/et_pb_column][\/et_pb_row][et_pb_row _builder_version=&#8221;4.24.2&#8243; _module_preset=&#8221;default&#8221; global_colors_info=&#8221;{}&#8221;][et_pb_column type=&#8221;4_4&#8243; _builder_version=&#8221;4.24.2&#8243; _module_preset=&#8221;default&#8221; global_colors_info=&#8221;{}&#8221;][et_pb_text _builder_version=&#8221;4.24.2&#8243; _module_preset=&#8221;default&#8221; background_color=&#8221;rgba(39,229,223,0.18)&#8221; global_colors_info=&#8221;{}&#8221;]<\/p>\n<div class=\"page\" title=\"Page 1\">\n<div class=\"section\">\n<div class=\"layoutArea\">\n<div class=\"column\">\n<p><span style=\"font-size: 24pt\">GESTIO\u0301N SERVICIO COMEDOR CURSO 2025-2026<\/span><\/p>\n<p data-start=\"158\" data-end=\"316\">El servicio de comedor escolar est\u00e1 gestionado por <strong data-start=\"209\" data-end=\"237\">Mediterr\u00e1nea de Catering<\/strong>. Rogamos lea detenidamente la siguiente informaci\u00f3n para evitar incidencias.<\/p>\n<ul data-start=\"318\" data-end=\"3019\">\n<li data-start=\"318\" data-end=\"373\">\n<p data-start=\"320\" data-end=\"373\"><strong data-start=\"320\" data-end=\"340\">Precio del men\u00fa:<\/strong> 5,54 \u20ac\/d\u00eda (sin bonificaci\u00f3n).<\/p>\n<\/li>\n<li data-start=\"374\" data-end=\"807\">\n<p data-start=\"376\" data-end=\"401\"><strong data-start=\"376\" data-end=\"399\">Modalidades de uso:<\/strong><\/p>\n<ul data-start=\"404\" data-end=\"807\">\n<li data-start=\"404\" data-end=\"456\">\n<p data-start=\"406\" data-end=\"456\"><strong data-start=\"406\" data-end=\"427\">Usuario habitual:<\/strong> Asiste de lunes a viernes.<\/p>\n<\/li>\n<li data-start=\"459\" data-end=\"682\">\n<p data-start=\"461\" data-end=\"682\"><strong data-start=\"461\" data-end=\"499\">Usuario habitual fijo-discontinuo:<\/strong> Asiste en d\u00edas fijos (ej.: lunes y mi\u00e9rcoles). En este caso, debe informar expresamente de los d\u00edas que <strong data-start=\"604\" data-end=\"610\">no<\/strong> asistir\u00e1, ya que el centro no facilita esta informaci\u00f3n a la empresa.<\/p>\n<\/li>\n<li data-start=\"685\" data-end=\"807\">\n<p data-start=\"687\" data-end=\"807\"><strong data-start=\"687\" data-end=\"706\">Otros usuarios:<\/strong> Deben notificar las ausencias con <strong data-start=\"741\" data-end=\"768\">tres d\u00edas de antelaci\u00f3n<\/strong> seg\u00fan los pliegos de prescripciones.<\/p>\n<\/li>\n<\/ul>\n<\/li>\n<li data-start=\"809\" data-end=\"1316\">\n<p data-start=\"811\" data-end=\"837\"><strong data-start=\"811\" data-end=\"835\">Ausencias puntuales:<\/strong><\/p>\n<ul data-start=\"840\" data-end=\"1316\">\n<li data-start=\"840\" data-end=\"1012\">\n<p data-start=\"842\" data-end=\"1012\">Para alumnos que asistan solo algunos d\u00edas del mes, deber\u00e1n marcar en la web o comunicar por correo <strong data-start=\"942\" data-end=\"972\">todos los d\u00edas de ausencia<\/strong>, siempre con tres d\u00edas de antelaci\u00f3n.<\/p>\n<\/li>\n<li data-start=\"1015\" data-end=\"1125\">\n<p data-start=\"1017\" data-end=\"1125\">Las excursiones <strong data-start=\"1033\" data-end=\"1067\">deben comunicarse a la empresa<\/strong>, ya que el centro no est\u00e1 obligado a notificar salidas.<\/p>\n<\/li>\n<li data-start=\"1128\" data-end=\"1316\">\n<p data-start=\"1130\" data-end=\"1316\">En caso de enfermedad, se podr\u00e1 anular el servicio presentando justificante m\u00e9dico (informe de asistencia o justificante de demanda), con un plazo m\u00e1ximo de <strong data-start=\"1287\" data-end=\"1297\">5 d\u00edas<\/strong> para entregarlo.<\/p>\n<\/li>\n<\/ul>\n<\/li>\n<li data-start=\"1318\" data-end=\"1562\">\n<p data-start=\"1320\" data-end=\"1562\"><strong data-start=\"1320\" data-end=\"1342\">Dietas especiales:<\/strong><br data-start=\"1342\" data-end=\"1345\">Se requiere informe m\u00e9dico completo (alerg\u00f3logo\/pediatra) enviado a:<br data-start=\"1415\" data-end=\"1418\"><strong data-start=\"1420\" data-end=\"1458\"><a class=\"decorated-link cursor-pointer\" rel=\"noopener\" data-start=\"1422\" data-end=\"1456\">dietetica.andalucia@alimentart.com<\/a><\/strong><br data-start=\"1458\" data-end=\"1461\">Si ya lo entreg\u00f3 el curso pasado, no es necesario volver a presentarlo salvo modificaci\u00f3n o baja.<\/p>\n<\/li>\n<li data-start=\"1564\" data-end=\"1938\">\n<p data-start=\"1566\" data-end=\"1598\"><strong data-start=\"1566\" data-end=\"1596\">Comunicaci\u00f3n de ausencias:<\/strong><\/p>\n<ul data-start=\"1601\" data-end=\"1938\">\n<li data-start=\"1601\" data-end=\"1737\">\n<p data-start=\"1603\" data-end=\"1737\">Preferentemente a trav\u00e9s de la web de familias: <a class=\"decorated-link\" href=\"http:\/\/andalucia.mediterranea-group.com\/?utm_source=chatgpt.com\" target=\"_new\" rel=\"noopener\" data-start=\"1651\" data-end=\"1735\">http:\/\/andalucia.mediterranea-group.com\/<\/a><\/p>\n<\/li>\n<li data-start=\"1740\" data-end=\"1938\">\n<p data-start=\"1742\" data-end=\"1938\">Si la web a\u00fan no est\u00e1 operativa (septiembre y parte de octubre), enviar correo a:<br data-start=\"1823\" data-end=\"1826\"><strong data-start=\"1830\" data-end=\"1877\"><a class=\"decorated-link cursor-pointer\" rel=\"noopener\" data-start=\"1832\" data-end=\"1875\">administracion.cadiz@mediterranea-group.com<\/a><\/strong><br data-start=\"1877\" data-end=\"1880\">(hay respuesta autom\u00e1tica para confirmar recepci\u00f3n).<\/p>\n<\/li>\n<\/ul>\n<\/li>\n<li data-start=\"1940\" data-end=\"2143\">\n<p data-start=\"1942\" data-end=\"2143\"><strong data-start=\"1942\" data-end=\"1964\">Baja del servicio:<\/strong><br data-start=\"1964\" data-end=\"1967\">Debe solicitarse con al menos <strong data-start=\"1999\" data-end=\"2027\">una semana de antelaci\u00f3n<\/strong> al inicio del mes en que se har\u00e1 efectiva (ej.: para baja el 1 de octubre, solicitar antes del 25 de septiembre).<\/p>\n<\/li>\n<li data-start=\"2145\" data-end=\"2779\">\n<p data-start=\"2147\" data-end=\"2173\"><strong data-start=\"2147\" data-end=\"2171\">Facturaci\u00f3n y pagos:<\/strong><\/p>\n<ul data-start=\"2176\" data-end=\"2779\">\n<li data-start=\"2176\" data-end=\"2245\">\n<p data-start=\"2178\" data-end=\"2245\">Los recibos se emitir\u00e1n a <strong data-start=\"2204\" data-end=\"2219\">mes vencido<\/strong> (alrededor del d\u00eda 10).<\/p>\n<\/li>\n<li data-start=\"2248\" data-end=\"2352\">\n<p data-start=\"2250\" data-end=\"2352\">Los meses de septiembre y octubre se facturar\u00e1n conjuntamente una vez publicadas las bonificaciones.<\/p>\n<\/li>\n<li data-start=\"2355\" data-end=\"2436\">\n<p data-start=\"2357\" data-end=\"2436\">Pago <strong data-start=\"2362\" data-end=\"2402\">exclusivo por domiciliaci\u00f3n bancaria<\/strong> (una \u00fanica cuenta por usuario).<\/p>\n<\/li>\n<li data-start=\"2439\" data-end=\"2525\">\n<p data-start=\"2441\" data-end=\"2525\">Cambios de cuenta deben comunicarse directamente a la empresa para evitar errores.<\/p>\n<\/li>\n<li data-start=\"2528\" data-end=\"2658\">\n<p data-start=\"2530\" data-end=\"2658\">No devuelva recibos err\u00f3neos; contacte antes para resolver la incidencia. La devoluci\u00f3n genera un gasto de <strong data-start=\"2637\" data-end=\"2655\">2 \u20ac por recibo<\/strong>.<\/p>\n<\/li>\n<li data-start=\"2661\" data-end=\"2779\">\n<p data-start=\"2663\" data-end=\"2779\">Impagos reiterados podr\u00e1n derivar en la <strong data-start=\"2703\" data-end=\"2733\">baja temporal o definitiva<\/strong> del servicio, previo acuerdo con el centro.<\/p>\n<\/li>\n<\/ul>\n<\/li>\n<li data-start=\"2781\" data-end=\"3019\">\n<p data-start=\"2783\" data-end=\"3019\"><strong data-start=\"2783\" data-end=\"2806\">Registro en la web:<\/strong><br data-start=\"2806\" data-end=\"2809\">Para acceder a la web (consultar recibos, men\u00fas, notificar ausencias), es necesario tener un correo electr\u00f3nico registrado en la ficha del alumno. Si hay incidencias al registrarse, contacte con la empresa.<\/p>\n<\/li>\n<\/ul>\n<p data-start=\"3021\" data-end=\"3135\">Todas las incidencias se tramitan a trav\u00e9s de correo electr\u00f3nico, y se dar\u00e1 respuesta en el menor plazo posible.<\/p>\n<p data-start=\"3137\" data-end=\"3182\"><strong data-start=\"3137\" data-end=\"3180\">Atentamente,<\/strong><\/p>\n<div class=\"page\" title=\"Page 2\">\n<div class=\"section\">\n<div class=\"layoutArea\">\n<div class=\"column\">&nbsp;<\/div>\n<\/div>\n<\/div>\n<\/div>\n<\/div>\n<\/div>\n<\/div>\n<\/div>\n<p>[\/et_pb_text][\/et_pb_column][\/et_pb_row][\/et_pb_section]<\/p>\n","protected":false},"excerpt":{"rendered":"<p>Comedor escolar Nuestro comedor escolar es un lugar fundamental en nuestro centro educativo donde nuestros estudiantes no solo satisfacen sus necesidades alimenticias, sino que tambi\u00e9n disfrutan de un momento de convivencia y descanso durante su jornada escolar. Tiene como principal funci\u00f3n proporcionar a nuestros estudiantes comidas nutritivas y equilibradas que contribuyan a su desarrollo f\u00edsico [&hellip;]<\/p>\n","protected":false},"author":18083,"featured_media":0,"parent":0,"menu_order":0,"comment_status":"closed","ping_status":"closed","template":"","meta":{"_et_pb_use_builder":"on","_et_pb_old_content":"","_et_gb_content_width":"","ngg_post_thumbnail":0,"footnotes":""},"aioseo_notices":[],"_links":{"self":[{"href":"https:\/\/blogsaverroes.juntadeandalucia.es\/ceipfernandogavilan\/wp-json\/wp\/v2\/pages\/871"}],"collection":[{"href":"https:\/\/blogsaverroes.juntadeandalucia.es\/ceipfernandogavilan\/wp-json\/wp\/v2\/pages"}],"about":[{"href":"https:\/\/blogsaverroes.juntadeandalucia.es\/ceipfernandogavilan\/wp-json\/wp\/v2\/types\/page"}],"author":[{"embeddable":true,"href":"https:\/\/blogsaverroes.juntadeandalucia.es\/ceipfernandogavilan\/wp-json\/wp\/v2\/users\/18083"}],"replies":[{"embeddable":true,"href":"https:\/\/blogsaverroes.juntadeandalucia.es\/ceipfernandogavilan\/wp-json\/wp\/v2\/comments?post=871"}],"version-history":[{"count":12,"href":"https:\/\/blogsaverroes.juntadeandalucia.es\/ceipfernandogavilan\/wp-json\/wp\/v2\/pages\/871\/revisions"}],"predecessor-version":[{"id":3579,"href":"https:\/\/blogsaverroes.juntadeandalucia.es\/ceipfernandogavilan\/wp-json\/wp\/v2\/pages\/871\/revisions\/3579"}],"wp:attachment":[{"href":"https:\/\/blogsaverroes.juntadeandalucia.es\/ceipfernandogavilan\/wp-json\/wp\/v2\/media?parent=871"}],"curies":[{"name":"wp","href":"https:\/\/api.w.org\/{rel}","templated":true}]}}