{"id":1248,"date":"2023-08-31T19:35:25","date_gmt":"2023-08-31T18:35:25","guid":{"rendered":"https:\/\/blogsaverroes.juntadeandalucia.es\/ceipfernandomolina\/?page_id=1248"},"modified":"2026-01-03T20:36:26","modified_gmt":"2026-01-03T19:36:26","slug":"introduccion","status":"publish","type":"page","link":"https:\/\/blogsaverroes.juntadeandalucia.es\/ceipfernandomolina\/introduccion\/","title":{"rendered":"INTRODUCCI\u00d3N"},"content":{"rendered":"<h2><span style=\"font-size: 24pt;font-family: arial, helvetica, sans-serif\"><em><strong><span style=\"color: #339966\">\u00bfQui\u00e9nes somos?<\/span><\/strong><\/em><\/span><\/h2>\n<p><span style=\"font-size: 14pt;font-family: arial, helvetica, sans-serif;color: #000000\"><strong>Centro de Educaci\u00f3n Infantil y Primaria&nbsp; \u201cFernando Molina\u201d que imparte 3 etapas educativas: Educaci\u00f3n Infantil 2\u00ba ciclo, Educaci\u00f3n Primaria y 1\u00ba\/2\u00ba E.S.O.&nbsp;<\/strong><\/span><\/p>\n<p><span style=\"font-family: arial, helvetica, sans-serif;color: #000000\"><span style=\"font-size: 14pt\"><strong>Se encuentra ubicado en un pueblo de la <\/strong><\/span><strong style=\"font-size: 14pt\">comarca de Sierra M\u00e1gina, Albanchez de M\u00e1gina, situado a 42 Km. de la capital de la provincia (Ja\u00e9n), con una <\/strong><strong style=\"font-size: 14pt\">poblaci\u00f3n de 993 habitantes (1 enero de 2022). La extensi\u00f3n de su t\u00e9rmino municipal es de 39,22 km <\/strong><span style=\"font-size: 14pt\"><strong>cuadrados de superficie total, siendo las dos terceras partes del mismo de monte, encontr\u00e1ndose todas&nbsp;<\/strong><\/span><span style=\"font-size: 14pt\"><strong>ellas dentro del Parque Natural de Sierra M\u00e1gina.<\/strong><\/span><\/span><\/p>\n<p><img loading=\"lazy\" decoding=\"async\" class=\"alignnone wp-image-1452\" src=\"https:\/\/blogsaverroes.juntadeandalucia.es\/ceipfernandomolina\/files\/2024\/02\/Fachada1-300x225.jpg\" alt=\"\" width=\"360\" height=\"270\"\/>&nbsp; &nbsp; &nbsp; &nbsp; &nbsp; &nbsp; &nbsp; &nbsp; &nbsp; &nbsp; &nbsp; &nbsp; &nbsp; &nbsp; &nbsp; &nbsp; &nbsp; &nbsp; &nbsp; &nbsp; &nbsp; &nbsp; &nbsp; &nbsp; &nbsp; &nbsp; &nbsp; &nbsp; &nbsp; &nbsp; &nbsp; &nbsp; &nbsp; &nbsp;&nbsp; <img loading=\"lazy\" decoding=\"async\" class=\"alignnone size-medium wp-image-1640\" src=\"https:\/\/blogsaverroes.juntadeandalucia.es\/ceipfernandomolina\/files\/2024\/08\/Escudo-Recortado-Para-Jesus-208x300.jpg\" alt=\"\" width=\"208\" height=\"300\"\/><\/p>\n<h2><span style=\"font-size: 24pt;font-family: arial, helvetica, sans-serif\"><strong><span style=\"color: #339966\">\u00bfQu\u00e9 pretendemos con nuestro alumnado?<\/span><\/strong><\/span><\/h2>\n<ul class=\"font_8 wixui-rich-text__text\">\n<li class=\"wixui-rich-text__text\">\n<p class=\"font_8 wixui-rich-text__text\"><span style=\"color: #000000;font-family: arial, helvetica, sans-serif\"><strong><span class=\"wixui-rich-text__text\" style=\"font-size: 14pt\">Educaci\u00f3n INTEGRAL y EMOCIONAL del alumnado.<\/span><\/strong><\/span><\/p>\n<\/li>\n<li class=\"wixui-rich-text__text\">\n<p class=\"font_8 wixui-rich-text__text\"><span style=\"color: #000000;font-family: arial, helvetica, sans-serif\"><strong><span class=\"wixui-rich-text__text\" style=\"font-size: 14pt\">Atenci\u00f3n a la DIVERSIDAD de todo el alumnado (DUA).<\/span><\/strong><\/span><\/p>\n<\/li>\n<li class=\"wixui-rich-text__text\">\n<p class=\"font_8 wixui-rich-text__text\"><span style=\"color: #000000;font-family: arial, helvetica, sans-serif\"><strong><span class=\"wixui-rich-text__text\" style=\"font-size: 14pt\">Valores de ESFUERZO, PARTICIPACI\u00d3N, RESPONSABILIDAD, SOLIDARIDAD, TOLERANCIA y CONSTANCIA.<\/span><\/strong><\/span><\/p>\n<\/li>\n<li class=\"wixui-rich-text__text\">\n<p class=\"font_8 wixui-rich-text__text\"><span style=\"color: #000000;font-family: arial, helvetica, sans-serif\"><strong><span class=\"wixui-rich-text__text\" style=\"font-size: 14pt\">Preparar para la VIDA con una actitud cr\u00edtica.<\/span><\/strong><\/span><\/p>\n<\/li>\n<li class=\"wixui-rich-text__text\">\n<p class=\"font_8 wixui-rich-text__text\"><span style=\"color: #000000;font-family: arial, helvetica, sans-serif\"><strong><span class=\"wixui-rich-text__text\" style=\"font-size: 14pt\">Uso de las LENGUAS EXTRANJERAS: Franc\u00e9s (primer idioma) e Ingl\u00e9s (segundo idioma).<\/span><\/strong><\/span><\/p>\n<\/li>\n<li class=\"wixui-rich-text__text\">\n<p class=\"font_8 wixui-rich-text__text\"><span style=\"color: #000000;font-family: arial, helvetica, sans-serif\"><strong><span class=\"wixui-rich-text__text\" style=\"font-size: 14pt\">Uso del DI\u00c1LOGO para resolver conflictos.<\/span><\/strong><\/span><\/p>\n<\/li>\n<li class=\"wixui-rich-text__text\">\n<p class=\"font_8 wixui-rich-text__text\"><span style=\"color: #000000;font-family: arial, helvetica, sans-serif\"><strong><span class=\"wixui-rich-text__text\" style=\"font-size: 14pt\">INCLUSI\u00d3N de las familias en la vida escolar.<\/span><\/strong><\/span><\/p>\n<\/li>\n<li class=\"wixui-rich-text__text\">\n<p class=\"font_8 wixui-rich-text__text\"><span style=\"color: #000000;font-family: arial, helvetica, sans-serif\"><strong><span class=\"wixui-rich-text__text\" style=\"font-size: 14pt\">Conciencia MEDIOAMBIENTAL, ODS.&nbsp;<\/span><\/strong><\/span><\/p>\n<\/li>\n<\/ul>\n<h2><span style=\"font-size: 24pt;font-family: arial, helvetica, sans-serif\"><strong><span style=\"color: #339966\">\u00bfCon qu\u00e9 metodolog\u00eda trabajamos?<\/span><\/strong><\/span><\/h2>\n<ul class=\"font_8 wixui-rich-text__text\">\n<li class=\"wixui-rich-text__text\">\n<p class=\"font_8 wixui-rich-text__text\"><span style=\"font-size: 14pt;font-family: arial, helvetica, sans-serif;color: #000000\"><strong><span class=\"wixui-rich-text__text\">Conociendo de donde parten y sus conocimientos previos.<\/span><\/strong><\/span><\/p>\n<\/li>\n<li class=\"wixui-rich-text__text\">\n<p class=\"font_8 wixui-rich-text__text\"><span style=\"font-size: 14pt;font-family: arial, helvetica, sans-serif;color: #000000\"><strong><span class=\"wixui-rich-text__text\">Atendiendo a la diversidad del alumnado a trav\u00e9s de las estrategias DUA.<\/span><\/strong><\/span><\/p>\n<\/li>\n<li class=\"wixui-rich-text__text\">\n<p class=\"font_8 wixui-rich-text__text\"><span style=\"font-size: 14pt;font-family: arial, helvetica, sans-serif;color: #000000\"><strong><span class=\"wixui-rich-text__text\">Fomentando la interacci\u00f3n e integraci\u00f3n real en el aula.<\/span><\/strong><\/span><\/p>\n<\/li>\n<li class=\"wixui-rich-text__text\">\n<p class=\"font_8 wixui-rich-text__text\"><span style=\"font-size: 14pt;font-family: arial, helvetica, sans-serif;color: #000000\"><strong><span class=\"wixui-rich-text__text\">Implicando al alumnado en su propio proceso de aprendizaje a trav\u00e9s de SdA o Proyectos.<\/span><\/strong><\/span><\/p>\n<\/li>\n<li class=\"wixui-rich-text__text\">\n<p class=\"font_8 wixui-rich-text__text\"><span style=\"font-size: 14pt;font-family: arial, helvetica, sans-serif;color: #000000\"><strong><span class=\"wixui-rich-text__text\">Favoreciendo una buena comunicaci\u00f3n entre toda la comunidad educativa: entre el alumnado, profesorado y las familias.<\/span><\/strong><\/span><\/p>\n<\/li>\n<li class=\"wixui-rich-text__text\">\n<p class=\"font_8 wixui-rich-text__text\"><span style=\"font-size: 14pt;font-family: arial, helvetica, sans-serif;color: #000000\"><strong><span class=\"wixui-rich-text__text\">Organizando el aula seg\u00fan los momentos.<\/span><\/strong><\/span><\/p>\n<\/li>\n<li class=\"wixui-rich-text__text\">\n<p class=\"font_8 wixui-rich-text__text\"><span style=\"font-size: 14pt;font-family: arial, helvetica, sans-serif;color: #000000\"><strong><span class=\"wixui-rich-text__text\">Motivando y generando inter\u00e9s por lo que est\u00e1n aprendiendo.<\/span><\/strong><\/span><\/p>\n<\/li>\n<li class=\"wixui-rich-text__text\">\n<p class=\"font_8 wixui-rich-text__text\"><span style=\"font-size: 14pt;font-family: arial, helvetica, sans-serif;color: #000000\"><strong><span class=\"wixui-rich-text__text\">Aprendizaje globalizado.<\/span><\/strong><\/span><\/p>\n<\/li>\n<li class=\"wixui-rich-text__text\">\n<p class=\"font_8 wixui-rich-text__text\"><span style=\"font-size: 14pt;font-family: arial, helvetica, sans-serif;color: #000000\"><strong><span class=\"wixui-rich-text__text\">Aprendizaje cooperativo, ABP, ABJ y colaborativo.<\/span><\/strong><\/span><\/p>\n<\/li>\n<\/ul>\n","protected":false},"excerpt":{"rendered":"<p>\u00bfQui\u00e9nes somos? Centro de Educaci\u00f3n Infantil y Primaria&nbsp; \u201cFernando Molina\u201d que imparte 3 etapas educativas: Educaci\u00f3n Infantil 2\u00ba ciclo, Educaci\u00f3n Primaria y 1\u00ba\/2\u00ba E.S.O.&nbsp; Se encuentra ubicado en un pueblo de la comarca de Sierra M\u00e1gina, Albanchez de M\u00e1gina, situado a 42 Km. de la capital de la provincia (Ja\u00e9n), con una poblaci\u00f3n de 993 [&hellip;]<\/p>\n","protected":false},"author":13370,"featured_media":1451,"parent":0,"menu_order":0,"comment_status":"closed","ping_status":"closed","template":"","meta":{"_et_pb_use_builder":"","_et_pb_old_content":"","_et_gb_content_width":"","ngg_post_thumbnail":0,"footnotes":""},"aioseo_notices":[],"_links":{"self":[{"href":"https:\/\/blogsaverroes.juntadeandalucia.es\/ceipfernandomolina\/wp-json\/wp\/v2\/pages\/1248"}],"collection":[{"href":"https:\/\/blogsaverroes.juntadeandalucia.es\/ceipfernandomolina\/wp-json\/wp\/v2\/pages"}],"about":[{"href":"https:\/\/blogsaverroes.juntadeandalucia.es\/ceipfernandomolina\/wp-json\/wp\/v2\/types\/page"}],"author":[{"embeddable":true,"href":"https:\/\/blogsaverroes.juntadeandalucia.es\/ceipfernandomolina\/wp-json\/wp\/v2\/users\/13370"}],"replies":[{"embeddable":true,"href":"https:\/\/blogsaverroes.juntadeandalucia.es\/ceipfernandomolina\/wp-json\/wp\/v2\/comments?post=1248"}],"version-history":[{"count":8,"href":"https:\/\/blogsaverroes.juntadeandalucia.es\/ceipfernandomolina\/wp-json\/wp\/v2\/pages\/1248\/revisions"}],"predecessor-version":[{"id":1981,"href":"https:\/\/blogsaverroes.juntadeandalucia.es\/ceipfernandomolina\/wp-json\/wp\/v2\/pages\/1248\/revisions\/1981"}],"wp:featuredmedia":[{"embeddable":true,"href":"https:\/\/blogsaverroes.juntadeandalucia.es\/ceipfernandomolina\/wp-json\/wp\/v2\/media\/1451"}],"wp:attachment":[{"href":"https:\/\/blogsaverroes.juntadeandalucia.es\/ceipfernandomolina\/wp-json\/wp\/v2\/media?parent=1248"}],"curies":[{"name":"wp","href":"https:\/\/api.w.org\/{rel}","templated":true}]}}