{"id":1250,"date":"2023-08-31T19:35:26","date_gmt":"2023-08-31T18:35:26","guid":{"rendered":"https:\/\/blogsaverroes.juntadeandalucia.es\/ceipfernandomolina\/?page_id=1250"},"modified":"2024-03-12T20:57:11","modified_gmt":"2024-03-12T19:57:11","slug":"objetivos-propios-para-mejorar-el-rendimiento","status":"publish","type":"page","link":"https:\/\/blogsaverroes.juntadeandalucia.es\/ceipfernandomolina\/objetivos-propios-para-mejorar-el-rendimiento\/","title":{"rendered":"Objetivos propios para mejorar el rendimiento"},"content":{"rendered":"<p><a href=\"https:\/\/drive.google.com\/file\/d\/1J6lvPAmb0Ghqo8kqxEg_dJuk6v5qUXWg\/view?usp=sharing\"><img loading=\"lazy\" decoding=\"async\" class=\"alignnone  wp-image-1513\" src=\"https:\/\/blogsaverroes.juntadeandalucia.es\/ceipfernandomolina\/files\/2024\/03\/mini-curso-para-aprender-estudiar-adquirir-habitos-mejorar-rendimiento-academico-300x148.jpg\" alt=\"\" width=\"608\" height=\"300\" srcset=\"https:\/\/blogsaverroes.juntadeandalucia.es\/ceipfernandomolina\/files\/2024\/03\/mini-curso-para-aprender-estudiar-adquirir-habitos-mejorar-rendimiento-academico-300x148.jpg 608w, https:\/\/blogsaverroes.juntadeandalucia.es\/ceipfernandomolina\/files\/2024\/03\/mini-curso-para-aprender-estudiar-adquirir-habitos-mejorar-rendimiento-academico-480x236.jpg 480w\" sizes=\"(min-width: 0px) and (max-width: 480px) 480px, (min-width: 481px) 608px, 100vw\" \/><\/a><\/p>\n<p><b>1\u00ba. Relacionados con la mejora del curr\u00edculo, la pr\u00e1ctica docente, la metodolog\u00eda para la adquisici\u00f3n de competencias claves y la atenci\u00f3n a la diversidad.<\/b><\/p>\n<p>2\u00ba. <b>Relacionados con la mejora de la convivencia y la consecuci\u00f3n de un adecuado clima escolar.<\/b><\/p>\n<p>3\u00ba. <b>Relacionados con la participaci\u00f3n e implicaci\u00f3n de las familias.<\/b><\/p>\n<p>4\u00ba. <b>Mejora de la organizaci\u00f3n y funcionamiento del Centro.<\/b><\/p>\n","protected":false},"excerpt":{"rendered":"<p>1\u00ba. Relacionados con la mejora del curr\u00edculo, la pr\u00e1ctica docente, la metodolog\u00eda para la adquisici\u00f3n de competencias claves y la atenci\u00f3n a la diversidad. 2\u00ba. Relacionados con la mejora de la convivencia y la consecuci\u00f3n de un adecuado clima escolar. 3\u00ba. Relacionados con la participaci\u00f3n e implicaci\u00f3n de las familias. 4\u00ba. Mejora de la organizaci\u00f3n [&hellip;]<\/p>\n","protected":false},"author":13370,"featured_media":0,"parent":0,"menu_order":0,"comment_status":"closed","ping_status":"closed","template":"","meta":{"_et_pb_use_builder":"","_et_pb_old_content":"","_et_gb_content_width":"","ngg_post_thumbnail":0,"footnotes":""},"aioseo_notices":[],"_links":{"self":[{"href":"https:\/\/blogsaverroes.juntadeandalucia.es\/ceipfernandomolina\/wp-json\/wp\/v2\/pages\/1250"}],"collection":[{"href":"https:\/\/blogsaverroes.juntadeandalucia.es\/ceipfernandomolina\/wp-json\/wp\/v2\/pages"}],"about":[{"href":"https:\/\/blogsaverroes.juntadeandalucia.es\/ceipfernandomolina\/wp-json\/wp\/v2\/types\/page"}],"author":[{"embeddable":true,"href":"https:\/\/blogsaverroes.juntadeandalucia.es\/ceipfernandomolina\/wp-json\/wp\/v2\/users\/13370"}],"replies":[{"embeddable":true,"href":"https:\/\/blogsaverroes.juntadeandalucia.es\/ceipfernandomolina\/wp-json\/wp\/v2\/comments?post=1250"}],"version-history":[{"count":3,"href":"https:\/\/blogsaverroes.juntadeandalucia.es\/ceipfernandomolina\/wp-json\/wp\/v2\/pages\/1250\/revisions"}],"predecessor-version":[{"id":1515,"href":"https:\/\/blogsaverroes.juntadeandalucia.es\/ceipfernandomolina\/wp-json\/wp\/v2\/pages\/1250\/revisions\/1515"}],"wp:attachment":[{"href":"https:\/\/blogsaverroes.juntadeandalucia.es\/ceipfernandomolina\/wp-json\/wp\/v2\/media?parent=1250"}],"curies":[{"name":"wp","href":"https:\/\/api.w.org\/{rel}","templated":true}]}}