{"id":1314,"date":"2023-10-10T20:46:32","date_gmt":"2023-10-10T19:46:32","guid":{"rendered":"https:\/\/blogsaverroes.juntadeandalucia.es\/ceipfernandomolina\/?page_id=1314"},"modified":"2025-09-14T12:18:51","modified_gmt":"2025-09-14T11:18:51","slug":"claustro","status":"publish","type":"page","link":"https:\/\/blogsaverroes.juntadeandalucia.es\/ceipfernandomolina\/claustro\/","title":{"rendered":"PERSONAL DEL CENTRO 2025\/26"},"content":{"rendered":"<p>&nbsp; &nbsp; &nbsp; &nbsp; &nbsp; &nbsp; &nbsp; &nbsp; &nbsp; &nbsp; &nbsp; &nbsp; <img loading=\"lazy\" decoding=\"async\" class=\"wp-image-1338 aligncenter\" src=\"https:\/\/blogsaverroes.juntadeandalucia.es\/ceipfernandomolina\/files\/2023\/11\/claustro1-300x300.jpg\" alt=\"\" width=\"223\" height=\"223\"\/><\/p>\n<table style=\"border-collapse: collapse;width: 41.3672%;height: 82px\">\n<tbody>\n<tr>\n<td style=\"width: 100%\">\n<h3><strong><span style=\"font-family: 'comic sans ms', sans-serif\">PERSONAL DOCENTE<\/span><\/strong><\/h3>\n<\/td>\n<\/tr>\n<\/tbody>\n<\/table>\n<h4><span style=\"color: #ff0000\"><strong>TUTOR\u00cdAS:<\/strong><\/span><\/h4>\n<ul style=\"list-style-type: circle\">\n<li>\n<h4><span style=\"font-family: 'comic sans ms', sans-serif;color: #339966\"><strong>TUTORA EDUCACI\u00d3N INFANTIL 3, 4 Y 5 A\u00d1OS: D\u00f1a. ANA M\u00aa J. L.<\/strong><\/span><\/h4>\n<\/li>\n<li>\n<h4><strong><span style=\"font-family: 'comic sans ms', sans-serif;color: #3366ff\">TUTORA 1\u00ba\/2\u00ba\/3\u00ba CURSO DE EDUCACI\u00d3N PRIMARIA: D\u00f1a. M\u00d3NICA S. S.<\/span><\/strong><\/h4>\n<\/li>\n<li>\n<h4><strong><span style=\"color: #0000ff\"><span style=\"font-family: 'comic sans ms', sans-serif\">TUTORA 4\u00ba\/5\u00ba\/6\u00ba CURSO DE EDUCACI\u00d3N PRIMARIA: D\u00f1a. Paqui C. R.<\/span><\/span><\/strong><\/h4>\n<\/li>\n<li>\n<h4><span style=\"font-family: 'comic sans ms', sans-serif;color: #ff9900\"><strong>TUTORA 1\u00ba\/2\u00ba ENSE\u00d1ANZA SECUNDARIA: D\u00f1a. M\u00aa JOS\u00c9 M. M. .<\/strong><\/span><\/h4>\n<\/li>\n<\/ul>\n<h4><span style=\"color: #ff0000\"><strong>ESPECIALISTAS:<\/strong><\/span><\/h4>\n<ul>\n<li>\n<h4><span style=\"font-family: 'comic sans ms', sans-serif;color: #0000ff\">MAES<strong>TRA ESPECIALISTA EN P.T.: D\u00f1a. Virginia M. C.<\/strong><\/span><\/h4>\n<\/li>\n<li>\n<h4><strong><span style=\"color: #ff6600;font-family: 'comic sans ms', sans-serif\">MAESTRA ESPECIALISTA EN FRANC\u00c9S: D\u00f1a. Mar\u00eda Jos\u00e9 M. M.<\/span><\/strong><\/h4>\n<\/li>\n<li>\n<h4><strong><span style=\"color: #ff00ff\">MAESTRA ESPECIALISTA EN INGL\u00c9S: D\u00f1a. CATALINA M. C.<\/span><\/strong><\/h4>\n<\/li>\n<li>\n<h4><span style=\"font-family: 'comic sans ms', sans-serif\"><strong><span style=\"color: #ffcc00\">MAESTRA ESPECIALISTA EN CCSS 1\u00ba\/2\u00ba E.S.O.: D\u00f1a. \u00c1ngela P. L.<\/span><\/strong><\/span><\/h4>\n<\/li>\n<li>\n<h4><strong><span style=\"font-family: 'comic sans ms', sans-serif;color: #993366\">MAESTRA ESPECIALISTA EN EDUCACI\u00d3N MUSICAL: D\u00f1a. Paqui C. R.<\/span><\/strong><\/h4>\n<\/li>\n<li>\n<h4><strong><span style=\"font-family: 'comic sans ms', sans-serif;color: #99cc00\">MAESTRO ESPECIALISTA EN E.F. 1\u00ba\/2\u00ba E.S.O.: D. Jes\u00fas \u00c1ngel M. O.<\/span><\/strong><\/h4>\n<\/li>\n<li>\n<h4><span style=\"color: #3366ff\"><strong><span style=\"font-family: 'comic sans ms', sans-serif\">MAESTRA ESPEC. EN AUDICI\u00d3N Y LENGUAJE: D.&nbsp;&nbsp;<\/span><\/strong><\/span><\/h4>\n<\/li>\n<li>\n<h4><strong><span style=\"color: #ff0000\">MAESTRA DE RELIGI\u00d3N PRIMARIA: D\u00f1a. FRANCISCA AFRICA O. J.<\/span><\/strong><\/h4>\n<\/li>\n<li>\n<h4><strong><span style=\"font-family: 'comic sans ms', sans-serif\">MAESTRO DE RELIGI\u00d3N E.S.O.: D. RA\u00daL M. C.<\/span><\/strong><\/h4>\n<\/li>\n<\/ul>\n<h3><span style=\"font-family: 'comic sans ms', sans-serif\"><strong>PERSONAL NO DOCENTE:&nbsp;<\/strong><\/span><\/h3>\n<ul style=\"list-style-type: circle\">\n<li>\n<h4><strong><span style=\"color: #ff00ff\">ORIENTADORA: D\u00f1a. ANA M. M.<\/span><\/strong><\/h4>\n<\/li>\n<li>\n<h4><strong><span style=\"color: #ff6600\">ADMINISTRATIVA: D\u00f1a. Socorro T. R. <\/span><\/strong><\/h4>\n<\/li>\n<li>\n<h4><strong><span style=\"color: #ff6600\">PERSONAL T\u00c9CNICO EN INTEGRACI\u00d3N SOCIAL: D. ANTONIO S. S.<\/span><\/strong><\/h4>\n<\/li>\n<\/ul>\n<p>&nbsp;<\/p>\n","protected":false},"excerpt":{"rendered":"<p>&nbsp; &nbsp; &nbsp; &nbsp; &nbsp; &nbsp; &nbsp; &nbsp; &nbsp; &nbsp; &nbsp; &nbsp; PERSONAL DOCENTE TUTOR\u00cdAS: TUTORA EDUCACI\u00d3N INFANTIL 3, 4 Y 5 A\u00d1OS: D\u00f1a. ANA M\u00aa J. L. TUTORA 1\u00ba\/2\u00ba\/3\u00ba CURSO DE EDUCACI\u00d3N PRIMARIA: D\u00f1a. M\u00d3NICA S. S. TUTORA 4\u00ba\/5\u00ba\/6\u00ba CURSO DE EDUCACI\u00d3N PRIMARIA: D\u00f1a. Paqui C. R. TUTORA 1\u00ba\/2\u00ba ENSE\u00d1ANZA SECUNDARIA: D\u00f1a. M\u00aa JOS\u00c9 [&hellip;]<\/p>\n","protected":false},"author":13498,"featured_media":0,"parent":0,"menu_order":0,"comment_status":"closed","ping_status":"closed","template":"","meta":{"_et_pb_use_builder":"","_et_pb_old_content":"","_et_gb_content_width":"","ngg_post_thumbnail":0,"footnotes":""},"aioseo_notices":[],"_links":{"self":[{"href":"https:\/\/blogsaverroes.juntadeandalucia.es\/ceipfernandomolina\/wp-json\/wp\/v2\/pages\/1314"}],"collection":[{"href":"https:\/\/blogsaverroes.juntadeandalucia.es\/ceipfernandomolina\/wp-json\/wp\/v2\/pages"}],"about":[{"href":"https:\/\/blogsaverroes.juntadeandalucia.es\/ceipfernandomolina\/wp-json\/wp\/v2\/types\/page"}],"author":[{"embeddable":true,"href":"https:\/\/blogsaverroes.juntadeandalucia.es\/ceipfernandomolina\/wp-json\/wp\/v2\/users\/13498"}],"replies":[{"embeddable":true,"href":"https:\/\/blogsaverroes.juntadeandalucia.es\/ceipfernandomolina\/wp-json\/wp\/v2\/comments?post=1314"}],"version-history":[{"count":6,"href":"https:\/\/blogsaverroes.juntadeandalucia.es\/ceipfernandomolina\/wp-json\/wp\/v2\/pages\/1314\/revisions"}],"predecessor-version":[{"id":1911,"href":"https:\/\/blogsaverroes.juntadeandalucia.es\/ceipfernandomolina\/wp-json\/wp\/v2\/pages\/1314\/revisions\/1911"}],"wp:attachment":[{"href":"https:\/\/blogsaverroes.juntadeandalucia.es\/ceipfernandomolina\/wp-json\/wp\/v2\/media?parent=1314"}],"curies":[{"name":"wp","href":"https:\/\/api.w.org\/{rel}","templated":true}]}}