{"id":1366,"date":"2023-11-14T16:12:12","date_gmt":"2023-11-14T15:12:12","guid":{"rendered":"https:\/\/blogsaverroes.juntadeandalucia.es\/ceipfernandomolina\/?page_id=1366"},"modified":"2026-01-03T20:29:02","modified_gmt":"2026-01-03T19:29:02","slug":"plan-general-anual-de-centro","status":"publish","type":"page","link":"https:\/\/blogsaverroes.juntadeandalucia.es\/ceipfernandomolina\/plan-general-anual-de-centro\/","title":{"rendered":"PLAN GENERAL ANUAL DE CENTRO"},"content":{"rendered":"<h1 style=\"text-align: center\"><a href=\"https:\/\/drive.google.com\/file\/d\/1SC_GMZFSFZMDpoGE9PNA4rE_F1JfK5tJ\/view?usp=drive_link\"><span style=\"color: #00ff00;font-family: 'arial black', sans-serif\"><strong>PLAN GENERAL ANUAL DE CENTRO<\/strong><\/span><\/a><\/h1>\n<ul style=\"list-style-type: circle\">\n<li>&nbsp; &nbsp;<span style=\"font-family: arial, helvetica, sans-serif;font-size: 14pt;color: #000000\">El Centro educativo realiza su <strong>jornada de trabajo lectivo en cinco ma\u00f1anas.<\/strong> Aunque parte de las horas correspondiente al horario no lectivo del profesorado aparece en el horario personal de cada uno en el horario de ma\u00f1ana.<\/span><\/li>\n<li><span style=\"font-family: arial, helvetica, sans-serif;font-size: 14pt;color: #000000\"><strong>El horario regular no lectivo <\/strong>como reuniones de ciclo, tutor\u00edas, ETCP, Claustros o Consejos Escolares se realizar\u00e1n preferentemente de forma telem\u00e1tica y tambi\u00e9n presencial, seg\u00fan las necesidades de organizaci\u00f3n del centro, excepto las <strong>sesiones de evaluaci\u00f3n oficiales<\/strong> que se har\u00e1n de forma presencial y las tutor\u00edas a petici\u00f3n de las familias seg\u00fan <strong>Instrucci\u00f3n de 5 de septiembre de 2024 de la Direcci\u00f3n General de Profesorado y Gesti\u00f3n de Recursos Humanos para el cumplimiento de lo previsto sobre horarios en el Acuerdo de 16 de julio firmado entre la Consejer\u00eda de Desarrollo Educativo y las organizaciones sindicales CSIF-Andaluc\u00eda, ANPEAndaluc\u00eda y UGT- Servicios P\u00fablicos.<\/strong><\/span><\/li>\n<\/ul>\n<ul style=\"list-style-type: circle\">\n<li><span style=\"font-family: arial, helvetica, sans-serif;font-size: 14pt;color: #000000\">La <strong>jornada lectiva<\/strong> est\u00e1 diferenciada por etapas: &nbsp;<strong>Educaci\u00f3n Infantil y Primaria<\/strong>, de 9:00 a 14:00 horas y <strong>1\u00ba\/2\u00ba E.S.O<\/strong>. de 8:00 a 14:30 horas.<\/span><\/li>\n<\/ul>\n<ul style=\"list-style-type: circle\">\n<li><span style=\"color: #000000;font-size: 14pt\">El <strong>horario de tutor\u00edas de atenci\u00f3n a padres, madres, familias o tutores\/as legales<\/strong> del alumnado se establece los lunes de <strong>17 a 18 horas<\/strong>.&nbsp; Estas reuniones ser\u00e1n telem\u00e1ticas, con car\u00e1cter general, a trav\u00e9s de las plataformas que tiene el centro, Meet correo g.educaand.es o de la plataforma Webex, pudi\u00e9ndose realizarse presenciales a petici\u00f3n de la familia y siempre con el fin de mejorar el contacto tutor-familia.<\/span><\/li>\n<\/ul>\n<p>&nbsp;<\/p>\n","protected":false},"excerpt":{"rendered":"<p>PLAN GENERAL ANUAL DE CENTRO &nbsp; &nbsp;El Centro educativo realiza su jornada de trabajo lectivo en cinco ma\u00f1anas. Aunque parte de las horas correspondiente al horario no lectivo del profesorado aparece en el horario personal de cada uno en el horario de ma\u00f1ana. El horario regular no lectivo como reuniones de ciclo, tutor\u00edas, ETCP, Claustros [&hellip;]<\/p>\n","protected":false},"author":13498,"featured_media":0,"parent":0,"menu_order":0,"comment_status":"closed","ping_status":"closed","template":"","meta":{"_et_pb_use_builder":"","_et_pb_old_content":"","_et_gb_content_width":"","ngg_post_thumbnail":0,"footnotes":""},"aioseo_notices":[],"_links":{"self":[{"href":"https:\/\/blogsaverroes.juntadeandalucia.es\/ceipfernandomolina\/wp-json\/wp\/v2\/pages\/1366"}],"collection":[{"href":"https:\/\/blogsaverroes.juntadeandalucia.es\/ceipfernandomolina\/wp-json\/wp\/v2\/pages"}],"about":[{"href":"https:\/\/blogsaverroes.juntadeandalucia.es\/ceipfernandomolina\/wp-json\/wp\/v2\/types\/page"}],"author":[{"embeddable":true,"href":"https:\/\/blogsaverroes.juntadeandalucia.es\/ceipfernandomolina\/wp-json\/wp\/v2\/users\/13498"}],"replies":[{"embeddable":true,"href":"https:\/\/blogsaverroes.juntadeandalucia.es\/ceipfernandomolina\/wp-json\/wp\/v2\/comments?post=1366"}],"version-history":[{"count":6,"href":"https:\/\/blogsaverroes.juntadeandalucia.es\/ceipfernandomolina\/wp-json\/wp\/v2\/pages\/1366\/revisions"}],"predecessor-version":[{"id":1979,"href":"https:\/\/blogsaverroes.juntadeandalucia.es\/ceipfernandomolina\/wp-json\/wp\/v2\/pages\/1366\/revisions\/1979"}],"wp:attachment":[{"href":"https:\/\/blogsaverroes.juntadeandalucia.es\/ceipfernandomolina\/wp-json\/wp\/v2\/media?parent=1366"}],"curies":[{"name":"wp","href":"https:\/\/api.w.org\/{rel}","templated":true}]}}