{"id":846,"date":"2023-03-19T11:22:30","date_gmt":"2023-03-19T10:22:30","guid":{"rendered":"https:\/\/blogsaverroes.juntadeandalucia.es\/ceipfernandomolina\/?page_id=846"},"modified":"2026-01-03T20:49:31","modified_gmt":"2026-01-03T19:49:31","slug":"r-o-f","status":"publish","type":"page","link":"https:\/\/blogsaverroes.juntadeandalucia.es\/ceipfernandomolina\/el-centro\/plan-de-centro\/r-o-f\/","title":{"rendered":"R.O.F."},"content":{"rendered":"<h1 style=\"text-align: center\"><a href=\"https:\/\/drive.google.com\/file\/d\/1SC_GMZFSFZMDpoGE9PNA4rE_F1JfK5tJ\/view?usp=drive_link\"><span style=\"font-family: 'arial black', sans-serif;color: #339966\">PLAN DE CENTRO<\/span><\/a><\/h1>\n<h1><span style=\"color: #00ff00\"><a style=\"color: #00ff00\" href=\"https:\/\/drive.google.com\/file\/d\/1gexMyFJ4ROTucnk2rXcI2YK08rqtPVPK\/view?usp=sharing\"><strong><span style=\"color: #33cccc\">REGLAMENTO DE ORGANIZACI\u00d3N Y FUNCIONAMIENTO<\/span><\/strong><\/a><\/span><\/h1>\n<h3>&nbsp; &nbsp; &nbsp;<span style=\"font-family: arial, helvetica, sans-serif;font-size: 14pt\">El Reglamento de Organizaci\u00f3n y Funcionamiento es el instrumento en el que se contemplan la mayor\u00eda de los aspectos de la vida del centro, el organizativo y funcional, el de relaciones entre toda la Comunidad Educativa y comunicaci\u00f3n entre nuestros distintos sectores y de \u00e9sta con su entorno, todo esto orientado a los programas educativos y actuaciones de nuestro Centro.<\/span><\/h3>\n<p>&nbsp;<\/p>\n<p><a href=\"https:\/\/drive.google.com\/file\/d\/1gexMyFJ4ROTucnk2rXcI2YK08rqtPVPK\/view?usp=sharing\"><img loading=\"lazy\" decoding=\"async\" class=\"alignnone wp-image-1509\" src=\"https:\/\/blogsaverroes.juntadeandalucia.es\/ceipfernandomolina\/files\/2024\/03\/ROF-2019-300x296.jpg\" alt=\"\" width=\"477\" height=\"471\"\/><\/a><\/p>\n","protected":false},"excerpt":{"rendered":"<p>PLAN DE CENTRO REGLAMENTO DE ORGANIZACI\u00d3N Y FUNCIONAMIENTO &nbsp; &nbsp; &nbsp;El Reglamento de Organizaci\u00f3n y Funcionamiento es el instrumento en el que se contemplan la mayor\u00eda de los aspectos de la vida del centro, el organizativo y funcional, el de relaciones entre toda la Comunidad Educativa y comunicaci\u00f3n entre nuestros distintos sectores y de \u00e9sta [&hellip;]<\/p>\n","protected":false},"author":13370,"featured_media":0,"parent":654,"menu_order":0,"comment_status":"closed","ping_status":"closed","template":"","meta":{"_et_pb_use_builder":"","_et_pb_old_content":"","_et_gb_content_width":"","ngg_post_thumbnail":0,"footnotes":""},"aioseo_notices":[],"_links":{"self":[{"href":"https:\/\/blogsaverroes.juntadeandalucia.es\/ceipfernandomolina\/wp-json\/wp\/v2\/pages\/846"}],"collection":[{"href":"https:\/\/blogsaverroes.juntadeandalucia.es\/ceipfernandomolina\/wp-json\/wp\/v2\/pages"}],"about":[{"href":"https:\/\/blogsaverroes.juntadeandalucia.es\/ceipfernandomolina\/wp-json\/wp\/v2\/types\/page"}],"author":[{"embeddable":true,"href":"https:\/\/blogsaverroes.juntadeandalucia.es\/ceipfernandomolina\/wp-json\/wp\/v2\/users\/13370"}],"replies":[{"embeddable":true,"href":"https:\/\/blogsaverroes.juntadeandalucia.es\/ceipfernandomolina\/wp-json\/wp\/v2\/comments?post=846"}],"version-history":[{"count":11,"href":"https:\/\/blogsaverroes.juntadeandalucia.es\/ceipfernandomolina\/wp-json\/wp\/v2\/pages\/846\/revisions"}],"predecessor-version":[{"id":1983,"href":"https:\/\/blogsaverroes.juntadeandalucia.es\/ceipfernandomolina\/wp-json\/wp\/v2\/pages\/846\/revisions\/1983"}],"up":[{"embeddable":true,"href":"https:\/\/blogsaverroes.juntadeandalucia.es\/ceipfernandomolina\/wp-json\/wp\/v2\/pages\/654"}],"wp:attachment":[{"href":"https:\/\/blogsaverroes.juntadeandalucia.es\/ceipfernandomolina\/wp-json\/wp\/v2\/media?parent=846"}],"curies":[{"name":"wp","href":"https:\/\/api.w.org\/{rel}","templated":true}]}}