{"id":850,"date":"2023-03-19T11:22:31","date_gmt":"2023-03-19T10:22:31","guid":{"rendered":"https:\/\/blogsaverroes.juntadeandalucia.es\/ceipfernandomolina\/?page_id=850"},"modified":"2024-08-05T11:59:22","modified_gmt":"2024-08-05T10:59:22","slug":"nuestra-historia","status":"publish","type":"page","link":"https:\/\/blogsaverroes.juntadeandalucia.es\/ceipfernandomolina\/nuestra-historia\/","title":{"rendered":"NUESTRA HISTORIA"},"content":{"rendered":"<h1><span style=\"color: #00ff00;font-size: 24pt;font-family: 'arial black', sans-serif\"><strong><span class=\"cntTituloDest\"><span style=\"color: #339966\">COLEGIO P\u00daBLICO&nbsp; FERNANDO MOLINA<\/span><\/span><\/strong><\/span><\/h1>\n<div class=\"cntDescripcion\">\n<table style=\"border-collapse: collapse;width: 90.795%;height: 110px\">\n<tbody>\n<tr style=\"height: 110px\">\n<td style=\"width: 100%;height: 110px\">\n<div class=\"cntDescripcion\"><span style=\"font-family: arial, helvetica, sans-serif;font-size: 18pt\"><span style=\"font-size: 24pt\">E<\/span>l <strong>Colegio P\u00fablico &#8220;FERNANDO MOLINA&#8221;<\/strong> se encuentra situado en la localidad de&nbsp;<\/span><span style=\"font-family: arial, helvetica, sans-serif;font-size: 18pt\"> Albanchez de M\u00e1gina, un peque\u00f1o y bonito pueblo que descansa en la falda Norte&nbsp;<\/span><span style=\"font-family: arial, helvetica, sans-serif;font-size: 18pt\">del&nbsp;<\/span><span style=\"font-family: arial, helvetica, sans-serif;font-size: 18pt\"> Parque Natural de Sierra M\u00e1gina.<\/span><\/div>\n<\/td>\n<\/tr>\n<\/tbody>\n<\/table>\n<p><img loading=\"lazy\" decoding=\"async\" class=\"alignnone size-medium wp-image-1452 aligncenter\" src=\"https:\/\/blogsaverroes.juntadeandalucia.es\/ceipfernandomolina\/files\/2024\/02\/Fachada1-300x225.jpg\" alt=\"\" width=\"300\" height=\"225\"><\/p>\n<p><span style=\"font-size: 18pt;font-family: 'arial black', sans-serif;color: #339966\">Ubicaci\u00f3n: https:\/\/maps.app.goo.gl\/VhkSxGVARVYPLByF8<\/span><\/p>\n<table style=\"border-collapse: collapse;width: 90.1673%;height: 313px\">\n<tbody>\n<tr style=\"height: 313px\">\n<td style=\"width: 100%;text-align: left;height: 313px\"><span style=\"font-size: 18pt;font-family: arial, helvetica, sans-serif\"><span style=\"font-size: 24pt\">S<\/span>u nombre, <em>&#8220;FERNANDO MOLINA&#8221;<\/em>, rinde homenaje al maestro m\u00e1s ilustre de<\/span><span style=\"font-size: 18pt;font-family: arial, helvetica, sans-serif\"> Albanchez. Nacido a finales del siglo XIX, comenz\u00f3 su labor docente en las <\/span><span style=\"font-size: 18pt;font-family: arial, helvetica, sans-serif\">Escuelas&nbsp;<\/span><span style=\"font-size: 18pt;font-family: arial, helvetica, sans-serif\"> del Ave Mar\u00eda de Granada bajo la direcci\u00f3n de su fundador el Padre <\/span><span style=\"font-size: 18pt;font-family: arial, helvetica, sans-serif\">Manj\u00f3n. Tras ser&nbsp;<\/span><span style=\"font-size: 18pt;font-family: arial, helvetica, sans-serif\"> maestro de un pueblecito de L\u00e9rida, no tard\u00f3 mucho en regresar <\/span><span style=\"font-size: 18pt;font-family: arial, helvetica, sans-serif\">a tierras andaluzas, en&nbsp;<\/span><span style=\"font-size: 18pt;font-family: arial, helvetica, sans-serif\"> Cumbres Mayores, pueblo de Huelva. Fue all\u00ed donde se&nbsp;<\/span><span style=\"font-size: 18pt;font-family: arial, helvetica, sans-serif\">forj\u00f3 un gran cari\u00f1o entre <\/span><span style=\"font-size: 18pt;font-family: arial, helvetica, sans-serif\">el pueblo, hasta el punto de que una vez que consigui\u00f3 <\/span><span style=\"font-size: 18pt;font-family: arial, helvetica, sans-serif\">destino en Albanchez, los&nbsp;<\/span><span style=\"font-size: 18pt;font-family: arial, helvetica, sans-serif\"> onubenses mediante sus protestas, consiguieron&nbsp;<\/span><span style=\"font-size: 18pt;font-family: arial, helvetica, sans-serif\">retenerlo en Cumbres Mayores seis&nbsp;<\/span><span style=\"font-size: 18pt;font-family: arial, helvetica, sans-serif\"> meses m\u00e1s.<\/span><\/td>\n<\/tr>\n<\/tbody>\n<\/table>\n<p>&nbsp;<img loading=\"lazy\" decoding=\"async\" class=\"wp-image-1521 aligncenter\" src=\"https:\/\/blogsaverroes.juntadeandalucia.es\/ceipfernandomolina\/files\/2024\/03\/FERNANDO-MOLINA-300x238.jpg\" alt=\"\" width=\"661\" height=\"525\" srcset=\"https:\/\/blogsaverroes.juntadeandalucia.es\/ceipfernandomolina\/files\/2024\/03\/FERNANDO-MOLINA-300x238.jpg 661w, https:\/\/blogsaverroes.juntadeandalucia.es\/ceipfernandomolina\/files\/2024\/03\/FERNANDO-MOLINA-480x382.jpg 480w\" sizes=\"(min-width: 0px) and (max-width: 480px) 480px, (min-width: 481px) 661px, 100vw\" \/><\/p>\n<p>&nbsp;<\/p>\n<table style=\"border-collapse: collapse;width: 92.7825%;height: 181px\">\n<tbody>\n<tr style=\"height: 181px\">\n<td style=\"width: 100%;height: 181px\"><span style=\"font-size: 18pt;font-family: arial, helvetica, sans-serif\"><strong>Y<\/strong><span style=\"font-family: arial, helvetica, sans-serif\">a en nuestro pueblo, desarrollar\u00eda una importante labor: organizaba clases de<\/span><\/span><span style=\"font-size: 18pt;font-family: arial, helvetica, sans-serif\"><span style=\"font-family: arial, helvetica, sans-serif\"> solfeo, creo una rondalla y&nbsp;<\/span>dramatizaba lecciones de Historia y Geograf\u00eda. El 1 de<\/span><span style=\"font-size: 18pt;font-family: arial, helvetica, sans-serif\"> Octubre de 1929, el Ayuntamiento le concedi\u00f3 la&nbsp;Medalla del Maestro. En 1959, a\u00f1o<\/span><span style=\"font-size: 18pt;font-family: arial, helvetica, sans-serif\"> en que termina de hacerse el colegio, ingresa en la Orden de Alfonso X El Sabio, y&nbsp;<\/span><span style=\"font-size: 18pt;font-family: arial, helvetica, sans-serif\"> un a\u00f1o despu\u00e9s se jubila.<\/span><\/td>\n<\/tr>\n<\/tbody>\n<\/table>\n<p>&nbsp;<\/p>\n<\/div>\n","protected":false},"excerpt":{"rendered":"<p>COLEGIO P\u00daBLICO&nbsp; FERNANDO MOLINA El Colegio P\u00fablico &#8220;FERNANDO MOLINA&#8221; se encuentra situado en la localidad de&nbsp; Albanchez de M\u00e1gina, un peque\u00f1o y bonito pueblo que descansa en la falda Norte&nbsp;del&nbsp; Parque Natural de Sierra M\u00e1gina. Ubicaci\u00f3n: https:\/\/maps.app.goo.gl\/VhkSxGVARVYPLByF8 Su nombre, &#8220;FERNANDO MOLINA&#8221;, rinde homenaje al maestro m\u00e1s ilustre de Albanchez. Nacido a finales del siglo XIX, [&hellip;]<\/p>\n","protected":false},"author":13370,"featured_media":0,"parent":0,"menu_order":0,"comment_status":"closed","ping_status":"closed","template":"","meta":{"_et_pb_use_builder":"","_et_pb_old_content":"","_et_gb_content_width":"","ngg_post_thumbnail":0,"footnotes":""},"aioseo_notices":[],"_links":{"self":[{"href":"https:\/\/blogsaverroes.juntadeandalucia.es\/ceipfernandomolina\/wp-json\/wp\/v2\/pages\/850"}],"collection":[{"href":"https:\/\/blogsaverroes.juntadeandalucia.es\/ceipfernandomolina\/wp-json\/wp\/v2\/pages"}],"about":[{"href":"https:\/\/blogsaverroes.juntadeandalucia.es\/ceipfernandomolina\/wp-json\/wp\/v2\/types\/page"}],"author":[{"embeddable":true,"href":"https:\/\/blogsaverroes.juntadeandalucia.es\/ceipfernandomolina\/wp-json\/wp\/v2\/users\/13370"}],"replies":[{"embeddable":true,"href":"https:\/\/blogsaverroes.juntadeandalucia.es\/ceipfernandomolina\/wp-json\/wp\/v2\/comments?post=850"}],"version-history":[{"count":12,"href":"https:\/\/blogsaverroes.juntadeandalucia.es\/ceipfernandomolina\/wp-json\/wp\/v2\/pages\/850\/revisions"}],"predecessor-version":[{"id":1545,"href":"https:\/\/blogsaverroes.juntadeandalucia.es\/ceipfernandomolina\/wp-json\/wp\/v2\/pages\/850\/revisions\/1545"}],"wp:attachment":[{"href":"https:\/\/blogsaverroes.juntadeandalucia.es\/ceipfernandomolina\/wp-json\/wp\/v2\/media?parent=850"}],"curies":[{"name":"wp","href":"https:\/\/api.w.org\/{rel}","templated":true}]}}