{"id":851,"date":"2023-03-19T11:22:32","date_gmt":"2023-03-19T10:22:32","guid":{"rendered":"https:\/\/blogsaverroes.juntadeandalucia.es\/ceipfernandomolina\/?page_id=851"},"modified":"2026-01-03T20:45:38","modified_gmt":"2026-01-03T19:45:38","slug":"plan-de-gestion-2","status":"publish","type":"page","link":"https:\/\/blogsaverroes.juntadeandalucia.es\/ceipfernandomolina\/plan-de-gestion-2\/","title":{"rendered":"PROYECTO DE GESTI\u00d3N CEIP FERNANDO MOLINA"},"content":{"rendered":"<h1 style=\"text-align: center\"><a href=\"https:\/\/drive.google.com\/file\/d\/1iDWJ4MxfyMRIzjrkIDaJv_pJbvhVwBTp\/view?usp=drive_link\"><span style=\"font-size: 24pt;font-family: 'arial black', sans-serif;color: #339966\">PLAN DE CENTRO<\/span><\/a><\/h1>\n<h1><a href=\"https:\/\/drive.google.com\/file\/d\/1u9KPU-FTN4Hrh3vLcV0PrfSyZjA8X_CL\/view?usp=drive_link\"><strong><span style=\"color: #33cccc\">PROYECTO DE GESTI\u00d3N<\/span><\/strong><\/a><\/h1>\n<p><span style=\"font-family: arial, helvetica, sans-serif;font-size: 14pt;color: #000000\"><strong>El Proyecto de Gesti\u00f3n del CEIP Fernando Molina se define como el documento marco que desarrolla las l\u00edneas de gesti\u00f3n econ\u00f3mica de forma que, desde la autonom\u00eda que nuestro centro tiene para definir nuestro Proyecto Educativo, asignaremos las dotaciones econ\u00f3micas y materiales precisas para desarrollar las actuaciones de cada curso escolar.<\/strong><\/span><\/p>\n<p><img loading=\"lazy\" decoding=\"async\" class=\"alignnone wp-image-1447\" src=\"https:\/\/blogsaverroes.juntadeandalucia.es\/ceipfernandomolina\/files\/2024\/02\/Gesti\u00f3n-educativa.jpg\" alt=\"\" width=\"372\" height=\"295\"\/><\/p>\n","protected":false},"excerpt":{"rendered":"<p>PLAN DE CENTRO PROYECTO DE GESTI\u00d3N El Proyecto de Gesti\u00f3n del CEIP Fernando Molina se define como el documento marco que desarrolla las l\u00edneas de gesti\u00f3n econ\u00f3mica de forma que, desde la autonom\u00eda que nuestro centro tiene para definir nuestro Proyecto Educativo, asignaremos las dotaciones econ\u00f3micas y materiales precisas para desarrollar las actuaciones de cada [&hellip;]<\/p>\n","protected":false},"author":13370,"featured_media":0,"parent":0,"menu_order":0,"comment_status":"closed","ping_status":"closed","template":"","meta":{"_et_pb_use_builder":"","_et_pb_old_content":"","_et_gb_content_width":"","ngg_post_thumbnail":0,"footnotes":""},"aioseo_notices":[],"_links":{"self":[{"href":"https:\/\/blogsaverroes.juntadeandalucia.es\/ceipfernandomolina\/wp-json\/wp\/v2\/pages\/851"}],"collection":[{"href":"https:\/\/blogsaverroes.juntadeandalucia.es\/ceipfernandomolina\/wp-json\/wp\/v2\/pages"}],"about":[{"href":"https:\/\/blogsaverroes.juntadeandalucia.es\/ceipfernandomolina\/wp-json\/wp\/v2\/types\/page"}],"author":[{"embeddable":true,"href":"https:\/\/blogsaverroes.juntadeandalucia.es\/ceipfernandomolina\/wp-json\/wp\/v2\/users\/13370"}],"replies":[{"embeddable":true,"href":"https:\/\/blogsaverroes.juntadeandalucia.es\/ceipfernandomolina\/wp-json\/wp\/v2\/comments?post=851"}],"version-history":[{"count":8,"href":"https:\/\/blogsaverroes.juntadeandalucia.es\/ceipfernandomolina\/wp-json\/wp\/v2\/pages\/851\/revisions"}],"predecessor-version":[{"id":1982,"href":"https:\/\/blogsaverroes.juntadeandalucia.es\/ceipfernandomolina\/wp-json\/wp\/v2\/pages\/851\/revisions\/1982"}],"wp:attachment":[{"href":"https:\/\/blogsaverroes.juntadeandalucia.es\/ceipfernandomolina\/wp-json\/wp\/v2\/media?parent=851"}],"curies":[{"name":"wp","href":"https:\/\/api.w.org\/{rel}","templated":true}]}}