{"id":928,"date":"2023-03-19T18:36:54","date_gmt":"2023-03-19T17:36:54","guid":{"rendered":"https:\/\/blogsaverroes.juntadeandalucia.es\/ceipfernandomolina\/?page_id=928"},"modified":"2025-07-17T17:51:49","modified_gmt":"2025-07-17T16:51:49","slug":"equipo-directivo","status":"publish","type":"page","link":"https:\/\/blogsaverroes.juntadeandalucia.es\/ceipfernandomolina\/equipo-directivo\/","title":{"rendered":"Equipo Directivo"},"content":{"rendered":"<h1><span style=\"color: #339966\">DIRECTOR:<\/span><\/h1>\n<ul>\n<li>\n<h2><strong>D. JES\u00daS \u00c1NGEL MART\u00cdNEZ OLIVARES.<\/strong><\/h2>\n<\/li>\n<\/ul>\n<p><span style=\"font-size: 12pt\"><strong>DECRETO 328\/2010, de 13 de julio, por el que se aprueba el Reglamento Org\u00e1nico de las escuelas infantiles de segundo grado, de los colegios de educaci\u00f3n primaria, de los colegios de educaci\u00f3n infantil y primaria, y de los centros p\u00fablicos espec\u00edficos de educaci\u00f3n especial<\/strong><\/span><\/p>\n<p><span style=\"font-size: 12pt\"><strong>Art\u00edculo 69. Composici\u00f3n del equipo directivo.<\/strong><\/span><\/p>\n<p><span style=\"font-size: 12pt\"><strong>3.\u00ba Si tienen cinco o menos unidades, contar\u00e1n con una direcci\u00f3n, y \u00e9sta asumir\u00e1 las funciones de la secretar\u00eda y de la jefatura de estudios.<\/strong><\/span><\/p>\n<p>&nbsp;<\/p>\n","protected":false},"excerpt":{"rendered":"<p>DIRECTOR: D. JES\u00daS \u00c1NGEL MART\u00cdNEZ OLIVARES. DECRETO 328\/2010, de 13 de julio, por el que se aprueba el Reglamento Org\u00e1nico de las escuelas infantiles de segundo grado, de los colegios de educaci\u00f3n primaria, de los colegios de educaci\u00f3n infantil y primaria, y de los centros p\u00fablicos espec\u00edficos de educaci\u00f3n especial Art\u00edculo 69. Composici\u00f3n del equipo [&hellip;]<\/p>\n","protected":false},"author":13370,"featured_media":0,"parent":0,"menu_order":0,"comment_status":"closed","ping_status":"closed","template":"","meta":{"_et_pb_use_builder":"","_et_pb_old_content":"","_et_gb_content_width":"","ngg_post_thumbnail":0,"footnotes":""},"aioseo_notices":[],"_links":{"self":[{"href":"https:\/\/blogsaverroes.juntadeandalucia.es\/ceipfernandomolina\/wp-json\/wp\/v2\/pages\/928"}],"collection":[{"href":"https:\/\/blogsaverroes.juntadeandalucia.es\/ceipfernandomolina\/wp-json\/wp\/v2\/pages"}],"about":[{"href":"https:\/\/blogsaverroes.juntadeandalucia.es\/ceipfernandomolina\/wp-json\/wp\/v2\/types\/page"}],"author":[{"embeddable":true,"href":"https:\/\/blogsaverroes.juntadeandalucia.es\/ceipfernandomolina\/wp-json\/wp\/v2\/users\/13370"}],"replies":[{"embeddable":true,"href":"https:\/\/blogsaverroes.juntadeandalucia.es\/ceipfernandomolina\/wp-json\/wp\/v2\/comments?post=928"}],"version-history":[{"count":8,"href":"https:\/\/blogsaverroes.juntadeandalucia.es\/ceipfernandomolina\/wp-json\/wp\/v2\/pages\/928\/revisions"}],"predecessor-version":[{"id":1809,"href":"https:\/\/blogsaverroes.juntadeandalucia.es\/ceipfernandomolina\/wp-json\/wp\/v2\/pages\/928\/revisions\/1809"}],"wp:attachment":[{"href":"https:\/\/blogsaverroes.juntadeandalucia.es\/ceipfernandomolina\/wp-json\/wp\/v2\/media?parent=928"}],"curies":[{"name":"wp","href":"https:\/\/api.w.org\/{rel}","templated":true}]}}