{"id":957,"date":"2023-03-29T17:45:49","date_gmt":"2023-03-29T16:45:49","guid":{"rendered":"https:\/\/blogsaverroes.juntadeandalucia.es\/ceipfernandomolina\/?page_id=957"},"modified":"2024-03-04T09:54:06","modified_gmt":"2024-03-04T08:54:06","slug":"criterios-de-calificacion-primaria","status":"publish","type":"page","link":"https:\/\/blogsaverroes.juntadeandalucia.es\/ceipfernandomolina\/criterios-de-calificacion-primaria\/","title":{"rendered":"CRITERIOS DE CALIFICACI\u00d3N Y PROMOCI\u00d3N EDUCACI\u00d3N PRIMARIA"},"content":{"rendered":"<h1><a href=\"https:\/\/drive.google.com\/file\/d\/1RN8Xn2He_gaI9-OinbObfPcfr9eAo96p\/view?usp=sharing\"><span style=\"font-size: 24pt\"><span style=\"font-family: 'arial black', sans-serif;color: #00ff00\"><strong>CRITERIOS DE CALIFICACI\u00d3N Y&nbsp;<\/strong><\/span><span style=\"font-family: 'arial black', sans-serif;color: #00ccff\"><strong>CRITERIOS DE <\/strong><\/span><\/span><\/a><\/h1>\n<h1><span style=\"font-size: 24pt\"><span style=\"font-family: 'arial black', sans-serif;color: #00ccff\"><strong>PROMOCI\u00d3N E. P.<\/strong><\/span><\/span><\/h1>\n<p>&nbsp;<\/p>\n<p><a href=\"https:\/\/drive.google.com\/file\/d\/1RN8Xn2He_gaI9-OinbObfPcfr9eAo96p\/view?usp=sharing\"><img loading=\"lazy\" decoding=\"async\" class=\"alignnone wp-image-1485\" src=\"https:\/\/blogsaverroes.juntadeandalucia.es\/ceipfernandomolina\/files\/2024\/03\/EVAL.-PRIMARIA.jpg\" alt=\"\" width=\"760\" height=\"427\"><\/a><\/p>\n","protected":false},"excerpt":{"rendered":"<p>CRITERIOS DE CALIFICACI\u00d3N Y&nbsp;CRITERIOS DE PROMOCI\u00d3N E. P. &nbsp;<\/p>\n","protected":false},"author":13370,"featured_media":0,"parent":0,"menu_order":0,"comment_status":"closed","ping_status":"closed","template":"","meta":{"_et_pb_use_builder":"","_et_pb_old_content":"","_et_gb_content_width":"","ngg_post_thumbnail":0,"footnotes":""},"aioseo_notices":[],"_links":{"self":[{"href":"https:\/\/blogsaverroes.juntadeandalucia.es\/ceipfernandomolina\/wp-json\/wp\/v2\/pages\/957"}],"collection":[{"href":"https:\/\/blogsaverroes.juntadeandalucia.es\/ceipfernandomolina\/wp-json\/wp\/v2\/pages"}],"about":[{"href":"https:\/\/blogsaverroes.juntadeandalucia.es\/ceipfernandomolina\/wp-json\/wp\/v2\/types\/page"}],"author":[{"embeddable":true,"href":"https:\/\/blogsaverroes.juntadeandalucia.es\/ceipfernandomolina\/wp-json\/wp\/v2\/users\/13370"}],"replies":[{"embeddable":true,"href":"https:\/\/blogsaverroes.juntadeandalucia.es\/ceipfernandomolina\/wp-json\/wp\/v2\/comments?post=957"}],"version-history":[{"count":6,"href":"https:\/\/blogsaverroes.juntadeandalucia.es\/ceipfernandomolina\/wp-json\/wp\/v2\/pages\/957\/revisions"}],"predecessor-version":[{"id":1486,"href":"https:\/\/blogsaverroes.juntadeandalucia.es\/ceipfernandomolina\/wp-json\/wp\/v2\/pages\/957\/revisions\/1486"}],"wp:attachment":[{"href":"https:\/\/blogsaverroes.juntadeandalucia.es\/ceipfernandomolina\/wp-json\/wp\/v2\/media?parent=957"}],"curies":[{"name":"wp","href":"https:\/\/api.w.org\/{rel}","templated":true}]}}