{"id":1193,"date":"2026-05-06T10:52:16","date_gmt":"2026-05-06T09:52:16","guid":{"rendered":"https:\/\/blogsaverroes.juntadeandalucia.es\/ceipferrerguardia\/?page_id=1193"},"modified":"2026-05-06T11:17:11","modified_gmt":"2026-05-06T10:17:11","slug":"plan-de-igualdad","status":"publish","type":"page","link":"https:\/\/blogsaverroes.juntadeandalucia.es\/ceipferrerguardia\/plan-de-igualdad\/","title":{"rendered":""},"content":{"rendered":"<p style=\"text-align: center\"><span style=\"font-size: 36pt;font-family: 'arial black', sans-serif;color: #000000\">Plan de Igualdad<\/span><\/p>\n<p><img loading=\"lazy\" decoding=\"async\" class=\"aligncenter\" src=\"https:\/\/www.dibustock.com\/wp-content\/uploads\/2018\/07\/Children-on-a-scale.-Concept-of-equality-and-integrity.jpg\" alt=\"Ni\u00f1os sobre una balanza. Concepto de igualdad e integridad - Dibustock, dibujos e ilustraciones infantiles para cuentos\" width=\"876\" height=\"604\"><\/p>\n<p>&nbsp;<\/p>\n<p style=\"text-align: left\"><span style=\"font-size: 12pt;font-family: arial, helvetica, sans-serif\">La igualdad es un valor fundamental que nos ayuda a convivir de forma justa y respetuosa. En nuestro colegio, entendemos que todas las personas tienen el mismo valor, sin importar su aspecto, su forma de hablar, sus gustos o sus capacidades. Cada ni\u00f1o y cada ni\u00f1a aporta algo \u00fanico al grupo, y cuando tratamos a los dem\u00e1s con respeto, estamos construyendo un ambiente donde todos pueden aprender, participar y sentirse seguros. La igualdad no significa que todos seamos iguales, sino que todos merecemos las mismas oportunidades para crecer, expresarnos y ser escuchados.<\/span><\/p>\n<p style=\"text-align: left\"><span style=\"font-size: 12pt;font-family: arial, helvetica, sans-serif\">Promover la igualdad tambi\u00e9n implica reconocer y valorar nuestras diferencias. Estas diferencias nos enriquecen y nos permiten aprender unos de otros. Cuando ayudamos a un compa\u00f1ero, cuando evitamos burlas, cuando compartimos y cuando invitamos a todos a jugar, estamos demostrando que creemos en un colegio donde nadie queda fuera. La igualdad se construye con peque\u00f1os gestos diarios, con palabras amables y con la voluntad de tratar a los dem\u00e1s como nos gustar\u00eda ser tratados. As\u00ed, juntos, hacemos de nuestro colegio un lugar m\u00e1s justo, m\u00e1s amable y m\u00e1s humano.<\/span><\/p>\n<p>&nbsp;<\/p>\n<p>&nbsp;<\/p>\n<p>&nbsp;<\/p>\n<p>&nbsp;<\/p>\n","protected":false},"excerpt":{"rendered":"<p>Plan de Igualdad &nbsp; La igualdad es un valor fundamental que nos ayuda a convivir de forma justa y respetuosa. En nuestro colegio, entendemos que todas las personas tienen el mismo valor, sin importar su aspecto, su forma de hablar, sus gustos o sus capacidades. Cada ni\u00f1o y cada ni\u00f1a aporta algo \u00fanico al grupo, [&hellip;]<\/p>\n","protected":false},"author":20598,"featured_media":0,"parent":0,"menu_order":0,"comment_status":"closed","ping_status":"closed","template":"","meta":{"_et_pb_use_builder":"","_et_pb_old_content":"","_et_gb_content_width":"","ngg_post_thumbnail":0,"footnotes":""},"aioseo_notices":[],"_links":{"self":[{"href":"https:\/\/blogsaverroes.juntadeandalucia.es\/ceipferrerguardia\/wp-json\/wp\/v2\/pages\/1193"}],"collection":[{"href":"https:\/\/blogsaverroes.juntadeandalucia.es\/ceipferrerguardia\/wp-json\/wp\/v2\/pages"}],"about":[{"href":"https:\/\/blogsaverroes.juntadeandalucia.es\/ceipferrerguardia\/wp-json\/wp\/v2\/types\/page"}],"author":[{"embeddable":true,"href":"https:\/\/blogsaverroes.juntadeandalucia.es\/ceipferrerguardia\/wp-json\/wp\/v2\/users\/20598"}],"replies":[{"embeddable":true,"href":"https:\/\/blogsaverroes.juntadeandalucia.es\/ceipferrerguardia\/wp-json\/wp\/v2\/comments?post=1193"}],"version-history":[{"count":5,"href":"https:\/\/blogsaverroes.juntadeandalucia.es\/ceipferrerguardia\/wp-json\/wp\/v2\/pages\/1193\/revisions"}],"predecessor-version":[{"id":1209,"href":"https:\/\/blogsaverroes.juntadeandalucia.es\/ceipferrerguardia\/wp-json\/wp\/v2\/pages\/1193\/revisions\/1209"}],"wp:attachment":[{"href":"https:\/\/blogsaverroes.juntadeandalucia.es\/ceipferrerguardia\/wp-json\/wp\/v2\/media?parent=1193"}],"curies":[{"name":"wp","href":"https:\/\/api.w.org\/{rel}","templated":true}]}}