{"id":867,"date":"2020-12-18T08:55:13","date_gmt":"2020-12-18T07:55:13","guid":{"rendered":"https:\/\/blogsaverroes.juntadeandalucia.es\/pre\/plantilla-pencil\/?page_id=867"},"modified":"2025-02-24T18:12:23","modified_gmt":"2025-02-24T17:12:23","slug":"idiomas","status":"publish","type":"page","link":"https:\/\/blogsaverroes.juntadeandalucia.es\/ceipferrerguardia\/idiomas\/","title":{"rendered":"CENTRO BILING\u00dcE"},"content":{"rendered":"<p>[et_pb_section fb_built=&#8221;1&#8243; _builder_version=&#8221;4.16&#8243; custom_padding=&#8221;0px||0px|&#8221; z_index_tablet=&#8221;500&#8243; box_shadow_horizontal_tablet=&#8221;0px&#8221; box_shadow_vertical_tablet=&#8221;0px&#8221; box_shadow_blur_tablet=&#8221;40px&#8221; box_shadow_spread_tablet=&#8221;0px&#8221; global_colors_info=&#8221;{}&#8221;][et_pb_row _builder_version=&#8221;4.24.2&#8243; background_size=&#8221;initial&#8221; background_position=&#8221;top_left&#8221; background_repeat=&#8221;repeat&#8221; hover_enabled=&#8221;0&#8243; global_colors_info=&#8221;{}&#8221; sticky_enabled=&#8221;0&#8243;][et_pb_column type=&#8221;4_4&#8243; _builder_version=&#8221;4.16&#8243; custom_padding=&#8221;|||&#8221; global_colors_info=&#8221;{}&#8221; custom_padding__hover=&#8221;|||&#8221;][et_pb_image src=&#8221;https:\/\/blogsaverroes.juntadeandalucia.es\/ceipferrerguardia\/files\/2020\/01\/cabecera-interior-4.jpg&#8221; title_text=&#8221;cabecera-interior-4&#8243; admin_label=&#8221;Imagen de la portada&#8221; _builder_version=&#8221;4.16&#8243; z_index_tablet=&#8221;500&#8243; box_shadow_horizontal_tablet=&#8221;0px&#8221; box_shadow_vertical_tablet=&#8221;0px&#8221; box_shadow_blur_tablet=&#8221;40px&#8221; box_shadow_spread_tablet=&#8221;0px&#8221; global_colors_info=&#8221;{}&#8221;][\/et_pb_image][et_pb_text admin_label=&#8221;Texto descriptivo&#8221; _builder_version=&#8221;4.24.2&#8243; hover_enabled=&#8221;0&#8243; z_index_tablet=&#8221;500&#8243; text_text_shadow_horizontal_length_tablet=&#8221;0px&#8221; text_text_shadow_vertical_length_tablet=&#8221;0px&#8221; text_text_shadow_blur_strength_tablet=&#8221;1px&#8221; link_text_shadow_horizontal_length_tablet=&#8221;0px&#8221; link_text_shadow_vertical_length_tablet=&#8221;0px&#8221; link_text_shadow_blur_strength_tablet=&#8221;1px&#8221; ul_text_shadow_horizontal_length_tablet=&#8221;0px&#8221; ul_text_shadow_vertical_length_tablet=&#8221;0px&#8221; ul_text_shadow_blur_strength_tablet=&#8221;1px&#8221; ol_text_shadow_horizontal_length_tablet=&#8221;0px&#8221; ol_text_shadow_vertical_length_tablet=&#8221;0px&#8221; ol_text_shadow_blur_strength_tablet=&#8221;1px&#8221; quote_text_shadow_horizontal_length_tablet=&#8221;0px&#8221; quote_text_shadow_vertical_length_tablet=&#8221;0px&#8221; quote_text_shadow_blur_strength_tablet=&#8221;1px&#8221; header_text_shadow_horizontal_length_tablet=&#8221;0px&#8221; header_text_shadow_vertical_length_tablet=&#8221;0px&#8221; header_text_shadow_blur_strength_tablet=&#8221;1px&#8221; header_2_text_shadow_horizontal_length_tablet=&#8221;0px&#8221; header_2_text_shadow_vertical_length_tablet=&#8221;0px&#8221; header_2_text_shadow_blur_strength_tablet=&#8221;1px&#8221; header_3_text_shadow_horizontal_length_tablet=&#8221;0px&#8221; header_3_text_shadow_vertical_length_tablet=&#8221;0px&#8221; header_3_text_shadow_blur_strength_tablet=&#8221;1px&#8221; header_4_text_shadow_horizontal_length_tablet=&#8221;0px&#8221; header_4_text_shadow_vertical_length_tablet=&#8221;0px&#8221; header_4_text_shadow_blur_strength_tablet=&#8221;1px&#8221; header_5_text_shadow_horizontal_length_tablet=&#8221;0px&#8221; header_5_text_shadow_vertical_length_tablet=&#8221;0px&#8221; header_5_text_shadow_blur_strength_tablet=&#8221;1px&#8221; header_6_text_shadow_horizontal_length_tablet=&#8221;0px&#8221; header_6_text_shadow_vertical_length_tablet=&#8221;0px&#8221; header_6_text_shadow_blur_strength_tablet=&#8221;1px&#8221; box_shadow_horizontal_tablet=&#8221;0px&#8221; box_shadow_vertical_tablet=&#8221;0px&#8221; box_shadow_blur_tablet=&#8221;40px&#8221; box_shadow_spread_tablet=&#8221;0px&#8221; global_colors_info=&#8221;{}&#8221; sticky_enabled=&#8221;0&#8243;]La competencia ling\u00fc\u00edstica para la comunicaci\u00f3n en lenguas extranjeras es una parte fundamental del curr\u00edculo que no puede quedarse reducida al trabajo en el aula, sino que debe impulsarse desde todos los \u00e1mbitos de la comunidad educativa.<\/p>\n<p>El modelo de proyecto biling\u00fce de centro que presentamos a continuaci\u00f3n, ofrece una propuesta escalonada, organizada y sistem\u00e1tica que, en virtud de los objetivos y recursos del centro, permite impulsar la comunicaci\u00f3n y el aprendizaje de lenguas extranjeras desde las actividades m\u00e1s comunes del d\u00eda a d\u00eda del centro, como los juegos en el patio, las horas de comedor y los anuncios y carteles de los pasillos y aulas, hasta un modelo avanzado de innovaci\u00f3n pedag\u00f3gica en el proceso de ense\u00f1anza-aprendizaje para el trabajo y desarrollo de contenidos a trav\u00e9s del uso y la comunicaci\u00f3n de una nueva lengua.<\/p>\n<p>A d\u00eda de hoy, los alumnos\/as tienen contacto con todo tipo de m\u00fasica, series de televisi\u00f3n, anuncios y un variado elenco de revistas y plataformas multimedia en lenguas extranjeras. El acceso a todo este tipo de materiales se ha extendido mucho gracias a Internet y nos resulta f\u00e1cil poder conectar con los intereses de los ni\u00f1os\/as.<\/p>\n<p>El Claustro de Profesores del C.E.I.P. Ferrer Guardia, ha optado por impartir en ingl\u00e9s los conocimientos correspondientes a las siguientes \u00e1reas no ling\u00fc\u00edsticas:<br \/>\n-Conocimiento del Medio Natural, Social y cultural.<br \/>\n&#8211; Educaci\u00f3n Art\u00edstica.<br \/>\n&#8211; Educaci\u00f3n F\u00edsica.<\/p>\n<p>El total de las horas impartidas en el idioma espec\u00edfico, al que debemos a\u00f1adir las sesiones del \u00c1rea de Lengua Extranjera, es del 50% en el \u00e1rea de Conocimiento del Medio. Se ha establecido este porcentaje y no uno superior debido a la existencia de alumnado con necesidades educativas especiales o con dificultades de aprendizaje y a la necesidad de aprender en su lengua materna los contenidos propios del curr\u00edculo.<\/p>\n<p>Las \u00e1reas de Educaci\u00f3n Art\u00edstica y Educaci\u00f3n F\u00edsica tienen una carga de contenido mucho menor, implican numerosas instrucciones y procesos verbales, los cuales pueden ser transmitidos de forma sencilla y directa, bien de forma verbal, visual y gestual, al tratarse de materias manipulativas y experienciales, por lo que el porcentaje de las asignaturas que se imparte en ingl\u00e9s es mayor en algunos casos, dependiendo del grupo de alumnado con el que el profesorado se encuentre.<\/p>\n<p>En el I Ciclo de Educaci\u00f3n Primaria el lenguaje ha de ser fundamentalmente oral, con gran cantidad de ayuda visual y lenguaje no verbal, introduciendo gradualmente el lenguaje escrito, comenzando con actividades de asociaci\u00f3n sencillas, siguiendo una secuenciaci\u00f3n de la palabra a la frase. La poca tradici\u00f3n de aprendizaje de lenguas en nuestro pa\u00eds nos obliga a potenciar el esfuerzo porque los alumnos est\u00e9n en relaci\u00f3n y hagan una pr\u00e1ctica efectiva de la nueva lengua a aprender fuera de las horas de clase propia. Hay que enfatizar el componente comunicativo en el aprendizaje de una nueva lengua.<br \/>\n[\/et_pb_text][\/et_pb_column][\/et_pb_row][\/et_pb_section]<\/p>\n","protected":false},"excerpt":{"rendered":"<p>La competencia ling\u00fc\u00edstica para la comunicaci\u00f3n en lenguas extranjeras es una parte fundamental del curr\u00edculo que no puede quedarse reducida al trabajo en el aula, sino que debe impulsarse desde todos los \u00e1mbitos de la comunidad educativa. El modelo de proyecto biling\u00fce de centro que presentamos a continuaci\u00f3n, ofrece una propuesta escalonada, organizada y sistem\u00e1tica [&hellip;]<\/p>\n","protected":false},"author":7051,"featured_media":0,"parent":0,"menu_order":0,"comment_status":"closed","ping_status":"closed","template":"","meta":{"_et_pb_use_builder":"on","_et_pb_old_content":"","_et_gb_content_width":"","ngg_post_thumbnail":0,"footnotes":""},"aioseo_notices":[],"_links":{"self":[{"href":"https:\/\/blogsaverroes.juntadeandalucia.es\/ceipferrerguardia\/wp-json\/wp\/v2\/pages\/867"}],"collection":[{"href":"https:\/\/blogsaverroes.juntadeandalucia.es\/ceipferrerguardia\/wp-json\/wp\/v2\/pages"}],"about":[{"href":"https:\/\/blogsaverroes.juntadeandalucia.es\/ceipferrerguardia\/wp-json\/wp\/v2\/types\/page"}],"author":[{"embeddable":true,"href":"https:\/\/blogsaverroes.juntadeandalucia.es\/ceipferrerguardia\/wp-json\/wp\/v2\/users\/7051"}],"replies":[{"embeddable":true,"href":"https:\/\/blogsaverroes.juntadeandalucia.es\/ceipferrerguardia\/wp-json\/wp\/v2\/comments?post=867"}],"version-history":[{"count":2,"href":"https:\/\/blogsaverroes.juntadeandalucia.es\/ceipferrerguardia\/wp-json\/wp\/v2\/pages\/867\/revisions"}],"predecessor-version":[{"id":1083,"href":"https:\/\/blogsaverroes.juntadeandalucia.es\/ceipferrerguardia\/wp-json\/wp\/v2\/pages\/867\/revisions\/1083"}],"wp:attachment":[{"href":"https:\/\/blogsaverroes.juntadeandalucia.es\/ceipferrerguardia\/wp-json\/wp\/v2\/media?parent=867"}],"curies":[{"name":"wp","href":"https:\/\/api.w.org\/{rel}","templated":true}]}}