{"id":245,"date":"2018-06-26T11:54:36","date_gmt":"2018-06-26T11:54:36","guid":{"rendered":"https:\/\/blogsaverroes.juntadeandalucia.es\/ceipferrobus\/?page_id=245"},"modified":"2020-05-19T08:31:41","modified_gmt":"2020-05-19T08:31:41","slug":"normativa","status":"publish","type":"page","link":"https:\/\/blogsaverroes.juntadeandalucia.es\/ceipferrobus\/normativa\/","title":{"rendered":"NORMATIVA"},"content":{"rendered":"<p>&nbsp;Informaci\u00f3n importante sobre el desarrollo del tercer trimestre<\/p>\n<p><a href=\"https:\/\/blogsaverroes.juntadeandalucia.es\/ceipferrobus\/files\/2020\/05\/Informaci\u00f3n-a-las-familias-sobre-el-tercer-trimestre.docx\">Informaci\u00f3n a las familias sobre el tercer trimestre<\/a><\/p>\n<p><a href=\"https:\/\/blogsaverroes.juntadeandalucia.es\/ceipferrobus\/files\/2020\/05\/Instrucci\u00f3n-23-abril-2020-Viceconsejer\u00eda-de-Educaci\u00f3n-y-Deporte.pdf\">Instrucci\u00f3n 23 abril 2020 Viceconsejer\u00eda de Educaci\u00f3n y Deporte<\/a><\/p>\n<p>&nbsp;Instrucciones relativas a la apertura de centros docentes para la realizaci\u00f3n de las funciones propias de los procedimientos de admisi\u00f3n del alumnado y otras funciones administrativas<\/p>\n<p><a href=\"https:\/\/blogsaverroes.juntadeandalucia.es\/ceipferrobus\/files\/2020\/05\/Inst_Apertura.pdf\">Instrucciones relativas a la apertura de centros docentes<\/a><\/p>\n<p>&nbsp;Asociaci\u00f3n de Inspectores de Educaci\u00f3n de Andaluc\u00eda<\/p>\n<p><a href=\"http:\/\/www.adideandalucia.es\/?view=normativa\">Normativa general<\/a><\/p>\n","protected":false},"excerpt":{"rendered":"<p>&nbsp;Informaci\u00f3n importante sobre el desarrollo del tercer trimestre Informaci\u00f3n a las familias sobre el tercer trimestre Instrucci\u00f3n 23 abril 2020 Viceconsejer\u00eda de Educaci\u00f3n y Deporte &nbsp;Instrucciones relativas a la apertura de centros docentes para&#46;&#46;&#46;<\/p>\n","protected":false},"author":4989,"featured_media":0,"parent":0,"menu_order":0,"comment_status":"closed","ping_status":"closed","template":"","meta":{"ngg_post_thumbnail":0,"footnotes":""},"aioseo_notices":[],"_links":{"self":[{"href":"https:\/\/blogsaverroes.juntadeandalucia.es\/ceipferrobus\/wp-json\/wp\/v2\/pages\/245"}],"collection":[{"href":"https:\/\/blogsaverroes.juntadeandalucia.es\/ceipferrobus\/wp-json\/wp\/v2\/pages"}],"about":[{"href":"https:\/\/blogsaverroes.juntadeandalucia.es\/ceipferrobus\/wp-json\/wp\/v2\/types\/page"}],"author":[{"embeddable":true,"href":"https:\/\/blogsaverroes.juntadeandalucia.es\/ceipferrobus\/wp-json\/wp\/v2\/users\/4989"}],"replies":[{"embeddable":true,"href":"https:\/\/blogsaverroes.juntadeandalucia.es\/ceipferrobus\/wp-json\/wp\/v2\/comments?post=245"}],"version-history":[{"count":4,"href":"https:\/\/blogsaverroes.juntadeandalucia.es\/ceipferrobus\/wp-json\/wp\/v2\/pages\/245\/revisions"}],"predecessor-version":[{"id":367,"href":"https:\/\/blogsaverroes.juntadeandalucia.es\/ceipferrobus\/wp-json\/wp\/v2\/pages\/245\/revisions\/367"}],"wp:attachment":[{"href":"https:\/\/blogsaverroes.juntadeandalucia.es\/ceipferrobus\/wp-json\/wp\/v2\/media?parent=245"}],"curies":[{"name":"wp","href":"https:\/\/api.w.org\/{rel}","templated":true}]}}