{"id":31,"date":"2017-10-05T17:09:31","date_gmt":"2017-10-05T17:09:31","guid":{"rendered":"https:\/\/blogsaverroes.juntadeandalucia.es\/ceipferrobus\/?page_id=31"},"modified":"2025-03-27T11:51:48","modified_gmt":"2025-03-27T11:51:48","slug":"planes-proyectos-y-programas","status":"publish","type":"page","link":"https:\/\/blogsaverroes.juntadeandalucia.es\/ceipferrobus\/planes-proyectos-y-programas\/","title":{"rendered":"PLANES, PROYECTOS Y PROGRAMAS"},"content":{"rendered":"<p style=\"text-align: left\"><span style=\"font-family: 'arial black', sans-serif\"><a href=\"https:\/\/blogsaverroes.juntadeandalucia.es\/igualdadceipferrobus\/\"><span style=\"text-decoration: underline;font-size: 18pt\"><span style=\"color: #003366;text-decoration: underline\">PLAN&nbsp; DE&nbsp; IGUALDAD<\/span><\/span><\/a><\/span><\/p>\n<p><img loading=\"lazy\" decoding=\"async\" class=\"aligncenter size-medium wp-image-59\" src=\"https:\/\/blogsaverroes.juntadeandalucia.es\/ceipferrobus\/files\/2017\/10\/man-2660414_1920-300x300.jpg\" alt=\"\" width=\"300\" height=\"300\" srcset=\"https:\/\/blogsaverroes.juntadeandalucia.es\/ceipferrobus\/files\/2017\/10\/man-2660414_1920-300x300.jpg 300w, https:\/\/blogsaverroes.juntadeandalucia.es\/ceipferrobus\/files\/2017\/10\/man-2660414_1920-150x150.jpg 150w, https:\/\/blogsaverroes.juntadeandalucia.es\/ceipferrobus\/files\/2017\/10\/man-2660414_1920-768x768.jpg 768w, https:\/\/blogsaverroes.juntadeandalucia.es\/ceipferrobus\/files\/2017\/10\/man-2660414_1920-1024x1024.jpg 1024w, https:\/\/blogsaverroes.juntadeandalucia.es\/ceipferrobus\/files\/2017\/10\/man-2660414_1920-100x100.jpg 100w, https:\/\/blogsaverroes.juntadeandalucia.es\/ceipferrobus\/files\/2017\/10\/man-2660414_1920-700x700.jpg 700w, https:\/\/blogsaverroes.juntadeandalucia.es\/ceipferrobus\/files\/2017\/10\/man-2660414_1920-332x332.jpg 332w, https:\/\/blogsaverroes.juntadeandalucia.es\/ceipferrobus\/files\/2017\/10\/man-2660414_1920-432x432.jpg 432w, https:\/\/blogsaverroes.juntadeandalucia.es\/ceipferrobus\/files\/2017\/10\/man-2660414_1920-268x268.jpg 268w, https:\/\/blogsaverroes.juntadeandalucia.es\/ceipferrobus\/files\/2017\/10\/man-2660414_1920-24x24.jpg 24w, https:\/\/blogsaverroes.juntadeandalucia.es\/ceipferrobus\/files\/2017\/10\/man-2660414_1920-36x36.jpg 36w, https:\/\/blogsaverroes.juntadeandalucia.es\/ceipferrobus\/files\/2017\/10\/man-2660414_1920-48x48.jpg 48w, https:\/\/blogsaverroes.juntadeandalucia.es\/ceipferrobus\/files\/2017\/10\/man-2660414_1920.jpg 1600w\" sizes=\"(max-width: 300px) 100vw, 300px\" \/><\/p>\n<p>&nbsp;<\/p>\n<p>&nbsp;<\/p>\n<p><span style=\"text-decoration: underline;font-family: 'arial black', sans-serif;font-size: 18pt\"><span style=\"color: #003366;text-decoration: underline\">ESCUELA ESPACIO DE PAZ<\/span><\/span><\/p>\n<p style=\"text-align: center\"><img loading=\"lazy\" decoding=\"async\" class=\"alignnone size-medium wp-image-32\" src=\"https:\/\/blogsaverroes.juntadeandalucia.es\/ceipferrobus\/files\/2017\/10\/IMG_3396-300x200.jpg\" alt=\"\" width=\"300\" height=\"200\" srcset=\"https:\/\/blogsaverroes.juntadeandalucia.es\/ceipferrobus\/files\/2017\/10\/IMG_3396-300x200.jpg 300w, https:\/\/blogsaverroes.juntadeandalucia.es\/ceipferrobus\/files\/2017\/10\/IMG_3396-768x512.jpg 768w, https:\/\/blogsaverroes.juntadeandalucia.es\/ceipferrobus\/files\/2017\/10\/IMG_3396-1024x683.jpg 1024w, https:\/\/blogsaverroes.juntadeandalucia.es\/ceipferrobus\/files\/2017\/10\/IMG_3396-700x467.jpg 700w, https:\/\/blogsaverroes.juntadeandalucia.es\/ceipferrobus\/files\/2017\/10\/IMG_3396-332x221.jpg 332w, https:\/\/blogsaverroes.juntadeandalucia.es\/ceipferrobus\/files\/2017\/10\/IMG_3396-24x16.jpg 24w, https:\/\/blogsaverroes.juntadeandalucia.es\/ceipferrobus\/files\/2017\/10\/IMG_3396-36x24.jpg 36w, https:\/\/blogsaverroes.juntadeandalucia.es\/ceipferrobus\/files\/2017\/10\/IMG_3396-48x32.jpg 48w, https:\/\/blogsaverroes.juntadeandalucia.es\/ceipferrobus\/files\/2017\/10\/IMG_3396.jpg 1600w\" sizes=\"(max-width: 300px) 100vw, 300px\" \/><\/p>\n<p>&nbsp;<\/p>\n<p><span style=\"text-decoration: underline;font-size: 18pt;font-family: 'arial black', sans-serif;color: #003366\"><a style=\"color: #003366;text-decoration: underline\" href=\"https:\/\/creciendoensaludceipferrobus.wordpress.com\/\">CRECIENDO EN SALUD<\/a><\/span><\/p>\n<p><img loading=\"lazy\" decoding=\"async\" class=\"size-medium wp-image-33 aligncenter\" src=\"https:\/\/blogsaverroes.juntadeandalucia.es\/ceipferrobus\/files\/2017\/10\/ESTAR-SANO-EST\u00c1-EN-TU-MANO-CEIP-FERROB\u00daS-300x254.jpg\" alt=\"\" width=\"300\" height=\"254\" srcset=\"https:\/\/blogsaverroes.juntadeandalucia.es\/ceipferrobus\/files\/2017\/10\/ESTAR-SANO-EST\u00c1-EN-TU-MANO-CEIP-FERROB\u00daS-300x254.jpg 300w, https:\/\/blogsaverroes.juntadeandalucia.es\/ceipferrobus\/files\/2017\/10\/ESTAR-SANO-EST\u00c1-EN-TU-MANO-CEIP-FERROB\u00daS-768x650.jpg 768w, https:\/\/blogsaverroes.juntadeandalucia.es\/ceipferrobus\/files\/2017\/10\/ESTAR-SANO-EST\u00c1-EN-TU-MANO-CEIP-FERROB\u00daS-1024x867.jpg 1024w, https:\/\/blogsaverroes.juntadeandalucia.es\/ceipferrobus\/files\/2017\/10\/ESTAR-SANO-EST\u00c1-EN-TU-MANO-CEIP-FERROB\u00daS-700x593.jpg 700w, https:\/\/blogsaverroes.juntadeandalucia.es\/ceipferrobus\/files\/2017\/10\/ESTAR-SANO-EST\u00c1-EN-TU-MANO-CEIP-FERROB\u00daS-332x281.jpg 332w, https:\/\/blogsaverroes.juntadeandalucia.es\/ceipferrobus\/files\/2017\/10\/ESTAR-SANO-EST\u00c1-EN-TU-MANO-CEIP-FERROB\u00daS-24x20.jpg 24w, https:\/\/blogsaverroes.juntadeandalucia.es\/ceipferrobus\/files\/2017\/10\/ESTAR-SANO-EST\u00c1-EN-TU-MANO-CEIP-FERROB\u00daS-36x30.jpg 36w, https:\/\/blogsaverroes.juntadeandalucia.es\/ceipferrobus\/files\/2017\/10\/ESTAR-SANO-EST\u00c1-EN-TU-MANO-CEIP-FERROB\u00daS-48x41.jpg 48w, https:\/\/blogsaverroes.juntadeandalucia.es\/ceipferrobus\/files\/2017\/10\/ESTAR-SANO-EST\u00c1-EN-TU-MANO-CEIP-FERROB\u00daS.jpg 1600w\" sizes=\"(max-width: 300px) 100vw, 300px\" \/><\/p>\n<p>&nbsp;<\/p>\n<p><span style=\"font-size: 24pt\"><strong><a href=\"https:\/\/blogsaverroes.juntadeandalucia.es\/aldeaceipferrobus\/\"><span style=\"font-size: 18pt\">PROGRAMA ALDEA<\/span><\/a><\/strong><\/span><\/p>\n<p><img loading=\"lazy\" decoding=\"async\" class=\"aligncenter wp-image-296\" src=\"https:\/\/blogsaverroes.juntadeandalucia.es\/ceipferrobus\/files\/2019\/12\/aldea.jpg\" alt=\"\" width=\"341\" height=\"192\" srcset=\"https:\/\/blogsaverroes.juntadeandalucia.es\/ceipferrobus\/files\/2019\/12\/aldea.jpg 1280w, https:\/\/blogsaverroes.juntadeandalucia.es\/ceipferrobus\/files\/2019\/12\/aldea-300x169.jpg 300w, https:\/\/blogsaverroes.juntadeandalucia.es\/ceipferrobus\/files\/2019\/12\/aldea-768x432.jpg 768w, https:\/\/blogsaverroes.juntadeandalucia.es\/ceipferrobus\/files\/2019\/12\/aldea-1024x576.jpg 1024w, https:\/\/blogsaverroes.juntadeandalucia.es\/ceipferrobus\/files\/2019\/12\/aldea-24x14.jpg 24w, https:\/\/blogsaverroes.juntadeandalucia.es\/ceipferrobus\/files\/2019\/12\/aldea-36x20.jpg 36w, https:\/\/blogsaverroes.juntadeandalucia.es\/ceipferrobus\/files\/2019\/12\/aldea-48x27.jpg 48w\" sizes=\"(max-width: 341px) 100vw, 341px\" \/><a href=\"https:\/\/ztsferrobus.blogspot.com\/\"><strong><span style=\"font-size: 18pt\"><span style=\"font-size: 18pt;color: #003366\"><span style=\"text-decoration: underline\"><span style=\"font-family: 'arial black', sans-serif\">PROGRAMA DE ATENCI\u00d3N SOCIOEDUCATIVA EN ZONAS CON NECESIDADESDE TRANSFORMACI\u00d3N SOCIAL (ZTS)<\/span><\/span><\/span><\/span><\/strong><\/a><\/p>\n<p>&nbsp;<\/p>\n<p><a href=\"https:\/\/blogsaverroes.juntadeandalucia.es\/ceipferrobus\/planes-proyectos-y-programas\/fse-prioridad-7-zts-apoyo-2\/\" rel=\"attachment wp-att-1130\"><img loading=\"lazy\" decoding=\"async\" class=\"aligncenter size-full wp-image-1130\" src=\"https:\/\/blogsaverroes.juntadeandalucia.es\/ceipferrobus\/files\/2025\/03\/FSE-Prioridad-7-ZTS-Apoyo-1.png\" alt=\"\" width=\"452\" height=\"640\" srcset=\"https:\/\/blogsaverroes.juntadeandalucia.es\/ceipferrobus\/files\/2025\/03\/FSE-Prioridad-7-ZTS-Apoyo-1.png 452w, https:\/\/blogsaverroes.juntadeandalucia.es\/ceipferrobus\/files\/2025\/03\/FSE-Prioridad-7-ZTS-Apoyo-1-212x300.png 212w\" sizes=\"(max-width: 452px) 100vw, 452px\" \/><\/a><\/p>\n<p><span style=\"font-size: 18pt;color: #003366\"><a style=\"color: #003366\" href=\"http:\/\/ferrobusbiblioteca.blogspot.com.es\/\"><span style=\"text-decoration: underline\"><span style=\"font-family: 'arial black', sans-serif\">BIBLIOTECA DE CENTRO<\/span><\/span>&nbsp;<\/a><\/span><\/p>\n<p>&nbsp;<\/p>\n<p>&nbsp;<\/p>\n<p><span style=\"text-decoration: underline;font-size: 18pt;color: #003366\"><span style=\"font-family: 'arial black', sans-serif\">PLAN DE AUTOPROTECCI\u00d3N<\/span><\/span><\/p>\n<p>&nbsp;<\/p>\n<p>&nbsp;<\/p>\n<p><span style=\"text-decoration: underline;font-size: 18pt;color: #003366\"><span style=\"font-family: 'arial black', sans-serif\">TRANSFORMACI\u00d3N DIGITAL EDUCATIVA (TDE)<\/span><\/span><\/p>\n<p>&nbsp;<\/p>\n<p><a title=\"Blog biling\u00fce\" href=\"https:\/\/proyectobilingueceipferrobus.blogspot.com\/?m=1\"><span style=\"font-family: 'arial black', sans-serif;font-size: 18pt;color: #000080\">PROYECTO BILING\u00dcE<\/span><\/a><\/p>\n<p><a href=\"https:\/\/blogsaverroes.juntadeandalucia.es\/bilingueferrobus\/\" rel=\"attachment wp-att-730\"><img loading=\"lazy\" decoding=\"async\" class=\"aligncenter wp-image-730 size-medium\" src=\"https:\/\/blogsaverroes.juntadeandalucia.es\/ceipferrobus\/files\/2022\/10\/\u00a1Bienvenidosas-a-la-p\u00e1gina-del-Proyecto-Biling\u00fce-del-CEIP-FERROB\u00daS-300x300.png\" alt=\"\" width=\"300\" height=\"300\" srcset=\"https:\/\/blogsaverroes.juntadeandalucia.es\/ceipferrobus\/files\/2022\/10\/\u00a1Bienvenidosas-a-la-p\u00e1gina-del-Proyecto-Biling\u00fce-del-CEIP-FERROB\u00daS-300x300.png 300w, https:\/\/blogsaverroes.juntadeandalucia.es\/ceipferrobus\/files\/2022\/10\/\u00a1Bienvenidosas-a-la-p\u00e1gina-del-Proyecto-Biling\u00fce-del-CEIP-FERROB\u00daS-1024x1024.png 1024w, https:\/\/blogsaverroes.juntadeandalucia.es\/ceipferrobus\/files\/2022\/10\/\u00a1Bienvenidosas-a-la-p\u00e1gina-del-Proyecto-Biling\u00fce-del-CEIP-FERROB\u00daS-150x150.png 150w, https:\/\/blogsaverroes.juntadeandalucia.es\/ceipferrobus\/files\/2022\/10\/\u00a1Bienvenidosas-a-la-p\u00e1gina-del-Proyecto-Biling\u00fce-del-CEIP-FERROB\u00daS-768x768.png 768w, https:\/\/blogsaverroes.juntadeandalucia.es\/ceipferrobus\/files\/2022\/10\/\u00a1Bienvenidosas-a-la-p\u00e1gina-del-Proyecto-Biling\u00fce-del-CEIP-FERROB\u00daS-1536x1536.png 1536w, https:\/\/blogsaverroes.juntadeandalucia.es\/ceipferrobus\/files\/2022\/10\/\u00a1Bienvenidosas-a-la-p\u00e1gina-del-Proyecto-Biling\u00fce-del-CEIP-FERROB\u00daS.png 1600w\" sizes=\"(max-width: 300px) 100vw, 300px\" \/><\/a><\/p>\n<p>&nbsp;<\/p>\n","protected":false},"excerpt":{"rendered":"<p>PLAN&nbsp; DE&nbsp; IGUALDAD &nbsp; &nbsp; ESCUELA ESPACIO DE PAZ &nbsp; CRECIENDO EN SALUD &nbsp; PROGRAMA ALDEA PROGRAMA DE ATENCI\u00d3N SOCIOEDUCATIVA EN ZONAS CON NECESIDADESDE TRANSFORMACI\u00d3N SOCIAL (ZTS) &nbsp; BIBLIOTECA DE CENTRO&nbsp; &nbsp; &nbsp; PLAN&#46;&#46;&#46;<\/p>\n","protected":false},"author":4989,"featured_media":0,"parent":0,"menu_order":0,"comment_status":"closed","ping_status":"closed","template":"","meta":{"ngg_post_thumbnail":0,"footnotes":""},"aioseo_notices":[],"_links":{"self":[{"href":"https:\/\/blogsaverroes.juntadeandalucia.es\/ceipferrobus\/wp-json\/wp\/v2\/pages\/31"}],"collection":[{"href":"https:\/\/blogsaverroes.juntadeandalucia.es\/ceipferrobus\/wp-json\/wp\/v2\/pages"}],"about":[{"href":"https:\/\/blogsaverroes.juntadeandalucia.es\/ceipferrobus\/wp-json\/wp\/v2\/types\/page"}],"author":[{"embeddable":true,"href":"https:\/\/blogsaverroes.juntadeandalucia.es\/ceipferrobus\/wp-json\/wp\/v2\/users\/4989"}],"replies":[{"embeddable":true,"href":"https:\/\/blogsaverroes.juntadeandalucia.es\/ceipferrobus\/wp-json\/wp\/v2\/comments?post=31"}],"version-history":[{"count":13,"href":"https:\/\/blogsaverroes.juntadeandalucia.es\/ceipferrobus\/wp-json\/wp\/v2\/pages\/31\/revisions"}],"predecessor-version":[{"id":1131,"href":"https:\/\/blogsaverroes.juntadeandalucia.es\/ceipferrobus\/wp-json\/wp\/v2\/pages\/31\/revisions\/1131"}],"wp:attachment":[{"href":"https:\/\/blogsaverroes.juntadeandalucia.es\/ceipferrobus\/wp-json\/wp\/v2\/media?parent=31"}],"curies":[{"name":"wp","href":"https:\/\/api.w.org\/{rel}","templated":true}]}}